{"id":9976,"date":"2020-05-22T08:04:44","date_gmt":"2020-05-22T08:04:44","guid":{"rendered":"http:\/\/australisrecords.com\/shop\/?post_type=product&#038;p=9976"},"modified":"2025-09-07T01:36:08","modified_gmt":"2025-09-07T01:36:08","slug":"anarkitran","status":"publish","type":"product","link":"https:\/\/australisrecords.com\/shop\/producto\/anarkitran\/","title":{"rendered":"Anarkitran"},"content":{"rendered":"<div id=\"dslc-theme-content\"><div id=\"dslc-theme-content-inner\"><p>&nbsp;<\/p>\n<p>&nbsp;<\/p>\n<\/div><\/div>","protected":false},"excerpt":{"rendered":"<p>&nbsp; Third album from the Anarkitran, Grindcore from start to finish. &nbsp; tercer \u00e1lbum de Anarkitran. Grindcore de principio a fin . 1.-Ac\u00e9falo 2.-Moralistas 3.-Manipulados 4.-Ecuaci\u00f3n Perfecta 5.-Siempre a mi manera 6.-Inerte Realidad 7.-Mov\u00e1monos (Cover) 8.-Mes Por A\u00f1o 9.-Matarlos Seria Un Buen Gusto 10.-T.R.C 11.-8 Horas (Cover) 12.-Martillazo En Lo\u00b4cico 13.-Falsa Sonrisa 14.-Aspiracionales 15.-M.P.A 16.-Patriodigma [&hellip;]<\/p>\n","protected":false},"featured_media":10097,"template":"","meta":{"_acf_changed":false},"product_cat":[92,314,310,87],"product_tag":[],"acf":[],"yoast_head":"<!-- This site is optimized with the Yoast SEO plugin v22.9 - https:\/\/yoast.com\/wordpress\/plugins\/seo\/ -->\n<title>Anarkitran - Australis Records - Music from the End of the World<\/title>\n<meta name=\"robots\" content=\"index, follow, max-snippet:-1, max-image-preview:large, max-video-preview:-1\" \/>\n<link rel=\"canonical\" href=\"https:\/\/australisrecords.com\/shop\/producto\/anarkitran\/\" \/>\n<meta property=\"og:locale\" content=\"en_US\" \/>\n<meta property=\"og:type\" content=\"article\" \/>\n<meta property=\"og:title\" content=\"Anarkitran - Australis Records - Music from the End of the World\" \/>\n<meta property=\"og:description\" content=\"&nbsp; Third album from the Anarkitran, Grindcore from start to finish. &nbsp; tercer \u00e1lbum de Anarkitran. Grindcore de principio a fin . 1.-Ac\u00e9falo 2.-Moralistas 3.-Manipulados 4.-Ecuaci\u00f3n Perfecta 5.-Siempre a mi manera 6.-Inerte Realidad 7.-Mov\u00e1monos (Cover) 8.-Mes Por A\u00f1o 9.-Matarlos Seria Un Buen Gusto 10.-T.R.C 11.-8 Horas (Cover) 12.-Martillazo En Lo\u00b4cico 13.-Falsa Sonrisa 14.-Aspiracionales 15.-M.P.A 16.-Patriodigma [&hellip;]\" \/>\n<meta property=\"og:url\" content=\"https:\/\/australisrecords.com\/shop\/producto\/anarkitran\/\" \/>\n<meta property=\"og:site_name\" content=\"Australis Records - Music from the End of the World\" \/>\n<meta property=\"article:modified_time\" content=\"2025-09-07T01:36:08+00:00\" \/>\n<meta property=\"og:image\" content=\"https:\/\/australisrecords.com\/shop\/wp-content\/uploads\/2020\/05\/632-e1590187218944.png\" \/>\n\t<meta property=\"og:image:width\" content=\"559\" \/>\n\t<meta property=\"og:image:height\" content=\"560\" \/>\n\t<meta property=\"og:image:type\" content=\"image\/png\" \/>\n<meta name=\"twitter:card\" content=\"summary_large_image\" \/>\n<meta name=\"twitter:label1\" content=\"Est. reading time\" \/>\n\t<meta name=\"twitter:data1\" content=\"1 minute\" \/>\n<script type=\"application\/ld+json\" class=\"yoast-schema-graph\">{\"@context\":\"https:\/\/schema.org\",\"@graph\":[{\"@type\":\"WebPage\",\"@id\":\"https:\/\/australisrecords.com\/shop\/producto\/anarkitran\/\",\"url\":\"https:\/\/australisrecords.com\/shop\/producto\/anarkitran\/\",\"name\":\"Anarkitran - Australis Records - Music from the End of the World\",\"isPartOf\":{\"@id\":\"https:\/\/australisrecords.com\/shop\/#website\"},\"primaryImageOfPage\":{\"@id\":\"https:\/\/australisrecords.com\/shop\/producto\/anarkitran\/#primaryimage\"},\"image\":{\"@id\":\"https:\/\/australisrecords.com\/shop\/producto\/anarkitran\/#primaryimage\"},\"thumbnailUrl\":\"https:\/\/australisrecords.com\/shop\/wp-content\/uploads\/2020\/05\/632-e1590187218944.png\",\"datePublished\":\"2020-05-22T08:04:44+00:00\",\"dateModified\":\"2025-09-07T01:36:08+00:00\",\"breadcrumb\":{\"@id\":\"https:\/\/australisrecords.com\/shop\/producto\/anarkitran\/#breadcrumb\"},\"inLanguage\":\"en-US\",\"potentialAction\":[{\"@type\":\"ReadAction\",\"target\":[\"https:\/\/australisrecords.com\/shop\/producto\/anarkitran\/\"]}]},{\"@type\":\"ImageObject\",\"inLanguage\":\"en-US\",\"@id\":\"https:\/\/australisrecords.com\/shop\/producto\/anarkitran\/#primaryimage\",\"url\":\"https:\/\/australisrecords.com\/shop\/wp-content\/uploads\/2020\/05\/632-e1590187218944.png\",\"contentUrl\":\"https:\/\/australisrecords.com\/shop\/wp-content\/uploads\/2020\/05\/632-e1590187218944.png\",\"width\":559,\"height\":560},{\"@type\":\"BreadcrumbList\",\"@id\":\"https:\/\/australisrecords.com\/shop\/producto\/anarkitran\/#breadcrumb\",\"itemListElement\":[{\"@type\":\"ListItem\",\"position\":1,\"name\":\"Home\",\"item\":\"https:\/\/australisrecords.com\/shop\/\"},{\"@type\":\"ListItem\",\"position\":2,\"name\":\"Shop\",\"item\":\"https:\/\/australisrecords.com\/shop\/shop-2\/\"},{\"@type\":\"ListItem\",\"position\":3,\"name\":\"Anarkitran\"}]},{\"@type\":\"WebSite\",\"@id\":\"https:\/\/australisrecords.com\/shop\/#website\",\"url\":\"https:\/\/australisrecords.com\/shop\/\",\"name\":\"Australis Records - Music from the End of the World\",\"description\":\"\",\"potentialAction\":[{\"@type\":\"SearchAction\",\"target\":{\"@type\":\"EntryPoint\",\"urlTemplate\":\"https:\/\/australisrecords.com\/shop\/?s={search_term_string}\"},\"query-input\":\"required name=search_term_string\"}],\"inLanguage\":\"en-US\"}]}<\/script>\n<!-- \/ Yoast SEO plugin. -->","yoast_head_json":{"title":"Anarkitran - Australis Records - Music from the End of the World","robots":{"index":"index","follow":"follow","max-snippet":"max-snippet:-1","max-image-preview":"max-image-preview:large","max-video-preview":"max-video-preview:-1"},"canonical":"https:\/\/australisrecords.com\/shop\/producto\/anarkitran\/","og_locale":"en_US","og_type":"article","og_title":"Anarkitran - Australis Records - Music from the End of the World","og_description":"&nbsp; Third album from the Anarkitran, Grindcore from start to finish. &nbsp; tercer \u00e1lbum de Anarkitran. Grindcore de principio a fin . 1.-Ac\u00e9falo 2.-Moralistas 3.-Manipulados 4.-Ecuaci\u00f3n Perfecta 5.-Siempre a mi manera 6.-Inerte Realidad 7.-Mov\u00e1monos (Cover) 8.-Mes Por A\u00f1o 9.-Matarlos Seria Un Buen Gusto 10.-T.R.C 11.-8 Horas (Cover) 12.-Martillazo En Lo\u00b4cico 13.-Falsa Sonrisa 14.-Aspiracionales 15.-M.P.A 16.-Patriodigma [&hellip;]","og_url":"https:\/\/australisrecords.com\/shop\/producto\/anarkitran\/","og_site_name":"Australis Records - Music from the End of the World","article_modified_time":"2025-09-07T01:36:08+00:00","og_image":[{"width":559,"height":560,"url":"https:\/\/australisrecords.com\/shop\/wp-content\/uploads\/2020\/05\/632-e1590187218944.png","type":"image\/png"}],"twitter_card":"summary_large_image","twitter_misc":{"Est. reading time":"1 minute"},"schema":{"@context":"https:\/\/schema.org","@graph":[{"@type":"WebPage","@id":"https:\/\/australisrecords.com\/shop\/producto\/anarkitran\/","url":"https:\/\/australisrecords.com\/shop\/producto\/anarkitran\/","name":"Anarkitran - Australis Records - Music from the End of the World","isPartOf":{"@id":"https:\/\/australisrecords.com\/shop\/#website"},"primaryImageOfPage":{"@id":"https:\/\/australisrecords.com\/shop\/producto\/anarkitran\/#primaryimage"},"image":{"@id":"https:\/\/australisrecords.com\/shop\/producto\/anarkitran\/#primaryimage"},"thumbnailUrl":"https:\/\/australisrecords.com\/shop\/wp-content\/uploads\/2020\/05\/632-e1590187218944.png","datePublished":"2020-05-22T08:04:44+00:00","dateModified":"2025-09-07T01:36:08+00:00","breadcrumb":{"@id":"https:\/\/australisrecords.com\/shop\/producto\/anarkitran\/#breadcrumb"},"inLanguage":"en-US","potentialAction":[{"@type":"ReadAction","target":["https:\/\/australisrecords.com\/shop\/producto\/anarkitran\/"]}]},{"@type":"ImageObject","inLanguage":"en-US","@id":"https:\/\/australisrecords.com\/shop\/producto\/anarkitran\/#primaryimage","url":"https:\/\/australisrecords.com\/shop\/wp-content\/uploads\/2020\/05\/632-e1590187218944.png","contentUrl":"https:\/\/australisrecords.com\/shop\/wp-content\/uploads\/2020\/05\/632-e1590187218944.png","width":559,"height":560},{"@type":"BreadcrumbList","@id":"https:\/\/australisrecords.com\/shop\/producto\/anarkitran\/#breadcrumb","itemListElement":[{"@type":"ListItem","position":1,"name":"Home","item":"https:\/\/australisrecords.com\/shop\/"},{"@type":"ListItem","position":2,"name":"Shop","item":"https:\/\/australisrecords.com\/shop\/shop-2\/"},{"@type":"ListItem","position":3,"name":"Anarkitran"}]},{"@type":"WebSite","@id":"https:\/\/australisrecords.com\/shop\/#website","url":"https:\/\/australisrecords.com\/shop\/","name":"Australis Records - Music from the End of the World","description":"","potentialAction":[{"@type":"SearchAction","target":{"@type":"EntryPoint","urlTemplate":"https:\/\/australisrecords.com\/shop\/?s={search_term_string}"},"query-input":"required name=search_term_string"}],"inLanguage":"en-US"}]}},"_links":{"self":[{"href":"https:\/\/australisrecords.com\/shop\/wp-json\/wp\/v2\/product\/9976"}],"collection":[{"href":"https:\/\/australisrecords.com\/shop\/wp-json\/wp\/v2\/product"}],"about":[{"href":"https:\/\/australisrecords.com\/shop\/wp-json\/wp\/v2\/types\/product"}],"version-history":[{"count":5,"href":"https:\/\/australisrecords.com\/shop\/wp-json\/wp\/v2\/product\/9976\/revisions"}],"predecessor-version":[{"id":26838,"href":"https:\/\/australisrecords.com\/shop\/wp-json\/wp\/v2\/product\/9976\/revisions\/26838"}],"wp:featuredmedia":[{"embeddable":true,"href":"https:\/\/australisrecords.com\/shop\/wp-json\/wp\/v2\/media\/10097"}],"wp:attachment":[{"href":"https:\/\/australisrecords.com\/shop\/wp-json\/wp\/v2\/media?parent=9976"}],"wp:term":[{"taxonomy":"product_cat","embeddable":true,"href":"https:\/\/australisrecords.com\/shop\/wp-json\/wp\/v2\/product_cat?post=9976"},{"taxonomy":"product_tag","embeddable":true,"href":"https:\/\/australisrecords.com\/shop\/wp-json\/wp\/v2\/product_tag?post=9976"}],"curies":[{"name":"wp","href":"https:\/\/api.w.org\/{rel}","templated":true}]}}