{"id":9682,"date":"2020-05-21T07:14:15","date_gmt":"2020-05-21T07:14:15","guid":{"rendered":"http:\/\/australisrecords.com\/shop\/?post_type=product&#038;p=9682"},"modified":"2020-09-03T07:57:11","modified_gmt":"2020-09-03T07:57:11","slug":"postumo-lumbre-2","status":"publish","type":"product","link":"https:\/\/australisrecords.com\/shop\/producto\/postumo-lumbre-2\/","title":{"rendered":"POSTUMO LUMBRE"},"content":{"rendered":"<div id=\"dslc-theme-content\"><div id=\"dslc-theme-content-inner\"><p>&nbsp;<\/p>\n<p>&nbsp;<\/p>\n<\/div><\/div>","protected":false},"excerpt":{"rendered":"<p>&nbsp; Second album from Postumo Lumbre, more technical and blackened that their first album. &nbsp; Segundo \u00e1lbum de Postumo Lumbre, m\u00e1s t\u00e9cnico y oscuro que su primer disco. 1. Lacerad 2. Disciplina artificio estitlista 3. Empirikkal 4. Gloriosa desobediencia 5. Fascinaci\u00f3n interfectuz 6. Abad lastrado 7. Manos p\u00f3stumas 8. Eludir el despertar anabaptista 9. Fascination [&hellip;]<\/p>\n","protected":false},"featured_media":9683,"template":"","meta":{"_acf_changed":false},"product_cat":[92,304,314,87,382],"product_tag":[324,428],"acf":[],"yoast_head":"<!-- This site is optimized with the Yoast SEO plugin v22.9 - https:\/\/yoast.com\/wordpress\/plugins\/seo\/ -->\n<title>POSTUMO LUMBRE - Australis Records - Music from the End of the World<\/title>\n<meta name=\"robots\" content=\"index, follow, max-snippet:-1, max-image-preview:large, max-video-preview:-1\" \/>\n<link rel=\"canonical\" href=\"https:\/\/australisrecords.com\/shop\/producto\/postumo-lumbre-2\/\" \/>\n<meta property=\"og:locale\" content=\"en_US\" \/>\n<meta property=\"og:type\" content=\"article\" \/>\n<meta property=\"og:title\" content=\"POSTUMO LUMBRE - Australis Records - Music from the End of the World\" \/>\n<meta property=\"og:description\" content=\"&nbsp; Second album from Postumo Lumbre, more technical and blackened that their first album. &nbsp; Segundo \u00e1lbum de Postumo Lumbre, m\u00e1s t\u00e9cnico y oscuro que su primer disco. 1. Lacerad 2. Disciplina artificio estitlista 3. Empirikkal 4. Gloriosa desobediencia 5. Fascinaci\u00f3n interfectuz 6. Abad lastrado 7. Manos p\u00f3stumas 8. Eludir el despertar anabaptista 9. Fascination [&hellip;]\" \/>\n<meta property=\"og:url\" content=\"https:\/\/australisrecords.com\/shop\/producto\/postumo-lumbre-2\/\" \/>\n<meta property=\"og:site_name\" content=\"Australis Records - Music from the End of the World\" \/>\n<meta property=\"article:modified_time\" content=\"2020-09-03T07:57:11+00:00\" \/>\n<meta property=\"og:image\" content=\"https:\/\/australisrecords.com\/shop\/wp-content\/uploads\/2020\/05\/Empirikkal600.jpg\" \/>\n\t<meta property=\"og:image:width\" content=\"600\" \/>\n\t<meta property=\"og:image:height\" content=\"600\" \/>\n\t<meta property=\"og:image:type\" content=\"image\/jpeg\" \/>\n<meta name=\"twitter:card\" content=\"summary_large_image\" \/>\n<script type=\"application\/ld+json\" class=\"yoast-schema-graph\">{\"@context\":\"https:\/\/schema.org\",\"@graph\":[{\"@type\":\"WebPage\",\"@id\":\"https:\/\/australisrecords.com\/shop\/producto\/postumo-lumbre-2\/\",\"url\":\"https:\/\/australisrecords.com\/shop\/producto\/postumo-lumbre-2\/\",\"name\":\"POSTUMO LUMBRE - Australis Records - Music from the End of the World\",\"isPartOf\":{\"@id\":\"https:\/\/australisrecords.com\/shop\/#website\"},\"primaryImageOfPage\":{\"@id\":\"https:\/\/australisrecords.com\/shop\/producto\/postumo-lumbre-2\/#primaryimage\"},\"image\":{\"@id\":\"https:\/\/australisrecords.com\/shop\/producto\/postumo-lumbre-2\/#primaryimage\"},\"thumbnailUrl\":\"https:\/\/australisrecords.com\/shop\/wp-content\/uploads\/2020\/05\/Empirikkal600.jpg\",\"datePublished\":\"2020-05-21T07:14:15+00:00\",\"dateModified\":\"2020-09-03T07:57:11+00:00\",\"breadcrumb\":{\"@id\":\"https:\/\/australisrecords.com\/shop\/producto\/postumo-lumbre-2\/#breadcrumb\"},\"inLanguage\":\"en-US\",\"potentialAction\":[{\"@type\":\"ReadAction\",\"target\":[\"https:\/\/australisrecords.com\/shop\/producto\/postumo-lumbre-2\/\"]}]},{\"@type\":\"ImageObject\",\"inLanguage\":\"en-US\",\"@id\":\"https:\/\/australisrecords.com\/shop\/producto\/postumo-lumbre-2\/#primaryimage\",\"url\":\"https:\/\/australisrecords.com\/shop\/wp-content\/uploads\/2020\/05\/Empirikkal600.jpg\",\"contentUrl\":\"https:\/\/australisrecords.com\/shop\/wp-content\/uploads\/2020\/05\/Empirikkal600.jpg\",\"width\":600,\"height\":600},{\"@type\":\"BreadcrumbList\",\"@id\":\"https:\/\/australisrecords.com\/shop\/producto\/postumo-lumbre-2\/#breadcrumb\",\"itemListElement\":[{\"@type\":\"ListItem\",\"position\":1,\"name\":\"Home\",\"item\":\"https:\/\/australisrecords.com\/shop\/\"},{\"@type\":\"ListItem\",\"position\":2,\"name\":\"Shop\",\"item\":\"https:\/\/australisrecords.com\/shop\/shop-2\/\"},{\"@type\":\"ListItem\",\"position\":3,\"name\":\"POSTUMO LUMBRE\"}]},{\"@type\":\"WebSite\",\"@id\":\"https:\/\/australisrecords.com\/shop\/#website\",\"url\":\"https:\/\/australisrecords.com\/shop\/\",\"name\":\"Australis Records - Music from the End of the World\",\"description\":\"\",\"potentialAction\":[{\"@type\":\"SearchAction\",\"target\":{\"@type\":\"EntryPoint\",\"urlTemplate\":\"https:\/\/australisrecords.com\/shop\/?s={search_term_string}\"},\"query-input\":\"required name=search_term_string\"}],\"inLanguage\":\"en-US\"}]}<\/script>\n<!-- \/ Yoast SEO plugin. -->","yoast_head_json":{"title":"POSTUMO LUMBRE - Australis Records - Music from the End of the World","robots":{"index":"index","follow":"follow","max-snippet":"max-snippet:-1","max-image-preview":"max-image-preview:large","max-video-preview":"max-video-preview:-1"},"canonical":"https:\/\/australisrecords.com\/shop\/producto\/postumo-lumbre-2\/","og_locale":"en_US","og_type":"article","og_title":"POSTUMO LUMBRE - Australis Records - Music from the End of the World","og_description":"&nbsp; Second album from Postumo Lumbre, more technical and blackened that their first album. &nbsp; Segundo \u00e1lbum de Postumo Lumbre, m\u00e1s t\u00e9cnico y oscuro que su primer disco. 1. Lacerad 2. Disciplina artificio estitlista 3. Empirikkal 4. Gloriosa desobediencia 5. Fascinaci\u00f3n interfectuz 6. Abad lastrado 7. Manos p\u00f3stumas 8. Eludir el despertar anabaptista 9. Fascination [&hellip;]","og_url":"https:\/\/australisrecords.com\/shop\/producto\/postumo-lumbre-2\/","og_site_name":"Australis Records - Music from the End of the World","article_modified_time":"2020-09-03T07:57:11+00:00","og_image":[{"width":600,"height":600,"url":"https:\/\/australisrecords.com\/shop\/wp-content\/uploads\/2020\/05\/Empirikkal600.jpg","type":"image\/jpeg"}],"twitter_card":"summary_large_image","schema":{"@context":"https:\/\/schema.org","@graph":[{"@type":"WebPage","@id":"https:\/\/australisrecords.com\/shop\/producto\/postumo-lumbre-2\/","url":"https:\/\/australisrecords.com\/shop\/producto\/postumo-lumbre-2\/","name":"POSTUMO LUMBRE - Australis Records - Music from the End of the World","isPartOf":{"@id":"https:\/\/australisrecords.com\/shop\/#website"},"primaryImageOfPage":{"@id":"https:\/\/australisrecords.com\/shop\/producto\/postumo-lumbre-2\/#primaryimage"},"image":{"@id":"https:\/\/australisrecords.com\/shop\/producto\/postumo-lumbre-2\/#primaryimage"},"thumbnailUrl":"https:\/\/australisrecords.com\/shop\/wp-content\/uploads\/2020\/05\/Empirikkal600.jpg","datePublished":"2020-05-21T07:14:15+00:00","dateModified":"2020-09-03T07:57:11+00:00","breadcrumb":{"@id":"https:\/\/australisrecords.com\/shop\/producto\/postumo-lumbre-2\/#breadcrumb"},"inLanguage":"en-US","potentialAction":[{"@type":"ReadAction","target":["https:\/\/australisrecords.com\/shop\/producto\/postumo-lumbre-2\/"]}]},{"@type":"ImageObject","inLanguage":"en-US","@id":"https:\/\/australisrecords.com\/shop\/producto\/postumo-lumbre-2\/#primaryimage","url":"https:\/\/australisrecords.com\/shop\/wp-content\/uploads\/2020\/05\/Empirikkal600.jpg","contentUrl":"https:\/\/australisrecords.com\/shop\/wp-content\/uploads\/2020\/05\/Empirikkal600.jpg","width":600,"height":600},{"@type":"BreadcrumbList","@id":"https:\/\/australisrecords.com\/shop\/producto\/postumo-lumbre-2\/#breadcrumb","itemListElement":[{"@type":"ListItem","position":1,"name":"Home","item":"https:\/\/australisrecords.com\/shop\/"},{"@type":"ListItem","position":2,"name":"Shop","item":"https:\/\/australisrecords.com\/shop\/shop-2\/"},{"@type":"ListItem","position":3,"name":"POSTUMO LUMBRE"}]},{"@type":"WebSite","@id":"https:\/\/australisrecords.com\/shop\/#website","url":"https:\/\/australisrecords.com\/shop\/","name":"Australis Records - Music from the End of the World","description":"","potentialAction":[{"@type":"SearchAction","target":{"@type":"EntryPoint","urlTemplate":"https:\/\/australisrecords.com\/shop\/?s={search_term_string}"},"query-input":"required name=search_term_string"}],"inLanguage":"en-US"}]}},"_links":{"self":[{"href":"https:\/\/australisrecords.com\/shop\/wp-json\/wp\/v2\/product\/9682"}],"collection":[{"href":"https:\/\/australisrecords.com\/shop\/wp-json\/wp\/v2\/product"}],"about":[{"href":"https:\/\/australisrecords.com\/shop\/wp-json\/wp\/v2\/types\/product"}],"version-history":[{"count":3,"href":"https:\/\/australisrecords.com\/shop\/wp-json\/wp\/v2\/product\/9682\/revisions"}],"predecessor-version":[{"id":9689,"href":"https:\/\/australisrecords.com\/shop\/wp-json\/wp\/v2\/product\/9682\/revisions\/9689"}],"wp:featuredmedia":[{"embeddable":true,"href":"https:\/\/australisrecords.com\/shop\/wp-json\/wp\/v2\/media\/9683"}],"wp:attachment":[{"href":"https:\/\/australisrecords.com\/shop\/wp-json\/wp\/v2\/media?parent=9682"}],"wp:term":[{"taxonomy":"product_cat","embeddable":true,"href":"https:\/\/australisrecords.com\/shop\/wp-json\/wp\/v2\/product_cat?post=9682"},{"taxonomy":"product_tag","embeddable":true,"href":"https:\/\/australisrecords.com\/shop\/wp-json\/wp\/v2\/product_tag?post=9682"}],"curies":[{"name":"wp","href":"https:\/\/api.w.org\/{rel}","templated":true}]}}