{"id":9298,"date":"2020-05-21T00:19:23","date_gmt":"2020-05-21T00:19:23","guid":{"rendered":"http:\/\/australisrecords.com\/shop\/?post_type=product&#038;p=9298"},"modified":"2025-04-20T03:02:13","modified_gmt":"2025-04-20T03:02:13","slug":"ayahuaira-2","status":"publish","type":"product","link":"https:\/\/australisrecords.com\/shop\/producto\/ayahuaira-2\/","title":{"rendered":"Ayahuaira"},"content":{"rendered":"<div id=\"dslc-theme-content\"><div id=\"dslc-theme-content-inner\"><p>&nbsp;<\/p>\n<p>&nbsp;<\/p>\n<\/div><\/div>","protected":false},"excerpt":{"rendered":"<p>&nbsp; First album of this Peruvian Black Metal band. &nbsp; Perimr \u00e1lbum de esta banda de Black Metal peruana . 1. Wankas inmortales 2. El dominio de la verdadera fuerza suprema 3. C\u00edrculo de piedras 4. Iniciaci\u00f3n 5. Ayamama 6. Chopjas Atipac 7. Hordas paganas 8. Trono ancestral 9. El poder de la divinidad 10.Danza [&hellip;]<\/p>\n","protected":false},"featured_media":9299,"template":"","meta":{"_acf_changed":false},"product_cat":[92,304,314,87],"product_tag":[],"acf":[],"yoast_head":"<!-- This site is optimized with the Yoast SEO plugin v22.9 - https:\/\/yoast.com\/wordpress\/plugins\/seo\/ -->\n<title>Ayahuaira - Australis Records - Music from the End of the World<\/title>\n<meta name=\"robots\" content=\"index, follow, max-snippet:-1, max-image-preview:large, max-video-preview:-1\" \/>\n<link rel=\"canonical\" href=\"https:\/\/australisrecords.com\/shop\/producto\/ayahuaira-2\/\" \/>\n<meta property=\"og:locale\" content=\"en_US\" \/>\n<meta property=\"og:type\" content=\"article\" \/>\n<meta property=\"og:title\" content=\"Ayahuaira - Australis Records - Music from the End of the World\" \/>\n<meta property=\"og:description\" content=\"&nbsp; First album of this Peruvian Black Metal band. &nbsp; Perimr \u00e1lbum de esta banda de Black Metal peruana . 1. Wankas inmortales 2. El dominio de la verdadera fuerza suprema 3. C\u00edrculo de piedras 4. Iniciaci\u00f3n 5. Ayamama 6. Chopjas Atipac 7. Hordas paganas 8. Trono ancestral 9. El poder de la divinidad 10.Danza [&hellip;]\" \/>\n<meta property=\"og:url\" content=\"https:\/\/australisrecords.com\/shop\/producto\/ayahuaira-2\/\" \/>\n<meta property=\"og:site_name\" content=\"Australis Records - Music from the End of the World\" \/>\n<meta property=\"article:modified_time\" content=\"2025-04-20T03:02:13+00:00\" \/>\n<meta property=\"og:image\" content=\"https:\/\/australisrecords.com\/shop\/wp-content\/uploads\/2020\/05\/333886.jpg\" \/>\n\t<meta property=\"og:image:width\" content=\"427\" \/>\n\t<meta property=\"og:image:height\" content=\"409\" \/>\n\t<meta property=\"og:image:type\" content=\"image\/jpeg\" \/>\n<meta name=\"twitter:card\" content=\"summary_large_image\" \/>\n<meta name=\"twitter:label1\" content=\"Est. reading time\" \/>\n\t<meta name=\"twitter:data1\" content=\"1 minute\" \/>\n<script type=\"application\/ld+json\" class=\"yoast-schema-graph\">{\"@context\":\"https:\/\/schema.org\",\"@graph\":[{\"@type\":\"WebPage\",\"@id\":\"https:\/\/australisrecords.com\/shop\/producto\/ayahuaira-2\/\",\"url\":\"https:\/\/australisrecords.com\/shop\/producto\/ayahuaira-2\/\",\"name\":\"Ayahuaira - Australis Records - Music from the End of the World\",\"isPartOf\":{\"@id\":\"https:\/\/australisrecords.com\/shop\/#website\"},\"primaryImageOfPage\":{\"@id\":\"https:\/\/australisrecords.com\/shop\/producto\/ayahuaira-2\/#primaryimage\"},\"image\":{\"@id\":\"https:\/\/australisrecords.com\/shop\/producto\/ayahuaira-2\/#primaryimage\"},\"thumbnailUrl\":\"https:\/\/australisrecords.com\/shop\/wp-content\/uploads\/2020\/05\/333886.jpg\",\"datePublished\":\"2020-05-21T00:19:23+00:00\",\"dateModified\":\"2025-04-20T03:02:13+00:00\",\"breadcrumb\":{\"@id\":\"https:\/\/australisrecords.com\/shop\/producto\/ayahuaira-2\/#breadcrumb\"},\"inLanguage\":\"en-US\",\"potentialAction\":[{\"@type\":\"ReadAction\",\"target\":[\"https:\/\/australisrecords.com\/shop\/producto\/ayahuaira-2\/\"]}]},{\"@type\":\"ImageObject\",\"inLanguage\":\"en-US\",\"@id\":\"https:\/\/australisrecords.com\/shop\/producto\/ayahuaira-2\/#primaryimage\",\"url\":\"https:\/\/australisrecords.com\/shop\/wp-content\/uploads\/2020\/05\/333886.jpg\",\"contentUrl\":\"https:\/\/australisrecords.com\/shop\/wp-content\/uploads\/2020\/05\/333886.jpg\",\"width\":427,\"height\":409},{\"@type\":\"BreadcrumbList\",\"@id\":\"https:\/\/australisrecords.com\/shop\/producto\/ayahuaira-2\/#breadcrumb\",\"itemListElement\":[{\"@type\":\"ListItem\",\"position\":1,\"name\":\"Home\",\"item\":\"https:\/\/australisrecords.com\/shop\/\"},{\"@type\":\"ListItem\",\"position\":2,\"name\":\"Shop\",\"item\":\"https:\/\/australisrecords.com\/shop\/shop-2\/\"},{\"@type\":\"ListItem\",\"position\":3,\"name\":\"Ayahuaira\"}]},{\"@type\":\"WebSite\",\"@id\":\"https:\/\/australisrecords.com\/shop\/#website\",\"url\":\"https:\/\/australisrecords.com\/shop\/\",\"name\":\"Australis Records - Music from the End of the World\",\"description\":\"\",\"potentialAction\":[{\"@type\":\"SearchAction\",\"target\":{\"@type\":\"EntryPoint\",\"urlTemplate\":\"https:\/\/australisrecords.com\/shop\/?s={search_term_string}\"},\"query-input\":\"required name=search_term_string\"}],\"inLanguage\":\"en-US\"}]}<\/script>\n<!-- \/ Yoast SEO plugin. -->","yoast_head_json":{"title":"Ayahuaira - Australis Records - Music from the End of the World","robots":{"index":"index","follow":"follow","max-snippet":"max-snippet:-1","max-image-preview":"max-image-preview:large","max-video-preview":"max-video-preview:-1"},"canonical":"https:\/\/australisrecords.com\/shop\/producto\/ayahuaira-2\/","og_locale":"en_US","og_type":"article","og_title":"Ayahuaira - Australis Records - Music from the End of the World","og_description":"&nbsp; First album of this Peruvian Black Metal band. &nbsp; Perimr \u00e1lbum de esta banda de Black Metal peruana . 1. Wankas inmortales 2. El dominio de la verdadera fuerza suprema 3. C\u00edrculo de piedras 4. Iniciaci\u00f3n 5. Ayamama 6. Chopjas Atipac 7. Hordas paganas 8. Trono ancestral 9. El poder de la divinidad 10.Danza [&hellip;]","og_url":"https:\/\/australisrecords.com\/shop\/producto\/ayahuaira-2\/","og_site_name":"Australis Records - Music from the End of the World","article_modified_time":"2025-04-20T03:02:13+00:00","og_image":[{"width":427,"height":409,"url":"https:\/\/australisrecords.com\/shop\/wp-content\/uploads\/2020\/05\/333886.jpg","type":"image\/jpeg"}],"twitter_card":"summary_large_image","twitter_misc":{"Est. reading time":"1 minute"},"schema":{"@context":"https:\/\/schema.org","@graph":[{"@type":"WebPage","@id":"https:\/\/australisrecords.com\/shop\/producto\/ayahuaira-2\/","url":"https:\/\/australisrecords.com\/shop\/producto\/ayahuaira-2\/","name":"Ayahuaira - Australis Records - Music from the End of the World","isPartOf":{"@id":"https:\/\/australisrecords.com\/shop\/#website"},"primaryImageOfPage":{"@id":"https:\/\/australisrecords.com\/shop\/producto\/ayahuaira-2\/#primaryimage"},"image":{"@id":"https:\/\/australisrecords.com\/shop\/producto\/ayahuaira-2\/#primaryimage"},"thumbnailUrl":"https:\/\/australisrecords.com\/shop\/wp-content\/uploads\/2020\/05\/333886.jpg","datePublished":"2020-05-21T00:19:23+00:00","dateModified":"2025-04-20T03:02:13+00:00","breadcrumb":{"@id":"https:\/\/australisrecords.com\/shop\/producto\/ayahuaira-2\/#breadcrumb"},"inLanguage":"en-US","potentialAction":[{"@type":"ReadAction","target":["https:\/\/australisrecords.com\/shop\/producto\/ayahuaira-2\/"]}]},{"@type":"ImageObject","inLanguage":"en-US","@id":"https:\/\/australisrecords.com\/shop\/producto\/ayahuaira-2\/#primaryimage","url":"https:\/\/australisrecords.com\/shop\/wp-content\/uploads\/2020\/05\/333886.jpg","contentUrl":"https:\/\/australisrecords.com\/shop\/wp-content\/uploads\/2020\/05\/333886.jpg","width":427,"height":409},{"@type":"BreadcrumbList","@id":"https:\/\/australisrecords.com\/shop\/producto\/ayahuaira-2\/#breadcrumb","itemListElement":[{"@type":"ListItem","position":1,"name":"Home","item":"https:\/\/australisrecords.com\/shop\/"},{"@type":"ListItem","position":2,"name":"Shop","item":"https:\/\/australisrecords.com\/shop\/shop-2\/"},{"@type":"ListItem","position":3,"name":"Ayahuaira"}]},{"@type":"WebSite","@id":"https:\/\/australisrecords.com\/shop\/#website","url":"https:\/\/australisrecords.com\/shop\/","name":"Australis Records - Music from the End of the World","description":"","potentialAction":[{"@type":"SearchAction","target":{"@type":"EntryPoint","urlTemplate":"https:\/\/australisrecords.com\/shop\/?s={search_term_string}"},"query-input":"required name=search_term_string"}],"inLanguage":"en-US"}]}},"_links":{"self":[{"href":"https:\/\/australisrecords.com\/shop\/wp-json\/wp\/v2\/product\/9298"}],"collection":[{"href":"https:\/\/australisrecords.com\/shop\/wp-json\/wp\/v2\/product"}],"about":[{"href":"https:\/\/australisrecords.com\/shop\/wp-json\/wp\/v2\/types\/product"}],"version-history":[{"count":5,"href":"https:\/\/australisrecords.com\/shop\/wp-json\/wp\/v2\/product\/9298\/revisions"}],"predecessor-version":[{"id":10600,"href":"https:\/\/australisrecords.com\/shop\/wp-json\/wp\/v2\/product\/9298\/revisions\/10600"}],"wp:featuredmedia":[{"embeddable":true,"href":"https:\/\/australisrecords.com\/shop\/wp-json\/wp\/v2\/media\/9299"}],"wp:attachment":[{"href":"https:\/\/australisrecords.com\/shop\/wp-json\/wp\/v2\/media?parent=9298"}],"wp:term":[{"taxonomy":"product_cat","embeddable":true,"href":"https:\/\/australisrecords.com\/shop\/wp-json\/wp\/v2\/product_cat?post=9298"},{"taxonomy":"product_tag","embeddable":true,"href":"https:\/\/australisrecords.com\/shop\/wp-json\/wp\/v2\/product_tag?post=9298"}],"curies":[{"name":"wp","href":"https:\/\/api.w.org\/{rel}","templated":true}]}}