{"id":9290,"date":"2020-05-21T00:00:12","date_gmt":"2020-05-21T00:00:12","guid":{"rendered":"http:\/\/australisrecords.com\/shop\/?post_type=product&#038;p=9290"},"modified":"2025-09-07T04:26:44","modified_gmt":"2025-09-07T04:26:44","slug":"axsem","status":"publish","type":"product","link":"https:\/\/australisrecords.com\/shop\/producto\/axsem\/","title":{"rendered":"Axsem"},"content":{"rendered":"<div id=\"dslc-theme-content\"><div id=\"dslc-theme-content-inner\"><p>&nbsp;<\/p>\n<p>&nbsp;<\/p>\n<\/div><\/div>","protected":false},"excerpt":{"rendered":"<p>&nbsp; Brutal Death Metal from Argentina. &nbsp; Brutal Death Metal desde Argentina. 1. Cr\u00f3nica de la repulsi\u00f3n 2. Mutilaci\u00f3n de un cad\u00e1ver putrefacto 3. La tierra de los sacrificios 4. Cirug\u00eda de uni\u00f3n humana 5. Cubierto de espinas 6. Regressive evolution 7. Macro deformaci\u00f3n corporal 8. Fen\u00f3meno de anormalidad 9. Muestra de aberraci\u00f3n 10.Perversi\u00f3n obscena [&hellip;]<\/p>\n","protected":false},"featured_media":9291,"template":"","meta":{"_acf_changed":false},"product_cat":[92,314,303,87],"product_tag":[],"acf":[],"yoast_head":"<!-- This site is optimized with the Yoast SEO plugin v22.9 - https:\/\/yoast.com\/wordpress\/plugins\/seo\/ -->\n<title>Axsem - Australis Records - Music from the End of the World<\/title>\n<meta name=\"robots\" content=\"index, follow, max-snippet:-1, max-image-preview:large, max-video-preview:-1\" \/>\n<link rel=\"canonical\" href=\"https:\/\/australisrecords.com\/shop\/producto\/axsem\/\" \/>\n<meta property=\"og:locale\" content=\"en_US\" \/>\n<meta property=\"og:type\" content=\"article\" \/>\n<meta property=\"og:title\" content=\"Axsem - Australis Records - Music from the End of the World\" \/>\n<meta property=\"og:description\" content=\"&nbsp; Brutal Death Metal from Argentina. &nbsp; Brutal Death Metal desde Argentina. 1. Cr\u00f3nica de la repulsi\u00f3n 2. Mutilaci\u00f3n de un cad\u00e1ver putrefacto 3. La tierra de los sacrificios 4. Cirug\u00eda de uni\u00f3n humana 5. Cubierto de espinas 6. Regressive evolution 7. Macro deformaci\u00f3n corporal 8. Fen\u00f3meno de anormalidad 9. Muestra de aberraci\u00f3n 10.Perversi\u00f3n obscena [&hellip;]\" \/>\n<meta property=\"og:url\" content=\"https:\/\/australisrecords.com\/shop\/producto\/axsem\/\" \/>\n<meta property=\"og:site_name\" content=\"Australis Records - Music from the End of the World\" \/>\n<meta property=\"article:modified_time\" content=\"2025-09-07T04:26:44+00:00\" \/>\n<meta property=\"og:image\" content=\"https:\/\/australisrecords.com\/shop\/wp-content\/uploads\/2020\/05\/585457.jpg\" \/>\n\t<meta property=\"og:image:width\" content=\"403\" \/>\n\t<meta property=\"og:image:height\" content=\"400\" \/>\n\t<meta property=\"og:image:type\" content=\"image\/jpeg\" \/>\n<meta name=\"twitter:card\" content=\"summary_large_image\" \/>\n<meta name=\"twitter:label1\" content=\"Est. reading time\" \/>\n\t<meta name=\"twitter:data1\" content=\"1 minute\" \/>\n<script type=\"application\/ld+json\" class=\"yoast-schema-graph\">{\"@context\":\"https:\/\/schema.org\",\"@graph\":[{\"@type\":\"WebPage\",\"@id\":\"https:\/\/australisrecords.com\/shop\/producto\/axsem\/\",\"url\":\"https:\/\/australisrecords.com\/shop\/producto\/axsem\/\",\"name\":\"Axsem - Australis Records - Music from the End of the World\",\"isPartOf\":{\"@id\":\"https:\/\/australisrecords.com\/shop\/#website\"},\"primaryImageOfPage\":{\"@id\":\"https:\/\/australisrecords.com\/shop\/producto\/axsem\/#primaryimage\"},\"image\":{\"@id\":\"https:\/\/australisrecords.com\/shop\/producto\/axsem\/#primaryimage\"},\"thumbnailUrl\":\"https:\/\/australisrecords.com\/shop\/wp-content\/uploads\/2020\/05\/585457.jpg\",\"datePublished\":\"2020-05-21T00:00:12+00:00\",\"dateModified\":\"2025-09-07T04:26:44+00:00\",\"breadcrumb\":{\"@id\":\"https:\/\/australisrecords.com\/shop\/producto\/axsem\/#breadcrumb\"},\"inLanguage\":\"en-US\",\"potentialAction\":[{\"@type\":\"ReadAction\",\"target\":[\"https:\/\/australisrecords.com\/shop\/producto\/axsem\/\"]}]},{\"@type\":\"ImageObject\",\"inLanguage\":\"en-US\",\"@id\":\"https:\/\/australisrecords.com\/shop\/producto\/axsem\/#primaryimage\",\"url\":\"https:\/\/australisrecords.com\/shop\/wp-content\/uploads\/2020\/05\/585457.jpg\",\"contentUrl\":\"https:\/\/australisrecords.com\/shop\/wp-content\/uploads\/2020\/05\/585457.jpg\",\"width\":403,\"height\":400},{\"@type\":\"BreadcrumbList\",\"@id\":\"https:\/\/australisrecords.com\/shop\/producto\/axsem\/#breadcrumb\",\"itemListElement\":[{\"@type\":\"ListItem\",\"position\":1,\"name\":\"Home\",\"item\":\"https:\/\/australisrecords.com\/shop\/\"},{\"@type\":\"ListItem\",\"position\":2,\"name\":\"Shop\",\"item\":\"https:\/\/australisrecords.com\/shop\/shop-2\/\"},{\"@type\":\"ListItem\",\"position\":3,\"name\":\"Axsem\"}]},{\"@type\":\"WebSite\",\"@id\":\"https:\/\/australisrecords.com\/shop\/#website\",\"url\":\"https:\/\/australisrecords.com\/shop\/\",\"name\":\"Australis Records - Music from the End of the World\",\"description\":\"\",\"potentialAction\":[{\"@type\":\"SearchAction\",\"target\":{\"@type\":\"EntryPoint\",\"urlTemplate\":\"https:\/\/australisrecords.com\/shop\/?s={search_term_string}\"},\"query-input\":\"required name=search_term_string\"}],\"inLanguage\":\"en-US\"}]}<\/script>\n<!-- \/ Yoast SEO plugin. -->","yoast_head_json":{"title":"Axsem - Australis Records - Music from the End of the World","robots":{"index":"index","follow":"follow","max-snippet":"max-snippet:-1","max-image-preview":"max-image-preview:large","max-video-preview":"max-video-preview:-1"},"canonical":"https:\/\/australisrecords.com\/shop\/producto\/axsem\/","og_locale":"en_US","og_type":"article","og_title":"Axsem - Australis Records - Music from the End of the World","og_description":"&nbsp; Brutal Death Metal from Argentina. &nbsp; Brutal Death Metal desde Argentina. 1. Cr\u00f3nica de la repulsi\u00f3n 2. Mutilaci\u00f3n de un cad\u00e1ver putrefacto 3. La tierra de los sacrificios 4. Cirug\u00eda de uni\u00f3n humana 5. Cubierto de espinas 6. Regressive evolution 7. Macro deformaci\u00f3n corporal 8. Fen\u00f3meno de anormalidad 9. Muestra de aberraci\u00f3n 10.Perversi\u00f3n obscena [&hellip;]","og_url":"https:\/\/australisrecords.com\/shop\/producto\/axsem\/","og_site_name":"Australis Records - Music from the End of the World","article_modified_time":"2025-09-07T04:26:44+00:00","og_image":[{"width":403,"height":400,"url":"https:\/\/australisrecords.com\/shop\/wp-content\/uploads\/2020\/05\/585457.jpg","type":"image\/jpeg"}],"twitter_card":"summary_large_image","twitter_misc":{"Est. reading time":"1 minute"},"schema":{"@context":"https:\/\/schema.org","@graph":[{"@type":"WebPage","@id":"https:\/\/australisrecords.com\/shop\/producto\/axsem\/","url":"https:\/\/australisrecords.com\/shop\/producto\/axsem\/","name":"Axsem - Australis Records - Music from the End of the World","isPartOf":{"@id":"https:\/\/australisrecords.com\/shop\/#website"},"primaryImageOfPage":{"@id":"https:\/\/australisrecords.com\/shop\/producto\/axsem\/#primaryimage"},"image":{"@id":"https:\/\/australisrecords.com\/shop\/producto\/axsem\/#primaryimage"},"thumbnailUrl":"https:\/\/australisrecords.com\/shop\/wp-content\/uploads\/2020\/05\/585457.jpg","datePublished":"2020-05-21T00:00:12+00:00","dateModified":"2025-09-07T04:26:44+00:00","breadcrumb":{"@id":"https:\/\/australisrecords.com\/shop\/producto\/axsem\/#breadcrumb"},"inLanguage":"en-US","potentialAction":[{"@type":"ReadAction","target":["https:\/\/australisrecords.com\/shop\/producto\/axsem\/"]}]},{"@type":"ImageObject","inLanguage":"en-US","@id":"https:\/\/australisrecords.com\/shop\/producto\/axsem\/#primaryimage","url":"https:\/\/australisrecords.com\/shop\/wp-content\/uploads\/2020\/05\/585457.jpg","contentUrl":"https:\/\/australisrecords.com\/shop\/wp-content\/uploads\/2020\/05\/585457.jpg","width":403,"height":400},{"@type":"BreadcrumbList","@id":"https:\/\/australisrecords.com\/shop\/producto\/axsem\/#breadcrumb","itemListElement":[{"@type":"ListItem","position":1,"name":"Home","item":"https:\/\/australisrecords.com\/shop\/"},{"@type":"ListItem","position":2,"name":"Shop","item":"https:\/\/australisrecords.com\/shop\/shop-2\/"},{"@type":"ListItem","position":3,"name":"Axsem"}]},{"@type":"WebSite","@id":"https:\/\/australisrecords.com\/shop\/#website","url":"https:\/\/australisrecords.com\/shop\/","name":"Australis Records - Music from the End of the World","description":"","potentialAction":[{"@type":"SearchAction","target":{"@type":"EntryPoint","urlTemplate":"https:\/\/australisrecords.com\/shop\/?s={search_term_string}"},"query-input":"required name=search_term_string"}],"inLanguage":"en-US"}]}},"_links":{"self":[{"href":"https:\/\/australisrecords.com\/shop\/wp-json\/wp\/v2\/product\/9290"}],"collection":[{"href":"https:\/\/australisrecords.com\/shop\/wp-json\/wp\/v2\/product"}],"about":[{"href":"https:\/\/australisrecords.com\/shop\/wp-json\/wp\/v2\/types\/product"}],"version-history":[{"count":4,"href":"https:\/\/australisrecords.com\/shop\/wp-json\/wp\/v2\/product\/9290\/revisions"}],"predecessor-version":[{"id":10597,"href":"https:\/\/australisrecords.com\/shop\/wp-json\/wp\/v2\/product\/9290\/revisions\/10597"}],"wp:featuredmedia":[{"embeddable":true,"href":"https:\/\/australisrecords.com\/shop\/wp-json\/wp\/v2\/media\/9291"}],"wp:attachment":[{"href":"https:\/\/australisrecords.com\/shop\/wp-json\/wp\/v2\/media?parent=9290"}],"wp:term":[{"taxonomy":"product_cat","embeddable":true,"href":"https:\/\/australisrecords.com\/shop\/wp-json\/wp\/v2\/product_cat?post=9290"},{"taxonomy":"product_tag","embeddable":true,"href":"https:\/\/australisrecords.com\/shop\/wp-json\/wp\/v2\/product_tag?post=9290"}],"curies":[{"name":"wp","href":"https:\/\/api.w.org\/{rel}","templated":true}]}}