{"id":9112,"date":"2020-05-20T15:15:38","date_gmt":"2020-05-20T15:15:38","guid":{"rendered":"http:\/\/australisrecords.com\/shop\/?post_type=product&#038;p=9112"},"modified":"2025-09-07T04:10:27","modified_gmt":"2025-09-07T04:10:27","slug":"ashaena","status":"publish","type":"product","link":"https:\/\/australisrecords.com\/shop\/producto\/ashaena\/","title":{"rendered":"Ashaena"},"content":{"rendered":"<div id=\"dslc-theme-content\"><div id=\"dslc-theme-content-inner\"><p>&nbsp;<\/p>\n<p>&nbsp;<\/p>\n<\/div><\/div>","protected":false},"excerpt":{"rendered":"<p>&nbsp; Second full-length album from one of Romania\u2019s most important Folk \/ Pagan Metal bands, ASHAENA! . &nbsp; \u00a1Segundo \u00e1lbum de larga duraci\u00f3n de una de las bandas de Folk \/ Pagan Metal m\u00e1s importantes de Rumania, ASHAENA! . 1. Tapae 87 2. Calea 3. \u0162ara Berladnicilor 4. Cr\u0103pat di cer 5. Spirit &#8211; S\u0103geat\u0103 [&hellip;]<\/p>\n","protected":false},"featured_media":9113,"template":"","meta":{"_acf_changed":false},"product_cat":[92,314,307,87],"product_tag":[],"acf":[],"yoast_head":"<!-- This site is optimized with the Yoast SEO plugin v22.9 - https:\/\/yoast.com\/wordpress\/plugins\/seo\/ -->\n<title>Ashaena - Australis Records - Music from the End of the World<\/title>\n<meta name=\"robots\" content=\"index, follow, max-snippet:-1, max-image-preview:large, max-video-preview:-1\" \/>\n<link rel=\"canonical\" href=\"https:\/\/australisrecords.com\/shop\/producto\/ashaena\/\" \/>\n<meta property=\"og:locale\" content=\"en_US\" \/>\n<meta property=\"og:type\" content=\"article\" \/>\n<meta property=\"og:title\" content=\"Ashaena - Australis Records - Music from the End of the World\" \/>\n<meta property=\"og:description\" content=\"&nbsp; Second full-length album from one of Romania\u2019s most important Folk \/ Pagan Metal bands, ASHAENA! . &nbsp; \u00a1Segundo \u00e1lbum de larga duraci\u00f3n de una de las bandas de Folk \/ Pagan Metal m\u00e1s importantes de Rumania, ASHAENA! . 1. Tapae 87 2. Calea 3. \u0162ara Berladnicilor 4. Cr\u0103pat di cer 5. Spirit &#8211; S\u0103geat\u0103 [&hellip;]\" \/>\n<meta property=\"og:url\" content=\"https:\/\/australisrecords.com\/shop\/producto\/ashaena\/\" \/>\n<meta property=\"og:site_name\" content=\"Australis Records - Music from the End of the World\" \/>\n<meta property=\"article:modified_time\" content=\"2025-09-07T04:10:27+00:00\" \/>\n<meta property=\"og:image\" content=\"https:\/\/australisrecords.com\/shop\/wp-content\/uploads\/2020\/05\/588544.jpg\" \/>\n\t<meta property=\"og:image:width\" content=\"400\" \/>\n\t<meta property=\"og:image:height\" content=\"404\" \/>\n\t<meta property=\"og:image:type\" content=\"image\/jpeg\" \/>\n<meta name=\"twitter:card\" content=\"summary_large_image\" \/>\n<meta name=\"twitter:label1\" content=\"Est. reading time\" \/>\n\t<meta name=\"twitter:data1\" content=\"1 minute\" \/>\n<script type=\"application\/ld+json\" class=\"yoast-schema-graph\">{\"@context\":\"https:\/\/schema.org\",\"@graph\":[{\"@type\":\"WebPage\",\"@id\":\"https:\/\/australisrecords.com\/shop\/producto\/ashaena\/\",\"url\":\"https:\/\/australisrecords.com\/shop\/producto\/ashaena\/\",\"name\":\"Ashaena - Australis Records - Music from the End of the World\",\"isPartOf\":{\"@id\":\"https:\/\/australisrecords.com\/shop\/#website\"},\"primaryImageOfPage\":{\"@id\":\"https:\/\/australisrecords.com\/shop\/producto\/ashaena\/#primaryimage\"},\"image\":{\"@id\":\"https:\/\/australisrecords.com\/shop\/producto\/ashaena\/#primaryimage\"},\"thumbnailUrl\":\"https:\/\/australisrecords.com\/shop\/wp-content\/uploads\/2020\/05\/588544.jpg\",\"datePublished\":\"2020-05-20T15:15:38+00:00\",\"dateModified\":\"2025-09-07T04:10:27+00:00\",\"breadcrumb\":{\"@id\":\"https:\/\/australisrecords.com\/shop\/producto\/ashaena\/#breadcrumb\"},\"inLanguage\":\"en-US\",\"potentialAction\":[{\"@type\":\"ReadAction\",\"target\":[\"https:\/\/australisrecords.com\/shop\/producto\/ashaena\/\"]}]},{\"@type\":\"ImageObject\",\"inLanguage\":\"en-US\",\"@id\":\"https:\/\/australisrecords.com\/shop\/producto\/ashaena\/#primaryimage\",\"url\":\"https:\/\/australisrecords.com\/shop\/wp-content\/uploads\/2020\/05\/588544.jpg\",\"contentUrl\":\"https:\/\/australisrecords.com\/shop\/wp-content\/uploads\/2020\/05\/588544.jpg\",\"width\":400,\"height\":404},{\"@type\":\"BreadcrumbList\",\"@id\":\"https:\/\/australisrecords.com\/shop\/producto\/ashaena\/#breadcrumb\",\"itemListElement\":[{\"@type\":\"ListItem\",\"position\":1,\"name\":\"Home\",\"item\":\"https:\/\/australisrecords.com\/shop\/\"},{\"@type\":\"ListItem\",\"position\":2,\"name\":\"Shop\",\"item\":\"https:\/\/australisrecords.com\/shop\/shop-2\/\"},{\"@type\":\"ListItem\",\"position\":3,\"name\":\"Ashaena\"}]},{\"@type\":\"WebSite\",\"@id\":\"https:\/\/australisrecords.com\/shop\/#website\",\"url\":\"https:\/\/australisrecords.com\/shop\/\",\"name\":\"Australis Records - Music from the End of the World\",\"description\":\"\",\"potentialAction\":[{\"@type\":\"SearchAction\",\"target\":{\"@type\":\"EntryPoint\",\"urlTemplate\":\"https:\/\/australisrecords.com\/shop\/?s={search_term_string}\"},\"query-input\":\"required name=search_term_string\"}],\"inLanguage\":\"en-US\"}]}<\/script>\n<!-- \/ Yoast SEO plugin. -->","yoast_head_json":{"title":"Ashaena - Australis Records - Music from the End of the World","robots":{"index":"index","follow":"follow","max-snippet":"max-snippet:-1","max-image-preview":"max-image-preview:large","max-video-preview":"max-video-preview:-1"},"canonical":"https:\/\/australisrecords.com\/shop\/producto\/ashaena\/","og_locale":"en_US","og_type":"article","og_title":"Ashaena - Australis Records - Music from the End of the World","og_description":"&nbsp; Second full-length album from one of Romania\u2019s most important Folk \/ Pagan Metal bands, ASHAENA! . &nbsp; \u00a1Segundo \u00e1lbum de larga duraci\u00f3n de una de las bandas de Folk \/ Pagan Metal m\u00e1s importantes de Rumania, ASHAENA! . 1. Tapae 87 2. Calea 3. \u0162ara Berladnicilor 4. Cr\u0103pat di cer 5. Spirit &#8211; S\u0103geat\u0103 [&hellip;]","og_url":"https:\/\/australisrecords.com\/shop\/producto\/ashaena\/","og_site_name":"Australis Records - Music from the End of the World","article_modified_time":"2025-09-07T04:10:27+00:00","og_image":[{"width":400,"height":404,"url":"https:\/\/australisrecords.com\/shop\/wp-content\/uploads\/2020\/05\/588544.jpg","type":"image\/jpeg"}],"twitter_card":"summary_large_image","twitter_misc":{"Est. reading time":"1 minute"},"schema":{"@context":"https:\/\/schema.org","@graph":[{"@type":"WebPage","@id":"https:\/\/australisrecords.com\/shop\/producto\/ashaena\/","url":"https:\/\/australisrecords.com\/shop\/producto\/ashaena\/","name":"Ashaena - Australis Records - Music from the End of the World","isPartOf":{"@id":"https:\/\/australisrecords.com\/shop\/#website"},"primaryImageOfPage":{"@id":"https:\/\/australisrecords.com\/shop\/producto\/ashaena\/#primaryimage"},"image":{"@id":"https:\/\/australisrecords.com\/shop\/producto\/ashaena\/#primaryimage"},"thumbnailUrl":"https:\/\/australisrecords.com\/shop\/wp-content\/uploads\/2020\/05\/588544.jpg","datePublished":"2020-05-20T15:15:38+00:00","dateModified":"2025-09-07T04:10:27+00:00","breadcrumb":{"@id":"https:\/\/australisrecords.com\/shop\/producto\/ashaena\/#breadcrumb"},"inLanguage":"en-US","potentialAction":[{"@type":"ReadAction","target":["https:\/\/australisrecords.com\/shop\/producto\/ashaena\/"]}]},{"@type":"ImageObject","inLanguage":"en-US","@id":"https:\/\/australisrecords.com\/shop\/producto\/ashaena\/#primaryimage","url":"https:\/\/australisrecords.com\/shop\/wp-content\/uploads\/2020\/05\/588544.jpg","contentUrl":"https:\/\/australisrecords.com\/shop\/wp-content\/uploads\/2020\/05\/588544.jpg","width":400,"height":404},{"@type":"BreadcrumbList","@id":"https:\/\/australisrecords.com\/shop\/producto\/ashaena\/#breadcrumb","itemListElement":[{"@type":"ListItem","position":1,"name":"Home","item":"https:\/\/australisrecords.com\/shop\/"},{"@type":"ListItem","position":2,"name":"Shop","item":"https:\/\/australisrecords.com\/shop\/shop-2\/"},{"@type":"ListItem","position":3,"name":"Ashaena"}]},{"@type":"WebSite","@id":"https:\/\/australisrecords.com\/shop\/#website","url":"https:\/\/australisrecords.com\/shop\/","name":"Australis Records - Music from the End of the World","description":"","potentialAction":[{"@type":"SearchAction","target":{"@type":"EntryPoint","urlTemplate":"https:\/\/australisrecords.com\/shop\/?s={search_term_string}"},"query-input":"required name=search_term_string"}],"inLanguage":"en-US"}]}},"_links":{"self":[{"href":"https:\/\/australisrecords.com\/shop\/wp-json\/wp\/v2\/product\/9112"}],"collection":[{"href":"https:\/\/australisrecords.com\/shop\/wp-json\/wp\/v2\/product"}],"about":[{"href":"https:\/\/australisrecords.com\/shop\/wp-json\/wp\/v2\/types\/product"}],"version-history":[{"count":6,"href":"https:\/\/australisrecords.com\/shop\/wp-json\/wp\/v2\/product\/9112\/revisions"}],"predecessor-version":[{"id":10445,"href":"https:\/\/australisrecords.com\/shop\/wp-json\/wp\/v2\/product\/9112\/revisions\/10445"}],"wp:featuredmedia":[{"embeddable":true,"href":"https:\/\/australisrecords.com\/shop\/wp-json\/wp\/v2\/media\/9113"}],"wp:attachment":[{"href":"https:\/\/australisrecords.com\/shop\/wp-json\/wp\/v2\/media?parent=9112"}],"wp:term":[{"taxonomy":"product_cat","embeddable":true,"href":"https:\/\/australisrecords.com\/shop\/wp-json\/wp\/v2\/product_cat?post=9112"},{"taxonomy":"product_tag","embeddable":true,"href":"https:\/\/australisrecords.com\/shop\/wp-json\/wp\/v2\/product_tag?post=9112"}],"curies":[{"name":"wp","href":"https:\/\/api.w.org\/{rel}","templated":true}]}}