{"id":8891,"date":"2020-05-20T00:58:36","date_gmt":"2020-05-20T00:58:36","guid":{"rendered":"http:\/\/australisrecords.com\/shop\/?post_type=product&#038;p=8891"},"modified":"2025-04-20T01:28:51","modified_gmt":"2025-04-20T01:28:51","slug":"aornos","status":"publish","type":"product","link":"https:\/\/australisrecords.com\/shop\/producto\/aornos\/","title":{"rendered":"Aornos"},"content":{"rendered":"<div id=\"dslc-theme-content\"><div id=\"dslc-theme-content-inner\"><p>&nbsp;<\/p>\n<p>&nbsp;<\/p>\n<\/div><\/div>","protected":false},"excerpt":{"rendered":"<p>&nbsp; Astoundingly complex and symphonic Black Metal from Hungary. Lots of brilliantly implemented orchestration barely looming behind wickedly ripping and insane guitar riffs, atmospheric dissonant harmonies and creative song arrangements. Mysterious and endlessly interesting. &nbsp; Black Metal asombrosamente complejo y sinf\u00f3nico de Hungr\u00eda. Un mont\u00f3n de orquestaciones brillantemente implementadas que apenas se ciernen detr\u00e1s de [&hellip;]<\/p>\n","protected":false},"featured_media":8898,"template":"","meta":{"_acf_changed":false},"product_cat":[92,304,314,87],"product_tag":[],"acf":[],"yoast_head":"<!-- This site is optimized with the Yoast SEO plugin v22.9 - https:\/\/yoast.com\/wordpress\/plugins\/seo\/ -->\n<title>Aornos - Australis Records - Music from the End of the World<\/title>\n<meta name=\"robots\" content=\"index, follow, max-snippet:-1, max-image-preview:large, max-video-preview:-1\" \/>\n<link rel=\"canonical\" href=\"https:\/\/australisrecords.com\/shop\/producto\/aornos\/\" \/>\n<meta property=\"og:locale\" content=\"en_US\" \/>\n<meta property=\"og:type\" content=\"article\" \/>\n<meta property=\"og:title\" content=\"Aornos - Australis Records - Music from the End of the World\" \/>\n<meta property=\"og:description\" content=\"&nbsp; Astoundingly complex and symphonic Black Metal from Hungary. Lots of brilliantly implemented orchestration barely looming behind wickedly ripping and insane guitar riffs, atmospheric dissonant harmonies and creative song arrangements. Mysterious and endlessly interesting. &nbsp; Black Metal asombrosamente complejo y sinf\u00f3nico de Hungr\u00eda. Un mont\u00f3n de orquestaciones brillantemente implementadas que apenas se ciernen detr\u00e1s de [&hellip;]\" \/>\n<meta property=\"og:url\" content=\"https:\/\/australisrecords.com\/shop\/producto\/aornos\/\" \/>\n<meta property=\"og:site_name\" content=\"Australis Records - Music from the End of the World\" \/>\n<meta property=\"article:modified_time\" content=\"2025-04-20T01:28:51+00:00\" \/>\n<meta property=\"og:image\" content=\"https:\/\/australisrecords.com\/shop\/wp-content\/uploads\/2020\/05\/490424.jpg\" \/>\n\t<meta property=\"og:image:width\" content=\"368\" \/>\n\t<meta property=\"og:image:height\" content=\"368\" \/>\n\t<meta property=\"og:image:type\" content=\"image\/jpeg\" \/>\n<meta name=\"twitter:card\" content=\"summary_large_image\" \/>\n<meta name=\"twitter:label1\" content=\"Est. reading time\" \/>\n\t<meta name=\"twitter:data1\" content=\"1 minute\" \/>\n<script type=\"application\/ld+json\" class=\"yoast-schema-graph\">{\"@context\":\"https:\/\/schema.org\",\"@graph\":[{\"@type\":\"WebPage\",\"@id\":\"https:\/\/australisrecords.com\/shop\/producto\/aornos\/\",\"url\":\"https:\/\/australisrecords.com\/shop\/producto\/aornos\/\",\"name\":\"Aornos - Australis Records - Music from the End of the World\",\"isPartOf\":{\"@id\":\"https:\/\/australisrecords.com\/shop\/#website\"},\"primaryImageOfPage\":{\"@id\":\"https:\/\/australisrecords.com\/shop\/producto\/aornos\/#primaryimage\"},\"image\":{\"@id\":\"https:\/\/australisrecords.com\/shop\/producto\/aornos\/#primaryimage\"},\"thumbnailUrl\":\"https:\/\/australisrecords.com\/shop\/wp-content\/uploads\/2020\/05\/490424.jpg\",\"datePublished\":\"2020-05-20T00:58:36+00:00\",\"dateModified\":\"2025-04-20T01:28:51+00:00\",\"breadcrumb\":{\"@id\":\"https:\/\/australisrecords.com\/shop\/producto\/aornos\/#breadcrumb\"},\"inLanguage\":\"en-US\",\"potentialAction\":[{\"@type\":\"ReadAction\",\"target\":[\"https:\/\/australisrecords.com\/shop\/producto\/aornos\/\"]}]},{\"@type\":\"ImageObject\",\"inLanguage\":\"en-US\",\"@id\":\"https:\/\/australisrecords.com\/shop\/producto\/aornos\/#primaryimage\",\"url\":\"https:\/\/australisrecords.com\/shop\/wp-content\/uploads\/2020\/05\/490424.jpg\",\"contentUrl\":\"https:\/\/australisrecords.com\/shop\/wp-content\/uploads\/2020\/05\/490424.jpg\",\"width\":368,\"height\":368},{\"@type\":\"BreadcrumbList\",\"@id\":\"https:\/\/australisrecords.com\/shop\/producto\/aornos\/#breadcrumb\",\"itemListElement\":[{\"@type\":\"ListItem\",\"position\":1,\"name\":\"Home\",\"item\":\"https:\/\/australisrecords.com\/shop\/\"},{\"@type\":\"ListItem\",\"position\":2,\"name\":\"Shop\",\"item\":\"https:\/\/australisrecords.com\/shop\/shop-2\/\"},{\"@type\":\"ListItem\",\"position\":3,\"name\":\"Aornos\"}]},{\"@type\":\"WebSite\",\"@id\":\"https:\/\/australisrecords.com\/shop\/#website\",\"url\":\"https:\/\/australisrecords.com\/shop\/\",\"name\":\"Australis Records - Music from the End of the World\",\"description\":\"\",\"potentialAction\":[{\"@type\":\"SearchAction\",\"target\":{\"@type\":\"EntryPoint\",\"urlTemplate\":\"https:\/\/australisrecords.com\/shop\/?s={search_term_string}\"},\"query-input\":\"required name=search_term_string\"}],\"inLanguage\":\"en-US\"}]}<\/script>\n<!-- \/ Yoast SEO plugin. -->","yoast_head_json":{"title":"Aornos - Australis Records - Music from the End of the World","robots":{"index":"index","follow":"follow","max-snippet":"max-snippet:-1","max-image-preview":"max-image-preview:large","max-video-preview":"max-video-preview:-1"},"canonical":"https:\/\/australisrecords.com\/shop\/producto\/aornos\/","og_locale":"en_US","og_type":"article","og_title":"Aornos - Australis Records - Music from the End of the World","og_description":"&nbsp; Astoundingly complex and symphonic Black Metal from Hungary. Lots of brilliantly implemented orchestration barely looming behind wickedly ripping and insane guitar riffs, atmospheric dissonant harmonies and creative song arrangements. Mysterious and endlessly interesting. &nbsp; Black Metal asombrosamente complejo y sinf\u00f3nico de Hungr\u00eda. Un mont\u00f3n de orquestaciones brillantemente implementadas que apenas se ciernen detr\u00e1s de [&hellip;]","og_url":"https:\/\/australisrecords.com\/shop\/producto\/aornos\/","og_site_name":"Australis Records - Music from the End of the World","article_modified_time":"2025-04-20T01:28:51+00:00","og_image":[{"width":368,"height":368,"url":"https:\/\/australisrecords.com\/shop\/wp-content\/uploads\/2020\/05\/490424.jpg","type":"image\/jpeg"}],"twitter_card":"summary_large_image","twitter_misc":{"Est. reading time":"1 minute"},"schema":{"@context":"https:\/\/schema.org","@graph":[{"@type":"WebPage","@id":"https:\/\/australisrecords.com\/shop\/producto\/aornos\/","url":"https:\/\/australisrecords.com\/shop\/producto\/aornos\/","name":"Aornos - Australis Records - Music from the End of the World","isPartOf":{"@id":"https:\/\/australisrecords.com\/shop\/#website"},"primaryImageOfPage":{"@id":"https:\/\/australisrecords.com\/shop\/producto\/aornos\/#primaryimage"},"image":{"@id":"https:\/\/australisrecords.com\/shop\/producto\/aornos\/#primaryimage"},"thumbnailUrl":"https:\/\/australisrecords.com\/shop\/wp-content\/uploads\/2020\/05\/490424.jpg","datePublished":"2020-05-20T00:58:36+00:00","dateModified":"2025-04-20T01:28:51+00:00","breadcrumb":{"@id":"https:\/\/australisrecords.com\/shop\/producto\/aornos\/#breadcrumb"},"inLanguage":"en-US","potentialAction":[{"@type":"ReadAction","target":["https:\/\/australisrecords.com\/shop\/producto\/aornos\/"]}]},{"@type":"ImageObject","inLanguage":"en-US","@id":"https:\/\/australisrecords.com\/shop\/producto\/aornos\/#primaryimage","url":"https:\/\/australisrecords.com\/shop\/wp-content\/uploads\/2020\/05\/490424.jpg","contentUrl":"https:\/\/australisrecords.com\/shop\/wp-content\/uploads\/2020\/05\/490424.jpg","width":368,"height":368},{"@type":"BreadcrumbList","@id":"https:\/\/australisrecords.com\/shop\/producto\/aornos\/#breadcrumb","itemListElement":[{"@type":"ListItem","position":1,"name":"Home","item":"https:\/\/australisrecords.com\/shop\/"},{"@type":"ListItem","position":2,"name":"Shop","item":"https:\/\/australisrecords.com\/shop\/shop-2\/"},{"@type":"ListItem","position":3,"name":"Aornos"}]},{"@type":"WebSite","@id":"https:\/\/australisrecords.com\/shop\/#website","url":"https:\/\/australisrecords.com\/shop\/","name":"Australis Records - Music from the End of the World","description":"","potentialAction":[{"@type":"SearchAction","target":{"@type":"EntryPoint","urlTemplate":"https:\/\/australisrecords.com\/shop\/?s={search_term_string}"},"query-input":"required name=search_term_string"}],"inLanguage":"en-US"}]}},"_links":{"self":[{"href":"https:\/\/australisrecords.com\/shop\/wp-json\/wp\/v2\/product\/8891"}],"collection":[{"href":"https:\/\/australisrecords.com\/shop\/wp-json\/wp\/v2\/product"}],"about":[{"href":"https:\/\/australisrecords.com\/shop\/wp-json\/wp\/v2\/types\/product"}],"version-history":[{"count":6,"href":"https:\/\/australisrecords.com\/shop\/wp-json\/wp\/v2\/product\/8891\/revisions"}],"predecessor-version":[{"id":26636,"href":"https:\/\/australisrecords.com\/shop\/wp-json\/wp\/v2\/product\/8891\/revisions\/26636"}],"wp:featuredmedia":[{"embeddable":true,"href":"https:\/\/australisrecords.com\/shop\/wp-json\/wp\/v2\/media\/8898"}],"wp:attachment":[{"href":"https:\/\/australisrecords.com\/shop\/wp-json\/wp\/v2\/media?parent=8891"}],"wp:term":[{"taxonomy":"product_cat","embeddable":true,"href":"https:\/\/australisrecords.com\/shop\/wp-json\/wp\/v2\/product_cat?post=8891"},{"taxonomy":"product_tag","embeddable":true,"href":"https:\/\/australisrecords.com\/shop\/wp-json\/wp\/v2\/product_tag?post=8891"}],"curies":[{"name":"wp","href":"https:\/\/api.w.org\/{rel}","templated":true}]}}