{"id":8553,"date":"2020-05-19T01:50:03","date_gmt":"2020-05-19T01:50:03","guid":{"rendered":"http:\/\/australisrecords.com\/shop\/?post_type=product&#038;p=8553"},"modified":"2025-04-18T22:16:20","modified_gmt":"2025-04-18T22:16:20","slug":"4ways-split","status":"publish","type":"product","link":"https:\/\/australisrecords.com\/shop\/producto\/4ways-split\/","title":{"rendered":"4WAYS SPLIT"},"content":{"rendered":"<div id=\"dslc-theme-content\"><div id=\"dslc-theme-content-inner\"><p>&nbsp;<\/p>\n<p>&nbsp;<\/p>\n<\/div><\/div>","protected":false},"excerpt":{"rendered":"<p>&nbsp; Satanic Ritual between 4 raw Black Metal Hordes from Poland, Finland, M\u00e9xico and Iran. &nbsp; Un ritual sat\u00e1nico entre 4 crudas hordes de Black Metal desde Polonia, Finland\u00eda, M\u00e9xico e Ir\u00e1n.\u00a0 1. Mystes &#8211; Battlefield 2. Mystes &#8211; Deadly Riders 3. Nekrokrist SS &#8211; Scars 4. Nekrokrist SS &#8211; Nekrokrist 5. Khaos Abyssi &#8211; [&hellip;]<\/p>\n","protected":false},"featured_media":8569,"template":"","meta":{"_acf_changed":false},"product_cat":[92,314,305,87],"product_tag":[],"acf":[],"yoast_head":"<!-- This site is optimized with the Yoast SEO plugin v22.9 - https:\/\/yoast.com\/wordpress\/plugins\/seo\/ -->\n<title>4WAYS SPLIT - Australis Records - Music from the End of the World<\/title>\n<meta name=\"robots\" content=\"index, follow, max-snippet:-1, max-image-preview:large, max-video-preview:-1\" \/>\n<link rel=\"canonical\" href=\"https:\/\/australisrecords.com\/shop\/producto\/4ways-split\/\" \/>\n<meta property=\"og:locale\" content=\"en_US\" \/>\n<meta property=\"og:type\" content=\"article\" \/>\n<meta property=\"og:title\" content=\"4WAYS SPLIT - Australis Records - Music from the End of the World\" \/>\n<meta property=\"og:description\" content=\"&nbsp; Satanic Ritual between 4 raw Black Metal Hordes from Poland, Finland, M\u00e9xico and Iran. &nbsp; Un ritual sat\u00e1nico entre 4 crudas hordes de Black Metal desde Polonia, Finland\u00eda, M\u00e9xico e Ir\u00e1n.\u00a0 1. Mystes &#8211; Battlefield 2. Mystes &#8211; Deadly Riders 3. Nekrokrist SS &#8211; Scars 4. Nekrokrist SS &#8211; Nekrokrist 5. Khaos Abyssi &#8211; [&hellip;]\" \/>\n<meta property=\"og:url\" content=\"https:\/\/australisrecords.com\/shop\/producto\/4ways-split\/\" \/>\n<meta property=\"og:site_name\" content=\"Australis Records - Music from the End of the World\" \/>\n<meta property=\"article:modified_time\" content=\"2025-04-18T22:16:20+00:00\" \/>\n<meta property=\"og:image\" content=\"https:\/\/australisrecords.com\/shop\/wp-content\/uploads\/2020\/05\/mystes-nekrokrist-ss-calvarium-funestus-khaos-abyssi-four-chapters-of-satanic-evil-pol-fin-mex-irn-cd-cd-azermedoth-records-e1589860294422.jpg\" \/>\n\t<meta property=\"og:image:width\" content=\"428\" \/>\n\t<meta property=\"og:image:height\" content=\"424\" \/>\n\t<meta property=\"og:image:type\" content=\"image\/jpeg\" \/>\n<meta name=\"twitter:card\" content=\"summary_large_image\" \/>\n<meta name=\"twitter:label1\" content=\"Est. reading time\" \/>\n\t<meta name=\"twitter:data1\" content=\"1 minute\" \/>\n<script type=\"application\/ld+json\" class=\"yoast-schema-graph\">{\"@context\":\"https:\/\/schema.org\",\"@graph\":[{\"@type\":\"WebPage\",\"@id\":\"https:\/\/australisrecords.com\/shop\/producto\/4ways-split\/\",\"url\":\"https:\/\/australisrecords.com\/shop\/producto\/4ways-split\/\",\"name\":\"4WAYS SPLIT - Australis Records - Music from the End of the World\",\"isPartOf\":{\"@id\":\"https:\/\/australisrecords.com\/shop\/#website\"},\"primaryImageOfPage\":{\"@id\":\"https:\/\/australisrecords.com\/shop\/producto\/4ways-split\/#primaryimage\"},\"image\":{\"@id\":\"https:\/\/australisrecords.com\/shop\/producto\/4ways-split\/#primaryimage\"},\"thumbnailUrl\":\"https:\/\/australisrecords.com\/shop\/wp-content\/uploads\/2020\/05\/mystes-nekrokrist-ss-calvarium-funestus-khaos-abyssi-four-chapters-of-satanic-evil-pol-fin-mex-irn-cd-cd-azermedoth-records-e1589860294422.jpg\",\"datePublished\":\"2020-05-19T01:50:03+00:00\",\"dateModified\":\"2025-04-18T22:16:20+00:00\",\"breadcrumb\":{\"@id\":\"https:\/\/australisrecords.com\/shop\/producto\/4ways-split\/#breadcrumb\"},\"inLanguage\":\"en-US\",\"potentialAction\":[{\"@type\":\"ReadAction\",\"target\":[\"https:\/\/australisrecords.com\/shop\/producto\/4ways-split\/\"]}]},{\"@type\":\"ImageObject\",\"inLanguage\":\"en-US\",\"@id\":\"https:\/\/australisrecords.com\/shop\/producto\/4ways-split\/#primaryimage\",\"url\":\"https:\/\/australisrecords.com\/shop\/wp-content\/uploads\/2020\/05\/mystes-nekrokrist-ss-calvarium-funestus-khaos-abyssi-four-chapters-of-satanic-evil-pol-fin-mex-irn-cd-cd-azermedoth-records-e1589860294422.jpg\",\"contentUrl\":\"https:\/\/australisrecords.com\/shop\/wp-content\/uploads\/2020\/05\/mystes-nekrokrist-ss-calvarium-funestus-khaos-abyssi-four-chapters-of-satanic-evil-pol-fin-mex-irn-cd-cd-azermedoth-records-e1589860294422.jpg\",\"width\":428,\"height\":424},{\"@type\":\"BreadcrumbList\",\"@id\":\"https:\/\/australisrecords.com\/shop\/producto\/4ways-split\/#breadcrumb\",\"itemListElement\":[{\"@type\":\"ListItem\",\"position\":1,\"name\":\"Home\",\"item\":\"https:\/\/australisrecords.com\/shop\/\"},{\"@type\":\"ListItem\",\"position\":2,\"name\":\"Shop\",\"item\":\"https:\/\/australisrecords.com\/shop\/shop-2\/\"},{\"@type\":\"ListItem\",\"position\":3,\"name\":\"4WAYS SPLIT\"}]},{\"@type\":\"WebSite\",\"@id\":\"https:\/\/australisrecords.com\/shop\/#website\",\"url\":\"https:\/\/australisrecords.com\/shop\/\",\"name\":\"Australis Records - Music from the End of the World\",\"description\":\"\",\"potentialAction\":[{\"@type\":\"SearchAction\",\"target\":{\"@type\":\"EntryPoint\",\"urlTemplate\":\"https:\/\/australisrecords.com\/shop\/?s={search_term_string}\"},\"query-input\":\"required name=search_term_string\"}],\"inLanguage\":\"en-US\"}]}<\/script>\n<!-- \/ Yoast SEO plugin. -->","yoast_head_json":{"title":"4WAYS SPLIT - Australis Records - Music from the End of the World","robots":{"index":"index","follow":"follow","max-snippet":"max-snippet:-1","max-image-preview":"max-image-preview:large","max-video-preview":"max-video-preview:-1"},"canonical":"https:\/\/australisrecords.com\/shop\/producto\/4ways-split\/","og_locale":"en_US","og_type":"article","og_title":"4WAYS SPLIT - Australis Records - Music from the End of the World","og_description":"&nbsp; Satanic Ritual between 4 raw Black Metal Hordes from Poland, Finland, M\u00e9xico and Iran. &nbsp; Un ritual sat\u00e1nico entre 4 crudas hordes de Black Metal desde Polonia, Finland\u00eda, M\u00e9xico e Ir\u00e1n.\u00a0 1. Mystes &#8211; Battlefield 2. Mystes &#8211; Deadly Riders 3. Nekrokrist SS &#8211; Scars 4. Nekrokrist SS &#8211; Nekrokrist 5. Khaos Abyssi &#8211; [&hellip;]","og_url":"https:\/\/australisrecords.com\/shop\/producto\/4ways-split\/","og_site_name":"Australis Records - Music from the End of the World","article_modified_time":"2025-04-18T22:16:20+00:00","og_image":[{"width":428,"height":424,"url":"https:\/\/australisrecords.com\/shop\/wp-content\/uploads\/2020\/05\/mystes-nekrokrist-ss-calvarium-funestus-khaos-abyssi-four-chapters-of-satanic-evil-pol-fin-mex-irn-cd-cd-azermedoth-records-e1589860294422.jpg","type":"image\/jpeg"}],"twitter_card":"summary_large_image","twitter_misc":{"Est. reading time":"1 minute"},"schema":{"@context":"https:\/\/schema.org","@graph":[{"@type":"WebPage","@id":"https:\/\/australisrecords.com\/shop\/producto\/4ways-split\/","url":"https:\/\/australisrecords.com\/shop\/producto\/4ways-split\/","name":"4WAYS SPLIT - Australis Records - Music from the End of the World","isPartOf":{"@id":"https:\/\/australisrecords.com\/shop\/#website"},"primaryImageOfPage":{"@id":"https:\/\/australisrecords.com\/shop\/producto\/4ways-split\/#primaryimage"},"image":{"@id":"https:\/\/australisrecords.com\/shop\/producto\/4ways-split\/#primaryimage"},"thumbnailUrl":"https:\/\/australisrecords.com\/shop\/wp-content\/uploads\/2020\/05\/mystes-nekrokrist-ss-calvarium-funestus-khaos-abyssi-four-chapters-of-satanic-evil-pol-fin-mex-irn-cd-cd-azermedoth-records-e1589860294422.jpg","datePublished":"2020-05-19T01:50:03+00:00","dateModified":"2025-04-18T22:16:20+00:00","breadcrumb":{"@id":"https:\/\/australisrecords.com\/shop\/producto\/4ways-split\/#breadcrumb"},"inLanguage":"en-US","potentialAction":[{"@type":"ReadAction","target":["https:\/\/australisrecords.com\/shop\/producto\/4ways-split\/"]}]},{"@type":"ImageObject","inLanguage":"en-US","@id":"https:\/\/australisrecords.com\/shop\/producto\/4ways-split\/#primaryimage","url":"https:\/\/australisrecords.com\/shop\/wp-content\/uploads\/2020\/05\/mystes-nekrokrist-ss-calvarium-funestus-khaos-abyssi-four-chapters-of-satanic-evil-pol-fin-mex-irn-cd-cd-azermedoth-records-e1589860294422.jpg","contentUrl":"https:\/\/australisrecords.com\/shop\/wp-content\/uploads\/2020\/05\/mystes-nekrokrist-ss-calvarium-funestus-khaos-abyssi-four-chapters-of-satanic-evil-pol-fin-mex-irn-cd-cd-azermedoth-records-e1589860294422.jpg","width":428,"height":424},{"@type":"BreadcrumbList","@id":"https:\/\/australisrecords.com\/shop\/producto\/4ways-split\/#breadcrumb","itemListElement":[{"@type":"ListItem","position":1,"name":"Home","item":"https:\/\/australisrecords.com\/shop\/"},{"@type":"ListItem","position":2,"name":"Shop","item":"https:\/\/australisrecords.com\/shop\/shop-2\/"},{"@type":"ListItem","position":3,"name":"4WAYS SPLIT"}]},{"@type":"WebSite","@id":"https:\/\/australisrecords.com\/shop\/#website","url":"https:\/\/australisrecords.com\/shop\/","name":"Australis Records - Music from the End of the World","description":"","potentialAction":[{"@type":"SearchAction","target":{"@type":"EntryPoint","urlTemplate":"https:\/\/australisrecords.com\/shop\/?s={search_term_string}"},"query-input":"required name=search_term_string"}],"inLanguage":"en-US"}]}},"_links":{"self":[{"href":"https:\/\/australisrecords.com\/shop\/wp-json\/wp\/v2\/product\/8553"}],"collection":[{"href":"https:\/\/australisrecords.com\/shop\/wp-json\/wp\/v2\/product"}],"about":[{"href":"https:\/\/australisrecords.com\/shop\/wp-json\/wp\/v2\/types\/product"}],"version-history":[{"count":6,"href":"https:\/\/australisrecords.com\/shop\/wp-json\/wp\/v2\/product\/8553\/revisions"}],"predecessor-version":[{"id":8571,"href":"https:\/\/australisrecords.com\/shop\/wp-json\/wp\/v2\/product\/8553\/revisions\/8571"}],"wp:featuredmedia":[{"embeddable":true,"href":"https:\/\/australisrecords.com\/shop\/wp-json\/wp\/v2\/media\/8569"}],"wp:attachment":[{"href":"https:\/\/australisrecords.com\/shop\/wp-json\/wp\/v2\/media?parent=8553"}],"wp:term":[{"taxonomy":"product_cat","embeddable":true,"href":"https:\/\/australisrecords.com\/shop\/wp-json\/wp\/v2\/product_cat?post=8553"},{"taxonomy":"product_tag","embeddable":true,"href":"https:\/\/australisrecords.com\/shop\/wp-json\/wp\/v2\/product_tag?post=8553"}],"curies":[{"name":"wp","href":"https:\/\/api.w.org\/{rel}","templated":true}]}}