{"id":8409,"date":"2020-05-18T20:59:16","date_gmt":"2020-05-18T20:59:16","guid":{"rendered":"http:\/\/australisrecords.com\/shop\/?post_type=product&#038;p=8409"},"modified":"2025-04-19T21:41:07","modified_gmt":"2025-04-19T21:41:07","slug":"aeternus-odium","status":"publish","type":"product","link":"https:\/\/australisrecords.com\/shop\/producto\/aeternus-odium\/","title":{"rendered":"AETERNUS ODIUM"},"content":{"rendered":"<div id=\"dslc-theme-content\"><div id=\"dslc-theme-content-inner\">\t\t<div data-elementor-type=\"wp-post\" data-elementor-id=\"8409\" class=\"elementor elementor-8409\">\n\t\t\t\t\t\t<section class=\"elementor-section elementor-top-section elementor-element elementor-element-26aee735 elementor-section-boxed elementor-section-height-default elementor-section-height-default\" data-id=\"26aee735\" data-element_type=\"section\">\n\t\t\t\t\t\t<div class=\"elementor-container elementor-column-gap-default\">\n\t\t\t\t\t<div class=\"elementor-column elementor-col-100 elementor-top-column elementor-element elementor-element-4d01a0a3\" data-id=\"4d01a0a3\" data-element_type=\"column\">\n\t\t\t<div class=\"elementor-widget-wrap elementor-element-populated\">\n\t\t\t\t\t\t<div class=\"elementor-element elementor-element-0b7f0fe elementor-widget-divider--view-line elementor-widget elementor-widget-divider\" data-id=\"0b7f0fe\" data-element_type=\"widget\" data-widget_type=\"divider.default\">\n\t\t\t\t<div class=\"elementor-widget-container\">\n\t\t\t\t\t<div class=\"elementor-divider\">\n\t\t\t<span class=\"elementor-divider-separator\">\n\t\t\t\t\t\t<\/span>\n\t\t<\/div>\n\t\t\t\t<\/div>\n\t\t\t\t<\/div>\n\t\t\t\t<div class=\"elementor-element elementor-element-10d739b1 elementor-widget elementor-widget-text-editor\" data-id=\"10d739b1\" data-element_type=\"widget\" data-widget_type=\"text-editor.default\">\n\t\t\t\t<div class=\"elementor-widget-container\">\n\t\t\t\t\t\t\t<h5 id=\"tw-target-text\" class=\"tw-data-text tw-text-large tw-ta\" dir=\"ltr\" data-placeholder=\"Traducci\u00f3n\"><span lang=\"en\"><span style=\"color: #92642a;\">Fourth Full-Length of the Chilean Abhorrent. Technical and brutal Thrash Metal, the &#8217;90s are back with one of the representative bands of the Chilean scene<\/span>\u00a0<\/span><\/h5>\t\t\t\t\t\t<\/div>\n\t\t\t\t<\/div>\n\t\t\t\t\t<\/div>\n\t\t<\/div>\n\t\t\t\t\t<\/div>\n\t\t<\/section>\n\t\t\t\t<\/div>\n\t\t<\/div><\/div>","protected":false},"excerpt":{"rendered":"<p>&nbsp; First Album form this Brazilian Black Metal Band. &nbsp; Primer \u00e1lbum de esta banda brasilera de Black Metal\u00a0 . 1. Prel\u00fadio \u00e0 Guerra 2. Manifesta\u00e7\u00e3o do \u00d3dio 3. \u00d3dio aos Crist\u00e3os 4. Legi\u00f5es Apocal\u00edpticas 5. Soturna Profecia 6. Profana Oferenda 7. Tropas de L\u00facifer 8. Rito ao Armagedom 9. Meggido 10.Vingan\u00e7a Sat\u00e2nica<\/p>\n","protected":false},"featured_media":8412,"template":"","meta":{"_acf_changed":false},"product_cat":[92,304,314,87],"product_tag":[],"acf":[],"yoast_head":"<!-- This site is optimized with the Yoast SEO plugin v22.9 - https:\/\/yoast.com\/wordpress\/plugins\/seo\/ -->\n<title>AETERNUS ODIUM - Australis Records - Music from the End of the World<\/title>\n<meta name=\"robots\" content=\"index, follow, max-snippet:-1, max-image-preview:large, max-video-preview:-1\" \/>\n<link rel=\"canonical\" href=\"https:\/\/australisrecords.com\/shop\/producto\/aeternus-odium\/\" \/>\n<meta property=\"og:locale\" content=\"en_US\" \/>\n<meta property=\"og:type\" content=\"article\" \/>\n<meta property=\"og:title\" content=\"AETERNUS ODIUM - Australis Records - Music from the End of the World\" \/>\n<meta property=\"og:description\" content=\"&nbsp; First Album form this Brazilian Black Metal Band. &nbsp; Primer \u00e1lbum de esta banda brasilera de Black Metal\u00a0 . 1. Prel\u00fadio \u00e0 Guerra 2. Manifesta\u00e7\u00e3o do \u00d3dio 3. \u00d3dio aos Crist\u00e3os 4. Legi\u00f5es Apocal\u00edpticas 5. Soturna Profecia 6. Profana Oferenda 7. Tropas de L\u00facifer 8. Rito ao Armagedom 9. Meggido 10.Vingan\u00e7a Sat\u00e2nica\" \/>\n<meta property=\"og:url\" content=\"https:\/\/australisrecords.com\/shop\/producto\/aeternus-odium\/\" \/>\n<meta property=\"og:site_name\" content=\"Australis Records - Music from the End of the World\" \/>\n<meta property=\"article:modified_time\" content=\"2025-04-19T21:41:07+00:00\" \/>\n<meta property=\"og:image\" content=\"https:\/\/australisrecords.com\/shop\/wp-content\/uploads\/2020\/05\/321500.jpg\" \/>\n\t<meta property=\"og:image:width\" content=\"440\" \/>\n\t<meta property=\"og:image:height\" content=\"440\" \/>\n\t<meta property=\"og:image:type\" content=\"image\/jpeg\" \/>\n<meta name=\"twitter:card\" content=\"summary_large_image\" \/>\n<meta name=\"twitter:label1\" content=\"Est. reading time\" \/>\n\t<meta name=\"twitter:data1\" content=\"1 minute\" \/>\n<script type=\"application\/ld+json\" class=\"yoast-schema-graph\">{\"@context\":\"https:\/\/schema.org\",\"@graph\":[{\"@type\":\"WebPage\",\"@id\":\"https:\/\/australisrecords.com\/shop\/producto\/aeternus-odium\/\",\"url\":\"https:\/\/australisrecords.com\/shop\/producto\/aeternus-odium\/\",\"name\":\"AETERNUS ODIUM - Australis Records - Music from the End of the World\",\"isPartOf\":{\"@id\":\"https:\/\/australisrecords.com\/shop\/#website\"},\"primaryImageOfPage\":{\"@id\":\"https:\/\/australisrecords.com\/shop\/producto\/aeternus-odium\/#primaryimage\"},\"image\":{\"@id\":\"https:\/\/australisrecords.com\/shop\/producto\/aeternus-odium\/#primaryimage\"},\"thumbnailUrl\":\"https:\/\/australisrecords.com\/shop\/wp-content\/uploads\/2020\/05\/321500.jpg\",\"datePublished\":\"2020-05-18T20:59:16+00:00\",\"dateModified\":\"2025-04-19T21:41:07+00:00\",\"breadcrumb\":{\"@id\":\"https:\/\/australisrecords.com\/shop\/producto\/aeternus-odium\/#breadcrumb\"},\"inLanguage\":\"en-US\",\"potentialAction\":[{\"@type\":\"ReadAction\",\"target\":[\"https:\/\/australisrecords.com\/shop\/producto\/aeternus-odium\/\"]}]},{\"@type\":\"ImageObject\",\"inLanguage\":\"en-US\",\"@id\":\"https:\/\/australisrecords.com\/shop\/producto\/aeternus-odium\/#primaryimage\",\"url\":\"https:\/\/australisrecords.com\/shop\/wp-content\/uploads\/2020\/05\/321500.jpg\",\"contentUrl\":\"https:\/\/australisrecords.com\/shop\/wp-content\/uploads\/2020\/05\/321500.jpg\",\"width\":440,\"height\":440},{\"@type\":\"BreadcrumbList\",\"@id\":\"https:\/\/australisrecords.com\/shop\/producto\/aeternus-odium\/#breadcrumb\",\"itemListElement\":[{\"@type\":\"ListItem\",\"position\":1,\"name\":\"Home\",\"item\":\"https:\/\/australisrecords.com\/shop\/\"},{\"@type\":\"ListItem\",\"position\":2,\"name\":\"Shop\",\"item\":\"https:\/\/australisrecords.com\/shop\/shop-2\/\"},{\"@type\":\"ListItem\",\"position\":3,\"name\":\"AETERNUS ODIUM\"}]},{\"@type\":\"WebSite\",\"@id\":\"https:\/\/australisrecords.com\/shop\/#website\",\"url\":\"https:\/\/australisrecords.com\/shop\/\",\"name\":\"Australis Records - Music from the End of the World\",\"description\":\"\",\"potentialAction\":[{\"@type\":\"SearchAction\",\"target\":{\"@type\":\"EntryPoint\",\"urlTemplate\":\"https:\/\/australisrecords.com\/shop\/?s={search_term_string}\"},\"query-input\":\"required name=search_term_string\"}],\"inLanguage\":\"en-US\"}]}<\/script>\n<!-- \/ Yoast SEO plugin. -->","yoast_head_json":{"title":"AETERNUS ODIUM - Australis Records - Music from the End of the World","robots":{"index":"index","follow":"follow","max-snippet":"max-snippet:-1","max-image-preview":"max-image-preview:large","max-video-preview":"max-video-preview:-1"},"canonical":"https:\/\/australisrecords.com\/shop\/producto\/aeternus-odium\/","og_locale":"en_US","og_type":"article","og_title":"AETERNUS ODIUM - Australis Records - Music from the End of the World","og_description":"&nbsp; First Album form this Brazilian Black Metal Band. &nbsp; Primer \u00e1lbum de esta banda brasilera de Black Metal\u00a0 . 1. Prel\u00fadio \u00e0 Guerra 2. Manifesta\u00e7\u00e3o do \u00d3dio 3. \u00d3dio aos Crist\u00e3os 4. Legi\u00f5es Apocal\u00edpticas 5. Soturna Profecia 6. Profana Oferenda 7. Tropas de L\u00facifer 8. Rito ao Armagedom 9. Meggido 10.Vingan\u00e7a Sat\u00e2nica","og_url":"https:\/\/australisrecords.com\/shop\/producto\/aeternus-odium\/","og_site_name":"Australis Records - Music from the End of the World","article_modified_time":"2025-04-19T21:41:07+00:00","og_image":[{"width":440,"height":440,"url":"https:\/\/australisrecords.com\/shop\/wp-content\/uploads\/2020\/05\/321500.jpg","type":"image\/jpeg"}],"twitter_card":"summary_large_image","twitter_misc":{"Est. reading time":"1 minute"},"schema":{"@context":"https:\/\/schema.org","@graph":[{"@type":"WebPage","@id":"https:\/\/australisrecords.com\/shop\/producto\/aeternus-odium\/","url":"https:\/\/australisrecords.com\/shop\/producto\/aeternus-odium\/","name":"AETERNUS ODIUM - Australis Records - Music from the End of the World","isPartOf":{"@id":"https:\/\/australisrecords.com\/shop\/#website"},"primaryImageOfPage":{"@id":"https:\/\/australisrecords.com\/shop\/producto\/aeternus-odium\/#primaryimage"},"image":{"@id":"https:\/\/australisrecords.com\/shop\/producto\/aeternus-odium\/#primaryimage"},"thumbnailUrl":"https:\/\/australisrecords.com\/shop\/wp-content\/uploads\/2020\/05\/321500.jpg","datePublished":"2020-05-18T20:59:16+00:00","dateModified":"2025-04-19T21:41:07+00:00","breadcrumb":{"@id":"https:\/\/australisrecords.com\/shop\/producto\/aeternus-odium\/#breadcrumb"},"inLanguage":"en-US","potentialAction":[{"@type":"ReadAction","target":["https:\/\/australisrecords.com\/shop\/producto\/aeternus-odium\/"]}]},{"@type":"ImageObject","inLanguage":"en-US","@id":"https:\/\/australisrecords.com\/shop\/producto\/aeternus-odium\/#primaryimage","url":"https:\/\/australisrecords.com\/shop\/wp-content\/uploads\/2020\/05\/321500.jpg","contentUrl":"https:\/\/australisrecords.com\/shop\/wp-content\/uploads\/2020\/05\/321500.jpg","width":440,"height":440},{"@type":"BreadcrumbList","@id":"https:\/\/australisrecords.com\/shop\/producto\/aeternus-odium\/#breadcrumb","itemListElement":[{"@type":"ListItem","position":1,"name":"Home","item":"https:\/\/australisrecords.com\/shop\/"},{"@type":"ListItem","position":2,"name":"Shop","item":"https:\/\/australisrecords.com\/shop\/shop-2\/"},{"@type":"ListItem","position":3,"name":"AETERNUS ODIUM"}]},{"@type":"WebSite","@id":"https:\/\/australisrecords.com\/shop\/#website","url":"https:\/\/australisrecords.com\/shop\/","name":"Australis Records - Music from the End of the World","description":"","potentialAction":[{"@type":"SearchAction","target":{"@type":"EntryPoint","urlTemplate":"https:\/\/australisrecords.com\/shop\/?s={search_term_string}"},"query-input":"required name=search_term_string"}],"inLanguage":"en-US"}]}},"_links":{"self":[{"href":"https:\/\/australisrecords.com\/shop\/wp-json\/wp\/v2\/product\/8409"}],"collection":[{"href":"https:\/\/australisrecords.com\/shop\/wp-json\/wp\/v2\/product"}],"about":[{"href":"https:\/\/australisrecords.com\/shop\/wp-json\/wp\/v2\/types\/product"}],"version-history":[{"count":7,"href":"https:\/\/australisrecords.com\/shop\/wp-json\/wp\/v2\/product\/8409\/revisions"}],"predecessor-version":[{"id":26548,"href":"https:\/\/australisrecords.com\/shop\/wp-json\/wp\/v2\/product\/8409\/revisions\/26548"}],"wp:featuredmedia":[{"embeddable":true,"href":"https:\/\/australisrecords.com\/shop\/wp-json\/wp\/v2\/media\/8412"}],"wp:attachment":[{"href":"https:\/\/australisrecords.com\/shop\/wp-json\/wp\/v2\/media?parent=8409"}],"wp:term":[{"taxonomy":"product_cat","embeddable":true,"href":"https:\/\/australisrecords.com\/shop\/wp-json\/wp\/v2\/product_cat?post=8409"},{"taxonomy":"product_tag","embeddable":true,"href":"https:\/\/australisrecords.com\/shop\/wp-json\/wp\/v2\/product_tag?post=8409"}],"curies":[{"name":"wp","href":"https:\/\/api.w.org\/{rel}","templated":true}]}}