{"id":8318,"date":"2020-05-18T18:31:02","date_gmt":"2020-05-18T18:31:02","guid":{"rendered":"http:\/\/australisrecords.com\/shop\/?post_type=product&#038;p=8318"},"modified":"2025-09-06T16:24:19","modified_gmt":"2025-09-06T16:24:19","slug":"abysmal-growls-of-despair","status":"publish","type":"product","link":"https:\/\/australisrecords.com\/shop\/producto\/abysmal-growls-of-despair\/","title":{"rendered":"ABYSMAL GROWLS OF DESPAIR"},"content":{"rendered":"<div id=\"dslc-theme-content\"><div id=\"dslc-theme-content-inner\">\t\t<div data-elementor-type=\"wp-post\" data-elementor-id=\"8318\" class=\"elementor elementor-8318\">\n\t\t\t\t\t\t<section class=\"elementor-section elementor-top-section elementor-element elementor-element-26aee735 elementor-section-boxed elementor-section-height-default elementor-section-height-default\" data-id=\"26aee735\" data-element_type=\"section\">\n\t\t\t\t\t\t<div class=\"elementor-container elementor-column-gap-default\">\n\t\t\t\t\t<div class=\"elementor-column elementor-col-100 elementor-top-column elementor-element elementor-element-4d01a0a3\" data-id=\"4d01a0a3\" data-element_type=\"column\">\n\t\t\t<div class=\"elementor-widget-wrap elementor-element-populated\">\n\t\t\t\t\t\t<div class=\"elementor-element elementor-element-0b7f0fe elementor-widget-divider--view-line elementor-widget elementor-widget-divider\" data-id=\"0b7f0fe\" data-element_type=\"widget\" data-widget_type=\"divider.default\">\n\t\t\t\t<div class=\"elementor-widget-container\">\n\t\t\t\t\t<div class=\"elementor-divider\">\n\t\t\t<span class=\"elementor-divider-separator\">\n\t\t\t\t\t\t<\/span>\n\t\t<\/div>\n\t\t\t\t<\/div>\n\t\t\t\t<\/div>\n\t\t\t\t<div class=\"elementor-element elementor-element-10d739b1 elementor-widget elementor-widget-text-editor\" data-id=\"10d739b1\" data-element_type=\"widget\" data-widget_type=\"text-editor.default\">\n\t\t\t\t<div class=\"elementor-widget-container\">\n\t\t\t\t\t\t\t<h5 id=\"tw-target-text\" class=\"tw-data-text tw-text-large tw-ta\" dir=\"ltr\" data-placeholder=\"Traducci\u00f3n\"><span lang=\"en\"><span style=\"color: #92642a;\">Fourth Full-Length of the Chilean Abhorrent. Technical and brutal Thrash Metal, the &#8217;90s are back with one of the representative bands of the Chilean scene<\/span>\u00a0<\/span><\/h5>\t\t\t\t\t\t<\/div>\n\t\t\t\t<\/div>\n\t\t\t\t\t<\/div>\n\t\t<\/div>\n\t\t\t\t\t<\/div>\n\t\t<\/section>\n\t\t\t\t<\/div>\n\t\t<\/div><\/div>","protected":false},"excerpt":{"rendered":"<p>&nbsp; Depressive Funeral Doom from France. Extremely slow and dark doom without any hope, only depression and extreme darkness is here. &nbsp; Depresivo Funeral Doom de Francia. Extremadamente lento y oscuro sin ninguna esperanza, solo la depresi\u00f3n y la oscuridad extrema est\u00e1n aqu\u00ed . 1. Misanthropy 2. The End of Previous Life 3. New Begining [&hellip;]<\/p>\n","protected":false},"featured_media":8328,"template":"","meta":{"_acf_changed":false},"product_cat":[92,314,305,87],"product_tag":[],"acf":[],"yoast_head":"<!-- This site is optimized with the Yoast SEO plugin v22.9 - https:\/\/yoast.com\/wordpress\/plugins\/seo\/ -->\n<title>ABYSMAL GROWLS OF DESPAIR - Australis Records - Music from the End of the World<\/title>\n<meta name=\"robots\" content=\"index, follow, max-snippet:-1, max-image-preview:large, max-video-preview:-1\" \/>\n<link rel=\"canonical\" href=\"https:\/\/australisrecords.com\/shop\/producto\/abysmal-growls-of-despair\/\" \/>\n<meta property=\"og:locale\" content=\"en_US\" \/>\n<meta property=\"og:type\" content=\"article\" \/>\n<meta property=\"og:title\" content=\"ABYSMAL GROWLS OF DESPAIR - Australis Records - Music from the End of the World\" \/>\n<meta property=\"og:description\" content=\"&nbsp; Depressive Funeral Doom from France. Extremely slow and dark doom without any hope, only depression and extreme darkness is here. &nbsp; Depresivo Funeral Doom de Francia. Extremadamente lento y oscuro sin ninguna esperanza, solo la depresi\u00f3n y la oscuridad extrema est\u00e1n aqu\u00ed . 1. Misanthropy 2. The End of Previous Life 3. New Begining [&hellip;]\" \/>\n<meta property=\"og:url\" content=\"https:\/\/australisrecords.com\/shop\/producto\/abysmal-growls-of-despair\/\" \/>\n<meta property=\"og:site_name\" content=\"Australis Records - Music from the End of the World\" \/>\n<meta property=\"article:modified_time\" content=\"2025-09-06T16:24:19+00:00\" \/>\n<meta property=\"og:image\" content=\"https:\/\/australisrecords.com\/shop\/wp-content\/uploads\/2020\/05\/525005.jpg\" \/>\n\t<meta property=\"og:image:width\" content=\"350\" \/>\n\t<meta property=\"og:image:height\" content=\"350\" \/>\n\t<meta property=\"og:image:type\" content=\"image\/jpeg\" \/>\n<meta name=\"twitter:card\" content=\"summary_large_image\" \/>\n<meta name=\"twitter:label1\" content=\"Est. reading time\" \/>\n\t<meta name=\"twitter:data1\" content=\"1 minute\" \/>\n<script type=\"application\/ld+json\" class=\"yoast-schema-graph\">{\"@context\":\"https:\/\/schema.org\",\"@graph\":[{\"@type\":\"WebPage\",\"@id\":\"https:\/\/australisrecords.com\/shop\/producto\/abysmal-growls-of-despair\/\",\"url\":\"https:\/\/australisrecords.com\/shop\/producto\/abysmal-growls-of-despair\/\",\"name\":\"ABYSMAL GROWLS OF DESPAIR - Australis Records - Music from the End of the World\",\"isPartOf\":{\"@id\":\"https:\/\/australisrecords.com\/shop\/#website\"},\"primaryImageOfPage\":{\"@id\":\"https:\/\/australisrecords.com\/shop\/producto\/abysmal-growls-of-despair\/#primaryimage\"},\"image\":{\"@id\":\"https:\/\/australisrecords.com\/shop\/producto\/abysmal-growls-of-despair\/#primaryimage\"},\"thumbnailUrl\":\"https:\/\/australisrecords.com\/shop\/wp-content\/uploads\/2020\/05\/525005.jpg\",\"datePublished\":\"2020-05-18T18:31:02+00:00\",\"dateModified\":\"2025-09-06T16:24:19+00:00\",\"breadcrumb\":{\"@id\":\"https:\/\/australisrecords.com\/shop\/producto\/abysmal-growls-of-despair\/#breadcrumb\"},\"inLanguage\":\"en-US\",\"potentialAction\":[{\"@type\":\"ReadAction\",\"target\":[\"https:\/\/australisrecords.com\/shop\/producto\/abysmal-growls-of-despair\/\"]}]},{\"@type\":\"ImageObject\",\"inLanguage\":\"en-US\",\"@id\":\"https:\/\/australisrecords.com\/shop\/producto\/abysmal-growls-of-despair\/#primaryimage\",\"url\":\"https:\/\/australisrecords.com\/shop\/wp-content\/uploads\/2020\/05\/525005.jpg\",\"contentUrl\":\"https:\/\/australisrecords.com\/shop\/wp-content\/uploads\/2020\/05\/525005.jpg\",\"width\":350,\"height\":350},{\"@type\":\"BreadcrumbList\",\"@id\":\"https:\/\/australisrecords.com\/shop\/producto\/abysmal-growls-of-despair\/#breadcrumb\",\"itemListElement\":[{\"@type\":\"ListItem\",\"position\":1,\"name\":\"Home\",\"item\":\"https:\/\/australisrecords.com\/shop\/\"},{\"@type\":\"ListItem\",\"position\":2,\"name\":\"Shop\",\"item\":\"https:\/\/australisrecords.com\/shop\/shop-2\/\"},{\"@type\":\"ListItem\",\"position\":3,\"name\":\"ABYSMAL GROWLS OF DESPAIR\"}]},{\"@type\":\"WebSite\",\"@id\":\"https:\/\/australisrecords.com\/shop\/#website\",\"url\":\"https:\/\/australisrecords.com\/shop\/\",\"name\":\"Australis Records - Music from the End of the World\",\"description\":\"\",\"potentialAction\":[{\"@type\":\"SearchAction\",\"target\":{\"@type\":\"EntryPoint\",\"urlTemplate\":\"https:\/\/australisrecords.com\/shop\/?s={search_term_string}\"},\"query-input\":\"required name=search_term_string\"}],\"inLanguage\":\"en-US\"}]}<\/script>\n<!-- \/ Yoast SEO plugin. -->","yoast_head_json":{"title":"ABYSMAL GROWLS OF DESPAIR - Australis Records - Music from the End of the World","robots":{"index":"index","follow":"follow","max-snippet":"max-snippet:-1","max-image-preview":"max-image-preview:large","max-video-preview":"max-video-preview:-1"},"canonical":"https:\/\/australisrecords.com\/shop\/producto\/abysmal-growls-of-despair\/","og_locale":"en_US","og_type":"article","og_title":"ABYSMAL GROWLS OF DESPAIR - Australis Records - Music from the End of the World","og_description":"&nbsp; Depressive Funeral Doom from France. Extremely slow and dark doom without any hope, only depression and extreme darkness is here. &nbsp; Depresivo Funeral Doom de Francia. Extremadamente lento y oscuro sin ninguna esperanza, solo la depresi\u00f3n y la oscuridad extrema est\u00e1n aqu\u00ed . 1. Misanthropy 2. The End of Previous Life 3. New Begining [&hellip;]","og_url":"https:\/\/australisrecords.com\/shop\/producto\/abysmal-growls-of-despair\/","og_site_name":"Australis Records - Music from the End of the World","article_modified_time":"2025-09-06T16:24:19+00:00","og_image":[{"width":350,"height":350,"url":"https:\/\/australisrecords.com\/shop\/wp-content\/uploads\/2020\/05\/525005.jpg","type":"image\/jpeg"}],"twitter_card":"summary_large_image","twitter_misc":{"Est. reading time":"1 minute"},"schema":{"@context":"https:\/\/schema.org","@graph":[{"@type":"WebPage","@id":"https:\/\/australisrecords.com\/shop\/producto\/abysmal-growls-of-despair\/","url":"https:\/\/australisrecords.com\/shop\/producto\/abysmal-growls-of-despair\/","name":"ABYSMAL GROWLS OF DESPAIR - Australis Records - Music from the End of the World","isPartOf":{"@id":"https:\/\/australisrecords.com\/shop\/#website"},"primaryImageOfPage":{"@id":"https:\/\/australisrecords.com\/shop\/producto\/abysmal-growls-of-despair\/#primaryimage"},"image":{"@id":"https:\/\/australisrecords.com\/shop\/producto\/abysmal-growls-of-despair\/#primaryimage"},"thumbnailUrl":"https:\/\/australisrecords.com\/shop\/wp-content\/uploads\/2020\/05\/525005.jpg","datePublished":"2020-05-18T18:31:02+00:00","dateModified":"2025-09-06T16:24:19+00:00","breadcrumb":{"@id":"https:\/\/australisrecords.com\/shop\/producto\/abysmal-growls-of-despair\/#breadcrumb"},"inLanguage":"en-US","potentialAction":[{"@type":"ReadAction","target":["https:\/\/australisrecords.com\/shop\/producto\/abysmal-growls-of-despair\/"]}]},{"@type":"ImageObject","inLanguage":"en-US","@id":"https:\/\/australisrecords.com\/shop\/producto\/abysmal-growls-of-despair\/#primaryimage","url":"https:\/\/australisrecords.com\/shop\/wp-content\/uploads\/2020\/05\/525005.jpg","contentUrl":"https:\/\/australisrecords.com\/shop\/wp-content\/uploads\/2020\/05\/525005.jpg","width":350,"height":350},{"@type":"BreadcrumbList","@id":"https:\/\/australisrecords.com\/shop\/producto\/abysmal-growls-of-despair\/#breadcrumb","itemListElement":[{"@type":"ListItem","position":1,"name":"Home","item":"https:\/\/australisrecords.com\/shop\/"},{"@type":"ListItem","position":2,"name":"Shop","item":"https:\/\/australisrecords.com\/shop\/shop-2\/"},{"@type":"ListItem","position":3,"name":"ABYSMAL GROWLS OF DESPAIR"}]},{"@type":"WebSite","@id":"https:\/\/australisrecords.com\/shop\/#website","url":"https:\/\/australisrecords.com\/shop\/","name":"Australis Records - Music from the End of the World","description":"","potentialAction":[{"@type":"SearchAction","target":{"@type":"EntryPoint","urlTemplate":"https:\/\/australisrecords.com\/shop\/?s={search_term_string}"},"query-input":"required name=search_term_string"}],"inLanguage":"en-US"}]}},"_links":{"self":[{"href":"https:\/\/australisrecords.com\/shop\/wp-json\/wp\/v2\/product\/8318"}],"collection":[{"href":"https:\/\/australisrecords.com\/shop\/wp-json\/wp\/v2\/product"}],"about":[{"href":"https:\/\/australisrecords.com\/shop\/wp-json\/wp\/v2\/types\/product"}],"version-history":[{"count":6,"href":"https:\/\/australisrecords.com\/shop\/wp-json\/wp\/v2\/product\/8318\/revisions"}],"predecessor-version":[{"id":26785,"href":"https:\/\/australisrecords.com\/shop\/wp-json\/wp\/v2\/product\/8318\/revisions\/26785"}],"wp:featuredmedia":[{"embeddable":true,"href":"https:\/\/australisrecords.com\/shop\/wp-json\/wp\/v2\/media\/8328"}],"wp:attachment":[{"href":"https:\/\/australisrecords.com\/shop\/wp-json\/wp\/v2\/media?parent=8318"}],"wp:term":[{"taxonomy":"product_cat","embeddable":true,"href":"https:\/\/australisrecords.com\/shop\/wp-json\/wp\/v2\/product_cat?post=8318"},{"taxonomy":"product_tag","embeddable":true,"href":"https:\/\/australisrecords.com\/shop\/wp-json\/wp\/v2\/product_tag?post=8318"}],"curies":[{"name":"wp","href":"https:\/\/api.w.org\/{rel}","templated":true}]}}