{"id":8292,"date":"2020-05-18T17:51:20","date_gmt":"2020-05-18T17:51:20","guid":{"rendered":"http:\/\/australisrecords.com\/shop\/?post_type=product&#038;p=8292"},"modified":"2025-04-19T02:16:24","modified_gmt":"2025-04-19T02:16:24","slug":"abstract-spirit","status":"publish","type":"product","link":"https:\/\/australisrecords.com\/shop\/producto\/abstract-spirit\/","title":{"rendered":"ABSTRACT SPIRIT"},"content":{"rendered":"<div id=\"dslc-theme-content\"><div id=\"dslc-theme-content-inner\">\t\t<div data-elementor-type=\"wp-post\" data-elementor-id=\"8292\" class=\"elementor elementor-8292\">\n\t\t\t\t\t\t<section class=\"elementor-section elementor-top-section elementor-element elementor-element-26aee735 elementor-section-boxed elementor-section-height-default elementor-section-height-default\" data-id=\"26aee735\" data-element_type=\"section\">\n\t\t\t\t\t\t<div class=\"elementor-container elementor-column-gap-default\">\n\t\t\t\t\t<div class=\"elementor-column elementor-col-100 elementor-top-column elementor-element elementor-element-4d01a0a3\" data-id=\"4d01a0a3\" data-element_type=\"column\">\n\t\t\t<div class=\"elementor-widget-wrap elementor-element-populated\">\n\t\t\t\t\t\t<div class=\"elementor-element elementor-element-0b7f0fe elementor-widget-divider--view-line elementor-widget elementor-widget-divider\" data-id=\"0b7f0fe\" data-element_type=\"widget\" data-widget_type=\"divider.default\">\n\t\t\t\t<div class=\"elementor-widget-container\">\n\t\t\t\t\t<div class=\"elementor-divider\">\n\t\t\t<span class=\"elementor-divider-separator\">\n\t\t\t\t\t\t<\/span>\n\t\t<\/div>\n\t\t\t\t<\/div>\n\t\t\t\t<\/div>\n\t\t\t\t<div class=\"elementor-element elementor-element-10d739b1 elementor-widget elementor-widget-text-editor\" data-id=\"10d739b1\" data-element_type=\"widget\" data-widget_type=\"text-editor.default\">\n\t\t\t\t<div class=\"elementor-widget-container\">\n\t\t\t\t\t\t\t<h5 id=\"tw-target-text\" class=\"tw-data-text tw-text-large tw-ta\" dir=\"ltr\" data-placeholder=\"Traducci\u00f3n\"><span lang=\"en\"><span style=\"color: #92642a;\">Fourth Full-Length of the Chilean Abhorrent. Technical and brutal Thrash Metal, the &#8217;90s are back with one of the representative bands of the Chilean scene<\/span>\u00a0<\/span><\/h5>\t\t\t\t\t\t<\/div>\n\t\t\t\t<\/div>\n\t\t\t\t\t<\/div>\n\t\t<\/div>\n\t\t\t\t\t<\/div>\n\t\t<\/section>\n\t\t\t\t<\/div>\n\t\t<\/div><\/div>","protected":false},"excerpt":{"rendered":"<p>&nbsp; Funeral Doom from Russia, icy passages of anguish and desolation evoking sounds of despair, if you like Evoken this album is necessary in your collection. &nbsp; Funeral Doom desde Rusia, g\u00e9lidos pasajes de angustia y desolacion evocando s\u00f3nidos de desesperaci\u00f3n, si gusta de Evoken este disco es necesario en tu collecci\u00f3ns. 1. Theomorphic Defectiveness [&hellip;]<\/p>\n","protected":false},"featured_media":8298,"template":"","meta":{"_acf_changed":false},"product_cat":[92,326,87],"product_tag":[],"acf":[],"yoast_head":"<!-- This site is optimized with the Yoast SEO plugin v22.9 - https:\/\/yoast.com\/wordpress\/plugins\/seo\/ -->\n<title>ABSTRACT SPIRIT - Australis Records - Music from the End of the World<\/title>\n<meta name=\"robots\" content=\"index, follow, max-snippet:-1, max-image-preview:large, max-video-preview:-1\" \/>\n<link rel=\"canonical\" href=\"https:\/\/australisrecords.com\/shop\/producto\/abstract-spirit\/\" \/>\n<meta property=\"og:locale\" content=\"en_US\" \/>\n<meta property=\"og:type\" content=\"article\" \/>\n<meta property=\"og:title\" content=\"ABSTRACT SPIRIT - Australis Records - Music from the End of the World\" \/>\n<meta property=\"og:description\" content=\"&nbsp; Funeral Doom from Russia, icy passages of anguish and desolation evoking sounds of despair, if you like Evoken this album is necessary in your collection. &nbsp; Funeral Doom desde Rusia, g\u00e9lidos pasajes de angustia y desolacion evocando s\u00f3nidos de desesperaci\u00f3n, si gusta de Evoken este disco es necesario en tu collecci\u00f3ns. 1. Theomorphic Defectiveness [&hellip;]\" \/>\n<meta property=\"og:url\" content=\"https:\/\/australisrecords.com\/shop\/producto\/abstract-spirit\/\" \/>\n<meta property=\"og:site_name\" content=\"Australis Records - Music from the End of the World\" \/>\n<meta property=\"article:modified_time\" content=\"2025-04-19T02:16:24+00:00\" \/>\n<meta property=\"og:image\" content=\"https:\/\/australisrecords.com\/shop\/wp-content\/uploads\/2020\/05\/374291.jpg\" \/>\n\t<meta property=\"og:image:width\" content=\"1000\" \/>\n\t<meta property=\"og:image:height\" content=\"1000\" \/>\n\t<meta property=\"og:image:type\" content=\"image\/jpeg\" \/>\n<meta name=\"twitter:card\" content=\"summary_large_image\" \/>\n<meta name=\"twitter:label1\" content=\"Est. reading time\" \/>\n\t<meta name=\"twitter:data1\" content=\"1 minute\" \/>\n<script type=\"application\/ld+json\" class=\"yoast-schema-graph\">{\"@context\":\"https:\/\/schema.org\",\"@graph\":[{\"@type\":\"WebPage\",\"@id\":\"https:\/\/australisrecords.com\/shop\/producto\/abstract-spirit\/\",\"url\":\"https:\/\/australisrecords.com\/shop\/producto\/abstract-spirit\/\",\"name\":\"ABSTRACT SPIRIT - Australis Records - Music from the End of the World\",\"isPartOf\":{\"@id\":\"https:\/\/australisrecords.com\/shop\/#website\"},\"primaryImageOfPage\":{\"@id\":\"https:\/\/australisrecords.com\/shop\/producto\/abstract-spirit\/#primaryimage\"},\"image\":{\"@id\":\"https:\/\/australisrecords.com\/shop\/producto\/abstract-spirit\/#primaryimage\"},\"thumbnailUrl\":\"https:\/\/australisrecords.com\/shop\/wp-content\/uploads\/2020\/05\/374291.jpg\",\"datePublished\":\"2020-05-18T17:51:20+00:00\",\"dateModified\":\"2025-04-19T02:16:24+00:00\",\"breadcrumb\":{\"@id\":\"https:\/\/australisrecords.com\/shop\/producto\/abstract-spirit\/#breadcrumb\"},\"inLanguage\":\"en-US\",\"potentialAction\":[{\"@type\":\"ReadAction\",\"target\":[\"https:\/\/australisrecords.com\/shop\/producto\/abstract-spirit\/\"]}]},{\"@type\":\"ImageObject\",\"inLanguage\":\"en-US\",\"@id\":\"https:\/\/australisrecords.com\/shop\/producto\/abstract-spirit\/#primaryimage\",\"url\":\"https:\/\/australisrecords.com\/shop\/wp-content\/uploads\/2020\/05\/374291.jpg\",\"contentUrl\":\"https:\/\/australisrecords.com\/shop\/wp-content\/uploads\/2020\/05\/374291.jpg\",\"width\":1000,\"height\":1000},{\"@type\":\"BreadcrumbList\",\"@id\":\"https:\/\/australisrecords.com\/shop\/producto\/abstract-spirit\/#breadcrumb\",\"itemListElement\":[{\"@type\":\"ListItem\",\"position\":1,\"name\":\"Home\",\"item\":\"https:\/\/australisrecords.com\/shop\/\"},{\"@type\":\"ListItem\",\"position\":2,\"name\":\"Shop\",\"item\":\"https:\/\/australisrecords.com\/shop\/shop-2\/\"},{\"@type\":\"ListItem\",\"position\":3,\"name\":\"ABSTRACT SPIRIT\"}]},{\"@type\":\"WebSite\",\"@id\":\"https:\/\/australisrecords.com\/shop\/#website\",\"url\":\"https:\/\/australisrecords.com\/shop\/\",\"name\":\"Australis Records - Music from the End of the World\",\"description\":\"\",\"potentialAction\":[{\"@type\":\"SearchAction\",\"target\":{\"@type\":\"EntryPoint\",\"urlTemplate\":\"https:\/\/australisrecords.com\/shop\/?s={search_term_string}\"},\"query-input\":\"required name=search_term_string\"}],\"inLanguage\":\"en-US\"}]}<\/script>\n<!-- \/ Yoast SEO plugin. -->","yoast_head_json":{"title":"ABSTRACT SPIRIT - Australis Records - Music from the End of the World","robots":{"index":"index","follow":"follow","max-snippet":"max-snippet:-1","max-image-preview":"max-image-preview:large","max-video-preview":"max-video-preview:-1"},"canonical":"https:\/\/australisrecords.com\/shop\/producto\/abstract-spirit\/","og_locale":"en_US","og_type":"article","og_title":"ABSTRACT SPIRIT - Australis Records - Music from the End of the World","og_description":"&nbsp; Funeral Doom from Russia, icy passages of anguish and desolation evoking sounds of despair, if you like Evoken this album is necessary in your collection. &nbsp; Funeral Doom desde Rusia, g\u00e9lidos pasajes de angustia y desolacion evocando s\u00f3nidos de desesperaci\u00f3n, si gusta de Evoken este disco es necesario en tu collecci\u00f3ns. 1. Theomorphic Defectiveness [&hellip;]","og_url":"https:\/\/australisrecords.com\/shop\/producto\/abstract-spirit\/","og_site_name":"Australis Records - Music from the End of the World","article_modified_time":"2025-04-19T02:16:24+00:00","og_image":[{"width":1000,"height":1000,"url":"https:\/\/australisrecords.com\/shop\/wp-content\/uploads\/2020\/05\/374291.jpg","type":"image\/jpeg"}],"twitter_card":"summary_large_image","twitter_misc":{"Est. reading time":"1 minute"},"schema":{"@context":"https:\/\/schema.org","@graph":[{"@type":"WebPage","@id":"https:\/\/australisrecords.com\/shop\/producto\/abstract-spirit\/","url":"https:\/\/australisrecords.com\/shop\/producto\/abstract-spirit\/","name":"ABSTRACT SPIRIT - Australis Records - Music from the End of the World","isPartOf":{"@id":"https:\/\/australisrecords.com\/shop\/#website"},"primaryImageOfPage":{"@id":"https:\/\/australisrecords.com\/shop\/producto\/abstract-spirit\/#primaryimage"},"image":{"@id":"https:\/\/australisrecords.com\/shop\/producto\/abstract-spirit\/#primaryimage"},"thumbnailUrl":"https:\/\/australisrecords.com\/shop\/wp-content\/uploads\/2020\/05\/374291.jpg","datePublished":"2020-05-18T17:51:20+00:00","dateModified":"2025-04-19T02:16:24+00:00","breadcrumb":{"@id":"https:\/\/australisrecords.com\/shop\/producto\/abstract-spirit\/#breadcrumb"},"inLanguage":"en-US","potentialAction":[{"@type":"ReadAction","target":["https:\/\/australisrecords.com\/shop\/producto\/abstract-spirit\/"]}]},{"@type":"ImageObject","inLanguage":"en-US","@id":"https:\/\/australisrecords.com\/shop\/producto\/abstract-spirit\/#primaryimage","url":"https:\/\/australisrecords.com\/shop\/wp-content\/uploads\/2020\/05\/374291.jpg","contentUrl":"https:\/\/australisrecords.com\/shop\/wp-content\/uploads\/2020\/05\/374291.jpg","width":1000,"height":1000},{"@type":"BreadcrumbList","@id":"https:\/\/australisrecords.com\/shop\/producto\/abstract-spirit\/#breadcrumb","itemListElement":[{"@type":"ListItem","position":1,"name":"Home","item":"https:\/\/australisrecords.com\/shop\/"},{"@type":"ListItem","position":2,"name":"Shop","item":"https:\/\/australisrecords.com\/shop\/shop-2\/"},{"@type":"ListItem","position":3,"name":"ABSTRACT SPIRIT"}]},{"@type":"WebSite","@id":"https:\/\/australisrecords.com\/shop\/#website","url":"https:\/\/australisrecords.com\/shop\/","name":"Australis Records - Music from the End of the World","description":"","potentialAction":[{"@type":"SearchAction","target":{"@type":"EntryPoint","urlTemplate":"https:\/\/australisrecords.com\/shop\/?s={search_term_string}"},"query-input":"required name=search_term_string"}],"inLanguage":"en-US"}]}},"_links":{"self":[{"href":"https:\/\/australisrecords.com\/shop\/wp-json\/wp\/v2\/product\/8292"}],"collection":[{"href":"https:\/\/australisrecords.com\/shop\/wp-json\/wp\/v2\/product"}],"about":[{"href":"https:\/\/australisrecords.com\/shop\/wp-json\/wp\/v2\/types\/product"}],"version-history":[{"count":6,"href":"https:\/\/australisrecords.com\/shop\/wp-json\/wp\/v2\/product\/8292\/revisions"}],"predecessor-version":[{"id":23758,"href":"https:\/\/australisrecords.com\/shop\/wp-json\/wp\/v2\/product\/8292\/revisions\/23758"}],"wp:featuredmedia":[{"embeddable":true,"href":"https:\/\/australisrecords.com\/shop\/wp-json\/wp\/v2\/media\/8298"}],"wp:attachment":[{"href":"https:\/\/australisrecords.com\/shop\/wp-json\/wp\/v2\/media?parent=8292"}],"wp:term":[{"taxonomy":"product_cat","embeddable":true,"href":"https:\/\/australisrecords.com\/shop\/wp-json\/wp\/v2\/product_cat?post=8292"},{"taxonomy":"product_tag","embeddable":true,"href":"https:\/\/australisrecords.com\/shop\/wp-json\/wp\/v2\/product_tag?post=8292"}],"curies":[{"name":"wp","href":"https:\/\/api.w.org\/{rel}","templated":true}]}}