{"id":26101,"date":"2025-02-16T21:32:28","date_gmt":"2025-02-16T21:32:28","guid":{"rendered":"https:\/\/australisrecords.com\/shop\/?post_type=product&#038;p=26101"},"modified":"2026-03-15T21:20:33","modified_gmt":"2026-03-15T21:20:33","slug":"toxodeth-oldmoon","status":"publish","type":"product","link":"https:\/\/australisrecords.com\/shop\/producto\/toxodeth-oldmoon\/","title":{"rendered":"Toxodeth \/ Oldmoon"},"content":{"rendered":"<div id=\"dslc-theme-content\"><div id=\"dslc-theme-content-inner\"><p>&nbsp;<\/p>\n<p>&nbsp;<\/p>\n<\/div><\/div>","protected":false},"excerpt":{"rendered":"<p>&nbsp; A split that bridges two generations and two countries of Latin American extreme metal. Toxodeth are nothing short of legendary \u2014 formed in Monterrey, Mexico in 1984 by brothers Ra\u00fal and Jes\u00fas Guzm\u00e1n, they are considered pioneers of the region&#8217;s death\/thrash metal movement, drawing from the same primordial well as Possessed, Kreator, and early [&hellip;]<\/p>\n","protected":false},"featured_media":26229,"template":"","meta":{"_acf_changed":false},"product_cat":[92,314,303,305,87],"product_tag":[],"acf":[],"yoast_head":"<!-- This site is optimized with the Yoast SEO plugin v22.9 - https:\/\/yoast.com\/wordpress\/plugins\/seo\/ -->\n<title>Toxodeth \/ Oldmoon - Australis Records - Music from the End of the World<\/title>\n<meta name=\"robots\" content=\"index, follow, max-snippet:-1, max-image-preview:large, max-video-preview:-1\" \/>\n<link rel=\"canonical\" href=\"https:\/\/australisrecords.com\/shop\/producto\/toxodeth-oldmoon\/\" \/>\n<meta property=\"og:locale\" content=\"en_US\" \/>\n<meta property=\"og:type\" content=\"article\" \/>\n<meta property=\"og:title\" content=\"Toxodeth \/ Oldmoon - Australis Records - Music from the End of the World\" \/>\n<meta property=\"og:description\" content=\"&nbsp; A split that bridges two generations and two countries of Latin American extreme metal. Toxodeth are nothing short of legendary \u2014 formed in Monterrey, Mexico in 1984 by brothers Ra\u00fal and Jes\u00fas Guzm\u00e1n, they are considered pioneers of the region&#8217;s death\/thrash metal movement, drawing from the same primordial well as Possessed, Kreator, and early [&hellip;]\" \/>\n<meta property=\"og:url\" content=\"https:\/\/australisrecords.com\/shop\/producto\/toxodeth-oldmoon\/\" \/>\n<meta property=\"og:site_name\" content=\"Australis Records - Music from the End of the World\" \/>\n<meta property=\"article:modified_time\" content=\"2026-03-15T21:20:33+00:00\" \/>\n<meta property=\"og:image\" content=\"https:\/\/australisrecords.com\/shop\/wp-content\/uploads\/2025\/02\/oxodeth.jpg\" \/>\n\t<meta property=\"og:image:width\" content=\"2000\" \/>\n\t<meta property=\"og:image:height\" content=\"2000\" \/>\n\t<meta property=\"og:image:type\" content=\"image\/jpeg\" \/>\n<meta name=\"twitter:card\" content=\"summary_large_image\" \/>\n<meta name=\"twitter:label1\" content=\"Est. reading time\" \/>\n\t<meta name=\"twitter:data1\" content=\"1 minute\" \/>\n<script type=\"application\/ld+json\" class=\"yoast-schema-graph\">{\"@context\":\"https:\/\/schema.org\",\"@graph\":[{\"@type\":\"WebPage\",\"@id\":\"https:\/\/australisrecords.com\/shop\/producto\/toxodeth-oldmoon\/\",\"url\":\"https:\/\/australisrecords.com\/shop\/producto\/toxodeth-oldmoon\/\",\"name\":\"Toxodeth \/ Oldmoon - Australis Records - Music from the End of the World\",\"isPartOf\":{\"@id\":\"https:\/\/australisrecords.com\/shop\/#website\"},\"primaryImageOfPage\":{\"@id\":\"https:\/\/australisrecords.com\/shop\/producto\/toxodeth-oldmoon\/#primaryimage\"},\"image\":{\"@id\":\"https:\/\/australisrecords.com\/shop\/producto\/toxodeth-oldmoon\/#primaryimage\"},\"thumbnailUrl\":\"https:\/\/australisrecords.com\/shop\/wp-content\/uploads\/2025\/02\/oxodeth.jpg\",\"datePublished\":\"2025-02-16T21:32:28+00:00\",\"dateModified\":\"2026-03-15T21:20:33+00:00\",\"breadcrumb\":{\"@id\":\"https:\/\/australisrecords.com\/shop\/producto\/toxodeth-oldmoon\/#breadcrumb\"},\"inLanguage\":\"en-US\",\"potentialAction\":[{\"@type\":\"ReadAction\",\"target\":[\"https:\/\/australisrecords.com\/shop\/producto\/toxodeth-oldmoon\/\"]}]},{\"@type\":\"ImageObject\",\"inLanguage\":\"en-US\",\"@id\":\"https:\/\/australisrecords.com\/shop\/producto\/toxodeth-oldmoon\/#primaryimage\",\"url\":\"https:\/\/australisrecords.com\/shop\/wp-content\/uploads\/2025\/02\/oxodeth.jpg\",\"contentUrl\":\"https:\/\/australisrecords.com\/shop\/wp-content\/uploads\/2025\/02\/oxodeth.jpg\",\"width\":2000,\"height\":2000},{\"@type\":\"BreadcrumbList\",\"@id\":\"https:\/\/australisrecords.com\/shop\/producto\/toxodeth-oldmoon\/#breadcrumb\",\"itemListElement\":[{\"@type\":\"ListItem\",\"position\":1,\"name\":\"Home\",\"item\":\"https:\/\/australisrecords.com\/shop\/\"},{\"@type\":\"ListItem\",\"position\":2,\"name\":\"Shop\",\"item\":\"https:\/\/australisrecords.com\/shop\/shop-2\/\"},{\"@type\":\"ListItem\",\"position\":3,\"name\":\"Toxodeth \/ Oldmoon\"}]},{\"@type\":\"WebSite\",\"@id\":\"https:\/\/australisrecords.com\/shop\/#website\",\"url\":\"https:\/\/australisrecords.com\/shop\/\",\"name\":\"Australis Records - Music from the End of the World\",\"description\":\"\",\"potentialAction\":[{\"@type\":\"SearchAction\",\"target\":{\"@type\":\"EntryPoint\",\"urlTemplate\":\"https:\/\/australisrecords.com\/shop\/?s={search_term_string}\"},\"query-input\":\"required name=search_term_string\"}],\"inLanguage\":\"en-US\"}]}<\/script>\n<!-- \/ Yoast SEO plugin. -->","yoast_head_json":{"title":"Toxodeth \/ Oldmoon - Australis Records - Music from the End of the World","robots":{"index":"index","follow":"follow","max-snippet":"max-snippet:-1","max-image-preview":"max-image-preview:large","max-video-preview":"max-video-preview:-1"},"canonical":"https:\/\/australisrecords.com\/shop\/producto\/toxodeth-oldmoon\/","og_locale":"en_US","og_type":"article","og_title":"Toxodeth \/ Oldmoon - Australis Records - Music from the End of the World","og_description":"&nbsp; A split that bridges two generations and two countries of Latin American extreme metal. Toxodeth are nothing short of legendary \u2014 formed in Monterrey, Mexico in 1984 by brothers Ra\u00fal and Jes\u00fas Guzm\u00e1n, they are considered pioneers of the region&#8217;s death\/thrash metal movement, drawing from the same primordial well as Possessed, Kreator, and early [&hellip;]","og_url":"https:\/\/australisrecords.com\/shop\/producto\/toxodeth-oldmoon\/","og_site_name":"Australis Records - Music from the End of the World","article_modified_time":"2026-03-15T21:20:33+00:00","og_image":[{"width":2000,"height":2000,"url":"https:\/\/australisrecords.com\/shop\/wp-content\/uploads\/2025\/02\/oxodeth.jpg","type":"image\/jpeg"}],"twitter_card":"summary_large_image","twitter_misc":{"Est. reading time":"1 minute"},"schema":{"@context":"https:\/\/schema.org","@graph":[{"@type":"WebPage","@id":"https:\/\/australisrecords.com\/shop\/producto\/toxodeth-oldmoon\/","url":"https:\/\/australisrecords.com\/shop\/producto\/toxodeth-oldmoon\/","name":"Toxodeth \/ Oldmoon - Australis Records - Music from the End of the World","isPartOf":{"@id":"https:\/\/australisrecords.com\/shop\/#website"},"primaryImageOfPage":{"@id":"https:\/\/australisrecords.com\/shop\/producto\/toxodeth-oldmoon\/#primaryimage"},"image":{"@id":"https:\/\/australisrecords.com\/shop\/producto\/toxodeth-oldmoon\/#primaryimage"},"thumbnailUrl":"https:\/\/australisrecords.com\/shop\/wp-content\/uploads\/2025\/02\/oxodeth.jpg","datePublished":"2025-02-16T21:32:28+00:00","dateModified":"2026-03-15T21:20:33+00:00","breadcrumb":{"@id":"https:\/\/australisrecords.com\/shop\/producto\/toxodeth-oldmoon\/#breadcrumb"},"inLanguage":"en-US","potentialAction":[{"@type":"ReadAction","target":["https:\/\/australisrecords.com\/shop\/producto\/toxodeth-oldmoon\/"]}]},{"@type":"ImageObject","inLanguage":"en-US","@id":"https:\/\/australisrecords.com\/shop\/producto\/toxodeth-oldmoon\/#primaryimage","url":"https:\/\/australisrecords.com\/shop\/wp-content\/uploads\/2025\/02\/oxodeth.jpg","contentUrl":"https:\/\/australisrecords.com\/shop\/wp-content\/uploads\/2025\/02\/oxodeth.jpg","width":2000,"height":2000},{"@type":"BreadcrumbList","@id":"https:\/\/australisrecords.com\/shop\/producto\/toxodeth-oldmoon\/#breadcrumb","itemListElement":[{"@type":"ListItem","position":1,"name":"Home","item":"https:\/\/australisrecords.com\/shop\/"},{"@type":"ListItem","position":2,"name":"Shop","item":"https:\/\/australisrecords.com\/shop\/shop-2\/"},{"@type":"ListItem","position":3,"name":"Toxodeth \/ Oldmoon"}]},{"@type":"WebSite","@id":"https:\/\/australisrecords.com\/shop\/#website","url":"https:\/\/australisrecords.com\/shop\/","name":"Australis Records - Music from the End of the World","description":"","potentialAction":[{"@type":"SearchAction","target":{"@type":"EntryPoint","urlTemplate":"https:\/\/australisrecords.com\/shop\/?s={search_term_string}"},"query-input":"required name=search_term_string"}],"inLanguage":"en-US"}]}},"_links":{"self":[{"href":"https:\/\/australisrecords.com\/shop\/wp-json\/wp\/v2\/product\/26101"}],"collection":[{"href":"https:\/\/australisrecords.com\/shop\/wp-json\/wp\/v2\/product"}],"about":[{"href":"https:\/\/australisrecords.com\/shop\/wp-json\/wp\/v2\/types\/product"}],"version-history":[{"count":2,"href":"https:\/\/australisrecords.com\/shop\/wp-json\/wp\/v2\/product\/26101\/revisions"}],"predecessor-version":[{"id":27003,"href":"https:\/\/australisrecords.com\/shop\/wp-json\/wp\/v2\/product\/26101\/revisions\/27003"}],"wp:featuredmedia":[{"embeddable":true,"href":"https:\/\/australisrecords.com\/shop\/wp-json\/wp\/v2\/media\/26229"}],"wp:attachment":[{"href":"https:\/\/australisrecords.com\/shop\/wp-json\/wp\/v2\/media?parent=26101"}],"wp:term":[{"taxonomy":"product_cat","embeddable":true,"href":"https:\/\/australisrecords.com\/shop\/wp-json\/wp\/v2\/product_cat?post=26101"},{"taxonomy":"product_tag","embeddable":true,"href":"https:\/\/australisrecords.com\/shop\/wp-json\/wp\/v2\/product_tag?post=26101"}],"curies":[{"name":"wp","href":"https:\/\/api.w.org\/{rel}","templated":true}]}}