{"id":25786,"date":"2025-02-07T19:30:20","date_gmt":"2025-02-07T19:30:20","guid":{"rendered":"https:\/\/australisrecords.com\/shop\/?post_type=product&#038;p=25786"},"modified":"2026-03-15T21:35:35","modified_gmt":"2026-03-15T21:35:35","slug":"toledo","status":"publish","type":"product","link":"https:\/\/australisrecords.com\/shop\/producto\/toledo\/","title":{"rendered":"Toledo"},"content":{"rendered":"<div id=\"dslc-theme-content\"><div id=\"dslc-theme-content-inner\"><p>&nbsp;<\/p>\n<p>&nbsp;<\/p>\n<\/div><\/div>","protected":false},"excerpt":{"rendered":"<p>&nbsp; One of the most sought-after and hardest-to-find albums in the history of Spanish heavy metal, finally available again after decades in obscurity. Formed in Toledo, Spain in 1985 by Antonio Quintana, C\u00e9sar Guti\u00e9rrez, Jes\u00fas Mu\u00f1oz, and Fernando Mart\u00edn, Subterr\u00e1neo recorded their debut and only official album in 1987 \u2014 a record that built a [&hellip;]<\/p>\n","protected":false},"featured_media":26039,"template":"","meta":{"_acf_changed":false},"product_cat":[92,314,306,87],"product_tag":[],"acf":[],"yoast_head":"<!-- This site is optimized with the Yoast SEO plugin v22.9 - https:\/\/yoast.com\/wordpress\/plugins\/seo\/ -->\n<title>Toledo - Australis Records - Music from the End of the World<\/title>\n<meta name=\"robots\" content=\"index, follow, max-snippet:-1, max-image-preview:large, max-video-preview:-1\" \/>\n<link rel=\"canonical\" href=\"https:\/\/australisrecords.com\/shop\/producto\/toledo\/\" \/>\n<meta property=\"og:locale\" content=\"en_US\" \/>\n<meta property=\"og:type\" content=\"article\" \/>\n<meta property=\"og:title\" content=\"Toledo - Australis Records - Music from the End of the World\" \/>\n<meta property=\"og:description\" content=\"&nbsp; One of the most sought-after and hardest-to-find albums in the history of Spanish heavy metal, finally available again after decades in obscurity. Formed in Toledo, Spain in 1985 by Antonio Quintana, C\u00e9sar Guti\u00e9rrez, Jes\u00fas Mu\u00f1oz, and Fernando Mart\u00edn, Subterr\u00e1neo recorded their debut and only official album in 1987 \u2014 a record that built a [&hellip;]\" \/>\n<meta property=\"og:url\" content=\"https:\/\/australisrecords.com\/shop\/producto\/toledo\/\" \/>\n<meta property=\"og:site_name\" content=\"Australis Records - Music from the End of the World\" \/>\n<meta property=\"article:modified_time\" content=\"2026-03-15T21:35:35+00:00\" \/>\n<meta property=\"og:image\" content=\"https:\/\/australisrecords.com\/shop\/wp-content\/uploads\/2025\/02\/toledo2000.jpg\" \/>\n\t<meta property=\"og:image:width\" content=\"2000\" \/>\n\t<meta property=\"og:image:height\" content=\"2000\" \/>\n\t<meta property=\"og:image:type\" content=\"image\/jpeg\" \/>\n<meta name=\"twitter:card\" content=\"summary_large_image\" \/>\n<meta name=\"twitter:label1\" content=\"Est. reading time\" \/>\n\t<meta name=\"twitter:data1\" content=\"1 minute\" \/>\n<script type=\"application\/ld+json\" class=\"yoast-schema-graph\">{\"@context\":\"https:\/\/schema.org\",\"@graph\":[{\"@type\":\"WebPage\",\"@id\":\"https:\/\/australisrecords.com\/shop\/producto\/toledo\/\",\"url\":\"https:\/\/australisrecords.com\/shop\/producto\/toledo\/\",\"name\":\"Toledo - Australis Records - Music from the End of the World\",\"isPartOf\":{\"@id\":\"https:\/\/australisrecords.com\/shop\/#website\"},\"primaryImageOfPage\":{\"@id\":\"https:\/\/australisrecords.com\/shop\/producto\/toledo\/#primaryimage\"},\"image\":{\"@id\":\"https:\/\/australisrecords.com\/shop\/producto\/toledo\/#primaryimage\"},\"thumbnailUrl\":\"https:\/\/australisrecords.com\/shop\/wp-content\/uploads\/2025\/02\/toledo2000.jpg\",\"datePublished\":\"2025-02-07T19:30:20+00:00\",\"dateModified\":\"2026-03-15T21:35:35+00:00\",\"breadcrumb\":{\"@id\":\"https:\/\/australisrecords.com\/shop\/producto\/toledo\/#breadcrumb\"},\"inLanguage\":\"en-US\",\"potentialAction\":[{\"@type\":\"ReadAction\",\"target\":[\"https:\/\/australisrecords.com\/shop\/producto\/toledo\/\"]}]},{\"@type\":\"ImageObject\",\"inLanguage\":\"en-US\",\"@id\":\"https:\/\/australisrecords.com\/shop\/producto\/toledo\/#primaryimage\",\"url\":\"https:\/\/australisrecords.com\/shop\/wp-content\/uploads\/2025\/02\/toledo2000.jpg\",\"contentUrl\":\"https:\/\/australisrecords.com\/shop\/wp-content\/uploads\/2025\/02\/toledo2000.jpg\",\"width\":2000,\"height\":2000},{\"@type\":\"BreadcrumbList\",\"@id\":\"https:\/\/australisrecords.com\/shop\/producto\/toledo\/#breadcrumb\",\"itemListElement\":[{\"@type\":\"ListItem\",\"position\":1,\"name\":\"Home\",\"item\":\"https:\/\/australisrecords.com\/shop\/\"},{\"@type\":\"ListItem\",\"position\":2,\"name\":\"Shop\",\"item\":\"https:\/\/australisrecords.com\/shop\/shop-2\/\"},{\"@type\":\"ListItem\",\"position\":3,\"name\":\"Toledo\"}]},{\"@type\":\"WebSite\",\"@id\":\"https:\/\/australisrecords.com\/shop\/#website\",\"url\":\"https:\/\/australisrecords.com\/shop\/\",\"name\":\"Australis Records - Music from the End of the World\",\"description\":\"\",\"potentialAction\":[{\"@type\":\"SearchAction\",\"target\":{\"@type\":\"EntryPoint\",\"urlTemplate\":\"https:\/\/australisrecords.com\/shop\/?s={search_term_string}\"},\"query-input\":\"required name=search_term_string\"}],\"inLanguage\":\"en-US\"}]}<\/script>\n<!-- \/ Yoast SEO plugin. -->","yoast_head_json":{"title":"Toledo - Australis Records - Music from the End of the World","robots":{"index":"index","follow":"follow","max-snippet":"max-snippet:-1","max-image-preview":"max-image-preview:large","max-video-preview":"max-video-preview:-1"},"canonical":"https:\/\/australisrecords.com\/shop\/producto\/toledo\/","og_locale":"en_US","og_type":"article","og_title":"Toledo - Australis Records - Music from the End of the World","og_description":"&nbsp; One of the most sought-after and hardest-to-find albums in the history of Spanish heavy metal, finally available again after decades in obscurity. Formed in Toledo, Spain in 1985 by Antonio Quintana, C\u00e9sar Guti\u00e9rrez, Jes\u00fas Mu\u00f1oz, and Fernando Mart\u00edn, Subterr\u00e1neo recorded their debut and only official album in 1987 \u2014 a record that built a [&hellip;]","og_url":"https:\/\/australisrecords.com\/shop\/producto\/toledo\/","og_site_name":"Australis Records - Music from the End of the World","article_modified_time":"2026-03-15T21:35:35+00:00","og_image":[{"width":2000,"height":2000,"url":"https:\/\/australisrecords.com\/shop\/wp-content\/uploads\/2025\/02\/toledo2000.jpg","type":"image\/jpeg"}],"twitter_card":"summary_large_image","twitter_misc":{"Est. reading time":"1 minute"},"schema":{"@context":"https:\/\/schema.org","@graph":[{"@type":"WebPage","@id":"https:\/\/australisrecords.com\/shop\/producto\/toledo\/","url":"https:\/\/australisrecords.com\/shop\/producto\/toledo\/","name":"Toledo - Australis Records - Music from the End of the World","isPartOf":{"@id":"https:\/\/australisrecords.com\/shop\/#website"},"primaryImageOfPage":{"@id":"https:\/\/australisrecords.com\/shop\/producto\/toledo\/#primaryimage"},"image":{"@id":"https:\/\/australisrecords.com\/shop\/producto\/toledo\/#primaryimage"},"thumbnailUrl":"https:\/\/australisrecords.com\/shop\/wp-content\/uploads\/2025\/02\/toledo2000.jpg","datePublished":"2025-02-07T19:30:20+00:00","dateModified":"2026-03-15T21:35:35+00:00","breadcrumb":{"@id":"https:\/\/australisrecords.com\/shop\/producto\/toledo\/#breadcrumb"},"inLanguage":"en-US","potentialAction":[{"@type":"ReadAction","target":["https:\/\/australisrecords.com\/shop\/producto\/toledo\/"]}]},{"@type":"ImageObject","inLanguage":"en-US","@id":"https:\/\/australisrecords.com\/shop\/producto\/toledo\/#primaryimage","url":"https:\/\/australisrecords.com\/shop\/wp-content\/uploads\/2025\/02\/toledo2000.jpg","contentUrl":"https:\/\/australisrecords.com\/shop\/wp-content\/uploads\/2025\/02\/toledo2000.jpg","width":2000,"height":2000},{"@type":"BreadcrumbList","@id":"https:\/\/australisrecords.com\/shop\/producto\/toledo\/#breadcrumb","itemListElement":[{"@type":"ListItem","position":1,"name":"Home","item":"https:\/\/australisrecords.com\/shop\/"},{"@type":"ListItem","position":2,"name":"Shop","item":"https:\/\/australisrecords.com\/shop\/shop-2\/"},{"@type":"ListItem","position":3,"name":"Toledo"}]},{"@type":"WebSite","@id":"https:\/\/australisrecords.com\/shop\/#website","url":"https:\/\/australisrecords.com\/shop\/","name":"Australis Records - Music from the End of the World","description":"","potentialAction":[{"@type":"SearchAction","target":{"@type":"EntryPoint","urlTemplate":"https:\/\/australisrecords.com\/shop\/?s={search_term_string}"},"query-input":"required name=search_term_string"}],"inLanguage":"en-US"}]}},"_links":{"self":[{"href":"https:\/\/australisrecords.com\/shop\/wp-json\/wp\/v2\/product\/25786"}],"collection":[{"href":"https:\/\/australisrecords.com\/shop\/wp-json\/wp\/v2\/product"}],"about":[{"href":"https:\/\/australisrecords.com\/shop\/wp-json\/wp\/v2\/types\/product"}],"version-history":[{"count":3,"href":"https:\/\/australisrecords.com\/shop\/wp-json\/wp\/v2\/product\/25786\/revisions"}],"predecessor-version":[{"id":27022,"href":"https:\/\/australisrecords.com\/shop\/wp-json\/wp\/v2\/product\/25786\/revisions\/27022"}],"wp:featuredmedia":[{"embeddable":true,"href":"https:\/\/australisrecords.com\/shop\/wp-json\/wp\/v2\/media\/26039"}],"wp:attachment":[{"href":"https:\/\/australisrecords.com\/shop\/wp-json\/wp\/v2\/media?parent=25786"}],"wp:term":[{"taxonomy":"product_cat","embeddable":true,"href":"https:\/\/australisrecords.com\/shop\/wp-json\/wp\/v2\/product_cat?post=25786"},{"taxonomy":"product_tag","embeddable":true,"href":"https:\/\/australisrecords.com\/shop\/wp-json\/wp\/v2\/product_tag?post=25786"}],"curies":[{"name":"wp","href":"https:\/\/api.w.org\/{rel}","templated":true}]}}