{"id":23687,"date":"2023-06-05T21:48:47","date_gmt":"2023-06-05T21:48:47","guid":{"rendered":"https:\/\/australisrecords.com\/shop\/?post_type=product&#038;p=23687"},"modified":"2025-04-19T23:23:05","modified_gmt":"2025-04-19T23:23:05","slug":"alcool","status":"publish","type":"product","link":"https:\/\/australisrecords.com\/shop\/producto\/alcool\/","title":{"rendered":"Alcool"},"content":{"rendered":"<div id=\"dslc-theme-content\"><div id=\"dslc-theme-content-inner\"><p>&nbsp;<\/p>\n<p>&nbsp;<\/p>\n<\/div><\/div>","protected":false},"excerpt":{"rendered":"<p>&nbsp; Debut full length of this speed\/thrash metal band from Brazil! &nbsp; Debut de esta banda brasile\u00f1a de speed\/thrash metal. 1. V8 (intro) 02:28 2. Alta Velocidade 03:50 3. Iremos Lutar 03:59 4. Falsos Her\u00f3is 04:35 5. V\u00edtima Noturna 05:47 6. A Oferenda 06:46 7. Dom\u00ednios da Besta 05:57 8. Desejos de Poder 06:30 &nbsp; [&hellip;]<\/p>\n","protected":false},"featured_media":23688,"template":"","meta":{"_acf_changed":false},"product_cat":[92,314,87,308],"product_tag":[],"acf":[],"yoast_head":"<!-- This site is optimized with the Yoast SEO plugin v22.9 - https:\/\/yoast.com\/wordpress\/plugins\/seo\/ -->\n<title>Alcool - Australis Records - Music from the End of the World<\/title>\n<meta name=\"robots\" content=\"index, follow, max-snippet:-1, max-image-preview:large, max-video-preview:-1\" \/>\n<link rel=\"canonical\" href=\"https:\/\/australisrecords.com\/shop\/producto\/alcool\/\" \/>\n<meta property=\"og:locale\" content=\"en_US\" \/>\n<meta property=\"og:type\" content=\"article\" \/>\n<meta property=\"og:title\" content=\"Alcool - Australis Records - Music from the End of the World\" \/>\n<meta property=\"og:description\" content=\"&nbsp; Debut full length of this speed\/thrash metal band from Brazil! &nbsp; Debut de esta banda brasile\u00f1a de speed\/thrash metal. 1. V8 (intro) 02:28 2. Alta Velocidade 03:50 3. Iremos Lutar 03:59 4. Falsos Her\u00f3is 04:35 5. V\u00edtima Noturna 05:47 6. A Oferenda 06:46 7. Dom\u00ednios da Besta 05:57 8. Desejos de Poder 06:30 &nbsp; [&hellip;]\" \/>\n<meta property=\"og:url\" content=\"https:\/\/australisrecords.com\/shop\/producto\/alcool\/\" \/>\n<meta property=\"og:site_name\" content=\"Australis Records - Music from the End of the World\" \/>\n<meta property=\"article:modified_time\" content=\"2025-04-19T23:23:05+00:00\" \/>\n<meta property=\"og:image\" content=\"https:\/\/australisrecords.com\/shop\/wp-content\/uploads\/2023\/06\/alcoool.jpg\" \/>\n\t<meta property=\"og:image:width\" content=\"2000\" \/>\n\t<meta property=\"og:image:height\" content=\"2000\" \/>\n\t<meta property=\"og:image:type\" content=\"image\/jpeg\" \/>\n<meta name=\"twitter:card\" content=\"summary_large_image\" \/>\n<meta name=\"twitter:label1\" content=\"Est. reading time\" \/>\n\t<meta name=\"twitter:data1\" content=\"1 minute\" \/>\n<script type=\"application\/ld+json\" class=\"yoast-schema-graph\">{\"@context\":\"https:\/\/schema.org\",\"@graph\":[{\"@type\":\"WebPage\",\"@id\":\"https:\/\/australisrecords.com\/shop\/producto\/alcool\/\",\"url\":\"https:\/\/australisrecords.com\/shop\/producto\/alcool\/\",\"name\":\"Alcool - Australis Records - Music from the End of the World\",\"isPartOf\":{\"@id\":\"https:\/\/australisrecords.com\/shop\/#website\"},\"primaryImageOfPage\":{\"@id\":\"https:\/\/australisrecords.com\/shop\/producto\/alcool\/#primaryimage\"},\"image\":{\"@id\":\"https:\/\/australisrecords.com\/shop\/producto\/alcool\/#primaryimage\"},\"thumbnailUrl\":\"https:\/\/australisrecords.com\/shop\/wp-content\/uploads\/2023\/06\/alcoool.jpg\",\"datePublished\":\"2023-06-05T21:48:47+00:00\",\"dateModified\":\"2025-04-19T23:23:05+00:00\",\"breadcrumb\":{\"@id\":\"https:\/\/australisrecords.com\/shop\/producto\/alcool\/#breadcrumb\"},\"inLanguage\":\"en-US\",\"potentialAction\":[{\"@type\":\"ReadAction\",\"target\":[\"https:\/\/australisrecords.com\/shop\/producto\/alcool\/\"]}]},{\"@type\":\"ImageObject\",\"inLanguage\":\"en-US\",\"@id\":\"https:\/\/australisrecords.com\/shop\/producto\/alcool\/#primaryimage\",\"url\":\"https:\/\/australisrecords.com\/shop\/wp-content\/uploads\/2023\/06\/alcoool.jpg\",\"contentUrl\":\"https:\/\/australisrecords.com\/shop\/wp-content\/uploads\/2023\/06\/alcoool.jpg\",\"width\":2000,\"height\":2000},{\"@type\":\"BreadcrumbList\",\"@id\":\"https:\/\/australisrecords.com\/shop\/producto\/alcool\/#breadcrumb\",\"itemListElement\":[{\"@type\":\"ListItem\",\"position\":1,\"name\":\"Home\",\"item\":\"https:\/\/australisrecords.com\/shop\/\"},{\"@type\":\"ListItem\",\"position\":2,\"name\":\"Shop\",\"item\":\"https:\/\/australisrecords.com\/shop\/shop-2\/\"},{\"@type\":\"ListItem\",\"position\":3,\"name\":\"Alcool\"}]},{\"@type\":\"WebSite\",\"@id\":\"https:\/\/australisrecords.com\/shop\/#website\",\"url\":\"https:\/\/australisrecords.com\/shop\/\",\"name\":\"Australis Records - Music from the End of the World\",\"description\":\"\",\"potentialAction\":[{\"@type\":\"SearchAction\",\"target\":{\"@type\":\"EntryPoint\",\"urlTemplate\":\"https:\/\/australisrecords.com\/shop\/?s={search_term_string}\"},\"query-input\":\"required name=search_term_string\"}],\"inLanguage\":\"en-US\"}]}<\/script>\n<!-- \/ Yoast SEO plugin. -->","yoast_head_json":{"title":"Alcool - Australis Records - Music from the End of the World","robots":{"index":"index","follow":"follow","max-snippet":"max-snippet:-1","max-image-preview":"max-image-preview:large","max-video-preview":"max-video-preview:-1"},"canonical":"https:\/\/australisrecords.com\/shop\/producto\/alcool\/","og_locale":"en_US","og_type":"article","og_title":"Alcool - Australis Records - Music from the End of the World","og_description":"&nbsp; Debut full length of this speed\/thrash metal band from Brazil! &nbsp; Debut de esta banda brasile\u00f1a de speed\/thrash metal. 1. V8 (intro) 02:28 2. Alta Velocidade 03:50 3. Iremos Lutar 03:59 4. Falsos Her\u00f3is 04:35 5. V\u00edtima Noturna 05:47 6. A Oferenda 06:46 7. Dom\u00ednios da Besta 05:57 8. Desejos de Poder 06:30 &nbsp; [&hellip;]","og_url":"https:\/\/australisrecords.com\/shop\/producto\/alcool\/","og_site_name":"Australis Records - Music from the End of the World","article_modified_time":"2025-04-19T23:23:05+00:00","og_image":[{"width":2000,"height":2000,"url":"https:\/\/australisrecords.com\/shop\/wp-content\/uploads\/2023\/06\/alcoool.jpg","type":"image\/jpeg"}],"twitter_card":"summary_large_image","twitter_misc":{"Est. reading time":"1 minute"},"schema":{"@context":"https:\/\/schema.org","@graph":[{"@type":"WebPage","@id":"https:\/\/australisrecords.com\/shop\/producto\/alcool\/","url":"https:\/\/australisrecords.com\/shop\/producto\/alcool\/","name":"Alcool - Australis Records - Music from the End of the World","isPartOf":{"@id":"https:\/\/australisrecords.com\/shop\/#website"},"primaryImageOfPage":{"@id":"https:\/\/australisrecords.com\/shop\/producto\/alcool\/#primaryimage"},"image":{"@id":"https:\/\/australisrecords.com\/shop\/producto\/alcool\/#primaryimage"},"thumbnailUrl":"https:\/\/australisrecords.com\/shop\/wp-content\/uploads\/2023\/06\/alcoool.jpg","datePublished":"2023-06-05T21:48:47+00:00","dateModified":"2025-04-19T23:23:05+00:00","breadcrumb":{"@id":"https:\/\/australisrecords.com\/shop\/producto\/alcool\/#breadcrumb"},"inLanguage":"en-US","potentialAction":[{"@type":"ReadAction","target":["https:\/\/australisrecords.com\/shop\/producto\/alcool\/"]}]},{"@type":"ImageObject","inLanguage":"en-US","@id":"https:\/\/australisrecords.com\/shop\/producto\/alcool\/#primaryimage","url":"https:\/\/australisrecords.com\/shop\/wp-content\/uploads\/2023\/06\/alcoool.jpg","contentUrl":"https:\/\/australisrecords.com\/shop\/wp-content\/uploads\/2023\/06\/alcoool.jpg","width":2000,"height":2000},{"@type":"BreadcrumbList","@id":"https:\/\/australisrecords.com\/shop\/producto\/alcool\/#breadcrumb","itemListElement":[{"@type":"ListItem","position":1,"name":"Home","item":"https:\/\/australisrecords.com\/shop\/"},{"@type":"ListItem","position":2,"name":"Shop","item":"https:\/\/australisrecords.com\/shop\/shop-2\/"},{"@type":"ListItem","position":3,"name":"Alcool"}]},{"@type":"WebSite","@id":"https:\/\/australisrecords.com\/shop\/#website","url":"https:\/\/australisrecords.com\/shop\/","name":"Australis Records - Music from the End of the World","description":"","potentialAction":[{"@type":"SearchAction","target":{"@type":"EntryPoint","urlTemplate":"https:\/\/australisrecords.com\/shop\/?s={search_term_string}"},"query-input":"required name=search_term_string"}],"inLanguage":"en-US"}]}},"_links":{"self":[{"href":"https:\/\/australisrecords.com\/shop\/wp-json\/wp\/v2\/product\/23687"}],"collection":[{"href":"https:\/\/australisrecords.com\/shop\/wp-json\/wp\/v2\/product"}],"about":[{"href":"https:\/\/australisrecords.com\/shop\/wp-json\/wp\/v2\/types\/product"}],"version-history":[{"count":3,"href":"https:\/\/australisrecords.com\/shop\/wp-json\/wp\/v2\/product\/23687\/revisions"}],"predecessor-version":[{"id":26595,"href":"https:\/\/australisrecords.com\/shop\/wp-json\/wp\/v2\/product\/23687\/revisions\/26595"}],"wp:featuredmedia":[{"embeddable":true,"href":"https:\/\/australisrecords.com\/shop\/wp-json\/wp\/v2\/media\/23688"}],"wp:attachment":[{"href":"https:\/\/australisrecords.com\/shop\/wp-json\/wp\/v2\/media?parent=23687"}],"wp:term":[{"taxonomy":"product_cat","embeddable":true,"href":"https:\/\/australisrecords.com\/shop\/wp-json\/wp\/v2\/product_cat?post=23687"},{"taxonomy":"product_tag","embeddable":true,"href":"https:\/\/australisrecords.com\/shop\/wp-json\/wp\/v2\/product_tag?post=23687"}],"curies":[{"name":"wp","href":"https:\/\/api.w.org\/{rel}","templated":true}]}}