{"id":23243,"date":"2022-11-16T01:09:14","date_gmt":"2022-11-16T01:09:14","guid":{"rendered":"https:\/\/australisrecords.com\/shop\/?post_type=product&#038;p=23243"},"modified":"2025-10-13T19:14:23","modified_gmt":"2025-10-13T19:14:23","slug":"pagan-funeral","status":"publish","type":"product","link":"https:\/\/australisrecords.com\/shop\/producto\/pagan-funeral\/","title":{"rendered":"Pagan Funeral"},"content":{"rendered":"<div id=\"dslc-theme-content\"><div id=\"dslc-theme-content-inner\"><\/div><\/div>","protected":false},"excerpt":{"rendered":"<p>&nbsp; Raw and cold Black Metal, second album from the Chilean with a sound more obscure and atmospheric. &nbsp; Black Metal crudo y fr\u00edo, segundo \u00e1lbum de los chilenos con un sonido m\u00e1s oscuro y atmosf\u00e9rico. 1. The Announcemento of Doom 02:04 2. Tied Under the Old Trees 05:24 3. Animarum Errantium 07:26 4. A [&hellip;]<\/p>\n","protected":false},"featured_media":23249,"template":"","meta":{"_acf_changed":false},"product_cat":[92,301,314,305,87,569],"product_tag":[324,566],"acf":[],"yoast_head":"<!-- This site is optimized with the Yoast SEO plugin v22.9 - https:\/\/yoast.com\/wordpress\/plugins\/seo\/ -->\n<title>Pagan Funeral - Australis Records - Music from the End of the World<\/title>\n<meta name=\"robots\" content=\"index, follow, max-snippet:-1, max-image-preview:large, max-video-preview:-1\" \/>\n<link rel=\"canonical\" href=\"https:\/\/australisrecords.com\/shop\/producto\/pagan-funeral\/\" \/>\n<meta property=\"og:locale\" content=\"en_US\" \/>\n<meta property=\"og:type\" content=\"article\" \/>\n<meta property=\"og:title\" content=\"Pagan Funeral - Australis Records - Music from the End of the World\" \/>\n<meta property=\"og:description\" content=\"&nbsp; Raw and cold Black Metal, second album from the Chilean with a sound more obscure and atmospheric. &nbsp; Black Metal crudo y fr\u00edo, segundo \u00e1lbum de los chilenos con un sonido m\u00e1s oscuro y atmosf\u00e9rico. 1. The Announcemento of Doom 02:04 2. Tied Under the Old Trees 05:24 3. Animarum Errantium 07:26 4. A [&hellip;]\" \/>\n<meta property=\"og:url\" content=\"https:\/\/australisrecords.com\/shop\/producto\/pagan-funeral\/\" \/>\n<meta property=\"og:site_name\" content=\"Australis Records - Music from the End of the World\" \/>\n<meta property=\"article:modified_time\" content=\"2025-10-13T19:14:23+00:00\" \/>\n<meta property=\"og:image\" content=\"https:\/\/australisrecords.com\/shop\/wp-content\/uploads\/2022\/11\/paganfuneral-scaled.jpg\" \/>\n\t<meta property=\"og:image:width\" content=\"2560\" \/>\n\t<meta property=\"og:image:height\" content=\"2560\" \/>\n\t<meta property=\"og:image:type\" content=\"image\/jpeg\" \/>\n<meta name=\"twitter:card\" content=\"summary_large_image\" \/>\n<script type=\"application\/ld+json\" class=\"yoast-schema-graph\">{\"@context\":\"https:\/\/schema.org\",\"@graph\":[{\"@type\":\"WebPage\",\"@id\":\"https:\/\/australisrecords.com\/shop\/producto\/pagan-funeral\/\",\"url\":\"https:\/\/australisrecords.com\/shop\/producto\/pagan-funeral\/\",\"name\":\"Pagan Funeral - Australis Records - Music from the End of the World\",\"isPartOf\":{\"@id\":\"https:\/\/australisrecords.com\/shop\/#website\"},\"primaryImageOfPage\":{\"@id\":\"https:\/\/australisrecords.com\/shop\/producto\/pagan-funeral\/#primaryimage\"},\"image\":{\"@id\":\"https:\/\/australisrecords.com\/shop\/producto\/pagan-funeral\/#primaryimage\"},\"thumbnailUrl\":\"https:\/\/australisrecords.com\/shop\/wp-content\/uploads\/2022\/11\/paganfuneral-scaled.jpg\",\"datePublished\":\"2022-11-16T01:09:14+00:00\",\"dateModified\":\"2025-10-13T19:14:23+00:00\",\"breadcrumb\":{\"@id\":\"https:\/\/australisrecords.com\/shop\/producto\/pagan-funeral\/#breadcrumb\"},\"inLanguage\":\"en-US\",\"potentialAction\":[{\"@type\":\"ReadAction\",\"target\":[\"https:\/\/australisrecords.com\/shop\/producto\/pagan-funeral\/\"]}]},{\"@type\":\"ImageObject\",\"inLanguage\":\"en-US\",\"@id\":\"https:\/\/australisrecords.com\/shop\/producto\/pagan-funeral\/#primaryimage\",\"url\":\"https:\/\/australisrecords.com\/shop\/wp-content\/uploads\/2022\/11\/paganfuneral-scaled.jpg\",\"contentUrl\":\"https:\/\/australisrecords.com\/shop\/wp-content\/uploads\/2022\/11\/paganfuneral-scaled.jpg\",\"width\":2560,\"height\":2560},{\"@type\":\"BreadcrumbList\",\"@id\":\"https:\/\/australisrecords.com\/shop\/producto\/pagan-funeral\/#breadcrumb\",\"itemListElement\":[{\"@type\":\"ListItem\",\"position\":1,\"name\":\"Home\",\"item\":\"https:\/\/australisrecords.com\/shop\/\"},{\"@type\":\"ListItem\",\"position\":2,\"name\":\"Shop\",\"item\":\"https:\/\/australisrecords.com\/shop\/shop-2\/\"},{\"@type\":\"ListItem\",\"position\":3,\"name\":\"Pagan Funeral\"}]},{\"@type\":\"WebSite\",\"@id\":\"https:\/\/australisrecords.com\/shop\/#website\",\"url\":\"https:\/\/australisrecords.com\/shop\/\",\"name\":\"Australis Records - Music from the End of the World\",\"description\":\"\",\"potentialAction\":[{\"@type\":\"SearchAction\",\"target\":{\"@type\":\"EntryPoint\",\"urlTemplate\":\"https:\/\/australisrecords.com\/shop\/?s={search_term_string}\"},\"query-input\":\"required name=search_term_string\"}],\"inLanguage\":\"en-US\"}]}<\/script>\n<!-- \/ Yoast SEO plugin. -->","yoast_head_json":{"title":"Pagan Funeral - Australis Records - Music from the End of the World","robots":{"index":"index","follow":"follow","max-snippet":"max-snippet:-1","max-image-preview":"max-image-preview:large","max-video-preview":"max-video-preview:-1"},"canonical":"https:\/\/australisrecords.com\/shop\/producto\/pagan-funeral\/","og_locale":"en_US","og_type":"article","og_title":"Pagan Funeral - Australis Records - Music from the End of the World","og_description":"&nbsp; Raw and cold Black Metal, second album from the Chilean with a sound more obscure and atmospheric. &nbsp; Black Metal crudo y fr\u00edo, segundo \u00e1lbum de los chilenos con un sonido m\u00e1s oscuro y atmosf\u00e9rico. 1. The Announcemento of Doom 02:04 2. Tied Under the Old Trees 05:24 3. Animarum Errantium 07:26 4. A [&hellip;]","og_url":"https:\/\/australisrecords.com\/shop\/producto\/pagan-funeral\/","og_site_name":"Australis Records - Music from the End of the World","article_modified_time":"2025-10-13T19:14:23+00:00","og_image":[{"width":2560,"height":2560,"url":"https:\/\/australisrecords.com\/shop\/wp-content\/uploads\/2022\/11\/paganfuneral-scaled.jpg","type":"image\/jpeg"}],"twitter_card":"summary_large_image","schema":{"@context":"https:\/\/schema.org","@graph":[{"@type":"WebPage","@id":"https:\/\/australisrecords.com\/shop\/producto\/pagan-funeral\/","url":"https:\/\/australisrecords.com\/shop\/producto\/pagan-funeral\/","name":"Pagan Funeral - Australis Records - Music from the End of the World","isPartOf":{"@id":"https:\/\/australisrecords.com\/shop\/#website"},"primaryImageOfPage":{"@id":"https:\/\/australisrecords.com\/shop\/producto\/pagan-funeral\/#primaryimage"},"image":{"@id":"https:\/\/australisrecords.com\/shop\/producto\/pagan-funeral\/#primaryimage"},"thumbnailUrl":"https:\/\/australisrecords.com\/shop\/wp-content\/uploads\/2022\/11\/paganfuneral-scaled.jpg","datePublished":"2022-11-16T01:09:14+00:00","dateModified":"2025-10-13T19:14:23+00:00","breadcrumb":{"@id":"https:\/\/australisrecords.com\/shop\/producto\/pagan-funeral\/#breadcrumb"},"inLanguage":"en-US","potentialAction":[{"@type":"ReadAction","target":["https:\/\/australisrecords.com\/shop\/producto\/pagan-funeral\/"]}]},{"@type":"ImageObject","inLanguage":"en-US","@id":"https:\/\/australisrecords.com\/shop\/producto\/pagan-funeral\/#primaryimage","url":"https:\/\/australisrecords.com\/shop\/wp-content\/uploads\/2022\/11\/paganfuneral-scaled.jpg","contentUrl":"https:\/\/australisrecords.com\/shop\/wp-content\/uploads\/2022\/11\/paganfuneral-scaled.jpg","width":2560,"height":2560},{"@type":"BreadcrumbList","@id":"https:\/\/australisrecords.com\/shop\/producto\/pagan-funeral\/#breadcrumb","itemListElement":[{"@type":"ListItem","position":1,"name":"Home","item":"https:\/\/australisrecords.com\/shop\/"},{"@type":"ListItem","position":2,"name":"Shop","item":"https:\/\/australisrecords.com\/shop\/shop-2\/"},{"@type":"ListItem","position":3,"name":"Pagan Funeral"}]},{"@type":"WebSite","@id":"https:\/\/australisrecords.com\/shop\/#website","url":"https:\/\/australisrecords.com\/shop\/","name":"Australis Records - Music from the End of the World","description":"","potentialAction":[{"@type":"SearchAction","target":{"@type":"EntryPoint","urlTemplate":"https:\/\/australisrecords.com\/shop\/?s={search_term_string}"},"query-input":"required name=search_term_string"}],"inLanguage":"en-US"}]}},"_links":{"self":[{"href":"https:\/\/australisrecords.com\/shop\/wp-json\/wp\/v2\/product\/23243"}],"collection":[{"href":"https:\/\/australisrecords.com\/shop\/wp-json\/wp\/v2\/product"}],"about":[{"href":"https:\/\/australisrecords.com\/shop\/wp-json\/wp\/v2\/types\/product"}],"version-history":[{"count":4,"href":"https:\/\/australisrecords.com\/shop\/wp-json\/wp\/v2\/product\/23243\/revisions"}],"predecessor-version":[{"id":23251,"href":"https:\/\/australisrecords.com\/shop\/wp-json\/wp\/v2\/product\/23243\/revisions\/23251"}],"wp:featuredmedia":[{"embeddable":true,"href":"https:\/\/australisrecords.com\/shop\/wp-json\/wp\/v2\/media\/23249"}],"wp:attachment":[{"href":"https:\/\/australisrecords.com\/shop\/wp-json\/wp\/v2\/media?parent=23243"}],"wp:term":[{"taxonomy":"product_cat","embeddable":true,"href":"https:\/\/australisrecords.com\/shop\/wp-json\/wp\/v2\/product_cat?post=23243"},{"taxonomy":"product_tag","embeddable":true,"href":"https:\/\/australisrecords.com\/shop\/wp-json\/wp\/v2\/product_tag?post=23243"}],"curies":[{"name":"wp","href":"https:\/\/api.w.org\/{rel}","templated":true}]}}