{"id":21838,"date":"2020-11-28T23:39:38","date_gmt":"2020-11-28T23:39:38","guid":{"rendered":"http:\/\/australisrecords.com\/shop\/?post_type=product&#038;p=21838"},"modified":"2023-07-08T21:37:24","modified_gmt":"2023-07-08T21:37:24","slug":"decrepit-cadaver-5","status":"publish","type":"product","link":"https:\/\/australisrecords.com\/shop\/producto\/decrepit-cadaver-5\/","title":{"rendered":"Decrepit Cadaver"},"content":{"rendered":"<div id=\"dslc-theme-content\"><div id=\"dslc-theme-content-inner\"><p>&nbsp;<\/p>\n<p>&nbsp;<\/p>\n<\/div><\/div>","protected":false},"excerpt":{"rendered":"<p>&nbsp; Slipcase CD version featuring complete new artwork and layout plus 4 live bonus tracks licensed to Flesh Sclerosis Records &nbsp; Versi\u00f3n en CD con dise\u00f1o y dise\u00f1o completamente nuevos, adem\u00e1s de 4 bonus tracks en vivo con licencia de Flesh Sclerosis Records 1. Intro &#8211; Depravity 2. Gruesome Homicide 3. Fleshless Remains 4. Beheaded, [&hellip;]<\/p>\n","protected":false},"featured_media":21854,"template":"","meta":{"_acf_changed":false},"product_cat":[92,325,314,87],"product_tag":[],"acf":[],"yoast_head":"<!-- This site is optimized with the Yoast SEO plugin v22.9 - https:\/\/yoast.com\/wordpress\/plugins\/seo\/ -->\n<title>Decrepit Cadaver - Australis Records - Music from the End of the World<\/title>\n<meta name=\"robots\" content=\"index, follow, max-snippet:-1, max-image-preview:large, max-video-preview:-1\" \/>\n<link rel=\"canonical\" href=\"https:\/\/australisrecords.com\/shop\/producto\/decrepit-cadaver-5\/\" \/>\n<meta property=\"og:locale\" content=\"en_US\" \/>\n<meta property=\"og:type\" content=\"article\" \/>\n<meta property=\"og:title\" content=\"Decrepit Cadaver - Australis Records - Music from the End of the World\" \/>\n<meta property=\"og:description\" content=\"&nbsp; Slipcase CD version featuring complete new artwork and layout plus 4 live bonus tracks licensed to Flesh Sclerosis Records &nbsp; Versi\u00f3n en CD con dise\u00f1o y dise\u00f1o completamente nuevos, adem\u00e1s de 4 bonus tracks en vivo con licencia de Flesh Sclerosis Records 1. Intro &#8211; Depravity 2. Gruesome Homicide 3. Fleshless Remains 4. Beheaded, [&hellip;]\" \/>\n<meta property=\"og:url\" content=\"https:\/\/australisrecords.com\/shop\/producto\/decrepit-cadaver-5\/\" \/>\n<meta property=\"og:site_name\" content=\"Australis Records - Music from the End of the World\" \/>\n<meta property=\"article:modified_time\" content=\"2023-07-08T21:37:24+00:00\" \/>\n<meta property=\"og:image\" content=\"https:\/\/australisrecords.com\/shop\/wp-content\/uploads\/2020\/11\/864986.jpg\" \/>\n\t<meta property=\"og:image:width\" content=\"486\" \/>\n\t<meta property=\"og:image:height\" content=\"486\" \/>\n\t<meta property=\"og:image:type\" content=\"image\/jpeg\" \/>\n<meta name=\"twitter:card\" content=\"summary_large_image\" \/>\n<script type=\"application\/ld+json\" class=\"yoast-schema-graph\">{\"@context\":\"https:\/\/schema.org\",\"@graph\":[{\"@type\":\"WebPage\",\"@id\":\"https:\/\/australisrecords.com\/shop\/producto\/decrepit-cadaver-5\/\",\"url\":\"https:\/\/australisrecords.com\/shop\/producto\/decrepit-cadaver-5\/\",\"name\":\"Decrepit Cadaver - Australis Records - Music from the End of the World\",\"isPartOf\":{\"@id\":\"https:\/\/australisrecords.com\/shop\/#website\"},\"primaryImageOfPage\":{\"@id\":\"https:\/\/australisrecords.com\/shop\/producto\/decrepit-cadaver-5\/#primaryimage\"},\"image\":{\"@id\":\"https:\/\/australisrecords.com\/shop\/producto\/decrepit-cadaver-5\/#primaryimage\"},\"thumbnailUrl\":\"https:\/\/australisrecords.com\/shop\/wp-content\/uploads\/2020\/11\/864986.jpg\",\"datePublished\":\"2020-11-28T23:39:38+00:00\",\"dateModified\":\"2023-07-08T21:37:24+00:00\",\"breadcrumb\":{\"@id\":\"https:\/\/australisrecords.com\/shop\/producto\/decrepit-cadaver-5\/#breadcrumb\"},\"inLanguage\":\"en-US\",\"potentialAction\":[{\"@type\":\"ReadAction\",\"target\":[\"https:\/\/australisrecords.com\/shop\/producto\/decrepit-cadaver-5\/\"]}]},{\"@type\":\"ImageObject\",\"inLanguage\":\"en-US\",\"@id\":\"https:\/\/australisrecords.com\/shop\/producto\/decrepit-cadaver-5\/#primaryimage\",\"url\":\"https:\/\/australisrecords.com\/shop\/wp-content\/uploads\/2020\/11\/864986.jpg\",\"contentUrl\":\"https:\/\/australisrecords.com\/shop\/wp-content\/uploads\/2020\/11\/864986.jpg\",\"width\":486,\"height\":486},{\"@type\":\"BreadcrumbList\",\"@id\":\"https:\/\/australisrecords.com\/shop\/producto\/decrepit-cadaver-5\/#breadcrumb\",\"itemListElement\":[{\"@type\":\"ListItem\",\"position\":1,\"name\":\"Home\",\"item\":\"https:\/\/australisrecords.com\/shop\/\"},{\"@type\":\"ListItem\",\"position\":2,\"name\":\"Shop\",\"item\":\"https:\/\/australisrecords.com\/shop\/shop-2\/\"},{\"@type\":\"ListItem\",\"position\":3,\"name\":\"Decrepit Cadaver\"}]},{\"@type\":\"WebSite\",\"@id\":\"https:\/\/australisrecords.com\/shop\/#website\",\"url\":\"https:\/\/australisrecords.com\/shop\/\",\"name\":\"Australis Records - Music from the End of the World\",\"description\":\"\",\"potentialAction\":[{\"@type\":\"SearchAction\",\"target\":{\"@type\":\"EntryPoint\",\"urlTemplate\":\"https:\/\/australisrecords.com\/shop\/?s={search_term_string}\"},\"query-input\":\"required name=search_term_string\"}],\"inLanguage\":\"en-US\"}]}<\/script>\n<!-- \/ Yoast SEO plugin. -->","yoast_head_json":{"title":"Decrepit Cadaver - Australis Records - Music from the End of the World","robots":{"index":"index","follow":"follow","max-snippet":"max-snippet:-1","max-image-preview":"max-image-preview:large","max-video-preview":"max-video-preview:-1"},"canonical":"https:\/\/australisrecords.com\/shop\/producto\/decrepit-cadaver-5\/","og_locale":"en_US","og_type":"article","og_title":"Decrepit Cadaver - Australis Records - Music from the End of the World","og_description":"&nbsp; Slipcase CD version featuring complete new artwork and layout plus 4 live bonus tracks licensed to Flesh Sclerosis Records &nbsp; Versi\u00f3n en CD con dise\u00f1o y dise\u00f1o completamente nuevos, adem\u00e1s de 4 bonus tracks en vivo con licencia de Flesh Sclerosis Records 1. Intro &#8211; Depravity 2. Gruesome Homicide 3. Fleshless Remains 4. Beheaded, [&hellip;]","og_url":"https:\/\/australisrecords.com\/shop\/producto\/decrepit-cadaver-5\/","og_site_name":"Australis Records - Music from the End of the World","article_modified_time":"2023-07-08T21:37:24+00:00","og_image":[{"width":486,"height":486,"url":"https:\/\/australisrecords.com\/shop\/wp-content\/uploads\/2020\/11\/864986.jpg","type":"image\/jpeg"}],"twitter_card":"summary_large_image","schema":{"@context":"https:\/\/schema.org","@graph":[{"@type":"WebPage","@id":"https:\/\/australisrecords.com\/shop\/producto\/decrepit-cadaver-5\/","url":"https:\/\/australisrecords.com\/shop\/producto\/decrepit-cadaver-5\/","name":"Decrepit Cadaver - Australis Records - Music from the End of the World","isPartOf":{"@id":"https:\/\/australisrecords.com\/shop\/#website"},"primaryImageOfPage":{"@id":"https:\/\/australisrecords.com\/shop\/producto\/decrepit-cadaver-5\/#primaryimage"},"image":{"@id":"https:\/\/australisrecords.com\/shop\/producto\/decrepit-cadaver-5\/#primaryimage"},"thumbnailUrl":"https:\/\/australisrecords.com\/shop\/wp-content\/uploads\/2020\/11\/864986.jpg","datePublished":"2020-11-28T23:39:38+00:00","dateModified":"2023-07-08T21:37:24+00:00","breadcrumb":{"@id":"https:\/\/australisrecords.com\/shop\/producto\/decrepit-cadaver-5\/#breadcrumb"},"inLanguage":"en-US","potentialAction":[{"@type":"ReadAction","target":["https:\/\/australisrecords.com\/shop\/producto\/decrepit-cadaver-5\/"]}]},{"@type":"ImageObject","inLanguage":"en-US","@id":"https:\/\/australisrecords.com\/shop\/producto\/decrepit-cadaver-5\/#primaryimage","url":"https:\/\/australisrecords.com\/shop\/wp-content\/uploads\/2020\/11\/864986.jpg","contentUrl":"https:\/\/australisrecords.com\/shop\/wp-content\/uploads\/2020\/11\/864986.jpg","width":486,"height":486},{"@type":"BreadcrumbList","@id":"https:\/\/australisrecords.com\/shop\/producto\/decrepit-cadaver-5\/#breadcrumb","itemListElement":[{"@type":"ListItem","position":1,"name":"Home","item":"https:\/\/australisrecords.com\/shop\/"},{"@type":"ListItem","position":2,"name":"Shop","item":"https:\/\/australisrecords.com\/shop\/shop-2\/"},{"@type":"ListItem","position":3,"name":"Decrepit Cadaver"}]},{"@type":"WebSite","@id":"https:\/\/australisrecords.com\/shop\/#website","url":"https:\/\/australisrecords.com\/shop\/","name":"Australis Records - Music from the End of the World","description":"","potentialAction":[{"@type":"SearchAction","target":{"@type":"EntryPoint","urlTemplate":"https:\/\/australisrecords.com\/shop\/?s={search_term_string}"},"query-input":"required name=search_term_string"}],"inLanguage":"en-US"}]}},"_links":{"self":[{"href":"https:\/\/australisrecords.com\/shop\/wp-json\/wp\/v2\/product\/21838"}],"collection":[{"href":"https:\/\/australisrecords.com\/shop\/wp-json\/wp\/v2\/product"}],"about":[{"href":"https:\/\/australisrecords.com\/shop\/wp-json\/wp\/v2\/types\/product"}],"version-history":[{"count":1,"href":"https:\/\/australisrecords.com\/shop\/wp-json\/wp\/v2\/product\/21838\/revisions"}],"predecessor-version":[{"id":21855,"href":"https:\/\/australisrecords.com\/shop\/wp-json\/wp\/v2\/product\/21838\/revisions\/21855"}],"wp:featuredmedia":[{"embeddable":true,"href":"https:\/\/australisrecords.com\/shop\/wp-json\/wp\/v2\/media\/21854"}],"wp:attachment":[{"href":"https:\/\/australisrecords.com\/shop\/wp-json\/wp\/v2\/media?parent=21838"}],"wp:term":[{"taxonomy":"product_cat","embeddable":true,"href":"https:\/\/australisrecords.com\/shop\/wp-json\/wp\/v2\/product_cat?post=21838"},{"taxonomy":"product_tag","embeddable":true,"href":"https:\/\/australisrecords.com\/shop\/wp-json\/wp\/v2\/product_tag?post=21838"}],"curies":[{"name":"wp","href":"https:\/\/api.w.org\/{rel}","templated":true}]}}