{"id":21802,"date":"2020-11-28T19:33:29","date_gmt":"2020-11-28T19:33:29","guid":{"rendered":"http:\/\/australisrecords.com\/shop\/?post_type=product&#038;p=21802"},"modified":"2020-11-28T21:48:56","modified_gmt":"2020-11-28T21:48:56","slug":"vindictive","status":"publish","type":"product","link":"https:\/\/australisrecords.com\/shop\/producto\/vindictive\/","title":{"rendered":"Vindictive"},"content":{"rendered":"<div id=\"dslc-theme-content\"><div id=\"dslc-theme-content-inner\"><p>&nbsp;<\/p>\n<p>&nbsp;<\/p>\n<\/div><\/div>","protected":false},"excerpt":{"rendered":"<p>&nbsp; 8 Violent and Fast Tracks of Peruvian Thrash Metal &nbsp; 8 Violentos y veloces tracks de Thrash Metal Peruano 1. Sentencia de muerte 05:07 2. V\u00edctimas de agresi\u00f3n 03:04 3. Sucio poder 03:00 4. Raza exterminada 03:55 5. Face of Hate 03:34 6. M\u00e1quinas de destrucci\u00f3n 03:50 7. Misi\u00f3n suicida 02:42 8. Genocidio 03:26 [&hellip;]<\/p>\n","protected":false},"featured_media":21823,"template":"","meta":{"_acf_changed":false},"product_cat":[92,314,87,308],"product_tag":[],"acf":[],"yoast_head":"<!-- This site is optimized with the Yoast SEO plugin v22.9 - https:\/\/yoast.com\/wordpress\/plugins\/seo\/ -->\n<title>Vindictive - Australis Records - Music from the End of the World<\/title>\n<meta name=\"robots\" content=\"index, follow, max-snippet:-1, max-image-preview:large, max-video-preview:-1\" \/>\n<link rel=\"canonical\" href=\"https:\/\/australisrecords.com\/shop\/producto\/vindictive\/\" \/>\n<meta property=\"og:locale\" content=\"en_US\" \/>\n<meta property=\"og:type\" content=\"article\" \/>\n<meta property=\"og:title\" content=\"Vindictive - Australis Records - Music from the End of the World\" \/>\n<meta property=\"og:description\" content=\"&nbsp; 8 Violent and Fast Tracks of Peruvian Thrash Metal &nbsp; 8 Violentos y veloces tracks de Thrash Metal Peruano 1. Sentencia de muerte 05:07 2. V\u00edctimas de agresi\u00f3n 03:04 3. Sucio poder 03:00 4. Raza exterminada 03:55 5. Face of Hate 03:34 6. M\u00e1quinas de destrucci\u00f3n 03:50 7. Misi\u00f3n suicida 02:42 8. Genocidio 03:26 [&hellip;]\" \/>\n<meta property=\"og:url\" content=\"https:\/\/australisrecords.com\/shop\/producto\/vindictive\/\" \/>\n<meta property=\"og:site_name\" content=\"Australis Records - Music from the End of the World\" \/>\n<meta property=\"article:modified_time\" content=\"2020-11-28T21:48:56+00:00\" \/>\n<meta property=\"og:image\" content=\"https:\/\/australisrecords.com\/shop\/wp-content\/uploads\/2020\/11\/1490162876_cover.jpg\" \/>\n\t<meta property=\"og:image:width\" content=\"500\" \/>\n\t<meta property=\"og:image:height\" content=\"500\" \/>\n\t<meta property=\"og:image:type\" content=\"image\/jpeg\" \/>\n<meta name=\"twitter:card\" content=\"summary_large_image\" \/>\n<script type=\"application\/ld+json\" class=\"yoast-schema-graph\">{\"@context\":\"https:\/\/schema.org\",\"@graph\":[{\"@type\":\"WebPage\",\"@id\":\"https:\/\/australisrecords.com\/shop\/producto\/vindictive\/\",\"url\":\"https:\/\/australisrecords.com\/shop\/producto\/vindictive\/\",\"name\":\"Vindictive - Australis Records - Music from the End of the World\",\"isPartOf\":{\"@id\":\"https:\/\/australisrecords.com\/shop\/#website\"},\"primaryImageOfPage\":{\"@id\":\"https:\/\/australisrecords.com\/shop\/producto\/vindictive\/#primaryimage\"},\"image\":{\"@id\":\"https:\/\/australisrecords.com\/shop\/producto\/vindictive\/#primaryimage\"},\"thumbnailUrl\":\"https:\/\/australisrecords.com\/shop\/wp-content\/uploads\/2020\/11\/1490162876_cover.jpg\",\"datePublished\":\"2020-11-28T19:33:29+00:00\",\"dateModified\":\"2020-11-28T21:48:56+00:00\",\"breadcrumb\":{\"@id\":\"https:\/\/australisrecords.com\/shop\/producto\/vindictive\/#breadcrumb\"},\"inLanguage\":\"en-US\",\"potentialAction\":[{\"@type\":\"ReadAction\",\"target\":[\"https:\/\/australisrecords.com\/shop\/producto\/vindictive\/\"]}]},{\"@type\":\"ImageObject\",\"inLanguage\":\"en-US\",\"@id\":\"https:\/\/australisrecords.com\/shop\/producto\/vindictive\/#primaryimage\",\"url\":\"https:\/\/australisrecords.com\/shop\/wp-content\/uploads\/2020\/11\/1490162876_cover.jpg\",\"contentUrl\":\"https:\/\/australisrecords.com\/shop\/wp-content\/uploads\/2020\/11\/1490162876_cover.jpg\",\"width\":500,\"height\":500},{\"@type\":\"BreadcrumbList\",\"@id\":\"https:\/\/australisrecords.com\/shop\/producto\/vindictive\/#breadcrumb\",\"itemListElement\":[{\"@type\":\"ListItem\",\"position\":1,\"name\":\"Home\",\"item\":\"https:\/\/australisrecords.com\/shop\/\"},{\"@type\":\"ListItem\",\"position\":2,\"name\":\"Shop\",\"item\":\"https:\/\/australisrecords.com\/shop\/shop-2\/\"},{\"@type\":\"ListItem\",\"position\":3,\"name\":\"Vindictive\"}]},{\"@type\":\"WebSite\",\"@id\":\"https:\/\/australisrecords.com\/shop\/#website\",\"url\":\"https:\/\/australisrecords.com\/shop\/\",\"name\":\"Australis Records - Music from the End of the World\",\"description\":\"\",\"potentialAction\":[{\"@type\":\"SearchAction\",\"target\":{\"@type\":\"EntryPoint\",\"urlTemplate\":\"https:\/\/australisrecords.com\/shop\/?s={search_term_string}\"},\"query-input\":\"required name=search_term_string\"}],\"inLanguage\":\"en-US\"}]}<\/script>\n<!-- \/ Yoast SEO plugin. -->","yoast_head_json":{"title":"Vindictive - Australis Records - Music from the End of the World","robots":{"index":"index","follow":"follow","max-snippet":"max-snippet:-1","max-image-preview":"max-image-preview:large","max-video-preview":"max-video-preview:-1"},"canonical":"https:\/\/australisrecords.com\/shop\/producto\/vindictive\/","og_locale":"en_US","og_type":"article","og_title":"Vindictive - Australis Records - Music from the End of the World","og_description":"&nbsp; 8 Violent and Fast Tracks of Peruvian Thrash Metal &nbsp; 8 Violentos y veloces tracks de Thrash Metal Peruano 1. Sentencia de muerte 05:07 2. V\u00edctimas de agresi\u00f3n 03:04 3. Sucio poder 03:00 4. Raza exterminada 03:55 5. Face of Hate 03:34 6. M\u00e1quinas de destrucci\u00f3n 03:50 7. Misi\u00f3n suicida 02:42 8. Genocidio 03:26 [&hellip;]","og_url":"https:\/\/australisrecords.com\/shop\/producto\/vindictive\/","og_site_name":"Australis Records - Music from the End of the World","article_modified_time":"2020-11-28T21:48:56+00:00","og_image":[{"width":500,"height":500,"url":"https:\/\/australisrecords.com\/shop\/wp-content\/uploads\/2020\/11\/1490162876_cover.jpg","type":"image\/jpeg"}],"twitter_card":"summary_large_image","schema":{"@context":"https:\/\/schema.org","@graph":[{"@type":"WebPage","@id":"https:\/\/australisrecords.com\/shop\/producto\/vindictive\/","url":"https:\/\/australisrecords.com\/shop\/producto\/vindictive\/","name":"Vindictive - Australis Records - Music from the End of the World","isPartOf":{"@id":"https:\/\/australisrecords.com\/shop\/#website"},"primaryImageOfPage":{"@id":"https:\/\/australisrecords.com\/shop\/producto\/vindictive\/#primaryimage"},"image":{"@id":"https:\/\/australisrecords.com\/shop\/producto\/vindictive\/#primaryimage"},"thumbnailUrl":"https:\/\/australisrecords.com\/shop\/wp-content\/uploads\/2020\/11\/1490162876_cover.jpg","datePublished":"2020-11-28T19:33:29+00:00","dateModified":"2020-11-28T21:48:56+00:00","breadcrumb":{"@id":"https:\/\/australisrecords.com\/shop\/producto\/vindictive\/#breadcrumb"},"inLanguage":"en-US","potentialAction":[{"@type":"ReadAction","target":["https:\/\/australisrecords.com\/shop\/producto\/vindictive\/"]}]},{"@type":"ImageObject","inLanguage":"en-US","@id":"https:\/\/australisrecords.com\/shop\/producto\/vindictive\/#primaryimage","url":"https:\/\/australisrecords.com\/shop\/wp-content\/uploads\/2020\/11\/1490162876_cover.jpg","contentUrl":"https:\/\/australisrecords.com\/shop\/wp-content\/uploads\/2020\/11\/1490162876_cover.jpg","width":500,"height":500},{"@type":"BreadcrumbList","@id":"https:\/\/australisrecords.com\/shop\/producto\/vindictive\/#breadcrumb","itemListElement":[{"@type":"ListItem","position":1,"name":"Home","item":"https:\/\/australisrecords.com\/shop\/"},{"@type":"ListItem","position":2,"name":"Shop","item":"https:\/\/australisrecords.com\/shop\/shop-2\/"},{"@type":"ListItem","position":3,"name":"Vindictive"}]},{"@type":"WebSite","@id":"https:\/\/australisrecords.com\/shop\/#website","url":"https:\/\/australisrecords.com\/shop\/","name":"Australis Records - Music from the End of the World","description":"","potentialAction":[{"@type":"SearchAction","target":{"@type":"EntryPoint","urlTemplate":"https:\/\/australisrecords.com\/shop\/?s={search_term_string}"},"query-input":"required name=search_term_string"}],"inLanguage":"en-US"}]}},"_links":{"self":[{"href":"https:\/\/australisrecords.com\/shop\/wp-json\/wp\/v2\/product\/21802"}],"collection":[{"href":"https:\/\/australisrecords.com\/shop\/wp-json\/wp\/v2\/product"}],"about":[{"href":"https:\/\/australisrecords.com\/shop\/wp-json\/wp\/v2\/types\/product"}],"version-history":[{"count":1,"href":"https:\/\/australisrecords.com\/shop\/wp-json\/wp\/v2\/product\/21802\/revisions"}],"predecessor-version":[{"id":21824,"href":"https:\/\/australisrecords.com\/shop\/wp-json\/wp\/v2\/product\/21802\/revisions\/21824"}],"wp:featuredmedia":[{"embeddable":true,"href":"https:\/\/australisrecords.com\/shop\/wp-json\/wp\/v2\/media\/21823"}],"wp:attachment":[{"href":"https:\/\/australisrecords.com\/shop\/wp-json\/wp\/v2\/media?parent=21802"}],"wp:term":[{"taxonomy":"product_cat","embeddable":true,"href":"https:\/\/australisrecords.com\/shop\/wp-json\/wp\/v2\/product_cat?post=21802"},{"taxonomy":"product_tag","embeddable":true,"href":"https:\/\/australisrecords.com\/shop\/wp-json\/wp\/v2\/product_tag?post=21802"}],"curies":[{"name":"wp","href":"https:\/\/api.w.org\/{rel}","templated":true}]}}