{"id":21698,"date":"2020-11-14T17:45:23","date_gmt":"2020-11-14T17:45:23","guid":{"rendered":"http:\/\/australisrecords.com\/shop\/?post_type=product&#038;p=21698"},"modified":"2020-11-14T17:51:03","modified_gmt":"2020-11-14T17:51:03","slug":"mausoleum","status":"publish","type":"product","link":"https:\/\/australisrecords.com\/shop\/producto\/mausoleum\/","title":{"rendered":"Mausoleum"},"content":{"rendered":"<div id=\"dslc-theme-content\"><div id=\"dslc-theme-content-inner\">\t\t<div data-elementor-type=\"wp-post\" data-elementor-id=\"21698\" class=\"elementor elementor-21698\">\n\t\t\t\t\t\t<section class=\"elementor-section elementor-top-section elementor-element elementor-element-26aee735 elementor-section-boxed elementor-section-height-default elementor-section-height-default\" data-id=\"26aee735\" data-element_type=\"section\">\n\t\t\t\t\t\t<div class=\"elementor-container elementor-column-gap-default\">\n\t\t\t\t\t<div class=\"elementor-column elementor-col-100 elementor-top-column elementor-element elementor-element-4d01a0a3\" data-id=\"4d01a0a3\" data-element_type=\"column\">\n\t\t\t<div class=\"elementor-widget-wrap elementor-element-populated\">\n\t\t\t\t\t\t<div class=\"elementor-element elementor-element-0b7f0fe elementor-widget-divider--view-line elementor-widget elementor-widget-divider\" data-id=\"0b7f0fe\" data-element_type=\"widget\" data-widget_type=\"divider.default\">\n\t\t\t\t<div class=\"elementor-widget-container\">\n\t\t\t\t\t<div class=\"elementor-divider\">\n\t\t\t<span class=\"elementor-divider-separator\">\n\t\t\t\t\t\t<\/span>\n\t\t<\/div>\n\t\t\t\t<\/div>\n\t\t\t\t<\/div>\n\t\t\t\t<div class=\"elementor-element elementor-element-10d739b1 elementor-widget elementor-widget-text-editor\" data-id=\"10d739b1\" data-element_type=\"widget\" data-widget_type=\"text-editor.default\">\n\t\t\t\t<div class=\"elementor-widget-container\">\n\t\t\t\t\t\t\t<h5 id=\"tw-target-text\" class=\"tw-data-text tw-text-large tw-ta\" dir=\"ltr\" data-placeholder=\"Traducci\u00f3n\"><span lang=\"en\"><span style=\"color: #92642a;\">Fourth Full-Length of the Chilean Abhorrent. Technical and brutal Thrash Metal, the &#8217;90s are back with one of the representative bands of the Chilean scene<\/span>\u00a0<\/span><\/h5>\t\t\t\t\t\t<\/div>\n\t\t\t\t<\/div>\n\t\t\t\t\t<\/div>\n\t\t<\/div>\n\t\t\t\t\t<\/div>\n\t\t<\/section>\n\t\t\t\t<\/div>\n\t\t<\/div><\/div>","protected":false},"excerpt":{"rendered":"<p>&nbsp; Black Metal from Brazil. &nbsp; Black Metal desde Brasil . 1. Pandemonium 2. Lupercus 3. Man\u00edaco da Lua Cheio 4. A \u00daltima Batalha 5. Na Taverna dos Frios Tormentos 6. Do Empunho \u00e0 Espada ao Apogeu do Forte 7. Prepare-se para a Negra Guerra 8. Uivo do Lobo 9. Equimanthorn (Bathory cover)<\/p>\n","protected":false},"featured_media":21703,"template":"","meta":{"_acf_changed":false},"product_cat":[92,304,87,315],"product_tag":[],"acf":[],"yoast_head":"<!-- This site is optimized with the Yoast SEO plugin v22.9 - https:\/\/yoast.com\/wordpress\/plugins\/seo\/ -->\n<title>Mausoleum - Australis Records - Music from the End of the World<\/title>\n<meta name=\"robots\" content=\"index, follow, max-snippet:-1, max-image-preview:large, max-video-preview:-1\" \/>\n<link rel=\"canonical\" href=\"https:\/\/australisrecords.com\/shop\/producto\/mausoleum\/\" \/>\n<meta property=\"og:locale\" content=\"en_US\" \/>\n<meta property=\"og:type\" content=\"article\" \/>\n<meta property=\"og:title\" content=\"Mausoleum - Australis Records - Music from the End of the World\" \/>\n<meta property=\"og:description\" content=\"&nbsp; Black Metal from Brazil. &nbsp; Black Metal desde Brasil . 1. Pandemonium 2. Lupercus 3. Man\u00edaco da Lua Cheio 4. A \u00daltima Batalha 5. Na Taverna dos Frios Tormentos 6. Do Empunho \u00e0 Espada ao Apogeu do Forte 7. Prepare-se para a Negra Guerra 8. Uivo do Lobo 9. Equimanthorn (Bathory cover)\" \/>\n<meta property=\"og:url\" content=\"https:\/\/australisrecords.com\/shop\/producto\/mausoleum\/\" \/>\n<meta property=\"og:site_name\" content=\"Australis Records - Music from the End of the World\" \/>\n<meta property=\"article:modified_time\" content=\"2020-11-14T17:51:03+00:00\" \/>\n<meta property=\"og:image\" content=\"https:\/\/australisrecords.com\/shop\/wp-content\/uploads\/2020\/11\/470604.gif\" \/>\n\t<meta property=\"og:image:width\" content=\"343\" \/>\n\t<meta property=\"og:image:height\" content=\"318\" \/>\n\t<meta property=\"og:image:type\" content=\"image\/gif\" \/>\n<meta name=\"twitter:card\" content=\"summary_large_image\" \/>\n<script type=\"application\/ld+json\" class=\"yoast-schema-graph\">{\"@context\":\"https:\/\/schema.org\",\"@graph\":[{\"@type\":\"WebPage\",\"@id\":\"https:\/\/australisrecords.com\/shop\/producto\/mausoleum\/\",\"url\":\"https:\/\/australisrecords.com\/shop\/producto\/mausoleum\/\",\"name\":\"Mausoleum - Australis Records - Music from the End of the World\",\"isPartOf\":{\"@id\":\"https:\/\/australisrecords.com\/shop\/#website\"},\"primaryImageOfPage\":{\"@id\":\"https:\/\/australisrecords.com\/shop\/producto\/mausoleum\/#primaryimage\"},\"image\":{\"@id\":\"https:\/\/australisrecords.com\/shop\/producto\/mausoleum\/#primaryimage\"},\"thumbnailUrl\":\"https:\/\/australisrecords.com\/shop\/wp-content\/uploads\/2020\/11\/470604.gif\",\"datePublished\":\"2020-11-14T17:45:23+00:00\",\"dateModified\":\"2020-11-14T17:51:03+00:00\",\"breadcrumb\":{\"@id\":\"https:\/\/australisrecords.com\/shop\/producto\/mausoleum\/#breadcrumb\"},\"inLanguage\":\"en-US\",\"potentialAction\":[{\"@type\":\"ReadAction\",\"target\":[\"https:\/\/australisrecords.com\/shop\/producto\/mausoleum\/\"]}]},{\"@type\":\"ImageObject\",\"inLanguage\":\"en-US\",\"@id\":\"https:\/\/australisrecords.com\/shop\/producto\/mausoleum\/#primaryimage\",\"url\":\"https:\/\/australisrecords.com\/shop\/wp-content\/uploads\/2020\/11\/470604.gif\",\"contentUrl\":\"https:\/\/australisrecords.com\/shop\/wp-content\/uploads\/2020\/11\/470604.gif\",\"width\":343,\"height\":318},{\"@type\":\"BreadcrumbList\",\"@id\":\"https:\/\/australisrecords.com\/shop\/producto\/mausoleum\/#breadcrumb\",\"itemListElement\":[{\"@type\":\"ListItem\",\"position\":1,\"name\":\"Home\",\"item\":\"https:\/\/australisrecords.com\/shop\/\"},{\"@type\":\"ListItem\",\"position\":2,\"name\":\"Shop\",\"item\":\"https:\/\/australisrecords.com\/shop\/shop-2\/\"},{\"@type\":\"ListItem\",\"position\":3,\"name\":\"Mausoleum\"}]},{\"@type\":\"WebSite\",\"@id\":\"https:\/\/australisrecords.com\/shop\/#website\",\"url\":\"https:\/\/australisrecords.com\/shop\/\",\"name\":\"Australis Records - Music from the End of the World\",\"description\":\"\",\"potentialAction\":[{\"@type\":\"SearchAction\",\"target\":{\"@type\":\"EntryPoint\",\"urlTemplate\":\"https:\/\/australisrecords.com\/shop\/?s={search_term_string}\"},\"query-input\":\"required name=search_term_string\"}],\"inLanguage\":\"en-US\"}]}<\/script>\n<!-- \/ Yoast SEO plugin. -->","yoast_head_json":{"title":"Mausoleum - Australis Records - Music from the End of the World","robots":{"index":"index","follow":"follow","max-snippet":"max-snippet:-1","max-image-preview":"max-image-preview:large","max-video-preview":"max-video-preview:-1"},"canonical":"https:\/\/australisrecords.com\/shop\/producto\/mausoleum\/","og_locale":"en_US","og_type":"article","og_title":"Mausoleum - Australis Records - Music from the End of the World","og_description":"&nbsp; Black Metal from Brazil. &nbsp; Black Metal desde Brasil . 1. Pandemonium 2. Lupercus 3. Man\u00edaco da Lua Cheio 4. A \u00daltima Batalha 5. Na Taverna dos Frios Tormentos 6. Do Empunho \u00e0 Espada ao Apogeu do Forte 7. Prepare-se para a Negra Guerra 8. Uivo do Lobo 9. Equimanthorn (Bathory cover)","og_url":"https:\/\/australisrecords.com\/shop\/producto\/mausoleum\/","og_site_name":"Australis Records - Music from the End of the World","article_modified_time":"2020-11-14T17:51:03+00:00","og_image":[{"width":343,"height":318,"url":"https:\/\/australisrecords.com\/shop\/wp-content\/uploads\/2020\/11\/470604.gif","type":"image\/gif"}],"twitter_card":"summary_large_image","schema":{"@context":"https:\/\/schema.org","@graph":[{"@type":"WebPage","@id":"https:\/\/australisrecords.com\/shop\/producto\/mausoleum\/","url":"https:\/\/australisrecords.com\/shop\/producto\/mausoleum\/","name":"Mausoleum - Australis Records - Music from the End of the World","isPartOf":{"@id":"https:\/\/australisrecords.com\/shop\/#website"},"primaryImageOfPage":{"@id":"https:\/\/australisrecords.com\/shop\/producto\/mausoleum\/#primaryimage"},"image":{"@id":"https:\/\/australisrecords.com\/shop\/producto\/mausoleum\/#primaryimage"},"thumbnailUrl":"https:\/\/australisrecords.com\/shop\/wp-content\/uploads\/2020\/11\/470604.gif","datePublished":"2020-11-14T17:45:23+00:00","dateModified":"2020-11-14T17:51:03+00:00","breadcrumb":{"@id":"https:\/\/australisrecords.com\/shop\/producto\/mausoleum\/#breadcrumb"},"inLanguage":"en-US","potentialAction":[{"@type":"ReadAction","target":["https:\/\/australisrecords.com\/shop\/producto\/mausoleum\/"]}]},{"@type":"ImageObject","inLanguage":"en-US","@id":"https:\/\/australisrecords.com\/shop\/producto\/mausoleum\/#primaryimage","url":"https:\/\/australisrecords.com\/shop\/wp-content\/uploads\/2020\/11\/470604.gif","contentUrl":"https:\/\/australisrecords.com\/shop\/wp-content\/uploads\/2020\/11\/470604.gif","width":343,"height":318},{"@type":"BreadcrumbList","@id":"https:\/\/australisrecords.com\/shop\/producto\/mausoleum\/#breadcrumb","itemListElement":[{"@type":"ListItem","position":1,"name":"Home","item":"https:\/\/australisrecords.com\/shop\/"},{"@type":"ListItem","position":2,"name":"Shop","item":"https:\/\/australisrecords.com\/shop\/shop-2\/"},{"@type":"ListItem","position":3,"name":"Mausoleum"}]},{"@type":"WebSite","@id":"https:\/\/australisrecords.com\/shop\/#website","url":"https:\/\/australisrecords.com\/shop\/","name":"Australis Records - Music from the End of the World","description":"","potentialAction":[{"@type":"SearchAction","target":{"@type":"EntryPoint","urlTemplate":"https:\/\/australisrecords.com\/shop\/?s={search_term_string}"},"query-input":"required name=search_term_string"}],"inLanguage":"en-US"}]}},"_links":{"self":[{"href":"https:\/\/australisrecords.com\/shop\/wp-json\/wp\/v2\/product\/21698"}],"collection":[{"href":"https:\/\/australisrecords.com\/shop\/wp-json\/wp\/v2\/product"}],"about":[{"href":"https:\/\/australisrecords.com\/shop\/wp-json\/wp\/v2\/types\/product"}],"version-history":[{"count":2,"href":"https:\/\/australisrecords.com\/shop\/wp-json\/wp\/v2\/product\/21698\/revisions"}],"predecessor-version":[{"id":21705,"href":"https:\/\/australisrecords.com\/shop\/wp-json\/wp\/v2\/product\/21698\/revisions\/21705"}],"wp:featuredmedia":[{"embeddable":true,"href":"https:\/\/australisrecords.com\/shop\/wp-json\/wp\/v2\/media\/21703"}],"wp:attachment":[{"href":"https:\/\/australisrecords.com\/shop\/wp-json\/wp\/v2\/media?parent=21698"}],"wp:term":[{"taxonomy":"product_cat","embeddable":true,"href":"https:\/\/australisrecords.com\/shop\/wp-json\/wp\/v2\/product_cat?post=21698"},{"taxonomy":"product_tag","embeddable":true,"href":"https:\/\/australisrecords.com\/shop\/wp-json\/wp\/v2\/product_tag?post=21698"}],"curies":[{"name":"wp","href":"https:\/\/api.w.org\/{rel}","templated":true}]}}