{"id":21611,"date":"2020-10-04T00:06:32","date_gmt":"2020-10-04T00:06:32","guid":{"rendered":"http:\/\/australisrecords.com\/shop\/?post_type=product&#038;p=21611"},"modified":"2024-05-22T19:00:47","modified_gmt":"2024-05-22T19:00:47","slug":"inquisicion-11","status":"publish","type":"product","link":"https:\/\/australisrecords.com\/shop\/producto\/inquisicion-11\/","title":{"rendered":"Inquisicion"},"content":{"rendered":"<div id=\"dslc-theme-content\"><div id=\"dslc-theme-content-inner\"><p>&nbsp;<\/p>\n<p>&nbsp;<\/p>\n<\/div><\/div>","protected":false},"excerpt":{"rendered":"<p>&nbsp; &nbsp; Reissue of the first album of the Chilean Inquisicion, heavy metal for fans of Judas Priest &nbsp; Reedici\u00f3n del primer \u00e1lbum de los chilenos Inquisicion, heavy metal para fan\u00e1ticos de Judas Priest. 1. Prelude 2. Innocent Sinner 3. Sed Diabolus 4. Pagan Rites 5. Steel Vengeance 6. Fate Was Sealed 7. Message in [&hellip;]<\/p>\n","protected":false},"featured_media":21620,"template":"","meta":{"_acf_changed":false},"product_cat":[92,301,314,306,87],"product_tag":[324,474],"acf":[],"yoast_head":"<!-- This site is optimized with the Yoast SEO plugin v22.9 - https:\/\/yoast.com\/wordpress\/plugins\/seo\/ -->\n<title>Inquisicion - Australis Records - Music from the End of the World<\/title>\n<meta name=\"robots\" content=\"index, follow, max-snippet:-1, max-image-preview:large, max-video-preview:-1\" \/>\n<link rel=\"canonical\" href=\"https:\/\/australisrecords.com\/shop\/producto\/inquisicion-11\/\" \/>\n<meta property=\"og:locale\" content=\"en_US\" \/>\n<meta property=\"og:type\" content=\"article\" \/>\n<meta property=\"og:title\" content=\"Inquisicion - Australis Records - Music from the End of the World\" \/>\n<meta property=\"og:description\" content=\"&nbsp; &nbsp; Reissue of the first album of the Chilean Inquisicion, heavy metal for fans of Judas Priest &nbsp; Reedici\u00f3n del primer \u00e1lbum de los chilenos Inquisicion, heavy metal para fan\u00e1ticos de Judas Priest. 1. Prelude 2. Innocent Sinner 3. Sed Diabolus 4. Pagan Rites 5. Steel Vengeance 6. Fate Was Sealed 7. Message in [&hellip;]\" \/>\n<meta property=\"og:url\" content=\"https:\/\/australisrecords.com\/shop\/producto\/inquisicion-11\/\" \/>\n<meta property=\"og:site_name\" content=\"Australis Records - Music from the End of the World\" \/>\n<meta property=\"article:modified_time\" content=\"2024-05-22T19:00:47+00:00\" \/>\n<meta property=\"og:image\" content=\"https:\/\/australisrecords.com\/shop\/wp-content\/uploads\/2020\/10\/a2987922566_10.jpg\" \/>\n\t<meta property=\"og:image:width\" content=\"1200\" \/>\n\t<meta property=\"og:image:height\" content=\"1200\" \/>\n\t<meta property=\"og:image:type\" content=\"image\/jpeg\" \/>\n<meta name=\"twitter:card\" content=\"summary_large_image\" \/>\n<script type=\"application\/ld+json\" class=\"yoast-schema-graph\">{\"@context\":\"https:\/\/schema.org\",\"@graph\":[{\"@type\":\"WebPage\",\"@id\":\"https:\/\/australisrecords.com\/shop\/producto\/inquisicion-11\/\",\"url\":\"https:\/\/australisrecords.com\/shop\/producto\/inquisicion-11\/\",\"name\":\"Inquisicion - Australis Records - Music from the End of the World\",\"isPartOf\":{\"@id\":\"https:\/\/australisrecords.com\/shop\/#website\"},\"primaryImageOfPage\":{\"@id\":\"https:\/\/australisrecords.com\/shop\/producto\/inquisicion-11\/#primaryimage\"},\"image\":{\"@id\":\"https:\/\/australisrecords.com\/shop\/producto\/inquisicion-11\/#primaryimage\"},\"thumbnailUrl\":\"https:\/\/australisrecords.com\/shop\/wp-content\/uploads\/2020\/10\/a2987922566_10.jpg\",\"datePublished\":\"2020-10-04T00:06:32+00:00\",\"dateModified\":\"2024-05-22T19:00:47+00:00\",\"breadcrumb\":{\"@id\":\"https:\/\/australisrecords.com\/shop\/producto\/inquisicion-11\/#breadcrumb\"},\"inLanguage\":\"en-US\",\"potentialAction\":[{\"@type\":\"ReadAction\",\"target\":[\"https:\/\/australisrecords.com\/shop\/producto\/inquisicion-11\/\"]}]},{\"@type\":\"ImageObject\",\"inLanguage\":\"en-US\",\"@id\":\"https:\/\/australisrecords.com\/shop\/producto\/inquisicion-11\/#primaryimage\",\"url\":\"https:\/\/australisrecords.com\/shop\/wp-content\/uploads\/2020\/10\/a2987922566_10.jpg\",\"contentUrl\":\"https:\/\/australisrecords.com\/shop\/wp-content\/uploads\/2020\/10\/a2987922566_10.jpg\",\"width\":1200,\"height\":1200},{\"@type\":\"BreadcrumbList\",\"@id\":\"https:\/\/australisrecords.com\/shop\/producto\/inquisicion-11\/#breadcrumb\",\"itemListElement\":[{\"@type\":\"ListItem\",\"position\":1,\"name\":\"Home\",\"item\":\"https:\/\/australisrecords.com\/shop\/\"},{\"@type\":\"ListItem\",\"position\":2,\"name\":\"Shop\",\"item\":\"https:\/\/australisrecords.com\/shop\/shop-2\/\"},{\"@type\":\"ListItem\",\"position\":3,\"name\":\"Inquisicion\"}]},{\"@type\":\"WebSite\",\"@id\":\"https:\/\/australisrecords.com\/shop\/#website\",\"url\":\"https:\/\/australisrecords.com\/shop\/\",\"name\":\"Australis Records - Music from the End of the World\",\"description\":\"\",\"potentialAction\":[{\"@type\":\"SearchAction\",\"target\":{\"@type\":\"EntryPoint\",\"urlTemplate\":\"https:\/\/australisrecords.com\/shop\/?s={search_term_string}\"},\"query-input\":\"required name=search_term_string\"}],\"inLanguage\":\"en-US\"}]}<\/script>\n<!-- \/ Yoast SEO plugin. -->","yoast_head_json":{"title":"Inquisicion - Australis Records - Music from the End of the World","robots":{"index":"index","follow":"follow","max-snippet":"max-snippet:-1","max-image-preview":"max-image-preview:large","max-video-preview":"max-video-preview:-1"},"canonical":"https:\/\/australisrecords.com\/shop\/producto\/inquisicion-11\/","og_locale":"en_US","og_type":"article","og_title":"Inquisicion - Australis Records - Music from the End of the World","og_description":"&nbsp; &nbsp; Reissue of the first album of the Chilean Inquisicion, heavy metal for fans of Judas Priest &nbsp; Reedici\u00f3n del primer \u00e1lbum de los chilenos Inquisicion, heavy metal para fan\u00e1ticos de Judas Priest. 1. Prelude 2. Innocent Sinner 3. Sed Diabolus 4. Pagan Rites 5. Steel Vengeance 6. Fate Was Sealed 7. Message in [&hellip;]","og_url":"https:\/\/australisrecords.com\/shop\/producto\/inquisicion-11\/","og_site_name":"Australis Records - Music from the End of the World","article_modified_time":"2024-05-22T19:00:47+00:00","og_image":[{"width":1200,"height":1200,"url":"https:\/\/australisrecords.com\/shop\/wp-content\/uploads\/2020\/10\/a2987922566_10.jpg","type":"image\/jpeg"}],"twitter_card":"summary_large_image","schema":{"@context":"https:\/\/schema.org","@graph":[{"@type":"WebPage","@id":"https:\/\/australisrecords.com\/shop\/producto\/inquisicion-11\/","url":"https:\/\/australisrecords.com\/shop\/producto\/inquisicion-11\/","name":"Inquisicion - Australis Records - Music from the End of the World","isPartOf":{"@id":"https:\/\/australisrecords.com\/shop\/#website"},"primaryImageOfPage":{"@id":"https:\/\/australisrecords.com\/shop\/producto\/inquisicion-11\/#primaryimage"},"image":{"@id":"https:\/\/australisrecords.com\/shop\/producto\/inquisicion-11\/#primaryimage"},"thumbnailUrl":"https:\/\/australisrecords.com\/shop\/wp-content\/uploads\/2020\/10\/a2987922566_10.jpg","datePublished":"2020-10-04T00:06:32+00:00","dateModified":"2024-05-22T19:00:47+00:00","breadcrumb":{"@id":"https:\/\/australisrecords.com\/shop\/producto\/inquisicion-11\/#breadcrumb"},"inLanguage":"en-US","potentialAction":[{"@type":"ReadAction","target":["https:\/\/australisrecords.com\/shop\/producto\/inquisicion-11\/"]}]},{"@type":"ImageObject","inLanguage":"en-US","@id":"https:\/\/australisrecords.com\/shop\/producto\/inquisicion-11\/#primaryimage","url":"https:\/\/australisrecords.com\/shop\/wp-content\/uploads\/2020\/10\/a2987922566_10.jpg","contentUrl":"https:\/\/australisrecords.com\/shop\/wp-content\/uploads\/2020\/10\/a2987922566_10.jpg","width":1200,"height":1200},{"@type":"BreadcrumbList","@id":"https:\/\/australisrecords.com\/shop\/producto\/inquisicion-11\/#breadcrumb","itemListElement":[{"@type":"ListItem","position":1,"name":"Home","item":"https:\/\/australisrecords.com\/shop\/"},{"@type":"ListItem","position":2,"name":"Shop","item":"https:\/\/australisrecords.com\/shop\/shop-2\/"},{"@type":"ListItem","position":3,"name":"Inquisicion"}]},{"@type":"WebSite","@id":"https:\/\/australisrecords.com\/shop\/#website","url":"https:\/\/australisrecords.com\/shop\/","name":"Australis Records - Music from the End of the World","description":"","potentialAction":[{"@type":"SearchAction","target":{"@type":"EntryPoint","urlTemplate":"https:\/\/australisrecords.com\/shop\/?s={search_term_string}"},"query-input":"required name=search_term_string"}],"inLanguage":"en-US"}]}},"_links":{"self":[{"href":"https:\/\/australisrecords.com\/shop\/wp-json\/wp\/v2\/product\/21611"}],"collection":[{"href":"https:\/\/australisrecords.com\/shop\/wp-json\/wp\/v2\/product"}],"about":[{"href":"https:\/\/australisrecords.com\/shop\/wp-json\/wp\/v2\/types\/product"}],"version-history":[{"count":2,"href":"https:\/\/australisrecords.com\/shop\/wp-json\/wp\/v2\/product\/21611\/revisions"}],"predecessor-version":[{"id":21622,"href":"https:\/\/australisrecords.com\/shop\/wp-json\/wp\/v2\/product\/21611\/revisions\/21622"}],"wp:featuredmedia":[{"embeddable":true,"href":"https:\/\/australisrecords.com\/shop\/wp-json\/wp\/v2\/media\/21620"}],"wp:attachment":[{"href":"https:\/\/australisrecords.com\/shop\/wp-json\/wp\/v2\/media?parent=21611"}],"wp:term":[{"taxonomy":"product_cat","embeddable":true,"href":"https:\/\/australisrecords.com\/shop\/wp-json\/wp\/v2\/product_cat?post=21611"},{"taxonomy":"product_tag","embeddable":true,"href":"https:\/\/australisrecords.com\/shop\/wp-json\/wp\/v2\/product_tag?post=21611"}],"curies":[{"name":"wp","href":"https:\/\/api.w.org\/{rel}","templated":true}]}}