{"id":21366,"date":"2020-09-06T08:45:09","date_gmt":"2020-09-06T08:45:09","guid":{"rendered":"http:\/\/australisrecords.com\/shop\/?post_type=product&#038;p=21366"},"modified":"2025-03-09T22:11:09","modified_gmt":"2025-03-09T22:11:09","slug":"cerberus-5","status":"publish","type":"product","link":"https:\/\/australisrecords.com\/shop\/producto\/cerberus-5\/","title":{"rendered":"Cerberus"},"content":{"rendered":"<div id=\"dslc-theme-content\"><div id=\"dslc-theme-content-inner\"><p>&nbsp;<\/p>\n<p>&nbsp;<\/p>\n<\/div><\/div>","protected":false},"excerpt":{"rendered":"<p>&nbsp; Official Tee in black cotton, featuring &#8220;Agony of Damnation&#8221;\u00a0 Available in size from medium\u00a0 through xx-large. T-shirt. Gildan Heavy Cotton, 100% cotton. &nbsp; Camiseta oficial en algod\u00f3n negro, con dise\u00f1o &#8220;Agiony of Damnation&#8221; Disponible en tama\u00f1o desde M hasta XXL. Camiseta. Gildan Heavy Cotton, 100% algod\u00f3n.\u00a0<\/p>\n","protected":false},"featured_media":21371,"template":"","meta":{"_acf_changed":false},"product_cat":[90],"product_tag":[324,439],"acf":[],"yoast_head":"<!-- This site is optimized with the Yoast SEO plugin v22.9 - https:\/\/yoast.com\/wordpress\/plugins\/seo\/ -->\n<title>Cerberus - Australis Records - Music from the End of the World<\/title>\n<meta name=\"robots\" content=\"index, follow, max-snippet:-1, max-image-preview:large, max-video-preview:-1\" \/>\n<link rel=\"canonical\" href=\"https:\/\/australisrecords.com\/shop\/producto\/cerberus-5\/\" \/>\n<meta property=\"og:locale\" content=\"en_US\" \/>\n<meta property=\"og:type\" content=\"article\" \/>\n<meta property=\"og:title\" content=\"Cerberus - Australis Records - Music from the End of the World\" \/>\n<meta property=\"og:description\" content=\"&nbsp; Official Tee in black cotton, featuring &#8220;Agony of Damnation&#8221;\u00a0 Available in size from medium\u00a0 through xx-large. T-shirt. Gildan Heavy Cotton, 100% cotton. &nbsp; Camiseta oficial en algod\u00f3n negro, con dise\u00f1o &#8220;Agiony of Damnation&#8221; Disponible en tama\u00f1o desde M hasta XXL. Camiseta. Gildan Heavy Cotton, 100% algod\u00f3n.\u00a0\" \/>\n<meta property=\"og:url\" content=\"https:\/\/australisrecords.com\/shop\/producto\/cerberus-5\/\" \/>\n<meta property=\"og:site_name\" content=\"Australis Records - Music from the End of the World\" \/>\n<meta property=\"article:modified_time\" content=\"2025-03-09T22:11:09+00:00\" \/>\n<meta property=\"og:image\" content=\"https:\/\/australisrecords.com\/shop\/wp-content\/uploads\/2020\/09\/Agony-front.png\" \/>\n\t<meta property=\"og:image:width\" content=\"1000\" \/>\n\t<meta property=\"og:image:height\" content=\"1000\" \/>\n\t<meta property=\"og:image:type\" content=\"image\/png\" \/>\n<meta name=\"twitter:card\" content=\"summary_large_image\" \/>\n<script type=\"application\/ld+json\" class=\"yoast-schema-graph\">{\"@context\":\"https:\/\/schema.org\",\"@graph\":[{\"@type\":\"WebPage\",\"@id\":\"https:\/\/australisrecords.com\/shop\/producto\/cerberus-5\/\",\"url\":\"https:\/\/australisrecords.com\/shop\/producto\/cerberus-5\/\",\"name\":\"Cerberus - Australis Records - Music from the End of the World\",\"isPartOf\":{\"@id\":\"https:\/\/australisrecords.com\/shop\/#website\"},\"primaryImageOfPage\":{\"@id\":\"https:\/\/australisrecords.com\/shop\/producto\/cerberus-5\/#primaryimage\"},\"image\":{\"@id\":\"https:\/\/australisrecords.com\/shop\/producto\/cerberus-5\/#primaryimage\"},\"thumbnailUrl\":\"https:\/\/australisrecords.com\/shop\/wp-content\/uploads\/2020\/09\/Agony-front.png\",\"datePublished\":\"2020-09-06T08:45:09+00:00\",\"dateModified\":\"2025-03-09T22:11:09+00:00\",\"breadcrumb\":{\"@id\":\"https:\/\/australisrecords.com\/shop\/producto\/cerberus-5\/#breadcrumb\"},\"inLanguage\":\"en-US\",\"potentialAction\":[{\"@type\":\"ReadAction\",\"target\":[\"https:\/\/australisrecords.com\/shop\/producto\/cerberus-5\/\"]}]},{\"@type\":\"ImageObject\",\"inLanguage\":\"en-US\",\"@id\":\"https:\/\/australisrecords.com\/shop\/producto\/cerberus-5\/#primaryimage\",\"url\":\"https:\/\/australisrecords.com\/shop\/wp-content\/uploads\/2020\/09\/Agony-front.png\",\"contentUrl\":\"https:\/\/australisrecords.com\/shop\/wp-content\/uploads\/2020\/09\/Agony-front.png\",\"width\":1000,\"height\":1000},{\"@type\":\"BreadcrumbList\",\"@id\":\"https:\/\/australisrecords.com\/shop\/producto\/cerberus-5\/#breadcrumb\",\"itemListElement\":[{\"@type\":\"ListItem\",\"position\":1,\"name\":\"Home\",\"item\":\"https:\/\/australisrecords.com\/shop\/\"},{\"@type\":\"ListItem\",\"position\":2,\"name\":\"Shop\",\"item\":\"https:\/\/australisrecords.com\/shop\/shop-2\/\"},{\"@type\":\"ListItem\",\"position\":3,\"name\":\"Cerberus\"}]},{\"@type\":\"WebSite\",\"@id\":\"https:\/\/australisrecords.com\/shop\/#website\",\"url\":\"https:\/\/australisrecords.com\/shop\/\",\"name\":\"Australis Records - Music from the End of the World\",\"description\":\"\",\"potentialAction\":[{\"@type\":\"SearchAction\",\"target\":{\"@type\":\"EntryPoint\",\"urlTemplate\":\"https:\/\/australisrecords.com\/shop\/?s={search_term_string}\"},\"query-input\":\"required name=search_term_string\"}],\"inLanguage\":\"en-US\"}]}<\/script>\n<!-- \/ Yoast SEO plugin. -->","yoast_head_json":{"title":"Cerberus - Australis Records - Music from the End of the World","robots":{"index":"index","follow":"follow","max-snippet":"max-snippet:-1","max-image-preview":"max-image-preview:large","max-video-preview":"max-video-preview:-1"},"canonical":"https:\/\/australisrecords.com\/shop\/producto\/cerberus-5\/","og_locale":"en_US","og_type":"article","og_title":"Cerberus - Australis Records - Music from the End of the World","og_description":"&nbsp; Official Tee in black cotton, featuring &#8220;Agony of Damnation&#8221;\u00a0 Available in size from medium\u00a0 through xx-large. T-shirt. Gildan Heavy Cotton, 100% cotton. &nbsp; Camiseta oficial en algod\u00f3n negro, con dise\u00f1o &#8220;Agiony of Damnation&#8221; Disponible en tama\u00f1o desde M hasta XXL. Camiseta. Gildan Heavy Cotton, 100% algod\u00f3n.\u00a0","og_url":"https:\/\/australisrecords.com\/shop\/producto\/cerberus-5\/","og_site_name":"Australis Records - Music from the End of the World","article_modified_time":"2025-03-09T22:11:09+00:00","og_image":[{"width":1000,"height":1000,"url":"https:\/\/australisrecords.com\/shop\/wp-content\/uploads\/2020\/09\/Agony-front.png","type":"image\/png"}],"twitter_card":"summary_large_image","schema":{"@context":"https:\/\/schema.org","@graph":[{"@type":"WebPage","@id":"https:\/\/australisrecords.com\/shop\/producto\/cerberus-5\/","url":"https:\/\/australisrecords.com\/shop\/producto\/cerberus-5\/","name":"Cerberus - Australis Records - Music from the End of the World","isPartOf":{"@id":"https:\/\/australisrecords.com\/shop\/#website"},"primaryImageOfPage":{"@id":"https:\/\/australisrecords.com\/shop\/producto\/cerberus-5\/#primaryimage"},"image":{"@id":"https:\/\/australisrecords.com\/shop\/producto\/cerberus-5\/#primaryimage"},"thumbnailUrl":"https:\/\/australisrecords.com\/shop\/wp-content\/uploads\/2020\/09\/Agony-front.png","datePublished":"2020-09-06T08:45:09+00:00","dateModified":"2025-03-09T22:11:09+00:00","breadcrumb":{"@id":"https:\/\/australisrecords.com\/shop\/producto\/cerberus-5\/#breadcrumb"},"inLanguage":"en-US","potentialAction":[{"@type":"ReadAction","target":["https:\/\/australisrecords.com\/shop\/producto\/cerberus-5\/"]}]},{"@type":"ImageObject","inLanguage":"en-US","@id":"https:\/\/australisrecords.com\/shop\/producto\/cerberus-5\/#primaryimage","url":"https:\/\/australisrecords.com\/shop\/wp-content\/uploads\/2020\/09\/Agony-front.png","contentUrl":"https:\/\/australisrecords.com\/shop\/wp-content\/uploads\/2020\/09\/Agony-front.png","width":1000,"height":1000},{"@type":"BreadcrumbList","@id":"https:\/\/australisrecords.com\/shop\/producto\/cerberus-5\/#breadcrumb","itemListElement":[{"@type":"ListItem","position":1,"name":"Home","item":"https:\/\/australisrecords.com\/shop\/"},{"@type":"ListItem","position":2,"name":"Shop","item":"https:\/\/australisrecords.com\/shop\/shop-2\/"},{"@type":"ListItem","position":3,"name":"Cerberus"}]},{"@type":"WebSite","@id":"https:\/\/australisrecords.com\/shop\/#website","url":"https:\/\/australisrecords.com\/shop\/","name":"Australis Records - Music from the End of the World","description":"","potentialAction":[{"@type":"SearchAction","target":{"@type":"EntryPoint","urlTemplate":"https:\/\/australisrecords.com\/shop\/?s={search_term_string}"},"query-input":"required name=search_term_string"}],"inLanguage":"en-US"}]}},"_links":{"self":[{"href":"https:\/\/australisrecords.com\/shop\/wp-json\/wp\/v2\/product\/21366"}],"collection":[{"href":"https:\/\/australisrecords.com\/shop\/wp-json\/wp\/v2\/product"}],"about":[{"href":"https:\/\/australisrecords.com\/shop\/wp-json\/wp\/v2\/types\/product"}],"version-history":[{"count":2,"href":"https:\/\/australisrecords.com\/shop\/wp-json\/wp\/v2\/product\/21366\/revisions"}],"predecessor-version":[{"id":21375,"href":"https:\/\/australisrecords.com\/shop\/wp-json\/wp\/v2\/product\/21366\/revisions\/21375"}],"wp:featuredmedia":[{"embeddable":true,"href":"https:\/\/australisrecords.com\/shop\/wp-json\/wp\/v2\/media\/21371"}],"wp:attachment":[{"href":"https:\/\/australisrecords.com\/shop\/wp-json\/wp\/v2\/media?parent=21366"}],"wp:term":[{"taxonomy":"product_cat","embeddable":true,"href":"https:\/\/australisrecords.com\/shop\/wp-json\/wp\/v2\/product_cat?post=21366"},{"taxonomy":"product_tag","embeddable":true,"href":"https:\/\/australisrecords.com\/shop\/wp-json\/wp\/v2\/product_tag?post=21366"}],"curies":[{"name":"wp","href":"https:\/\/api.w.org\/{rel}","templated":true}]}}