{"id":21159,"date":"2020-08-30T23:41:11","date_gmt":"2020-08-30T23:41:11","guid":{"rendered":"http:\/\/australisrecords.com\/shop\/?post_type=product&#038;p=21159"},"modified":"2023-12-08T18:12:39","modified_gmt":"2023-12-08T18:12:39","slug":"death-yell","status":"publish","type":"product","link":"https:\/\/australisrecords.com\/shop\/producto\/death-yell\/","title":{"rendered":"Death Yell"},"content":{"rendered":"<div id=\"dslc-theme-content\"><div id=\"dslc-theme-content-inner\"><p>&nbsp;<\/p>\n<p>&nbsp;<\/p>\n<\/div><\/div>","protected":false},"excerpt":{"rendered":"<p>&nbsp; &nbsp; Long awaited debut album from Chilean DEATH YELL who managed to keep their occult Death Thrash style alive during all the years of absence. &nbsp; Muy esperado \u00e1lbum debut del chileno DEATH YELL que logr\u00f3 mantener vivo su estilo oculto Death Thrash durante todos los a\u00f1os de ausencia. 1. Soulless 2. Descent into [&hellip;]<\/p>\n","protected":false},"featured_media":21390,"template":"","meta":{"_acf_changed":false},"product_cat":[92,301,314,303,87,308],"product_tag":[324,449],"acf":[],"yoast_head":"<!-- This site is optimized with the Yoast SEO plugin v22.9 - https:\/\/yoast.com\/wordpress\/plugins\/seo\/ -->\n<title>Death Yell - Australis Records - Music from the End of the World<\/title>\n<meta name=\"robots\" content=\"index, follow, max-snippet:-1, max-image-preview:large, max-video-preview:-1\" \/>\n<link rel=\"canonical\" href=\"https:\/\/australisrecords.com\/shop\/producto\/death-yell\/\" \/>\n<meta property=\"og:locale\" content=\"en_US\" \/>\n<meta property=\"og:type\" content=\"article\" \/>\n<meta property=\"og:title\" content=\"Death Yell - Australis Records - Music from the End of the World\" \/>\n<meta property=\"og:description\" content=\"&nbsp; &nbsp; Long awaited debut album from Chilean DEATH YELL who managed to keep their occult Death Thrash style alive during all the years of absence. &nbsp; Muy esperado \u00e1lbum debut del chileno DEATH YELL que logr\u00f3 mantener vivo su estilo oculto Death Thrash durante todos los a\u00f1os de ausencia. 1. Soulless 2. Descent into [&hellip;]\" \/>\n<meta property=\"og:url\" content=\"https:\/\/australisrecords.com\/shop\/producto\/death-yell\/\" \/>\n<meta property=\"og:site_name\" content=\"Australis Records - Music from the End of the World\" \/>\n<meta property=\"article:modified_time\" content=\"2023-12-08T18:12:39+00:00\" \/>\n<meta property=\"og:image\" content=\"https:\/\/australisrecords.com\/shop\/wp-content\/uploads\/2020\/08\/a0567933751_10.jpg\" \/>\n\t<meta property=\"og:image:width\" content=\"1188\" \/>\n\t<meta property=\"og:image:height\" content=\"1200\" \/>\n\t<meta property=\"og:image:type\" content=\"image\/jpeg\" \/>\n<meta name=\"twitter:card\" content=\"summary_large_image\" \/>\n<script type=\"application\/ld+json\" class=\"yoast-schema-graph\">{\"@context\":\"https:\/\/schema.org\",\"@graph\":[{\"@type\":\"WebPage\",\"@id\":\"https:\/\/australisrecords.com\/shop\/producto\/death-yell\/\",\"url\":\"https:\/\/australisrecords.com\/shop\/producto\/death-yell\/\",\"name\":\"Death Yell - Australis Records - Music from the End of the World\",\"isPartOf\":{\"@id\":\"https:\/\/australisrecords.com\/shop\/#website\"},\"primaryImageOfPage\":{\"@id\":\"https:\/\/australisrecords.com\/shop\/producto\/death-yell\/#primaryimage\"},\"image\":{\"@id\":\"https:\/\/australisrecords.com\/shop\/producto\/death-yell\/#primaryimage\"},\"thumbnailUrl\":\"https:\/\/australisrecords.com\/shop\/wp-content\/uploads\/2020\/08\/a0567933751_10.jpg\",\"datePublished\":\"2020-08-30T23:41:11+00:00\",\"dateModified\":\"2023-12-08T18:12:39+00:00\",\"breadcrumb\":{\"@id\":\"https:\/\/australisrecords.com\/shop\/producto\/death-yell\/#breadcrumb\"},\"inLanguage\":\"en-US\",\"potentialAction\":[{\"@type\":\"ReadAction\",\"target\":[\"https:\/\/australisrecords.com\/shop\/producto\/death-yell\/\"]}]},{\"@type\":\"ImageObject\",\"inLanguage\":\"en-US\",\"@id\":\"https:\/\/australisrecords.com\/shop\/producto\/death-yell\/#primaryimage\",\"url\":\"https:\/\/australisrecords.com\/shop\/wp-content\/uploads\/2020\/08\/a0567933751_10.jpg\",\"contentUrl\":\"https:\/\/australisrecords.com\/shop\/wp-content\/uploads\/2020\/08\/a0567933751_10.jpg\",\"width\":1188,\"height\":1200},{\"@type\":\"BreadcrumbList\",\"@id\":\"https:\/\/australisrecords.com\/shop\/producto\/death-yell\/#breadcrumb\",\"itemListElement\":[{\"@type\":\"ListItem\",\"position\":1,\"name\":\"Home\",\"item\":\"https:\/\/australisrecords.com\/shop\/\"},{\"@type\":\"ListItem\",\"position\":2,\"name\":\"Shop\",\"item\":\"https:\/\/australisrecords.com\/shop\/shop-2\/\"},{\"@type\":\"ListItem\",\"position\":3,\"name\":\"Death Yell\"}]},{\"@type\":\"WebSite\",\"@id\":\"https:\/\/australisrecords.com\/shop\/#website\",\"url\":\"https:\/\/australisrecords.com\/shop\/\",\"name\":\"Australis Records - Music from the End of the World\",\"description\":\"\",\"potentialAction\":[{\"@type\":\"SearchAction\",\"target\":{\"@type\":\"EntryPoint\",\"urlTemplate\":\"https:\/\/australisrecords.com\/shop\/?s={search_term_string}\"},\"query-input\":\"required name=search_term_string\"}],\"inLanguage\":\"en-US\"}]}<\/script>\n<!-- \/ Yoast SEO plugin. -->","yoast_head_json":{"title":"Death Yell - Australis Records - Music from the End of the World","robots":{"index":"index","follow":"follow","max-snippet":"max-snippet:-1","max-image-preview":"max-image-preview:large","max-video-preview":"max-video-preview:-1"},"canonical":"https:\/\/australisrecords.com\/shop\/producto\/death-yell\/","og_locale":"en_US","og_type":"article","og_title":"Death Yell - Australis Records - Music from the End of the World","og_description":"&nbsp; &nbsp; Long awaited debut album from Chilean DEATH YELL who managed to keep their occult Death Thrash style alive during all the years of absence. &nbsp; Muy esperado \u00e1lbum debut del chileno DEATH YELL que logr\u00f3 mantener vivo su estilo oculto Death Thrash durante todos los a\u00f1os de ausencia. 1. Soulless 2. Descent into [&hellip;]","og_url":"https:\/\/australisrecords.com\/shop\/producto\/death-yell\/","og_site_name":"Australis Records - Music from the End of the World","article_modified_time":"2023-12-08T18:12:39+00:00","og_image":[{"width":1188,"height":1200,"url":"https:\/\/australisrecords.com\/shop\/wp-content\/uploads\/2020\/08\/a0567933751_10.jpg","type":"image\/jpeg"}],"twitter_card":"summary_large_image","schema":{"@context":"https:\/\/schema.org","@graph":[{"@type":"WebPage","@id":"https:\/\/australisrecords.com\/shop\/producto\/death-yell\/","url":"https:\/\/australisrecords.com\/shop\/producto\/death-yell\/","name":"Death Yell - Australis Records - Music from the End of the World","isPartOf":{"@id":"https:\/\/australisrecords.com\/shop\/#website"},"primaryImageOfPage":{"@id":"https:\/\/australisrecords.com\/shop\/producto\/death-yell\/#primaryimage"},"image":{"@id":"https:\/\/australisrecords.com\/shop\/producto\/death-yell\/#primaryimage"},"thumbnailUrl":"https:\/\/australisrecords.com\/shop\/wp-content\/uploads\/2020\/08\/a0567933751_10.jpg","datePublished":"2020-08-30T23:41:11+00:00","dateModified":"2023-12-08T18:12:39+00:00","breadcrumb":{"@id":"https:\/\/australisrecords.com\/shop\/producto\/death-yell\/#breadcrumb"},"inLanguage":"en-US","potentialAction":[{"@type":"ReadAction","target":["https:\/\/australisrecords.com\/shop\/producto\/death-yell\/"]}]},{"@type":"ImageObject","inLanguage":"en-US","@id":"https:\/\/australisrecords.com\/shop\/producto\/death-yell\/#primaryimage","url":"https:\/\/australisrecords.com\/shop\/wp-content\/uploads\/2020\/08\/a0567933751_10.jpg","contentUrl":"https:\/\/australisrecords.com\/shop\/wp-content\/uploads\/2020\/08\/a0567933751_10.jpg","width":1188,"height":1200},{"@type":"BreadcrumbList","@id":"https:\/\/australisrecords.com\/shop\/producto\/death-yell\/#breadcrumb","itemListElement":[{"@type":"ListItem","position":1,"name":"Home","item":"https:\/\/australisrecords.com\/shop\/"},{"@type":"ListItem","position":2,"name":"Shop","item":"https:\/\/australisrecords.com\/shop\/shop-2\/"},{"@type":"ListItem","position":3,"name":"Death Yell"}]},{"@type":"WebSite","@id":"https:\/\/australisrecords.com\/shop\/#website","url":"https:\/\/australisrecords.com\/shop\/","name":"Australis Records - Music from the End of the World","description":"","potentialAction":[{"@type":"SearchAction","target":{"@type":"EntryPoint","urlTemplate":"https:\/\/australisrecords.com\/shop\/?s={search_term_string}"},"query-input":"required name=search_term_string"}],"inLanguage":"en-US"}]}},"_links":{"self":[{"href":"https:\/\/australisrecords.com\/shop\/wp-json\/wp\/v2\/product\/21159"}],"collection":[{"href":"https:\/\/australisrecords.com\/shop\/wp-json\/wp\/v2\/product"}],"about":[{"href":"https:\/\/australisrecords.com\/shop\/wp-json\/wp\/v2\/types\/product"}],"version-history":[{"count":2,"href":"https:\/\/australisrecords.com\/shop\/wp-json\/wp\/v2\/product\/21159\/revisions"}],"predecessor-version":[{"id":21392,"href":"https:\/\/australisrecords.com\/shop\/wp-json\/wp\/v2\/product\/21159\/revisions\/21392"}],"wp:featuredmedia":[{"embeddable":true,"href":"https:\/\/australisrecords.com\/shop\/wp-json\/wp\/v2\/media\/21390"}],"wp:attachment":[{"href":"https:\/\/australisrecords.com\/shop\/wp-json\/wp\/v2\/media?parent=21159"}],"wp:term":[{"taxonomy":"product_cat","embeddable":true,"href":"https:\/\/australisrecords.com\/shop\/wp-json\/wp\/v2\/product_cat?post=21159"},{"taxonomy":"product_tag","embeddable":true,"href":"https:\/\/australisrecords.com\/shop\/wp-json\/wp\/v2\/product_tag?post=21159"}],"curies":[{"name":"wp","href":"https:\/\/api.w.org\/{rel}","templated":true}]}}