{"id":20398,"date":"2020-08-16T01:04:22","date_gmt":"2020-08-16T01:04:22","guid":{"rendered":"http:\/\/australisrecords.com\/shop\/?post_type=product&#038;p=20398"},"modified":"2020-08-16T03:51:40","modified_gmt":"2020-08-16T03:51:40","slug":"umbraculum-funebris-horda-666-shoggots","status":"publish","type":"product","link":"https:\/\/australisrecords.com\/shop\/producto\/umbraculum-funebris-horda-666-shoggots\/","title":{"rendered":"Umbraculum Funebris \/ Horda 666 \/ Shoggots"},"content":{"rendered":"<div id=\"dslc-theme-content\"><div id=\"dslc-theme-content-inner\"><p>&nbsp;<\/p>\n<p>&nbsp;<\/p>\n<\/div><\/div>","protected":false},"excerpt":{"rendered":"<p>&nbsp; Blasphemous Bacl Metal from Brazil &nbsp; Black Metal Blasfemo desde Brasil 1. Shoggots &#8211; Hino Triunfo Luciferiano 2. Shoggots &#8211; Meretriz de Satan\u00e1s 3. Shoggots &#8211; O Princ\u00edpio do Fim 4. Shoggots &#8211; Sacristia Pag\u00e3 5. Umbraculum Funebris &#8211; Spirits of Gehenna 6. Umbraculum Funebris &#8211; Minha Alma Velada pela Escurid\u00e3o 7. Umbraculum Funebris [&hellip;]<\/p>\n","protected":false},"featured_media":20413,"template":"","meta":{"_acf_changed":false},"product_cat":[92,304,314,87],"product_tag":[],"acf":[],"yoast_head":"<!-- This site is optimized with the Yoast SEO plugin v22.9 - https:\/\/yoast.com\/wordpress\/plugins\/seo\/ -->\n<title>Umbraculum Funebris \/ Horda 666 \/ Shoggots - Australis Records - Music from the End of the World<\/title>\n<meta name=\"robots\" content=\"index, follow, max-snippet:-1, max-image-preview:large, max-video-preview:-1\" \/>\n<link rel=\"canonical\" href=\"https:\/\/australisrecords.com\/shop\/producto\/umbraculum-funebris-horda-666-shoggots\/\" \/>\n<meta property=\"og:locale\" content=\"en_US\" \/>\n<meta property=\"og:type\" content=\"article\" \/>\n<meta property=\"og:title\" content=\"Umbraculum Funebris \/ Horda 666 \/ Shoggots - Australis Records - Music from the End of the World\" \/>\n<meta property=\"og:description\" content=\"&nbsp; Blasphemous Bacl Metal from Brazil &nbsp; Black Metal Blasfemo desde Brasil 1. Shoggots &#8211; Hino Triunfo Luciferiano 2. Shoggots &#8211; Meretriz de Satan\u00e1s 3. Shoggots &#8211; O Princ\u00edpio do Fim 4. Shoggots &#8211; Sacristia Pag\u00e3 5. Umbraculum Funebris &#8211; Spirits of Gehenna 6. Umbraculum Funebris &#8211; Minha Alma Velada pela Escurid\u00e3o 7. Umbraculum Funebris [&hellip;]\" \/>\n<meta property=\"og:url\" content=\"https:\/\/australisrecords.com\/shop\/producto\/umbraculum-funebris-horda-666-shoggots\/\" \/>\n<meta property=\"og:site_name\" content=\"Australis Records - Music from the End of the World\" \/>\n<meta property=\"article:modified_time\" content=\"2020-08-16T03:51:40+00:00\" \/>\n<meta property=\"og:image\" content=\"https:\/\/australisrecords.com\/shop\/wp-content\/uploads\/2020\/08\/534265.jpg\" \/>\n\t<meta property=\"og:image:width\" content=\"338\" \/>\n\t<meta property=\"og:image:height\" content=\"336\" \/>\n\t<meta property=\"og:image:type\" content=\"image\/jpeg\" \/>\n<meta name=\"twitter:card\" content=\"summary_large_image\" \/>\n<script type=\"application\/ld+json\" class=\"yoast-schema-graph\">{\"@context\":\"https:\/\/schema.org\",\"@graph\":[{\"@type\":\"WebPage\",\"@id\":\"https:\/\/australisrecords.com\/shop\/producto\/umbraculum-funebris-horda-666-shoggots\/\",\"url\":\"https:\/\/australisrecords.com\/shop\/producto\/umbraculum-funebris-horda-666-shoggots\/\",\"name\":\"Umbraculum Funebris \/ Horda 666 \/ Shoggots - Australis Records - Music from the End of the World\",\"isPartOf\":{\"@id\":\"https:\/\/australisrecords.com\/shop\/#website\"},\"primaryImageOfPage\":{\"@id\":\"https:\/\/australisrecords.com\/shop\/producto\/umbraculum-funebris-horda-666-shoggots\/#primaryimage\"},\"image\":{\"@id\":\"https:\/\/australisrecords.com\/shop\/producto\/umbraculum-funebris-horda-666-shoggots\/#primaryimage\"},\"thumbnailUrl\":\"https:\/\/australisrecords.com\/shop\/wp-content\/uploads\/2020\/08\/534265.jpg\",\"datePublished\":\"2020-08-16T01:04:22+00:00\",\"dateModified\":\"2020-08-16T03:51:40+00:00\",\"breadcrumb\":{\"@id\":\"https:\/\/australisrecords.com\/shop\/producto\/umbraculum-funebris-horda-666-shoggots\/#breadcrumb\"},\"inLanguage\":\"en-US\",\"potentialAction\":[{\"@type\":\"ReadAction\",\"target\":[\"https:\/\/australisrecords.com\/shop\/producto\/umbraculum-funebris-horda-666-shoggots\/\"]}]},{\"@type\":\"ImageObject\",\"inLanguage\":\"en-US\",\"@id\":\"https:\/\/australisrecords.com\/shop\/producto\/umbraculum-funebris-horda-666-shoggots\/#primaryimage\",\"url\":\"https:\/\/australisrecords.com\/shop\/wp-content\/uploads\/2020\/08\/534265.jpg\",\"contentUrl\":\"https:\/\/australisrecords.com\/shop\/wp-content\/uploads\/2020\/08\/534265.jpg\",\"width\":338,\"height\":336},{\"@type\":\"BreadcrumbList\",\"@id\":\"https:\/\/australisrecords.com\/shop\/producto\/umbraculum-funebris-horda-666-shoggots\/#breadcrumb\",\"itemListElement\":[{\"@type\":\"ListItem\",\"position\":1,\"name\":\"Home\",\"item\":\"https:\/\/australisrecords.com\/shop\/\"},{\"@type\":\"ListItem\",\"position\":2,\"name\":\"Shop\",\"item\":\"https:\/\/australisrecords.com\/shop\/shop-2\/\"},{\"@type\":\"ListItem\",\"position\":3,\"name\":\"Umbraculum Funebris \/ Horda 666 \/ Shoggots\"}]},{\"@type\":\"WebSite\",\"@id\":\"https:\/\/australisrecords.com\/shop\/#website\",\"url\":\"https:\/\/australisrecords.com\/shop\/\",\"name\":\"Australis Records - Music from the End of the World\",\"description\":\"\",\"potentialAction\":[{\"@type\":\"SearchAction\",\"target\":{\"@type\":\"EntryPoint\",\"urlTemplate\":\"https:\/\/australisrecords.com\/shop\/?s={search_term_string}\"},\"query-input\":\"required name=search_term_string\"}],\"inLanguage\":\"en-US\"}]}<\/script>\n<!-- \/ Yoast SEO plugin. -->","yoast_head_json":{"title":"Umbraculum Funebris \/ Horda 666 \/ Shoggots - Australis Records - Music from the End of the World","robots":{"index":"index","follow":"follow","max-snippet":"max-snippet:-1","max-image-preview":"max-image-preview:large","max-video-preview":"max-video-preview:-1"},"canonical":"https:\/\/australisrecords.com\/shop\/producto\/umbraculum-funebris-horda-666-shoggots\/","og_locale":"en_US","og_type":"article","og_title":"Umbraculum Funebris \/ Horda 666 \/ Shoggots - Australis Records - Music from the End of the World","og_description":"&nbsp; Blasphemous Bacl Metal from Brazil &nbsp; Black Metal Blasfemo desde Brasil 1. Shoggots &#8211; Hino Triunfo Luciferiano 2. Shoggots &#8211; Meretriz de Satan\u00e1s 3. Shoggots &#8211; O Princ\u00edpio do Fim 4. Shoggots &#8211; Sacristia Pag\u00e3 5. Umbraculum Funebris &#8211; Spirits of Gehenna 6. Umbraculum Funebris &#8211; Minha Alma Velada pela Escurid\u00e3o 7. Umbraculum Funebris [&hellip;]","og_url":"https:\/\/australisrecords.com\/shop\/producto\/umbraculum-funebris-horda-666-shoggots\/","og_site_name":"Australis Records - Music from the End of the World","article_modified_time":"2020-08-16T03:51:40+00:00","og_image":[{"width":338,"height":336,"url":"https:\/\/australisrecords.com\/shop\/wp-content\/uploads\/2020\/08\/534265.jpg","type":"image\/jpeg"}],"twitter_card":"summary_large_image","schema":{"@context":"https:\/\/schema.org","@graph":[{"@type":"WebPage","@id":"https:\/\/australisrecords.com\/shop\/producto\/umbraculum-funebris-horda-666-shoggots\/","url":"https:\/\/australisrecords.com\/shop\/producto\/umbraculum-funebris-horda-666-shoggots\/","name":"Umbraculum Funebris \/ Horda 666 \/ Shoggots - Australis Records - Music from the End of the World","isPartOf":{"@id":"https:\/\/australisrecords.com\/shop\/#website"},"primaryImageOfPage":{"@id":"https:\/\/australisrecords.com\/shop\/producto\/umbraculum-funebris-horda-666-shoggots\/#primaryimage"},"image":{"@id":"https:\/\/australisrecords.com\/shop\/producto\/umbraculum-funebris-horda-666-shoggots\/#primaryimage"},"thumbnailUrl":"https:\/\/australisrecords.com\/shop\/wp-content\/uploads\/2020\/08\/534265.jpg","datePublished":"2020-08-16T01:04:22+00:00","dateModified":"2020-08-16T03:51:40+00:00","breadcrumb":{"@id":"https:\/\/australisrecords.com\/shop\/producto\/umbraculum-funebris-horda-666-shoggots\/#breadcrumb"},"inLanguage":"en-US","potentialAction":[{"@type":"ReadAction","target":["https:\/\/australisrecords.com\/shop\/producto\/umbraculum-funebris-horda-666-shoggots\/"]}]},{"@type":"ImageObject","inLanguage":"en-US","@id":"https:\/\/australisrecords.com\/shop\/producto\/umbraculum-funebris-horda-666-shoggots\/#primaryimage","url":"https:\/\/australisrecords.com\/shop\/wp-content\/uploads\/2020\/08\/534265.jpg","contentUrl":"https:\/\/australisrecords.com\/shop\/wp-content\/uploads\/2020\/08\/534265.jpg","width":338,"height":336},{"@type":"BreadcrumbList","@id":"https:\/\/australisrecords.com\/shop\/producto\/umbraculum-funebris-horda-666-shoggots\/#breadcrumb","itemListElement":[{"@type":"ListItem","position":1,"name":"Home","item":"https:\/\/australisrecords.com\/shop\/"},{"@type":"ListItem","position":2,"name":"Shop","item":"https:\/\/australisrecords.com\/shop\/shop-2\/"},{"@type":"ListItem","position":3,"name":"Umbraculum Funebris \/ Horda 666 \/ Shoggots"}]},{"@type":"WebSite","@id":"https:\/\/australisrecords.com\/shop\/#website","url":"https:\/\/australisrecords.com\/shop\/","name":"Australis Records - Music from the End of the World","description":"","potentialAction":[{"@type":"SearchAction","target":{"@type":"EntryPoint","urlTemplate":"https:\/\/australisrecords.com\/shop\/?s={search_term_string}"},"query-input":"required name=search_term_string"}],"inLanguage":"en-US"}]}},"_links":{"self":[{"href":"https:\/\/australisrecords.com\/shop\/wp-json\/wp\/v2\/product\/20398"}],"collection":[{"href":"https:\/\/australisrecords.com\/shop\/wp-json\/wp\/v2\/product"}],"about":[{"href":"https:\/\/australisrecords.com\/shop\/wp-json\/wp\/v2\/types\/product"}],"version-history":[{"count":2,"href":"https:\/\/australisrecords.com\/shop\/wp-json\/wp\/v2\/product\/20398\/revisions"}],"predecessor-version":[{"id":20418,"href":"https:\/\/australisrecords.com\/shop\/wp-json\/wp\/v2\/product\/20398\/revisions\/20418"}],"wp:featuredmedia":[{"embeddable":true,"href":"https:\/\/australisrecords.com\/shop\/wp-json\/wp\/v2\/media\/20413"}],"wp:attachment":[{"href":"https:\/\/australisrecords.com\/shop\/wp-json\/wp\/v2\/media?parent=20398"}],"wp:term":[{"taxonomy":"product_cat","embeddable":true,"href":"https:\/\/australisrecords.com\/shop\/wp-json\/wp\/v2\/product_cat?post=20398"},{"taxonomy":"product_tag","embeddable":true,"href":"https:\/\/australisrecords.com\/shop\/wp-json\/wp\/v2\/product_tag?post=20398"}],"curies":[{"name":"wp","href":"https:\/\/api.w.org\/{rel}","templated":true}]}}