{"id":20363,"date":"2020-08-14T06:02:24","date_gmt":"2020-08-14T06:02:24","guid":{"rendered":"http:\/\/australisrecords.com\/shop\/?post_type=product&#038;p=20363"},"modified":"2020-08-15T06:26:34","modified_gmt":"2020-08-15T06:26:34","slug":"solitude-project-vita-odiosa","status":"publish","type":"product","link":"https:\/\/australisrecords.com\/shop\/producto\/solitude-project-vita-odiosa\/","title":{"rendered":"Solitude Project  \/  Vita Odiosa"},"content":{"rendered":"<div id=\"dslc-theme-content\"><div id=\"dslc-theme-content-inner\"><p>&nbsp;<\/p>\n<p>&nbsp;<\/p>\n<\/div><\/div>","protected":false},"excerpt":{"rendered":"<p>&nbsp; Two Italian dark metal bands creating melodic black doom with a sublime gothic feel incorporating acoustic guitars, dreamy solemn moods and clean vocals. For fans of Novembre &amp; Alcest. &nbsp; Dos bandas italianas de metal oscuro que crean un mel\u00f3dico black doom con un toque g\u00f3tico sublime que incorpora guitarras ac\u00fasticas, estados de \u00e1nimo [&hellip;]<\/p>\n","protected":false},"featured_media":20389,"template":"","meta":{"_acf_changed":false},"product_cat":[92,304,314,305,87],"product_tag":[],"acf":[],"yoast_head":"<!-- This site is optimized with the Yoast SEO plugin v22.9 - https:\/\/yoast.com\/wordpress\/plugins\/seo\/ -->\n<title>Solitude Project \/ Vita Odiosa - Australis Records - Music from the End of the World<\/title>\n<meta name=\"robots\" content=\"index, follow, max-snippet:-1, max-image-preview:large, max-video-preview:-1\" \/>\n<link rel=\"canonical\" href=\"https:\/\/australisrecords.com\/shop\/producto\/solitude-project-vita-odiosa\/\" \/>\n<meta property=\"og:locale\" content=\"en_US\" \/>\n<meta property=\"og:type\" content=\"article\" \/>\n<meta property=\"og:title\" content=\"Solitude Project \/ Vita Odiosa - Australis Records - Music from the End of the World\" \/>\n<meta property=\"og:description\" content=\"&nbsp; Two Italian dark metal bands creating melodic black doom with a sublime gothic feel incorporating acoustic guitars, dreamy solemn moods and clean vocals. For fans of Novembre &amp; Alcest. &nbsp; Dos bandas italianas de metal oscuro que crean un mel\u00f3dico black doom con un toque g\u00f3tico sublime que incorpora guitarras ac\u00fasticas, estados de \u00e1nimo [&hellip;]\" \/>\n<meta property=\"og:url\" content=\"https:\/\/australisrecords.com\/shop\/producto\/solitude-project-vita-odiosa\/\" \/>\n<meta property=\"og:site_name\" content=\"Australis Records - Music from the End of the World\" \/>\n<meta property=\"article:modified_time\" content=\"2020-08-15T06:26:34+00:00\" \/>\n<meta property=\"og:image\" content=\"https:\/\/australisrecords.com\/shop\/wp-content\/uploads\/2020\/08\/398652.jpg\" \/>\n\t<meta property=\"og:image:width\" content=\"502\" \/>\n\t<meta property=\"og:image:height\" content=\"495\" \/>\n\t<meta property=\"og:image:type\" content=\"image\/jpeg\" \/>\n<meta name=\"twitter:card\" content=\"summary_large_image\" \/>\n<script type=\"application\/ld+json\" class=\"yoast-schema-graph\">{\"@context\":\"https:\/\/schema.org\",\"@graph\":[{\"@type\":\"WebPage\",\"@id\":\"https:\/\/australisrecords.com\/shop\/producto\/solitude-project-vita-odiosa\/\",\"url\":\"https:\/\/australisrecords.com\/shop\/producto\/solitude-project-vita-odiosa\/\",\"name\":\"Solitude Project \/ Vita Odiosa - Australis Records - Music from the End of the World\",\"isPartOf\":{\"@id\":\"https:\/\/australisrecords.com\/shop\/#website\"},\"primaryImageOfPage\":{\"@id\":\"https:\/\/australisrecords.com\/shop\/producto\/solitude-project-vita-odiosa\/#primaryimage\"},\"image\":{\"@id\":\"https:\/\/australisrecords.com\/shop\/producto\/solitude-project-vita-odiosa\/#primaryimage\"},\"thumbnailUrl\":\"https:\/\/australisrecords.com\/shop\/wp-content\/uploads\/2020\/08\/398652.jpg\",\"datePublished\":\"2020-08-14T06:02:24+00:00\",\"dateModified\":\"2020-08-15T06:26:34+00:00\",\"breadcrumb\":{\"@id\":\"https:\/\/australisrecords.com\/shop\/producto\/solitude-project-vita-odiosa\/#breadcrumb\"},\"inLanguage\":\"en-US\",\"potentialAction\":[{\"@type\":\"ReadAction\",\"target\":[\"https:\/\/australisrecords.com\/shop\/producto\/solitude-project-vita-odiosa\/\"]}]},{\"@type\":\"ImageObject\",\"inLanguage\":\"en-US\",\"@id\":\"https:\/\/australisrecords.com\/shop\/producto\/solitude-project-vita-odiosa\/#primaryimage\",\"url\":\"https:\/\/australisrecords.com\/shop\/wp-content\/uploads\/2020\/08\/398652.jpg\",\"contentUrl\":\"https:\/\/australisrecords.com\/shop\/wp-content\/uploads\/2020\/08\/398652.jpg\",\"width\":502,\"height\":495},{\"@type\":\"BreadcrumbList\",\"@id\":\"https:\/\/australisrecords.com\/shop\/producto\/solitude-project-vita-odiosa\/#breadcrumb\",\"itemListElement\":[{\"@type\":\"ListItem\",\"position\":1,\"name\":\"Home\",\"item\":\"https:\/\/australisrecords.com\/shop\/\"},{\"@type\":\"ListItem\",\"position\":2,\"name\":\"Shop\",\"item\":\"https:\/\/australisrecords.com\/shop\/shop-2\/\"},{\"@type\":\"ListItem\",\"position\":3,\"name\":\"Solitude Project \/ Vita Odiosa\"}]},{\"@type\":\"WebSite\",\"@id\":\"https:\/\/australisrecords.com\/shop\/#website\",\"url\":\"https:\/\/australisrecords.com\/shop\/\",\"name\":\"Australis Records - Music from the End of the World\",\"description\":\"\",\"potentialAction\":[{\"@type\":\"SearchAction\",\"target\":{\"@type\":\"EntryPoint\",\"urlTemplate\":\"https:\/\/australisrecords.com\/shop\/?s={search_term_string}\"},\"query-input\":\"required name=search_term_string\"}],\"inLanguage\":\"en-US\"}]}<\/script>\n<!-- \/ Yoast SEO plugin. -->","yoast_head_json":{"title":"Solitude Project \/ Vita Odiosa - Australis Records - Music from the End of the World","robots":{"index":"index","follow":"follow","max-snippet":"max-snippet:-1","max-image-preview":"max-image-preview:large","max-video-preview":"max-video-preview:-1"},"canonical":"https:\/\/australisrecords.com\/shop\/producto\/solitude-project-vita-odiosa\/","og_locale":"en_US","og_type":"article","og_title":"Solitude Project \/ Vita Odiosa - Australis Records - Music from the End of the World","og_description":"&nbsp; Two Italian dark metal bands creating melodic black doom with a sublime gothic feel incorporating acoustic guitars, dreamy solemn moods and clean vocals. For fans of Novembre &amp; Alcest. &nbsp; Dos bandas italianas de metal oscuro que crean un mel\u00f3dico black doom con un toque g\u00f3tico sublime que incorpora guitarras ac\u00fasticas, estados de \u00e1nimo [&hellip;]","og_url":"https:\/\/australisrecords.com\/shop\/producto\/solitude-project-vita-odiosa\/","og_site_name":"Australis Records - Music from the End of the World","article_modified_time":"2020-08-15T06:26:34+00:00","og_image":[{"width":502,"height":495,"url":"https:\/\/australisrecords.com\/shop\/wp-content\/uploads\/2020\/08\/398652.jpg","type":"image\/jpeg"}],"twitter_card":"summary_large_image","schema":{"@context":"https:\/\/schema.org","@graph":[{"@type":"WebPage","@id":"https:\/\/australisrecords.com\/shop\/producto\/solitude-project-vita-odiosa\/","url":"https:\/\/australisrecords.com\/shop\/producto\/solitude-project-vita-odiosa\/","name":"Solitude Project \/ Vita Odiosa - Australis Records - Music from the End of the World","isPartOf":{"@id":"https:\/\/australisrecords.com\/shop\/#website"},"primaryImageOfPage":{"@id":"https:\/\/australisrecords.com\/shop\/producto\/solitude-project-vita-odiosa\/#primaryimage"},"image":{"@id":"https:\/\/australisrecords.com\/shop\/producto\/solitude-project-vita-odiosa\/#primaryimage"},"thumbnailUrl":"https:\/\/australisrecords.com\/shop\/wp-content\/uploads\/2020\/08\/398652.jpg","datePublished":"2020-08-14T06:02:24+00:00","dateModified":"2020-08-15T06:26:34+00:00","breadcrumb":{"@id":"https:\/\/australisrecords.com\/shop\/producto\/solitude-project-vita-odiosa\/#breadcrumb"},"inLanguage":"en-US","potentialAction":[{"@type":"ReadAction","target":["https:\/\/australisrecords.com\/shop\/producto\/solitude-project-vita-odiosa\/"]}]},{"@type":"ImageObject","inLanguage":"en-US","@id":"https:\/\/australisrecords.com\/shop\/producto\/solitude-project-vita-odiosa\/#primaryimage","url":"https:\/\/australisrecords.com\/shop\/wp-content\/uploads\/2020\/08\/398652.jpg","contentUrl":"https:\/\/australisrecords.com\/shop\/wp-content\/uploads\/2020\/08\/398652.jpg","width":502,"height":495},{"@type":"BreadcrumbList","@id":"https:\/\/australisrecords.com\/shop\/producto\/solitude-project-vita-odiosa\/#breadcrumb","itemListElement":[{"@type":"ListItem","position":1,"name":"Home","item":"https:\/\/australisrecords.com\/shop\/"},{"@type":"ListItem","position":2,"name":"Shop","item":"https:\/\/australisrecords.com\/shop\/shop-2\/"},{"@type":"ListItem","position":3,"name":"Solitude Project \/ Vita Odiosa"}]},{"@type":"WebSite","@id":"https:\/\/australisrecords.com\/shop\/#website","url":"https:\/\/australisrecords.com\/shop\/","name":"Australis Records - Music from the End of the World","description":"","potentialAction":[{"@type":"SearchAction","target":{"@type":"EntryPoint","urlTemplate":"https:\/\/australisrecords.com\/shop\/?s={search_term_string}"},"query-input":"required name=search_term_string"}],"inLanguage":"en-US"}]}},"_links":{"self":[{"href":"https:\/\/australisrecords.com\/shop\/wp-json\/wp\/v2\/product\/20363"}],"collection":[{"href":"https:\/\/australisrecords.com\/shop\/wp-json\/wp\/v2\/product"}],"about":[{"href":"https:\/\/australisrecords.com\/shop\/wp-json\/wp\/v2\/types\/product"}],"version-history":[{"count":2,"href":"https:\/\/australisrecords.com\/shop\/wp-json\/wp\/v2\/product\/20363\/revisions"}],"predecessor-version":[{"id":20391,"href":"https:\/\/australisrecords.com\/shop\/wp-json\/wp\/v2\/product\/20363\/revisions\/20391"}],"wp:featuredmedia":[{"embeddable":true,"href":"https:\/\/australisrecords.com\/shop\/wp-json\/wp\/v2\/media\/20389"}],"wp:attachment":[{"href":"https:\/\/australisrecords.com\/shop\/wp-json\/wp\/v2\/media?parent=20363"}],"wp:term":[{"taxonomy":"product_cat","embeddable":true,"href":"https:\/\/australisrecords.com\/shop\/wp-json\/wp\/v2\/product_cat?post=20363"},{"taxonomy":"product_tag","embeddable":true,"href":"https:\/\/australisrecords.com\/shop\/wp-json\/wp\/v2\/product_tag?post=20363"}],"curies":[{"name":"wp","href":"https:\/\/api.w.org\/{rel}","templated":true}]}}