{"id":19830,"date":"2020-08-09T01:50:05","date_gmt":"2020-08-09T01:50:05","guid":{"rendered":"http:\/\/australisrecords.com\/shop\/?post_type=product&#038;p=19830"},"modified":"2020-08-09T02:17:07","modified_gmt":"2020-08-09T02:17:07","slug":"rottentown","status":"publish","type":"product","link":"https:\/\/australisrecords.com\/shop\/producto\/rottentown\/","title":{"rendered":"Rottentown"},"content":{"rendered":"<div id=\"dslc-theme-content\"><div id=\"dslc-theme-content-inner\"><p>&nbsp;<\/p>\n<p>&nbsp;<\/p>\n<\/div><\/div>","protected":false},"excerpt":{"rendered":"<p>&nbsp; 1st EP of Spanish female fronted metal band. They are playing pure heavy metal in the vein of Twisted Tower Dire. &nbsp; 1er EP de una banda espa\u00f1ola de metal con vocalista femenina. Est\u00e1n tocando heavy metal puro en la l\u00ednea de Twisted Tower Dire. 1. Rock Religion 2. Fear 3. Queen of Darkness [&hellip;]<\/p>\n","protected":false},"featured_media":19846,"template":"","meta":{"_acf_changed":false},"product_cat":[92,314,306,87],"product_tag":[],"acf":[],"yoast_head":"<!-- This site is optimized with the Yoast SEO plugin v22.9 - https:\/\/yoast.com\/wordpress\/plugins\/seo\/ -->\n<title>Rottentown - Australis Records - Music from the End of the World<\/title>\n<meta name=\"robots\" content=\"index, follow, max-snippet:-1, max-image-preview:large, max-video-preview:-1\" \/>\n<link rel=\"canonical\" href=\"https:\/\/australisrecords.com\/shop\/producto\/rottentown\/\" \/>\n<meta property=\"og:locale\" content=\"en_US\" \/>\n<meta property=\"og:type\" content=\"article\" \/>\n<meta property=\"og:title\" content=\"Rottentown - Australis Records - Music from the End of the World\" \/>\n<meta property=\"og:description\" content=\"&nbsp; 1st EP of Spanish female fronted metal band. They are playing pure heavy metal in the vein of Twisted Tower Dire. &nbsp; 1er EP de una banda espa\u00f1ola de metal con vocalista femenina. Est\u00e1n tocando heavy metal puro en la l\u00ednea de Twisted Tower Dire. 1. Rock Religion 2. Fear 3. Queen of Darkness [&hellip;]\" \/>\n<meta property=\"og:url\" content=\"https:\/\/australisrecords.com\/shop\/producto\/rottentown\/\" \/>\n<meta property=\"og:site_name\" content=\"Australis Records - Music from the End of the World\" \/>\n<meta property=\"article:modified_time\" content=\"2020-08-09T02:17:07+00:00\" \/>\n<meta property=\"og:image\" content=\"https:\/\/australisrecords.com\/shop\/wp-content\/uploads\/2020\/08\/a1476779574_10.jpg\" \/>\n\t<meta property=\"og:image:width\" content=\"700\" \/>\n\t<meta property=\"og:image:height\" content=\"700\" \/>\n\t<meta property=\"og:image:type\" content=\"image\/jpeg\" \/>\n<meta name=\"twitter:card\" content=\"summary_large_image\" \/>\n<script type=\"application\/ld+json\" class=\"yoast-schema-graph\">{\"@context\":\"https:\/\/schema.org\",\"@graph\":[{\"@type\":\"WebPage\",\"@id\":\"https:\/\/australisrecords.com\/shop\/producto\/rottentown\/\",\"url\":\"https:\/\/australisrecords.com\/shop\/producto\/rottentown\/\",\"name\":\"Rottentown - Australis Records - Music from the End of the World\",\"isPartOf\":{\"@id\":\"https:\/\/australisrecords.com\/shop\/#website\"},\"primaryImageOfPage\":{\"@id\":\"https:\/\/australisrecords.com\/shop\/producto\/rottentown\/#primaryimage\"},\"image\":{\"@id\":\"https:\/\/australisrecords.com\/shop\/producto\/rottentown\/#primaryimage\"},\"thumbnailUrl\":\"https:\/\/australisrecords.com\/shop\/wp-content\/uploads\/2020\/08\/a1476779574_10.jpg\",\"datePublished\":\"2020-08-09T01:50:05+00:00\",\"dateModified\":\"2020-08-09T02:17:07+00:00\",\"breadcrumb\":{\"@id\":\"https:\/\/australisrecords.com\/shop\/producto\/rottentown\/#breadcrumb\"},\"inLanguage\":\"en-US\",\"potentialAction\":[{\"@type\":\"ReadAction\",\"target\":[\"https:\/\/australisrecords.com\/shop\/producto\/rottentown\/\"]}]},{\"@type\":\"ImageObject\",\"inLanguage\":\"en-US\",\"@id\":\"https:\/\/australisrecords.com\/shop\/producto\/rottentown\/#primaryimage\",\"url\":\"https:\/\/australisrecords.com\/shop\/wp-content\/uploads\/2020\/08\/a1476779574_10.jpg\",\"contentUrl\":\"https:\/\/australisrecords.com\/shop\/wp-content\/uploads\/2020\/08\/a1476779574_10.jpg\",\"width\":700,\"height\":700},{\"@type\":\"BreadcrumbList\",\"@id\":\"https:\/\/australisrecords.com\/shop\/producto\/rottentown\/#breadcrumb\",\"itemListElement\":[{\"@type\":\"ListItem\",\"position\":1,\"name\":\"Home\",\"item\":\"https:\/\/australisrecords.com\/shop\/\"},{\"@type\":\"ListItem\",\"position\":2,\"name\":\"Shop\",\"item\":\"https:\/\/australisrecords.com\/shop\/shop-2\/\"},{\"@type\":\"ListItem\",\"position\":3,\"name\":\"Rottentown\"}]},{\"@type\":\"WebSite\",\"@id\":\"https:\/\/australisrecords.com\/shop\/#website\",\"url\":\"https:\/\/australisrecords.com\/shop\/\",\"name\":\"Australis Records - Music from the End of the World\",\"description\":\"\",\"potentialAction\":[{\"@type\":\"SearchAction\",\"target\":{\"@type\":\"EntryPoint\",\"urlTemplate\":\"https:\/\/australisrecords.com\/shop\/?s={search_term_string}\"},\"query-input\":\"required name=search_term_string\"}],\"inLanguage\":\"en-US\"}]}<\/script>\n<!-- \/ Yoast SEO plugin. -->","yoast_head_json":{"title":"Rottentown - Australis Records - Music from the End of the World","robots":{"index":"index","follow":"follow","max-snippet":"max-snippet:-1","max-image-preview":"max-image-preview:large","max-video-preview":"max-video-preview:-1"},"canonical":"https:\/\/australisrecords.com\/shop\/producto\/rottentown\/","og_locale":"en_US","og_type":"article","og_title":"Rottentown - Australis Records - Music from the End of the World","og_description":"&nbsp; 1st EP of Spanish female fronted metal band. They are playing pure heavy metal in the vein of Twisted Tower Dire. &nbsp; 1er EP de una banda espa\u00f1ola de metal con vocalista femenina. Est\u00e1n tocando heavy metal puro en la l\u00ednea de Twisted Tower Dire. 1. Rock Religion 2. Fear 3. Queen of Darkness [&hellip;]","og_url":"https:\/\/australisrecords.com\/shop\/producto\/rottentown\/","og_site_name":"Australis Records - Music from the End of the World","article_modified_time":"2020-08-09T02:17:07+00:00","og_image":[{"width":700,"height":700,"url":"https:\/\/australisrecords.com\/shop\/wp-content\/uploads\/2020\/08\/a1476779574_10.jpg","type":"image\/jpeg"}],"twitter_card":"summary_large_image","schema":{"@context":"https:\/\/schema.org","@graph":[{"@type":"WebPage","@id":"https:\/\/australisrecords.com\/shop\/producto\/rottentown\/","url":"https:\/\/australisrecords.com\/shop\/producto\/rottentown\/","name":"Rottentown - Australis Records - Music from the End of the World","isPartOf":{"@id":"https:\/\/australisrecords.com\/shop\/#website"},"primaryImageOfPage":{"@id":"https:\/\/australisrecords.com\/shop\/producto\/rottentown\/#primaryimage"},"image":{"@id":"https:\/\/australisrecords.com\/shop\/producto\/rottentown\/#primaryimage"},"thumbnailUrl":"https:\/\/australisrecords.com\/shop\/wp-content\/uploads\/2020\/08\/a1476779574_10.jpg","datePublished":"2020-08-09T01:50:05+00:00","dateModified":"2020-08-09T02:17:07+00:00","breadcrumb":{"@id":"https:\/\/australisrecords.com\/shop\/producto\/rottentown\/#breadcrumb"},"inLanguage":"en-US","potentialAction":[{"@type":"ReadAction","target":["https:\/\/australisrecords.com\/shop\/producto\/rottentown\/"]}]},{"@type":"ImageObject","inLanguage":"en-US","@id":"https:\/\/australisrecords.com\/shop\/producto\/rottentown\/#primaryimage","url":"https:\/\/australisrecords.com\/shop\/wp-content\/uploads\/2020\/08\/a1476779574_10.jpg","contentUrl":"https:\/\/australisrecords.com\/shop\/wp-content\/uploads\/2020\/08\/a1476779574_10.jpg","width":700,"height":700},{"@type":"BreadcrumbList","@id":"https:\/\/australisrecords.com\/shop\/producto\/rottentown\/#breadcrumb","itemListElement":[{"@type":"ListItem","position":1,"name":"Home","item":"https:\/\/australisrecords.com\/shop\/"},{"@type":"ListItem","position":2,"name":"Shop","item":"https:\/\/australisrecords.com\/shop\/shop-2\/"},{"@type":"ListItem","position":3,"name":"Rottentown"}]},{"@type":"WebSite","@id":"https:\/\/australisrecords.com\/shop\/#website","url":"https:\/\/australisrecords.com\/shop\/","name":"Australis Records - Music from the End of the World","description":"","potentialAction":[{"@type":"SearchAction","target":{"@type":"EntryPoint","urlTemplate":"https:\/\/australisrecords.com\/shop\/?s={search_term_string}"},"query-input":"required name=search_term_string"}],"inLanguage":"en-US"}]}},"_links":{"self":[{"href":"https:\/\/australisrecords.com\/shop\/wp-json\/wp\/v2\/product\/19830"}],"collection":[{"href":"https:\/\/australisrecords.com\/shop\/wp-json\/wp\/v2\/product"}],"about":[{"href":"https:\/\/australisrecords.com\/shop\/wp-json\/wp\/v2\/types\/product"}],"version-history":[{"count":2,"href":"https:\/\/australisrecords.com\/shop\/wp-json\/wp\/v2\/product\/19830\/revisions"}],"predecessor-version":[{"id":19848,"href":"https:\/\/australisrecords.com\/shop\/wp-json\/wp\/v2\/product\/19830\/revisions\/19848"}],"wp:featuredmedia":[{"embeddable":true,"href":"https:\/\/australisrecords.com\/shop\/wp-json\/wp\/v2\/media\/19846"}],"wp:attachment":[{"href":"https:\/\/australisrecords.com\/shop\/wp-json\/wp\/v2\/media?parent=19830"}],"wp:term":[{"taxonomy":"product_cat","embeddable":true,"href":"https:\/\/australisrecords.com\/shop\/wp-json\/wp\/v2\/product_cat?post=19830"},{"taxonomy":"product_tag","embeddable":true,"href":"https:\/\/australisrecords.com\/shop\/wp-json\/wp\/v2\/product_tag?post=19830"}],"curies":[{"name":"wp","href":"https:\/\/api.w.org\/{rel}","templated":true}]}}