{"id":19639,"date":"2020-08-06T06:16:58","date_gmt":"2020-08-06T06:16:58","guid":{"rendered":"http:\/\/australisrecords.com\/shop\/?post_type=product&#038;p=19639"},"modified":"2020-08-07T01:18:46","modified_gmt":"2020-08-07T01:18:46","slug":"pestnebel","status":"publish","type":"product","link":"https:\/\/australisrecords.com\/shop\/producto\/pestnebel\/","title":{"rendered":"Pestnebel"},"content":{"rendered":"<div id=\"dslc-theme-content\"><div id=\"dslc-theme-content-inner\"><p>&nbsp;<\/p>\n<p>&nbsp;<\/p>\n<\/div><\/div>","protected":false},"excerpt":{"rendered":"<p>&nbsp; Fast, raw and ugly Black Metal from Germany! This is already their fifth full-length album &nbsp; \u00a1Black Metal r\u00e1pido, crudo y feo de Alemania! Este ya es su quinto \u00e1lbum de larga duraci\u00f3n. 1. Froststriken Graves (Intro) 2. Sturm der Pestilenz 3. Emptiness 4. Banished Beyond 5. Endsieg (desTodes) 6. Funeral Horizon 7. Nacht [&hellip;]<\/p>\n","protected":false},"featured_media":19666,"template":"","meta":{"_acf_changed":false},"product_cat":[92,304,314,87],"product_tag":[],"acf":[],"yoast_head":"<!-- This site is optimized with the Yoast SEO plugin v22.9 - https:\/\/yoast.com\/wordpress\/plugins\/seo\/ -->\n<title>Pestnebel - Australis Records - Music from the End of the World<\/title>\n<meta name=\"robots\" content=\"index, follow, max-snippet:-1, max-image-preview:large, max-video-preview:-1\" \/>\n<link rel=\"canonical\" href=\"https:\/\/australisrecords.com\/shop\/producto\/pestnebel\/\" \/>\n<meta property=\"og:locale\" content=\"en_US\" \/>\n<meta property=\"og:type\" content=\"article\" \/>\n<meta property=\"og:title\" content=\"Pestnebel - Australis Records - Music from the End of the World\" \/>\n<meta property=\"og:description\" content=\"&nbsp; Fast, raw and ugly Black Metal from Germany! This is already their fifth full-length album &nbsp; \u00a1Black Metal r\u00e1pido, crudo y feo de Alemania! Este ya es su quinto \u00e1lbum de larga duraci\u00f3n. 1. Froststriken Graves (Intro) 2. Sturm der Pestilenz 3. Emptiness 4. Banished Beyond 5. Endsieg (desTodes) 6. Funeral Horizon 7. Nacht [&hellip;]\" \/>\n<meta property=\"og:url\" content=\"https:\/\/australisrecords.com\/shop\/producto\/pestnebel\/\" \/>\n<meta property=\"og:site_name\" content=\"Australis Records - Music from the End of the World\" \/>\n<meta property=\"article:modified_time\" content=\"2020-08-07T01:18:46+00:00\" \/>\n<meta property=\"og:image\" content=\"https:\/\/australisrecords.com\/shop\/wp-content\/uploads\/2020\/08\/PESTNEBEL____Dim_597018ffef33a.jpg\" \/>\n\t<meta property=\"og:image:width\" content=\"600\" \/>\n\t<meta property=\"og:image:height\" content=\"600\" \/>\n\t<meta property=\"og:image:type\" content=\"image\/jpeg\" \/>\n<meta name=\"twitter:card\" content=\"summary_large_image\" \/>\n<script type=\"application\/ld+json\" class=\"yoast-schema-graph\">{\"@context\":\"https:\/\/schema.org\",\"@graph\":[{\"@type\":\"WebPage\",\"@id\":\"https:\/\/australisrecords.com\/shop\/producto\/pestnebel\/\",\"url\":\"https:\/\/australisrecords.com\/shop\/producto\/pestnebel\/\",\"name\":\"Pestnebel - Australis Records - Music from the End of the World\",\"isPartOf\":{\"@id\":\"https:\/\/australisrecords.com\/shop\/#website\"},\"primaryImageOfPage\":{\"@id\":\"https:\/\/australisrecords.com\/shop\/producto\/pestnebel\/#primaryimage\"},\"image\":{\"@id\":\"https:\/\/australisrecords.com\/shop\/producto\/pestnebel\/#primaryimage\"},\"thumbnailUrl\":\"https:\/\/australisrecords.com\/shop\/wp-content\/uploads\/2020\/08\/PESTNEBEL____Dim_597018ffef33a.jpg\",\"datePublished\":\"2020-08-06T06:16:58+00:00\",\"dateModified\":\"2020-08-07T01:18:46+00:00\",\"breadcrumb\":{\"@id\":\"https:\/\/australisrecords.com\/shop\/producto\/pestnebel\/#breadcrumb\"},\"inLanguage\":\"en-US\",\"potentialAction\":[{\"@type\":\"ReadAction\",\"target\":[\"https:\/\/australisrecords.com\/shop\/producto\/pestnebel\/\"]}]},{\"@type\":\"ImageObject\",\"inLanguage\":\"en-US\",\"@id\":\"https:\/\/australisrecords.com\/shop\/producto\/pestnebel\/#primaryimage\",\"url\":\"https:\/\/australisrecords.com\/shop\/wp-content\/uploads\/2020\/08\/PESTNEBEL____Dim_597018ffef33a.jpg\",\"contentUrl\":\"https:\/\/australisrecords.com\/shop\/wp-content\/uploads\/2020\/08\/PESTNEBEL____Dim_597018ffef33a.jpg\",\"width\":600,\"height\":600},{\"@type\":\"BreadcrumbList\",\"@id\":\"https:\/\/australisrecords.com\/shop\/producto\/pestnebel\/#breadcrumb\",\"itemListElement\":[{\"@type\":\"ListItem\",\"position\":1,\"name\":\"Home\",\"item\":\"https:\/\/australisrecords.com\/shop\/\"},{\"@type\":\"ListItem\",\"position\":2,\"name\":\"Shop\",\"item\":\"https:\/\/australisrecords.com\/shop\/shop-2\/\"},{\"@type\":\"ListItem\",\"position\":3,\"name\":\"Pestnebel\"}]},{\"@type\":\"WebSite\",\"@id\":\"https:\/\/australisrecords.com\/shop\/#website\",\"url\":\"https:\/\/australisrecords.com\/shop\/\",\"name\":\"Australis Records - Music from the End of the World\",\"description\":\"\",\"potentialAction\":[{\"@type\":\"SearchAction\",\"target\":{\"@type\":\"EntryPoint\",\"urlTemplate\":\"https:\/\/australisrecords.com\/shop\/?s={search_term_string}\"},\"query-input\":\"required name=search_term_string\"}],\"inLanguage\":\"en-US\"}]}<\/script>\n<!-- \/ Yoast SEO plugin. -->","yoast_head_json":{"title":"Pestnebel - Australis Records - Music from the End of the World","robots":{"index":"index","follow":"follow","max-snippet":"max-snippet:-1","max-image-preview":"max-image-preview:large","max-video-preview":"max-video-preview:-1"},"canonical":"https:\/\/australisrecords.com\/shop\/producto\/pestnebel\/","og_locale":"en_US","og_type":"article","og_title":"Pestnebel - Australis Records - Music from the End of the World","og_description":"&nbsp; Fast, raw and ugly Black Metal from Germany! This is already their fifth full-length album &nbsp; \u00a1Black Metal r\u00e1pido, crudo y feo de Alemania! Este ya es su quinto \u00e1lbum de larga duraci\u00f3n. 1. Froststriken Graves (Intro) 2. Sturm der Pestilenz 3. Emptiness 4. Banished Beyond 5. Endsieg (desTodes) 6. Funeral Horizon 7. Nacht [&hellip;]","og_url":"https:\/\/australisrecords.com\/shop\/producto\/pestnebel\/","og_site_name":"Australis Records - Music from the End of the World","article_modified_time":"2020-08-07T01:18:46+00:00","og_image":[{"width":600,"height":600,"url":"https:\/\/australisrecords.com\/shop\/wp-content\/uploads\/2020\/08\/PESTNEBEL____Dim_597018ffef33a.jpg","type":"image\/jpeg"}],"twitter_card":"summary_large_image","schema":{"@context":"https:\/\/schema.org","@graph":[{"@type":"WebPage","@id":"https:\/\/australisrecords.com\/shop\/producto\/pestnebel\/","url":"https:\/\/australisrecords.com\/shop\/producto\/pestnebel\/","name":"Pestnebel - Australis Records - Music from the End of the World","isPartOf":{"@id":"https:\/\/australisrecords.com\/shop\/#website"},"primaryImageOfPage":{"@id":"https:\/\/australisrecords.com\/shop\/producto\/pestnebel\/#primaryimage"},"image":{"@id":"https:\/\/australisrecords.com\/shop\/producto\/pestnebel\/#primaryimage"},"thumbnailUrl":"https:\/\/australisrecords.com\/shop\/wp-content\/uploads\/2020\/08\/PESTNEBEL____Dim_597018ffef33a.jpg","datePublished":"2020-08-06T06:16:58+00:00","dateModified":"2020-08-07T01:18:46+00:00","breadcrumb":{"@id":"https:\/\/australisrecords.com\/shop\/producto\/pestnebel\/#breadcrumb"},"inLanguage":"en-US","potentialAction":[{"@type":"ReadAction","target":["https:\/\/australisrecords.com\/shop\/producto\/pestnebel\/"]}]},{"@type":"ImageObject","inLanguage":"en-US","@id":"https:\/\/australisrecords.com\/shop\/producto\/pestnebel\/#primaryimage","url":"https:\/\/australisrecords.com\/shop\/wp-content\/uploads\/2020\/08\/PESTNEBEL____Dim_597018ffef33a.jpg","contentUrl":"https:\/\/australisrecords.com\/shop\/wp-content\/uploads\/2020\/08\/PESTNEBEL____Dim_597018ffef33a.jpg","width":600,"height":600},{"@type":"BreadcrumbList","@id":"https:\/\/australisrecords.com\/shop\/producto\/pestnebel\/#breadcrumb","itemListElement":[{"@type":"ListItem","position":1,"name":"Home","item":"https:\/\/australisrecords.com\/shop\/"},{"@type":"ListItem","position":2,"name":"Shop","item":"https:\/\/australisrecords.com\/shop\/shop-2\/"},{"@type":"ListItem","position":3,"name":"Pestnebel"}]},{"@type":"WebSite","@id":"https:\/\/australisrecords.com\/shop\/#website","url":"https:\/\/australisrecords.com\/shop\/","name":"Australis Records - Music from the End of the World","description":"","potentialAction":[{"@type":"SearchAction","target":{"@type":"EntryPoint","urlTemplate":"https:\/\/australisrecords.com\/shop\/?s={search_term_string}"},"query-input":"required name=search_term_string"}],"inLanguage":"en-US"}]}},"_links":{"self":[{"href":"https:\/\/australisrecords.com\/shop\/wp-json\/wp\/v2\/product\/19639"}],"collection":[{"href":"https:\/\/australisrecords.com\/shop\/wp-json\/wp\/v2\/product"}],"about":[{"href":"https:\/\/australisrecords.com\/shop\/wp-json\/wp\/v2\/types\/product"}],"version-history":[{"count":3,"href":"https:\/\/australisrecords.com\/shop\/wp-json\/wp\/v2\/product\/19639\/revisions"}],"predecessor-version":[{"id":19668,"href":"https:\/\/australisrecords.com\/shop\/wp-json\/wp\/v2\/product\/19639\/revisions\/19668"}],"wp:featuredmedia":[{"embeddable":true,"href":"https:\/\/australisrecords.com\/shop\/wp-json\/wp\/v2\/media\/19666"}],"wp:attachment":[{"href":"https:\/\/australisrecords.com\/shop\/wp-json\/wp\/v2\/media?parent=19639"}],"wp:term":[{"taxonomy":"product_cat","embeddable":true,"href":"https:\/\/australisrecords.com\/shop\/wp-json\/wp\/v2\/product_cat?post=19639"},{"taxonomy":"product_tag","embeddable":true,"href":"https:\/\/australisrecords.com\/shop\/wp-json\/wp\/v2\/product_tag?post=19639"}],"curies":[{"name":"wp","href":"https:\/\/api.w.org\/{rel}","templated":true}]}}