{"id":19023,"date":"2020-07-20T05:37:33","date_gmt":"2020-07-20T05:37:33","guid":{"rendered":"http:\/\/australisrecords.com\/shop\/?post_type=product&#038;p=19023"},"modified":"2025-05-25T14:11:59","modified_gmt":"2025-05-25T14:11:59","slug":"myrkgand","status":"publish","type":"product","link":"https:\/\/australisrecords.com\/shop\/producto\/myrkgand\/","title":{"rendered":"Myrkgand"},"content":{"rendered":"<div id=\"dslc-theme-content\"><div id=\"dslc-theme-content-inner\"><p>&nbsp;<\/p>\n<p>&nbsp;<\/p>\n<\/div><\/div>","protected":false},"excerpt":{"rendered":"<p>&nbsp; Melodic death\/folk metal album from Brazil playing and telling the stories of epic battles, fantasy where monsters and demons live forever. Recommended for fans of November Doom, Mystifier, Malefactor, Symphony X, Steel Warrior, Lux\u00faria de Lillith.. &nbsp; \u00c1lbum mel\u00f3dico death \/ folk metal de Brasil tocando y contando historias de batallas \u00e9picas, fantas\u00eda donde [&hellip;]<\/p>\n","protected":false},"featured_media":19029,"template":"","meta":{"_acf_changed":false},"product_cat":[92,314,303,307,87],"product_tag":[],"acf":[],"yoast_head":"<!-- This site is optimized with the Yoast SEO plugin v22.9 - https:\/\/yoast.com\/wordpress\/plugins\/seo\/ -->\n<title>Myrkgand - Australis Records - Music from the End of the World<\/title>\n<meta name=\"robots\" content=\"index, follow, max-snippet:-1, max-image-preview:large, max-video-preview:-1\" \/>\n<link rel=\"canonical\" href=\"https:\/\/australisrecords.com\/shop\/producto\/myrkgand\/\" \/>\n<meta property=\"og:locale\" content=\"en_US\" \/>\n<meta property=\"og:type\" content=\"article\" \/>\n<meta property=\"og:title\" content=\"Myrkgand - Australis Records - Music from the End of the World\" \/>\n<meta property=\"og:description\" content=\"&nbsp; Melodic death\/folk metal album from Brazil playing and telling the stories of epic battles, fantasy where monsters and demons live forever. Recommended for fans of November Doom, Mystifier, Malefactor, Symphony X, Steel Warrior, Lux\u00faria de Lillith.. &nbsp; \u00c1lbum mel\u00f3dico death \/ folk metal de Brasil tocando y contando historias de batallas \u00e9picas, fantas\u00eda donde [&hellip;]\" \/>\n<meta property=\"og:url\" content=\"https:\/\/australisrecords.com\/shop\/producto\/myrkgand\/\" \/>\n<meta property=\"og:site_name\" content=\"Australis Records - Music from the End of the World\" \/>\n<meta property=\"article:modified_time\" content=\"2025-05-25T14:11:59+00:00\" \/>\n<meta property=\"og:image\" content=\"https:\/\/australisrecords.com\/shop\/wp-content\/uploads\/2020\/07\/a1824576267_10.jpg\" \/>\n\t<meta property=\"og:image:width\" content=\"1121\" \/>\n\t<meta property=\"og:image:height\" content=\"1200\" \/>\n\t<meta property=\"og:image:type\" content=\"image\/jpeg\" \/>\n<meta name=\"twitter:card\" content=\"summary_large_image\" \/>\n<script type=\"application\/ld+json\" class=\"yoast-schema-graph\">{\"@context\":\"https:\/\/schema.org\",\"@graph\":[{\"@type\":\"WebPage\",\"@id\":\"https:\/\/australisrecords.com\/shop\/producto\/myrkgand\/\",\"url\":\"https:\/\/australisrecords.com\/shop\/producto\/myrkgand\/\",\"name\":\"Myrkgand - Australis Records - Music from the End of the World\",\"isPartOf\":{\"@id\":\"https:\/\/australisrecords.com\/shop\/#website\"},\"primaryImageOfPage\":{\"@id\":\"https:\/\/australisrecords.com\/shop\/producto\/myrkgand\/#primaryimage\"},\"image\":{\"@id\":\"https:\/\/australisrecords.com\/shop\/producto\/myrkgand\/#primaryimage\"},\"thumbnailUrl\":\"https:\/\/australisrecords.com\/shop\/wp-content\/uploads\/2020\/07\/a1824576267_10.jpg\",\"datePublished\":\"2020-07-20T05:37:33+00:00\",\"dateModified\":\"2025-05-25T14:11:59+00:00\",\"breadcrumb\":{\"@id\":\"https:\/\/australisrecords.com\/shop\/producto\/myrkgand\/#breadcrumb\"},\"inLanguage\":\"en-US\",\"potentialAction\":[{\"@type\":\"ReadAction\",\"target\":[\"https:\/\/australisrecords.com\/shop\/producto\/myrkgand\/\"]}]},{\"@type\":\"ImageObject\",\"inLanguage\":\"en-US\",\"@id\":\"https:\/\/australisrecords.com\/shop\/producto\/myrkgand\/#primaryimage\",\"url\":\"https:\/\/australisrecords.com\/shop\/wp-content\/uploads\/2020\/07\/a1824576267_10.jpg\",\"contentUrl\":\"https:\/\/australisrecords.com\/shop\/wp-content\/uploads\/2020\/07\/a1824576267_10.jpg\",\"width\":1121,\"height\":1200},{\"@type\":\"BreadcrumbList\",\"@id\":\"https:\/\/australisrecords.com\/shop\/producto\/myrkgand\/#breadcrumb\",\"itemListElement\":[{\"@type\":\"ListItem\",\"position\":1,\"name\":\"Home\",\"item\":\"https:\/\/australisrecords.com\/shop\/\"},{\"@type\":\"ListItem\",\"position\":2,\"name\":\"Shop\",\"item\":\"https:\/\/australisrecords.com\/shop\/shop-2\/\"},{\"@type\":\"ListItem\",\"position\":3,\"name\":\"Myrkgand\"}]},{\"@type\":\"WebSite\",\"@id\":\"https:\/\/australisrecords.com\/shop\/#website\",\"url\":\"https:\/\/australisrecords.com\/shop\/\",\"name\":\"Australis Records - Music from the End of the World\",\"description\":\"\",\"potentialAction\":[{\"@type\":\"SearchAction\",\"target\":{\"@type\":\"EntryPoint\",\"urlTemplate\":\"https:\/\/australisrecords.com\/shop\/?s={search_term_string}\"},\"query-input\":\"required name=search_term_string\"}],\"inLanguage\":\"en-US\"}]}<\/script>\n<!-- \/ Yoast SEO plugin. -->","yoast_head_json":{"title":"Myrkgand - Australis Records - Music from the End of the World","robots":{"index":"index","follow":"follow","max-snippet":"max-snippet:-1","max-image-preview":"max-image-preview:large","max-video-preview":"max-video-preview:-1"},"canonical":"https:\/\/australisrecords.com\/shop\/producto\/myrkgand\/","og_locale":"en_US","og_type":"article","og_title":"Myrkgand - Australis Records - Music from the End of the World","og_description":"&nbsp; Melodic death\/folk metal album from Brazil playing and telling the stories of epic battles, fantasy where monsters and demons live forever. Recommended for fans of November Doom, Mystifier, Malefactor, Symphony X, Steel Warrior, Lux\u00faria de Lillith.. &nbsp; \u00c1lbum mel\u00f3dico death \/ folk metal de Brasil tocando y contando historias de batallas \u00e9picas, fantas\u00eda donde [&hellip;]","og_url":"https:\/\/australisrecords.com\/shop\/producto\/myrkgand\/","og_site_name":"Australis Records - Music from the End of the World","article_modified_time":"2025-05-25T14:11:59+00:00","og_image":[{"width":1121,"height":1200,"url":"https:\/\/australisrecords.com\/shop\/wp-content\/uploads\/2020\/07\/a1824576267_10.jpg","type":"image\/jpeg"}],"twitter_card":"summary_large_image","schema":{"@context":"https:\/\/schema.org","@graph":[{"@type":"WebPage","@id":"https:\/\/australisrecords.com\/shop\/producto\/myrkgand\/","url":"https:\/\/australisrecords.com\/shop\/producto\/myrkgand\/","name":"Myrkgand - Australis Records - Music from the End of the World","isPartOf":{"@id":"https:\/\/australisrecords.com\/shop\/#website"},"primaryImageOfPage":{"@id":"https:\/\/australisrecords.com\/shop\/producto\/myrkgand\/#primaryimage"},"image":{"@id":"https:\/\/australisrecords.com\/shop\/producto\/myrkgand\/#primaryimage"},"thumbnailUrl":"https:\/\/australisrecords.com\/shop\/wp-content\/uploads\/2020\/07\/a1824576267_10.jpg","datePublished":"2020-07-20T05:37:33+00:00","dateModified":"2025-05-25T14:11:59+00:00","breadcrumb":{"@id":"https:\/\/australisrecords.com\/shop\/producto\/myrkgand\/#breadcrumb"},"inLanguage":"en-US","potentialAction":[{"@type":"ReadAction","target":["https:\/\/australisrecords.com\/shop\/producto\/myrkgand\/"]}]},{"@type":"ImageObject","inLanguage":"en-US","@id":"https:\/\/australisrecords.com\/shop\/producto\/myrkgand\/#primaryimage","url":"https:\/\/australisrecords.com\/shop\/wp-content\/uploads\/2020\/07\/a1824576267_10.jpg","contentUrl":"https:\/\/australisrecords.com\/shop\/wp-content\/uploads\/2020\/07\/a1824576267_10.jpg","width":1121,"height":1200},{"@type":"BreadcrumbList","@id":"https:\/\/australisrecords.com\/shop\/producto\/myrkgand\/#breadcrumb","itemListElement":[{"@type":"ListItem","position":1,"name":"Home","item":"https:\/\/australisrecords.com\/shop\/"},{"@type":"ListItem","position":2,"name":"Shop","item":"https:\/\/australisrecords.com\/shop\/shop-2\/"},{"@type":"ListItem","position":3,"name":"Myrkgand"}]},{"@type":"WebSite","@id":"https:\/\/australisrecords.com\/shop\/#website","url":"https:\/\/australisrecords.com\/shop\/","name":"Australis Records - Music from the End of the World","description":"","potentialAction":[{"@type":"SearchAction","target":{"@type":"EntryPoint","urlTemplate":"https:\/\/australisrecords.com\/shop\/?s={search_term_string}"},"query-input":"required name=search_term_string"}],"inLanguage":"en-US"}]}},"_links":{"self":[{"href":"https:\/\/australisrecords.com\/shop\/wp-json\/wp\/v2\/product\/19023"}],"collection":[{"href":"https:\/\/australisrecords.com\/shop\/wp-json\/wp\/v2\/product"}],"about":[{"href":"https:\/\/australisrecords.com\/shop\/wp-json\/wp\/v2\/types\/product"}],"version-history":[{"count":2,"href":"https:\/\/australisrecords.com\/shop\/wp-json\/wp\/v2\/product\/19023\/revisions"}],"predecessor-version":[{"id":19031,"href":"https:\/\/australisrecords.com\/shop\/wp-json\/wp\/v2\/product\/19023\/revisions\/19031"}],"wp:featuredmedia":[{"embeddable":true,"href":"https:\/\/australisrecords.com\/shop\/wp-json\/wp\/v2\/media\/19029"}],"wp:attachment":[{"href":"https:\/\/australisrecords.com\/shop\/wp-json\/wp\/v2\/media?parent=19023"}],"wp:term":[{"taxonomy":"product_cat","embeddable":true,"href":"https:\/\/australisrecords.com\/shop\/wp-json\/wp\/v2\/product_cat?post=19023"},{"taxonomy":"product_tag","embeddable":true,"href":"https:\/\/australisrecords.com\/shop\/wp-json\/wp\/v2\/product_tag?post=19023"}],"curies":[{"name":"wp","href":"https:\/\/api.w.org\/{rel}","templated":true}]}}