{"id":18945,"date":"2020-07-19T07:20:56","date_gmt":"2020-07-19T07:20:56","guid":{"rendered":"http:\/\/australisrecords.com\/shop\/?post_type=product&#038;p=18945"},"modified":"2020-07-19T07:44:22","modified_gmt":"2020-07-19T07:44:22","slug":"migraviolenta","status":"publish","type":"product","link":"https:\/\/australisrecords.com\/shop\/producto\/migraviolenta\/","title":{"rendered":"Migraviolenta"},"content":{"rendered":"<div id=\"dslc-theme-content\"><div id=\"dslc-theme-content-inner\"><p>&nbsp;<\/p>\n<p>&nbsp;<\/p>\n<\/div><\/div>","protected":false},"excerpt":{"rendered":"<p>&nbsp; Violent Crust from Argentina &nbsp; Violento Crust desde Argentina . 1 Sociedad 2 Carne De Ca\u00f1\u00f3n 3 No Escapes Mas 4 Xenofobia 5 C\u00f3digo De Barras 6 Sin Sentido 7 Am\u00e9rica Es Una Dictadura 8 Polic\u00edas Violentos 9 A Mi Lado 10 Victimas Inocentes 11 Bandidos 12 Un Militar 13 Darse Cuenta 14 HC [&hellip;]<\/p>\n","protected":false},"featured_media":18958,"template":"","meta":{"_acf_changed":false},"product_cat":[92,314,87],"product_tag":[],"acf":[],"yoast_head":"<!-- This site is optimized with the Yoast SEO plugin v22.9 - https:\/\/yoast.com\/wordpress\/plugins\/seo\/ -->\n<title>Migraviolenta - Australis Records - Music from the End of the World<\/title>\n<meta name=\"robots\" content=\"index, follow, max-snippet:-1, max-image-preview:large, max-video-preview:-1\" \/>\n<link rel=\"canonical\" href=\"https:\/\/australisrecords.com\/shop\/producto\/migraviolenta\/\" \/>\n<meta property=\"og:locale\" content=\"en_US\" \/>\n<meta property=\"og:type\" content=\"article\" \/>\n<meta property=\"og:title\" content=\"Migraviolenta - Australis Records - Music from the End of the World\" \/>\n<meta property=\"og:description\" content=\"&nbsp; Violent Crust from Argentina &nbsp; Violento Crust desde Argentina . 1 Sociedad 2 Carne De Ca\u00f1\u00f3n 3 No Escapes Mas 4 Xenofobia 5 C\u00f3digo De Barras 6 Sin Sentido 7 Am\u00e9rica Es Una Dictadura 8 Polic\u00edas Violentos 9 A Mi Lado 10 Victimas Inocentes 11 Bandidos 12 Un Militar 13 Darse Cuenta 14 HC [&hellip;]\" \/>\n<meta property=\"og:url\" content=\"https:\/\/australisrecords.com\/shop\/producto\/migraviolenta\/\" \/>\n<meta property=\"og:site_name\" content=\"Australis Records - Music from the End of the World\" \/>\n<meta property=\"article:modified_time\" content=\"2020-07-19T07:44:22+00:00\" \/>\n<meta property=\"og:image\" content=\"https:\/\/australisrecords.com\/shop\/wp-content\/uploads\/2020\/07\/a1893695643_10.jpg\" \/>\n\t<meta property=\"og:image:width\" content=\"960\" \/>\n\t<meta property=\"og:image:height\" content=\"960\" \/>\n\t<meta property=\"og:image:type\" content=\"image\/jpeg\" \/>\n<meta name=\"twitter:card\" content=\"summary_large_image\" \/>\n<script type=\"application\/ld+json\" class=\"yoast-schema-graph\">{\"@context\":\"https:\/\/schema.org\",\"@graph\":[{\"@type\":\"WebPage\",\"@id\":\"https:\/\/australisrecords.com\/shop\/producto\/migraviolenta\/\",\"url\":\"https:\/\/australisrecords.com\/shop\/producto\/migraviolenta\/\",\"name\":\"Migraviolenta - Australis Records - Music from the End of the World\",\"isPartOf\":{\"@id\":\"https:\/\/australisrecords.com\/shop\/#website\"},\"primaryImageOfPage\":{\"@id\":\"https:\/\/australisrecords.com\/shop\/producto\/migraviolenta\/#primaryimage\"},\"image\":{\"@id\":\"https:\/\/australisrecords.com\/shop\/producto\/migraviolenta\/#primaryimage\"},\"thumbnailUrl\":\"https:\/\/australisrecords.com\/shop\/wp-content\/uploads\/2020\/07\/a1893695643_10.jpg\",\"datePublished\":\"2020-07-19T07:20:56+00:00\",\"dateModified\":\"2020-07-19T07:44:22+00:00\",\"breadcrumb\":{\"@id\":\"https:\/\/australisrecords.com\/shop\/producto\/migraviolenta\/#breadcrumb\"},\"inLanguage\":\"en-US\",\"potentialAction\":[{\"@type\":\"ReadAction\",\"target\":[\"https:\/\/australisrecords.com\/shop\/producto\/migraviolenta\/\"]}]},{\"@type\":\"ImageObject\",\"inLanguage\":\"en-US\",\"@id\":\"https:\/\/australisrecords.com\/shop\/producto\/migraviolenta\/#primaryimage\",\"url\":\"https:\/\/australisrecords.com\/shop\/wp-content\/uploads\/2020\/07\/a1893695643_10.jpg\",\"contentUrl\":\"https:\/\/australisrecords.com\/shop\/wp-content\/uploads\/2020\/07\/a1893695643_10.jpg\",\"width\":960,\"height\":960},{\"@type\":\"BreadcrumbList\",\"@id\":\"https:\/\/australisrecords.com\/shop\/producto\/migraviolenta\/#breadcrumb\",\"itemListElement\":[{\"@type\":\"ListItem\",\"position\":1,\"name\":\"Home\",\"item\":\"https:\/\/australisrecords.com\/shop\/\"},{\"@type\":\"ListItem\",\"position\":2,\"name\":\"Shop\",\"item\":\"https:\/\/australisrecords.com\/shop\/shop-2\/\"},{\"@type\":\"ListItem\",\"position\":3,\"name\":\"Migraviolenta\"}]},{\"@type\":\"WebSite\",\"@id\":\"https:\/\/australisrecords.com\/shop\/#website\",\"url\":\"https:\/\/australisrecords.com\/shop\/\",\"name\":\"Australis Records - Music from the End of the World\",\"description\":\"\",\"potentialAction\":[{\"@type\":\"SearchAction\",\"target\":{\"@type\":\"EntryPoint\",\"urlTemplate\":\"https:\/\/australisrecords.com\/shop\/?s={search_term_string}\"},\"query-input\":\"required name=search_term_string\"}],\"inLanguage\":\"en-US\"}]}<\/script>\n<!-- \/ Yoast SEO plugin. -->","yoast_head_json":{"title":"Migraviolenta - Australis Records - Music from the End of the World","robots":{"index":"index","follow":"follow","max-snippet":"max-snippet:-1","max-image-preview":"max-image-preview:large","max-video-preview":"max-video-preview:-1"},"canonical":"https:\/\/australisrecords.com\/shop\/producto\/migraviolenta\/","og_locale":"en_US","og_type":"article","og_title":"Migraviolenta - Australis Records - Music from the End of the World","og_description":"&nbsp; Violent Crust from Argentina &nbsp; Violento Crust desde Argentina . 1 Sociedad 2 Carne De Ca\u00f1\u00f3n 3 No Escapes Mas 4 Xenofobia 5 C\u00f3digo De Barras 6 Sin Sentido 7 Am\u00e9rica Es Una Dictadura 8 Polic\u00edas Violentos 9 A Mi Lado 10 Victimas Inocentes 11 Bandidos 12 Un Militar 13 Darse Cuenta 14 HC [&hellip;]","og_url":"https:\/\/australisrecords.com\/shop\/producto\/migraviolenta\/","og_site_name":"Australis Records - Music from the End of the World","article_modified_time":"2020-07-19T07:44:22+00:00","og_image":[{"width":960,"height":960,"url":"https:\/\/australisrecords.com\/shop\/wp-content\/uploads\/2020\/07\/a1893695643_10.jpg","type":"image\/jpeg"}],"twitter_card":"summary_large_image","schema":{"@context":"https:\/\/schema.org","@graph":[{"@type":"WebPage","@id":"https:\/\/australisrecords.com\/shop\/producto\/migraviolenta\/","url":"https:\/\/australisrecords.com\/shop\/producto\/migraviolenta\/","name":"Migraviolenta - Australis Records - Music from the End of the World","isPartOf":{"@id":"https:\/\/australisrecords.com\/shop\/#website"},"primaryImageOfPage":{"@id":"https:\/\/australisrecords.com\/shop\/producto\/migraviolenta\/#primaryimage"},"image":{"@id":"https:\/\/australisrecords.com\/shop\/producto\/migraviolenta\/#primaryimage"},"thumbnailUrl":"https:\/\/australisrecords.com\/shop\/wp-content\/uploads\/2020\/07\/a1893695643_10.jpg","datePublished":"2020-07-19T07:20:56+00:00","dateModified":"2020-07-19T07:44:22+00:00","breadcrumb":{"@id":"https:\/\/australisrecords.com\/shop\/producto\/migraviolenta\/#breadcrumb"},"inLanguage":"en-US","potentialAction":[{"@type":"ReadAction","target":["https:\/\/australisrecords.com\/shop\/producto\/migraviolenta\/"]}]},{"@type":"ImageObject","inLanguage":"en-US","@id":"https:\/\/australisrecords.com\/shop\/producto\/migraviolenta\/#primaryimage","url":"https:\/\/australisrecords.com\/shop\/wp-content\/uploads\/2020\/07\/a1893695643_10.jpg","contentUrl":"https:\/\/australisrecords.com\/shop\/wp-content\/uploads\/2020\/07\/a1893695643_10.jpg","width":960,"height":960},{"@type":"BreadcrumbList","@id":"https:\/\/australisrecords.com\/shop\/producto\/migraviolenta\/#breadcrumb","itemListElement":[{"@type":"ListItem","position":1,"name":"Home","item":"https:\/\/australisrecords.com\/shop\/"},{"@type":"ListItem","position":2,"name":"Shop","item":"https:\/\/australisrecords.com\/shop\/shop-2\/"},{"@type":"ListItem","position":3,"name":"Migraviolenta"}]},{"@type":"WebSite","@id":"https:\/\/australisrecords.com\/shop\/#website","url":"https:\/\/australisrecords.com\/shop\/","name":"Australis Records - Music from the End of the World","description":"","potentialAction":[{"@type":"SearchAction","target":{"@type":"EntryPoint","urlTemplate":"https:\/\/australisrecords.com\/shop\/?s={search_term_string}"},"query-input":"required name=search_term_string"}],"inLanguage":"en-US"}]}},"_links":{"self":[{"href":"https:\/\/australisrecords.com\/shop\/wp-json\/wp\/v2\/product\/18945"}],"collection":[{"href":"https:\/\/australisrecords.com\/shop\/wp-json\/wp\/v2\/product"}],"about":[{"href":"https:\/\/australisrecords.com\/shop\/wp-json\/wp\/v2\/types\/product"}],"version-history":[{"count":2,"href":"https:\/\/australisrecords.com\/shop\/wp-json\/wp\/v2\/product\/18945\/revisions"}],"predecessor-version":[{"id":18960,"href":"https:\/\/australisrecords.com\/shop\/wp-json\/wp\/v2\/product\/18945\/revisions\/18960"}],"wp:featuredmedia":[{"embeddable":true,"href":"https:\/\/australisrecords.com\/shop\/wp-json\/wp\/v2\/media\/18958"}],"wp:attachment":[{"href":"https:\/\/australisrecords.com\/shop\/wp-json\/wp\/v2\/media?parent=18945"}],"wp:term":[{"taxonomy":"product_cat","embeddable":true,"href":"https:\/\/australisrecords.com\/shop\/wp-json\/wp\/v2\/product_cat?post=18945"},{"taxonomy":"product_tag","embeddable":true,"href":"https:\/\/australisrecords.com\/shop\/wp-json\/wp\/v2\/product_tag?post=18945"}],"curies":[{"name":"wp","href":"https:\/\/api.w.org\/{rel}","templated":true}]}}