{"id":18827,"date":"2020-07-12T06:38:36","date_gmt":"2020-07-12T06:38:36","guid":{"rendered":"http:\/\/australisrecords.com\/shop\/?post_type=product&#038;p=18827"},"modified":"2025-02-28T21:11:29","modified_gmt":"2025-02-28T21:11:29","slug":"maniaco","status":"publish","type":"product","link":"https:\/\/australisrecords.com\/shop\/producto\/maniaco\/","title":{"rendered":"Maniaco"},"content":{"rendered":"<div id=\"dslc-theme-content\"><div id=\"dslc-theme-content-inner\"><p>&nbsp;<\/p>\n<p>&nbsp;<\/p>\n<\/div><\/div>","protected":false},"excerpt":{"rendered":"<p>&nbsp; Brutal death metal coming from Osorno, Chile, a relentless butchery not to be missed!!! For fans of technical brutality!. &nbsp; Brutal death metal proveniente de Osorno, Chile, \u00a1una carnicer\u00eda implacable que no debe perderse! Para los fan\u00e1ticos de la brutalidad t\u00e9cnica!. 1. La muerte vendr\u00e1 con alas ligeras sobre todo aquel que se atreva [&hellip;]<\/p>\n","protected":false},"featured_media":18831,"template":"","meta":{"_acf_changed":false},"product_cat":[92,325,314,87],"product_tag":[],"acf":[],"yoast_head":"<!-- This site is optimized with the Yoast SEO plugin v22.9 - https:\/\/yoast.com\/wordpress\/plugins\/seo\/ -->\n<title>Maniaco - Australis Records - Music from the End of the World<\/title>\n<meta name=\"robots\" content=\"index, follow, max-snippet:-1, max-image-preview:large, max-video-preview:-1\" \/>\n<link rel=\"canonical\" href=\"https:\/\/australisrecords.com\/shop\/producto\/maniaco\/\" \/>\n<meta property=\"og:locale\" content=\"en_US\" \/>\n<meta property=\"og:type\" content=\"article\" \/>\n<meta property=\"og:title\" content=\"Maniaco - Australis Records - Music from the End of the World\" \/>\n<meta property=\"og:description\" content=\"&nbsp; Brutal death metal coming from Osorno, Chile, a relentless butchery not to be missed!!! For fans of technical brutality!. &nbsp; Brutal death metal proveniente de Osorno, Chile, \u00a1una carnicer\u00eda implacable que no debe perderse! Para los fan\u00e1ticos de la brutalidad t\u00e9cnica!. 1. La muerte vendr\u00e1 con alas ligeras sobre todo aquel que se atreva [&hellip;]\" \/>\n<meta property=\"og:url\" content=\"https:\/\/australisrecords.com\/shop\/producto\/maniaco\/\" \/>\n<meta property=\"og:site_name\" content=\"Australis Records - Music from the End of the World\" \/>\n<meta property=\"article:modified_time\" content=\"2025-02-28T21:11:29+00:00\" \/>\n<meta property=\"og:image\" content=\"https:\/\/australisrecords.com\/shop\/wp-content\/uploads\/2020\/07\/manicos.png\" \/>\n\t<meta property=\"og:image:width\" content=\"540\" \/>\n\t<meta property=\"og:image:height\" content=\"540\" \/>\n\t<meta property=\"og:image:type\" content=\"image\/png\" \/>\n<meta name=\"twitter:card\" content=\"summary_large_image\" \/>\n<script type=\"application\/ld+json\" class=\"yoast-schema-graph\">{\"@context\":\"https:\/\/schema.org\",\"@graph\":[{\"@type\":\"WebPage\",\"@id\":\"https:\/\/australisrecords.com\/shop\/producto\/maniaco\/\",\"url\":\"https:\/\/australisrecords.com\/shop\/producto\/maniaco\/\",\"name\":\"Maniaco - Australis Records - Music from the End of the World\",\"isPartOf\":{\"@id\":\"https:\/\/australisrecords.com\/shop\/#website\"},\"primaryImageOfPage\":{\"@id\":\"https:\/\/australisrecords.com\/shop\/producto\/maniaco\/#primaryimage\"},\"image\":{\"@id\":\"https:\/\/australisrecords.com\/shop\/producto\/maniaco\/#primaryimage\"},\"thumbnailUrl\":\"https:\/\/australisrecords.com\/shop\/wp-content\/uploads\/2020\/07\/manicos.png\",\"datePublished\":\"2020-07-12T06:38:36+00:00\",\"dateModified\":\"2025-02-28T21:11:29+00:00\",\"breadcrumb\":{\"@id\":\"https:\/\/australisrecords.com\/shop\/producto\/maniaco\/#breadcrumb\"},\"inLanguage\":\"en-US\",\"potentialAction\":[{\"@type\":\"ReadAction\",\"target\":[\"https:\/\/australisrecords.com\/shop\/producto\/maniaco\/\"]}]},{\"@type\":\"ImageObject\",\"inLanguage\":\"en-US\",\"@id\":\"https:\/\/australisrecords.com\/shop\/producto\/maniaco\/#primaryimage\",\"url\":\"https:\/\/australisrecords.com\/shop\/wp-content\/uploads\/2020\/07\/manicos.png\",\"contentUrl\":\"https:\/\/australisrecords.com\/shop\/wp-content\/uploads\/2020\/07\/manicos.png\",\"width\":540,\"height\":540},{\"@type\":\"BreadcrumbList\",\"@id\":\"https:\/\/australisrecords.com\/shop\/producto\/maniaco\/#breadcrumb\",\"itemListElement\":[{\"@type\":\"ListItem\",\"position\":1,\"name\":\"Home\",\"item\":\"https:\/\/australisrecords.com\/shop\/\"},{\"@type\":\"ListItem\",\"position\":2,\"name\":\"Shop\",\"item\":\"https:\/\/australisrecords.com\/shop\/shop-2\/\"},{\"@type\":\"ListItem\",\"position\":3,\"name\":\"Maniaco\"}]},{\"@type\":\"WebSite\",\"@id\":\"https:\/\/australisrecords.com\/shop\/#website\",\"url\":\"https:\/\/australisrecords.com\/shop\/\",\"name\":\"Australis Records - Music from the End of the World\",\"description\":\"\",\"potentialAction\":[{\"@type\":\"SearchAction\",\"target\":{\"@type\":\"EntryPoint\",\"urlTemplate\":\"https:\/\/australisrecords.com\/shop\/?s={search_term_string}\"},\"query-input\":\"required name=search_term_string\"}],\"inLanguage\":\"en-US\"}]}<\/script>\n<!-- \/ Yoast SEO plugin. -->","yoast_head_json":{"title":"Maniaco - Australis Records - Music from the End of the World","robots":{"index":"index","follow":"follow","max-snippet":"max-snippet:-1","max-image-preview":"max-image-preview:large","max-video-preview":"max-video-preview:-1"},"canonical":"https:\/\/australisrecords.com\/shop\/producto\/maniaco\/","og_locale":"en_US","og_type":"article","og_title":"Maniaco - Australis Records - Music from the End of the World","og_description":"&nbsp; Brutal death metal coming from Osorno, Chile, a relentless butchery not to be missed!!! For fans of technical brutality!. &nbsp; Brutal death metal proveniente de Osorno, Chile, \u00a1una carnicer\u00eda implacable que no debe perderse! Para los fan\u00e1ticos de la brutalidad t\u00e9cnica!. 1. La muerte vendr\u00e1 con alas ligeras sobre todo aquel que se atreva [&hellip;]","og_url":"https:\/\/australisrecords.com\/shop\/producto\/maniaco\/","og_site_name":"Australis Records - Music from the End of the World","article_modified_time":"2025-02-28T21:11:29+00:00","og_image":[{"width":540,"height":540,"url":"https:\/\/australisrecords.com\/shop\/wp-content\/uploads\/2020\/07\/manicos.png","type":"image\/png"}],"twitter_card":"summary_large_image","schema":{"@context":"https:\/\/schema.org","@graph":[{"@type":"WebPage","@id":"https:\/\/australisrecords.com\/shop\/producto\/maniaco\/","url":"https:\/\/australisrecords.com\/shop\/producto\/maniaco\/","name":"Maniaco - Australis Records - Music from the End of the World","isPartOf":{"@id":"https:\/\/australisrecords.com\/shop\/#website"},"primaryImageOfPage":{"@id":"https:\/\/australisrecords.com\/shop\/producto\/maniaco\/#primaryimage"},"image":{"@id":"https:\/\/australisrecords.com\/shop\/producto\/maniaco\/#primaryimage"},"thumbnailUrl":"https:\/\/australisrecords.com\/shop\/wp-content\/uploads\/2020\/07\/manicos.png","datePublished":"2020-07-12T06:38:36+00:00","dateModified":"2025-02-28T21:11:29+00:00","breadcrumb":{"@id":"https:\/\/australisrecords.com\/shop\/producto\/maniaco\/#breadcrumb"},"inLanguage":"en-US","potentialAction":[{"@type":"ReadAction","target":["https:\/\/australisrecords.com\/shop\/producto\/maniaco\/"]}]},{"@type":"ImageObject","inLanguage":"en-US","@id":"https:\/\/australisrecords.com\/shop\/producto\/maniaco\/#primaryimage","url":"https:\/\/australisrecords.com\/shop\/wp-content\/uploads\/2020\/07\/manicos.png","contentUrl":"https:\/\/australisrecords.com\/shop\/wp-content\/uploads\/2020\/07\/manicos.png","width":540,"height":540},{"@type":"BreadcrumbList","@id":"https:\/\/australisrecords.com\/shop\/producto\/maniaco\/#breadcrumb","itemListElement":[{"@type":"ListItem","position":1,"name":"Home","item":"https:\/\/australisrecords.com\/shop\/"},{"@type":"ListItem","position":2,"name":"Shop","item":"https:\/\/australisrecords.com\/shop\/shop-2\/"},{"@type":"ListItem","position":3,"name":"Maniaco"}]},{"@type":"WebSite","@id":"https:\/\/australisrecords.com\/shop\/#website","url":"https:\/\/australisrecords.com\/shop\/","name":"Australis Records - Music from the End of the World","description":"","potentialAction":[{"@type":"SearchAction","target":{"@type":"EntryPoint","urlTemplate":"https:\/\/australisrecords.com\/shop\/?s={search_term_string}"},"query-input":"required name=search_term_string"}],"inLanguage":"en-US"}]}},"_links":{"self":[{"href":"https:\/\/australisrecords.com\/shop\/wp-json\/wp\/v2\/product\/18827"}],"collection":[{"href":"https:\/\/australisrecords.com\/shop\/wp-json\/wp\/v2\/product"}],"about":[{"href":"https:\/\/australisrecords.com\/shop\/wp-json\/wp\/v2\/types\/product"}],"version-history":[{"count":3,"href":"https:\/\/australisrecords.com\/shop\/wp-json\/wp\/v2\/product\/18827\/revisions"}],"predecessor-version":[{"id":25703,"href":"https:\/\/australisrecords.com\/shop\/wp-json\/wp\/v2\/product\/18827\/revisions\/25703"}],"wp:featuredmedia":[{"embeddable":true,"href":"https:\/\/australisrecords.com\/shop\/wp-json\/wp\/v2\/media\/18831"}],"wp:attachment":[{"href":"https:\/\/australisrecords.com\/shop\/wp-json\/wp\/v2\/media?parent=18827"}],"wp:term":[{"taxonomy":"product_cat","embeddable":true,"href":"https:\/\/australisrecords.com\/shop\/wp-json\/wp\/v2\/product_cat?post=18827"},{"taxonomy":"product_tag","embeddable":true,"href":"https:\/\/australisrecords.com\/shop\/wp-json\/wp\/v2\/product_tag?post=18827"}],"curies":[{"name":"wp","href":"https:\/\/api.w.org\/{rel}","templated":true}]}}