{"id":18500,"date":"2020-07-10T05:04:50","date_gmt":"2020-07-10T05:04:50","guid":{"rendered":"http:\/\/australisrecords.com\/shop\/?post_type=product&#038;p=18500"},"modified":"2024-06-09T00:00:45","modified_gmt":"2024-06-09T00:00:45","slug":"limbo","status":"publish","type":"product","link":"https:\/\/australisrecords.com\/shop\/producto\/limbo\/","title":{"rendered":"Limbo"},"content":{"rendered":"<div id=\"dslc-theme-content\"><div id=\"dslc-theme-content-inner\"><p>&nbsp;<\/p>\n<p>&nbsp;<\/p>\n<\/div><\/div>","protected":false},"excerpt":{"rendered":"<p>&nbsp; COMPENDIUM: THE LIGHT FALL is the last chapter of one of the oldest (in sense of years of activity) electronic Italian bands. In fact, Limbo born in February 1984 and after twenty years of activity . &nbsp; COMPENDIO: THE LIGHT FALL es el \u00faltimo cap\u00edtulo de una de las bandas electr\u00f3nicas italianas m\u00e1s antiguas [&hellip;]<\/p>\n","protected":false},"featured_media":18517,"template":"","meta":{"_acf_changed":false},"product_cat":[92,314,87],"product_tag":[],"acf":[],"yoast_head":"<!-- This site is optimized with the Yoast SEO plugin v22.9 - https:\/\/yoast.com\/wordpress\/plugins\/seo\/ -->\n<title>Limbo - Australis Records - Music from the End of the World<\/title>\n<meta name=\"robots\" content=\"index, follow, max-snippet:-1, max-image-preview:large, max-video-preview:-1\" \/>\n<link rel=\"canonical\" href=\"https:\/\/australisrecords.com\/shop\/producto\/limbo\/\" \/>\n<meta property=\"og:locale\" content=\"en_US\" \/>\n<meta property=\"og:type\" content=\"article\" \/>\n<meta property=\"og:title\" content=\"Limbo - Australis Records - Music from the End of the World\" \/>\n<meta property=\"og:description\" content=\"&nbsp; COMPENDIUM: THE LIGHT FALL is the last chapter of one of the oldest (in sense of years of activity) electronic Italian bands. In fact, Limbo born in February 1984 and after twenty years of activity . &nbsp; COMPENDIO: THE LIGHT FALL es el \u00faltimo cap\u00edtulo de una de las bandas electr\u00f3nicas italianas m\u00e1s antiguas [&hellip;]\" \/>\n<meta property=\"og:url\" content=\"https:\/\/australisrecords.com\/shop\/producto\/limbo\/\" \/>\n<meta property=\"og:site_name\" content=\"Australis Records - Music from the End of the World\" \/>\n<meta property=\"article:modified_time\" content=\"2024-06-09T00:00:45+00:00\" \/>\n<meta property=\"og:image\" content=\"https:\/\/australisrecords.com\/shop\/wp-content\/uploads\/2020\/07\/51azaxgsrrL.jpg\" \/>\n\t<meta property=\"og:image:width\" content=\"500\" \/>\n\t<meta property=\"og:image:height\" content=\"500\" \/>\n\t<meta property=\"og:image:type\" content=\"image\/jpeg\" \/>\n<meta name=\"twitter:card\" content=\"summary_large_image\" \/>\n<script type=\"application\/ld+json\" class=\"yoast-schema-graph\">{\"@context\":\"https:\/\/schema.org\",\"@graph\":[{\"@type\":\"WebPage\",\"@id\":\"https:\/\/australisrecords.com\/shop\/producto\/limbo\/\",\"url\":\"https:\/\/australisrecords.com\/shop\/producto\/limbo\/\",\"name\":\"Limbo - Australis Records - Music from the End of the World\",\"isPartOf\":{\"@id\":\"https:\/\/australisrecords.com\/shop\/#website\"},\"primaryImageOfPage\":{\"@id\":\"https:\/\/australisrecords.com\/shop\/producto\/limbo\/#primaryimage\"},\"image\":{\"@id\":\"https:\/\/australisrecords.com\/shop\/producto\/limbo\/#primaryimage\"},\"thumbnailUrl\":\"https:\/\/australisrecords.com\/shop\/wp-content\/uploads\/2020\/07\/51azaxgsrrL.jpg\",\"datePublished\":\"2020-07-10T05:04:50+00:00\",\"dateModified\":\"2024-06-09T00:00:45+00:00\",\"breadcrumb\":{\"@id\":\"https:\/\/australisrecords.com\/shop\/producto\/limbo\/#breadcrumb\"},\"inLanguage\":\"en-US\",\"potentialAction\":[{\"@type\":\"ReadAction\",\"target\":[\"https:\/\/australisrecords.com\/shop\/producto\/limbo\/\"]}]},{\"@type\":\"ImageObject\",\"inLanguage\":\"en-US\",\"@id\":\"https:\/\/australisrecords.com\/shop\/producto\/limbo\/#primaryimage\",\"url\":\"https:\/\/australisrecords.com\/shop\/wp-content\/uploads\/2020\/07\/51azaxgsrrL.jpg\",\"contentUrl\":\"https:\/\/australisrecords.com\/shop\/wp-content\/uploads\/2020\/07\/51azaxgsrrL.jpg\",\"width\":500,\"height\":500},{\"@type\":\"BreadcrumbList\",\"@id\":\"https:\/\/australisrecords.com\/shop\/producto\/limbo\/#breadcrumb\",\"itemListElement\":[{\"@type\":\"ListItem\",\"position\":1,\"name\":\"Home\",\"item\":\"https:\/\/australisrecords.com\/shop\/\"},{\"@type\":\"ListItem\",\"position\":2,\"name\":\"Shop\",\"item\":\"https:\/\/australisrecords.com\/shop\/shop-2\/\"},{\"@type\":\"ListItem\",\"position\":3,\"name\":\"Limbo\"}]},{\"@type\":\"WebSite\",\"@id\":\"https:\/\/australisrecords.com\/shop\/#website\",\"url\":\"https:\/\/australisrecords.com\/shop\/\",\"name\":\"Australis Records - Music from the End of the World\",\"description\":\"\",\"potentialAction\":[{\"@type\":\"SearchAction\",\"target\":{\"@type\":\"EntryPoint\",\"urlTemplate\":\"https:\/\/australisrecords.com\/shop\/?s={search_term_string}\"},\"query-input\":\"required name=search_term_string\"}],\"inLanguage\":\"en-US\"}]}<\/script>\n<!-- \/ Yoast SEO plugin. -->","yoast_head_json":{"title":"Limbo - Australis Records - Music from the End of the World","robots":{"index":"index","follow":"follow","max-snippet":"max-snippet:-1","max-image-preview":"max-image-preview:large","max-video-preview":"max-video-preview:-1"},"canonical":"https:\/\/australisrecords.com\/shop\/producto\/limbo\/","og_locale":"en_US","og_type":"article","og_title":"Limbo - Australis Records - Music from the End of the World","og_description":"&nbsp; COMPENDIUM: THE LIGHT FALL is the last chapter of one of the oldest (in sense of years of activity) electronic Italian bands. In fact, Limbo born in February 1984 and after twenty years of activity . &nbsp; COMPENDIO: THE LIGHT FALL es el \u00faltimo cap\u00edtulo de una de las bandas electr\u00f3nicas italianas m\u00e1s antiguas [&hellip;]","og_url":"https:\/\/australisrecords.com\/shop\/producto\/limbo\/","og_site_name":"Australis Records - Music from the End of the World","article_modified_time":"2024-06-09T00:00:45+00:00","og_image":[{"width":500,"height":500,"url":"https:\/\/australisrecords.com\/shop\/wp-content\/uploads\/2020\/07\/51azaxgsrrL.jpg","type":"image\/jpeg"}],"twitter_card":"summary_large_image","schema":{"@context":"https:\/\/schema.org","@graph":[{"@type":"WebPage","@id":"https:\/\/australisrecords.com\/shop\/producto\/limbo\/","url":"https:\/\/australisrecords.com\/shop\/producto\/limbo\/","name":"Limbo - Australis Records - Music from the End of the World","isPartOf":{"@id":"https:\/\/australisrecords.com\/shop\/#website"},"primaryImageOfPage":{"@id":"https:\/\/australisrecords.com\/shop\/producto\/limbo\/#primaryimage"},"image":{"@id":"https:\/\/australisrecords.com\/shop\/producto\/limbo\/#primaryimage"},"thumbnailUrl":"https:\/\/australisrecords.com\/shop\/wp-content\/uploads\/2020\/07\/51azaxgsrrL.jpg","datePublished":"2020-07-10T05:04:50+00:00","dateModified":"2024-06-09T00:00:45+00:00","breadcrumb":{"@id":"https:\/\/australisrecords.com\/shop\/producto\/limbo\/#breadcrumb"},"inLanguage":"en-US","potentialAction":[{"@type":"ReadAction","target":["https:\/\/australisrecords.com\/shop\/producto\/limbo\/"]}]},{"@type":"ImageObject","inLanguage":"en-US","@id":"https:\/\/australisrecords.com\/shop\/producto\/limbo\/#primaryimage","url":"https:\/\/australisrecords.com\/shop\/wp-content\/uploads\/2020\/07\/51azaxgsrrL.jpg","contentUrl":"https:\/\/australisrecords.com\/shop\/wp-content\/uploads\/2020\/07\/51azaxgsrrL.jpg","width":500,"height":500},{"@type":"BreadcrumbList","@id":"https:\/\/australisrecords.com\/shop\/producto\/limbo\/#breadcrumb","itemListElement":[{"@type":"ListItem","position":1,"name":"Home","item":"https:\/\/australisrecords.com\/shop\/"},{"@type":"ListItem","position":2,"name":"Shop","item":"https:\/\/australisrecords.com\/shop\/shop-2\/"},{"@type":"ListItem","position":3,"name":"Limbo"}]},{"@type":"WebSite","@id":"https:\/\/australisrecords.com\/shop\/#website","url":"https:\/\/australisrecords.com\/shop\/","name":"Australis Records - Music from the End of the World","description":"","potentialAction":[{"@type":"SearchAction","target":{"@type":"EntryPoint","urlTemplate":"https:\/\/australisrecords.com\/shop\/?s={search_term_string}"},"query-input":"required name=search_term_string"}],"inLanguage":"en-US"}]}},"_links":{"self":[{"href":"https:\/\/australisrecords.com\/shop\/wp-json\/wp\/v2\/product\/18500"}],"collection":[{"href":"https:\/\/australisrecords.com\/shop\/wp-json\/wp\/v2\/product"}],"about":[{"href":"https:\/\/australisrecords.com\/shop\/wp-json\/wp\/v2\/types\/product"}],"version-history":[{"count":2,"href":"https:\/\/australisrecords.com\/shop\/wp-json\/wp\/v2\/product\/18500\/revisions"}],"predecessor-version":[{"id":18519,"href":"https:\/\/australisrecords.com\/shop\/wp-json\/wp\/v2\/product\/18500\/revisions\/18519"}],"wp:featuredmedia":[{"embeddable":true,"href":"https:\/\/australisrecords.com\/shop\/wp-json\/wp\/v2\/media\/18517"}],"wp:attachment":[{"href":"https:\/\/australisrecords.com\/shop\/wp-json\/wp\/v2\/media?parent=18500"}],"wp:term":[{"taxonomy":"product_cat","embeddable":true,"href":"https:\/\/australisrecords.com\/shop\/wp-json\/wp\/v2\/product_cat?post=18500"},{"taxonomy":"product_tag","embeddable":true,"href":"https:\/\/australisrecords.com\/shop\/wp-json\/wp\/v2\/product_tag?post=18500"}],"curies":[{"name":"wp","href":"https:\/\/api.w.org\/{rel}","templated":true}]}}