{"id":18481,"date":"2020-07-10T04:19:19","date_gmt":"2020-07-10T04:19:19","guid":{"rendered":"http:\/\/australisrecords.com\/shop\/?post_type=product&#038;p=18481"},"modified":"2020-07-10T04:37:29","modified_gmt":"2020-07-10T04:37:29","slug":"lamuria-abissal","status":"publish","type":"product","link":"https:\/\/australisrecords.com\/shop\/producto\/lamuria-abissal\/","title":{"rendered":"Lam\u00faria Abissal"},"content":{"rendered":"<div id=\"dslc-theme-content\"><div id=\"dslc-theme-content-inner\"><\/div><\/div>","protected":false},"excerpt":{"rendered":"<p>&nbsp; Depressive Black Metal. &nbsp; Black Metal Depresivo. 1. Amado \u00d3dio Retroativo 2. Me Afogando em L\u00e2minas e Comprimidos 3. O Fantasma de um Rancoroso Passado 4. Lam\u00faria Abissal 5. &#8230;de uma Profunda e Cancer\u00edgena Melancolia &nbsp; &nbsp; &nbsp;<\/p>\n","protected":false},"featured_media":18490,"template":"","meta":{"_acf_changed":false},"product_cat":[92,304,314,87],"product_tag":[],"acf":[],"yoast_head":"<!-- This site is optimized with the Yoast SEO plugin v22.9 - https:\/\/yoast.com\/wordpress\/plugins\/seo\/ -->\n<title>Lam\u00faria Abissal - Australis Records - Music from the End of the World<\/title>\n<meta name=\"robots\" content=\"index, follow, max-snippet:-1, max-image-preview:large, max-video-preview:-1\" \/>\n<link rel=\"canonical\" href=\"https:\/\/australisrecords.com\/shop\/producto\/lamuria-abissal\/\" \/>\n<meta property=\"og:locale\" content=\"en_US\" \/>\n<meta property=\"og:type\" content=\"article\" \/>\n<meta property=\"og:title\" content=\"Lam\u00faria Abissal - Australis Records - Music from the End of the World\" \/>\n<meta property=\"og:description\" content=\"&nbsp; Depressive Black Metal. &nbsp; Black Metal Depresivo. 1. Amado \u00d3dio Retroativo 2. Me Afogando em L\u00e2minas e Comprimidos 3. O Fantasma de um Rancoroso Passado 4. Lam\u00faria Abissal 5. &#8230;de uma Profunda e Cancer\u00edgena Melancolia &nbsp; &nbsp; &nbsp;\" \/>\n<meta property=\"og:url\" content=\"https:\/\/australisrecords.com\/shop\/producto\/lamuria-abissal\/\" \/>\n<meta property=\"og:site_name\" content=\"Australis Records - Music from the End of the World\" \/>\n<meta property=\"article:modified_time\" content=\"2020-07-10T04:37:29+00:00\" \/>\n<meta property=\"og:image\" content=\"https:\/\/australisrecords.com\/shop\/wp-content\/uploads\/2020\/07\/351945.jpg\" \/>\n\t<meta property=\"og:image:width\" content=\"885\" \/>\n\t<meta property=\"og:image:height\" content=\"837\" \/>\n\t<meta property=\"og:image:type\" content=\"image\/jpeg\" \/>\n<meta name=\"twitter:card\" content=\"summary_large_image\" \/>\n<script type=\"application\/ld+json\" class=\"yoast-schema-graph\">{\"@context\":\"https:\/\/schema.org\",\"@graph\":[{\"@type\":\"WebPage\",\"@id\":\"https:\/\/australisrecords.com\/shop\/producto\/lamuria-abissal\/\",\"url\":\"https:\/\/australisrecords.com\/shop\/producto\/lamuria-abissal\/\",\"name\":\"Lam\u00faria Abissal - Australis Records - Music from the End of the World\",\"isPartOf\":{\"@id\":\"https:\/\/australisrecords.com\/shop\/#website\"},\"primaryImageOfPage\":{\"@id\":\"https:\/\/australisrecords.com\/shop\/producto\/lamuria-abissal\/#primaryimage\"},\"image\":{\"@id\":\"https:\/\/australisrecords.com\/shop\/producto\/lamuria-abissal\/#primaryimage\"},\"thumbnailUrl\":\"https:\/\/australisrecords.com\/shop\/wp-content\/uploads\/2020\/07\/351945.jpg\",\"datePublished\":\"2020-07-10T04:19:19+00:00\",\"dateModified\":\"2020-07-10T04:37:29+00:00\",\"breadcrumb\":{\"@id\":\"https:\/\/australisrecords.com\/shop\/producto\/lamuria-abissal\/#breadcrumb\"},\"inLanguage\":\"en-US\",\"potentialAction\":[{\"@type\":\"ReadAction\",\"target\":[\"https:\/\/australisrecords.com\/shop\/producto\/lamuria-abissal\/\"]}]},{\"@type\":\"ImageObject\",\"inLanguage\":\"en-US\",\"@id\":\"https:\/\/australisrecords.com\/shop\/producto\/lamuria-abissal\/#primaryimage\",\"url\":\"https:\/\/australisrecords.com\/shop\/wp-content\/uploads\/2020\/07\/351945.jpg\",\"contentUrl\":\"https:\/\/australisrecords.com\/shop\/wp-content\/uploads\/2020\/07\/351945.jpg\",\"width\":885,\"height\":837},{\"@type\":\"BreadcrumbList\",\"@id\":\"https:\/\/australisrecords.com\/shop\/producto\/lamuria-abissal\/#breadcrumb\",\"itemListElement\":[{\"@type\":\"ListItem\",\"position\":1,\"name\":\"Home\",\"item\":\"https:\/\/australisrecords.com\/shop\/\"},{\"@type\":\"ListItem\",\"position\":2,\"name\":\"Shop\",\"item\":\"https:\/\/australisrecords.com\/shop\/shop-2\/\"},{\"@type\":\"ListItem\",\"position\":3,\"name\":\"Lam\u00faria Abissal\"}]},{\"@type\":\"WebSite\",\"@id\":\"https:\/\/australisrecords.com\/shop\/#website\",\"url\":\"https:\/\/australisrecords.com\/shop\/\",\"name\":\"Australis Records - Music from the End of the World\",\"description\":\"\",\"potentialAction\":[{\"@type\":\"SearchAction\",\"target\":{\"@type\":\"EntryPoint\",\"urlTemplate\":\"https:\/\/australisrecords.com\/shop\/?s={search_term_string}\"},\"query-input\":\"required name=search_term_string\"}],\"inLanguage\":\"en-US\"}]}<\/script>\n<!-- \/ Yoast SEO plugin. -->","yoast_head_json":{"title":"Lam\u00faria Abissal - Australis Records - Music from the End of the World","robots":{"index":"index","follow":"follow","max-snippet":"max-snippet:-1","max-image-preview":"max-image-preview:large","max-video-preview":"max-video-preview:-1"},"canonical":"https:\/\/australisrecords.com\/shop\/producto\/lamuria-abissal\/","og_locale":"en_US","og_type":"article","og_title":"Lam\u00faria Abissal - Australis Records - Music from the End of the World","og_description":"&nbsp; Depressive Black Metal. &nbsp; Black Metal Depresivo. 1. Amado \u00d3dio Retroativo 2. Me Afogando em L\u00e2minas e Comprimidos 3. O Fantasma de um Rancoroso Passado 4. Lam\u00faria Abissal 5. &#8230;de uma Profunda e Cancer\u00edgena Melancolia &nbsp; &nbsp; &nbsp;","og_url":"https:\/\/australisrecords.com\/shop\/producto\/lamuria-abissal\/","og_site_name":"Australis Records - Music from the End of the World","article_modified_time":"2020-07-10T04:37:29+00:00","og_image":[{"width":885,"height":837,"url":"https:\/\/australisrecords.com\/shop\/wp-content\/uploads\/2020\/07\/351945.jpg","type":"image\/jpeg"}],"twitter_card":"summary_large_image","schema":{"@context":"https:\/\/schema.org","@graph":[{"@type":"WebPage","@id":"https:\/\/australisrecords.com\/shop\/producto\/lamuria-abissal\/","url":"https:\/\/australisrecords.com\/shop\/producto\/lamuria-abissal\/","name":"Lam\u00faria Abissal - Australis Records - Music from the End of the World","isPartOf":{"@id":"https:\/\/australisrecords.com\/shop\/#website"},"primaryImageOfPage":{"@id":"https:\/\/australisrecords.com\/shop\/producto\/lamuria-abissal\/#primaryimage"},"image":{"@id":"https:\/\/australisrecords.com\/shop\/producto\/lamuria-abissal\/#primaryimage"},"thumbnailUrl":"https:\/\/australisrecords.com\/shop\/wp-content\/uploads\/2020\/07\/351945.jpg","datePublished":"2020-07-10T04:19:19+00:00","dateModified":"2020-07-10T04:37:29+00:00","breadcrumb":{"@id":"https:\/\/australisrecords.com\/shop\/producto\/lamuria-abissal\/#breadcrumb"},"inLanguage":"en-US","potentialAction":[{"@type":"ReadAction","target":["https:\/\/australisrecords.com\/shop\/producto\/lamuria-abissal\/"]}]},{"@type":"ImageObject","inLanguage":"en-US","@id":"https:\/\/australisrecords.com\/shop\/producto\/lamuria-abissal\/#primaryimage","url":"https:\/\/australisrecords.com\/shop\/wp-content\/uploads\/2020\/07\/351945.jpg","contentUrl":"https:\/\/australisrecords.com\/shop\/wp-content\/uploads\/2020\/07\/351945.jpg","width":885,"height":837},{"@type":"BreadcrumbList","@id":"https:\/\/australisrecords.com\/shop\/producto\/lamuria-abissal\/#breadcrumb","itemListElement":[{"@type":"ListItem","position":1,"name":"Home","item":"https:\/\/australisrecords.com\/shop\/"},{"@type":"ListItem","position":2,"name":"Shop","item":"https:\/\/australisrecords.com\/shop\/shop-2\/"},{"@type":"ListItem","position":3,"name":"Lam\u00faria Abissal"}]},{"@type":"WebSite","@id":"https:\/\/australisrecords.com\/shop\/#website","url":"https:\/\/australisrecords.com\/shop\/","name":"Australis Records - Music from the End of the World","description":"","potentialAction":[{"@type":"SearchAction","target":{"@type":"EntryPoint","urlTemplate":"https:\/\/australisrecords.com\/shop\/?s={search_term_string}"},"query-input":"required name=search_term_string"}],"inLanguage":"en-US"}]}},"_links":{"self":[{"href":"https:\/\/australisrecords.com\/shop\/wp-json\/wp\/v2\/product\/18481"}],"collection":[{"href":"https:\/\/australisrecords.com\/shop\/wp-json\/wp\/v2\/product"}],"about":[{"href":"https:\/\/australisrecords.com\/shop\/wp-json\/wp\/v2\/types\/product"}],"version-history":[{"count":2,"href":"https:\/\/australisrecords.com\/shop\/wp-json\/wp\/v2\/product\/18481\/revisions"}],"predecessor-version":[{"id":18492,"href":"https:\/\/australisrecords.com\/shop\/wp-json\/wp\/v2\/product\/18481\/revisions\/18492"}],"wp:featuredmedia":[{"embeddable":true,"href":"https:\/\/australisrecords.com\/shop\/wp-json\/wp\/v2\/media\/18490"}],"wp:attachment":[{"href":"https:\/\/australisrecords.com\/shop\/wp-json\/wp\/v2\/media?parent=18481"}],"wp:term":[{"taxonomy":"product_cat","embeddable":true,"href":"https:\/\/australisrecords.com\/shop\/wp-json\/wp\/v2\/product_cat?post=18481"},{"taxonomy":"product_tag","embeddable":true,"href":"https:\/\/australisrecords.com\/shop\/wp-json\/wp\/v2\/product_tag?post=18481"}],"curies":[{"name":"wp","href":"https:\/\/api.w.org\/{rel}","templated":true}]}}