{"id":18250,"date":"2020-07-05T07:13:58","date_gmt":"2020-07-05T07:13:58","guid":{"rendered":"http:\/\/australisrecords.com\/shop\/?post_type=product&#038;p=18250"},"modified":"2020-07-05T07:47:31","modified_gmt":"2020-07-05T07:47:31","slug":"idis-orlog-2","status":"publish","type":"product","link":"https:\/\/australisrecords.com\/shop\/producto\/idis-orlog-2\/","title":{"rendered":"Idis \u00d6rl\u00f6g"},"content":{"rendered":"<div id=\"dslc-theme-content\"><div id=\"dslc-theme-content-inner\"><p>&nbsp;<\/p>\n<p>&nbsp;<\/p>\n<\/div><\/div>","protected":false},"excerpt":{"rendered":"<p>&nbsp; 2015 album from Idis \u00d8rl\u00f8g &#8211; &#8220;Fr\u00f8ya og Svipdag and Songs from Njartharl\u00e5g&#8221; Idis \u00d8rl\u00f8g is a Folk music project which seeks to get as close to the heart and spirit of the Northern nature as possible through word and sound. The songs are dedicated to the folk stories of yore, to the passing [&hellip;]<\/p>\n","protected":false},"featured_media":18263,"template":"","meta":{"_acf_changed":false},"product_cat":[92,314,339,307,87],"product_tag":[],"acf":[],"yoast_head":"<!-- This site is optimized with the Yoast SEO plugin v22.9 - https:\/\/yoast.com\/wordpress\/plugins\/seo\/ -->\n<title>Idis \u00d6rl\u00f6g - Australis Records - Music from the End of the World<\/title>\n<meta name=\"robots\" content=\"index, follow, max-snippet:-1, max-image-preview:large, max-video-preview:-1\" \/>\n<link rel=\"canonical\" href=\"https:\/\/australisrecords.com\/shop\/producto\/idis-orlog-2\/\" \/>\n<meta property=\"og:locale\" content=\"en_US\" \/>\n<meta property=\"og:type\" content=\"article\" \/>\n<meta property=\"og:title\" content=\"Idis \u00d6rl\u00f6g - Australis Records - Music from the End of the World\" \/>\n<meta property=\"og:description\" content=\"&nbsp; 2015 album from Idis \u00d8rl\u00f8g &#8211; &#8220;Fr\u00f8ya og Svipdag and Songs from Njartharl\u00e5g&#8221; Idis \u00d8rl\u00f8g is a Folk music project which seeks to get as close to the heart and spirit of the Northern nature as possible through word and sound. The songs are dedicated to the folk stories of yore, to the passing [&hellip;]\" \/>\n<meta property=\"og:url\" content=\"https:\/\/australisrecords.com\/shop\/producto\/idis-orlog-2\/\" \/>\n<meta property=\"og:site_name\" content=\"Australis Records - Music from the End of the World\" \/>\n<meta property=\"article:modified_time\" content=\"2020-07-05T07:47:31+00:00\" \/>\n<meta property=\"og:image\" content=\"https:\/\/australisrecords.com\/shop\/wp-content\/uploads\/2020\/07\/R-7586811-1444596545-1608.jpeg.jpg\" \/>\n\t<meta property=\"og:image:width\" content=\"600\" \/>\n\t<meta property=\"og:image:height\" content=\"556\" \/>\n\t<meta property=\"og:image:type\" content=\"image\/jpeg\" \/>\n<meta name=\"twitter:card\" content=\"summary_large_image\" \/>\n<script type=\"application\/ld+json\" class=\"yoast-schema-graph\">{\"@context\":\"https:\/\/schema.org\",\"@graph\":[{\"@type\":\"WebPage\",\"@id\":\"https:\/\/australisrecords.com\/shop\/producto\/idis-orlog-2\/\",\"url\":\"https:\/\/australisrecords.com\/shop\/producto\/idis-orlog-2\/\",\"name\":\"Idis \u00d6rl\u00f6g - Australis Records - Music from the End of the World\",\"isPartOf\":{\"@id\":\"https:\/\/australisrecords.com\/shop\/#website\"},\"primaryImageOfPage\":{\"@id\":\"https:\/\/australisrecords.com\/shop\/producto\/idis-orlog-2\/#primaryimage\"},\"image\":{\"@id\":\"https:\/\/australisrecords.com\/shop\/producto\/idis-orlog-2\/#primaryimage\"},\"thumbnailUrl\":\"https:\/\/australisrecords.com\/shop\/wp-content\/uploads\/2020\/07\/R-7586811-1444596545-1608.jpeg.jpg\",\"datePublished\":\"2020-07-05T07:13:58+00:00\",\"dateModified\":\"2020-07-05T07:47:31+00:00\",\"breadcrumb\":{\"@id\":\"https:\/\/australisrecords.com\/shop\/producto\/idis-orlog-2\/#breadcrumb\"},\"inLanguage\":\"en-US\",\"potentialAction\":[{\"@type\":\"ReadAction\",\"target\":[\"https:\/\/australisrecords.com\/shop\/producto\/idis-orlog-2\/\"]}]},{\"@type\":\"ImageObject\",\"inLanguage\":\"en-US\",\"@id\":\"https:\/\/australisrecords.com\/shop\/producto\/idis-orlog-2\/#primaryimage\",\"url\":\"https:\/\/australisrecords.com\/shop\/wp-content\/uploads\/2020\/07\/R-7586811-1444596545-1608.jpeg.jpg\",\"contentUrl\":\"https:\/\/australisrecords.com\/shop\/wp-content\/uploads\/2020\/07\/R-7586811-1444596545-1608.jpeg.jpg\",\"width\":600,\"height\":556},{\"@type\":\"BreadcrumbList\",\"@id\":\"https:\/\/australisrecords.com\/shop\/producto\/idis-orlog-2\/#breadcrumb\",\"itemListElement\":[{\"@type\":\"ListItem\",\"position\":1,\"name\":\"Home\",\"item\":\"https:\/\/australisrecords.com\/shop\/\"},{\"@type\":\"ListItem\",\"position\":2,\"name\":\"Shop\",\"item\":\"https:\/\/australisrecords.com\/shop\/shop-2\/\"},{\"@type\":\"ListItem\",\"position\":3,\"name\":\"Idis \u00d6rl\u00f6g\"}]},{\"@type\":\"WebSite\",\"@id\":\"https:\/\/australisrecords.com\/shop\/#website\",\"url\":\"https:\/\/australisrecords.com\/shop\/\",\"name\":\"Australis Records - Music from the End of the World\",\"description\":\"\",\"potentialAction\":[{\"@type\":\"SearchAction\",\"target\":{\"@type\":\"EntryPoint\",\"urlTemplate\":\"https:\/\/australisrecords.com\/shop\/?s={search_term_string}\"},\"query-input\":\"required name=search_term_string\"}],\"inLanguage\":\"en-US\"}]}<\/script>\n<!-- \/ Yoast SEO plugin. -->","yoast_head_json":{"title":"Idis \u00d6rl\u00f6g - Australis Records - Music from the End of the World","robots":{"index":"index","follow":"follow","max-snippet":"max-snippet:-1","max-image-preview":"max-image-preview:large","max-video-preview":"max-video-preview:-1"},"canonical":"https:\/\/australisrecords.com\/shop\/producto\/idis-orlog-2\/","og_locale":"en_US","og_type":"article","og_title":"Idis \u00d6rl\u00f6g - Australis Records - Music from the End of the World","og_description":"&nbsp; 2015 album from Idis \u00d8rl\u00f8g &#8211; &#8220;Fr\u00f8ya og Svipdag and Songs from Njartharl\u00e5g&#8221; Idis \u00d8rl\u00f8g is a Folk music project which seeks to get as close to the heart and spirit of the Northern nature as possible through word and sound. The songs are dedicated to the folk stories of yore, to the passing [&hellip;]","og_url":"https:\/\/australisrecords.com\/shop\/producto\/idis-orlog-2\/","og_site_name":"Australis Records - Music from the End of the World","article_modified_time":"2020-07-05T07:47:31+00:00","og_image":[{"width":600,"height":556,"url":"https:\/\/australisrecords.com\/shop\/wp-content\/uploads\/2020\/07\/R-7586811-1444596545-1608.jpeg.jpg","type":"image\/jpeg"}],"twitter_card":"summary_large_image","schema":{"@context":"https:\/\/schema.org","@graph":[{"@type":"WebPage","@id":"https:\/\/australisrecords.com\/shop\/producto\/idis-orlog-2\/","url":"https:\/\/australisrecords.com\/shop\/producto\/idis-orlog-2\/","name":"Idis \u00d6rl\u00f6g - Australis Records - Music from the End of the World","isPartOf":{"@id":"https:\/\/australisrecords.com\/shop\/#website"},"primaryImageOfPage":{"@id":"https:\/\/australisrecords.com\/shop\/producto\/idis-orlog-2\/#primaryimage"},"image":{"@id":"https:\/\/australisrecords.com\/shop\/producto\/idis-orlog-2\/#primaryimage"},"thumbnailUrl":"https:\/\/australisrecords.com\/shop\/wp-content\/uploads\/2020\/07\/R-7586811-1444596545-1608.jpeg.jpg","datePublished":"2020-07-05T07:13:58+00:00","dateModified":"2020-07-05T07:47:31+00:00","breadcrumb":{"@id":"https:\/\/australisrecords.com\/shop\/producto\/idis-orlog-2\/#breadcrumb"},"inLanguage":"en-US","potentialAction":[{"@type":"ReadAction","target":["https:\/\/australisrecords.com\/shop\/producto\/idis-orlog-2\/"]}]},{"@type":"ImageObject","inLanguage":"en-US","@id":"https:\/\/australisrecords.com\/shop\/producto\/idis-orlog-2\/#primaryimage","url":"https:\/\/australisrecords.com\/shop\/wp-content\/uploads\/2020\/07\/R-7586811-1444596545-1608.jpeg.jpg","contentUrl":"https:\/\/australisrecords.com\/shop\/wp-content\/uploads\/2020\/07\/R-7586811-1444596545-1608.jpeg.jpg","width":600,"height":556},{"@type":"BreadcrumbList","@id":"https:\/\/australisrecords.com\/shop\/producto\/idis-orlog-2\/#breadcrumb","itemListElement":[{"@type":"ListItem","position":1,"name":"Home","item":"https:\/\/australisrecords.com\/shop\/"},{"@type":"ListItem","position":2,"name":"Shop","item":"https:\/\/australisrecords.com\/shop\/shop-2\/"},{"@type":"ListItem","position":3,"name":"Idis \u00d6rl\u00f6g"}]},{"@type":"WebSite","@id":"https:\/\/australisrecords.com\/shop\/#website","url":"https:\/\/australisrecords.com\/shop\/","name":"Australis Records - Music from the End of the World","description":"","potentialAction":[{"@type":"SearchAction","target":{"@type":"EntryPoint","urlTemplate":"https:\/\/australisrecords.com\/shop\/?s={search_term_string}"},"query-input":"required name=search_term_string"}],"inLanguage":"en-US"}]}},"_links":{"self":[{"href":"https:\/\/australisrecords.com\/shop\/wp-json\/wp\/v2\/product\/18250"}],"collection":[{"href":"https:\/\/australisrecords.com\/shop\/wp-json\/wp\/v2\/product"}],"about":[{"href":"https:\/\/australisrecords.com\/shop\/wp-json\/wp\/v2\/types\/product"}],"version-history":[{"count":1,"href":"https:\/\/australisrecords.com\/shop\/wp-json\/wp\/v2\/product\/18250\/revisions"}],"predecessor-version":[{"id":18264,"href":"https:\/\/australisrecords.com\/shop\/wp-json\/wp\/v2\/product\/18250\/revisions\/18264"}],"wp:featuredmedia":[{"embeddable":true,"href":"https:\/\/australisrecords.com\/shop\/wp-json\/wp\/v2\/media\/18263"}],"wp:attachment":[{"href":"https:\/\/australisrecords.com\/shop\/wp-json\/wp\/v2\/media?parent=18250"}],"wp:term":[{"taxonomy":"product_cat","embeddable":true,"href":"https:\/\/australisrecords.com\/shop\/wp-json\/wp\/v2\/product_cat?post=18250"},{"taxonomy":"product_tag","embeddable":true,"href":"https:\/\/australisrecords.com\/shop\/wp-json\/wp\/v2\/product_tag?post=18250"}],"curies":[{"name":"wp","href":"https:\/\/api.w.org\/{rel}","templated":true}]}}