{"id":18135,"date":"2020-07-05T00:14:41","date_gmt":"2020-07-05T00:14:41","guid":{"rendered":"http:\/\/australisrecords.com\/shop\/?post_type=product&#038;p=18135"},"modified":"2022-04-22T06:08:48","modified_gmt":"2022-04-22T06:08:48","slug":"inanna-2","status":"publish","type":"product","link":"https:\/\/australisrecords.com\/shop\/producto\/inanna-2\/","title":{"rendered":"Inanna"},"content":{"rendered":"<div id=\"dslc-theme-content\"><div id=\"dslc-theme-content-inner\"><p>&nbsp;<\/p>\n<p>&nbsp;<\/p>\n<\/div><\/div>","protected":false},"excerpt":{"rendered":"<p>&nbsp; &nbsp; &nbsp; Compilation of demo and unreleased material from these Chilean death metal maniacs! &nbsp; \u00a1Compilaci\u00f3n de demo y material in\u00e9dito de estos man\u00edacos chilenos del death metal!. 1. Everlasting Suffering 2. Sea of the Dead 3. Unveiled Existence 4. Doom of Mankind 5. Embracing the Fleshless Ecstasy 6. Mind Surgery 7. Gilgamesh 8. [&hellip;]<\/p>\n","protected":false},"featured_media":18144,"template":"","meta":{"_acf_changed":false},"product_cat":[92,314,87],"product_tag":[473],"acf":[],"yoast_head":"<!-- This site is optimized with the Yoast SEO plugin v22.9 - https:\/\/yoast.com\/wordpress\/plugins\/seo\/ -->\n<title>Inanna - Australis Records - Music from the End of the World<\/title>\n<meta name=\"robots\" content=\"index, follow, max-snippet:-1, max-image-preview:large, max-video-preview:-1\" \/>\n<link rel=\"canonical\" href=\"https:\/\/australisrecords.com\/shop\/producto\/inanna-2\/\" \/>\n<meta property=\"og:locale\" content=\"en_US\" \/>\n<meta property=\"og:type\" content=\"article\" \/>\n<meta property=\"og:title\" content=\"Inanna - Australis Records - Music from the End of the World\" \/>\n<meta property=\"og:description\" content=\"&nbsp; &nbsp; &nbsp; Compilation of demo and unreleased material from these Chilean death metal maniacs! &nbsp; \u00a1Compilaci\u00f3n de demo y material in\u00e9dito de estos man\u00edacos chilenos del death metal!. 1. Everlasting Suffering 2. Sea of the Dead 3. Unveiled Existence 4. Doom of Mankind 5. Embracing the Fleshless Ecstasy 6. Mind Surgery 7. Gilgamesh 8. [&hellip;]\" \/>\n<meta property=\"og:url\" content=\"https:\/\/australisrecords.com\/shop\/producto\/inanna-2\/\" \/>\n<meta property=\"og:site_name\" content=\"Australis Records - Music from the End of the World\" \/>\n<meta property=\"article:modified_time\" content=\"2022-04-22T06:08:48+00:00\" \/>\n<meta property=\"og:image\" content=\"https:\/\/australisrecords.com\/shop\/wp-content\/uploads\/2020\/07\/inanna_unearthed.jpg\" \/>\n\t<meta property=\"og:image:width\" content=\"800\" \/>\n\t<meta property=\"og:image:height\" content=\"800\" \/>\n\t<meta property=\"og:image:type\" content=\"image\/jpeg\" \/>\n<meta name=\"twitter:card\" content=\"summary_large_image\" \/>\n<script type=\"application\/ld+json\" class=\"yoast-schema-graph\">{\"@context\":\"https:\/\/schema.org\",\"@graph\":[{\"@type\":\"WebPage\",\"@id\":\"https:\/\/australisrecords.com\/shop\/producto\/inanna-2\/\",\"url\":\"https:\/\/australisrecords.com\/shop\/producto\/inanna-2\/\",\"name\":\"Inanna - Australis Records - Music from the End of the World\",\"isPartOf\":{\"@id\":\"https:\/\/australisrecords.com\/shop\/#website\"},\"primaryImageOfPage\":{\"@id\":\"https:\/\/australisrecords.com\/shop\/producto\/inanna-2\/#primaryimage\"},\"image\":{\"@id\":\"https:\/\/australisrecords.com\/shop\/producto\/inanna-2\/#primaryimage\"},\"thumbnailUrl\":\"https:\/\/australisrecords.com\/shop\/wp-content\/uploads\/2020\/07\/inanna_unearthed.jpg\",\"datePublished\":\"2020-07-05T00:14:41+00:00\",\"dateModified\":\"2022-04-22T06:08:48+00:00\",\"breadcrumb\":{\"@id\":\"https:\/\/australisrecords.com\/shop\/producto\/inanna-2\/#breadcrumb\"},\"inLanguage\":\"en-US\",\"potentialAction\":[{\"@type\":\"ReadAction\",\"target\":[\"https:\/\/australisrecords.com\/shop\/producto\/inanna-2\/\"]}]},{\"@type\":\"ImageObject\",\"inLanguage\":\"en-US\",\"@id\":\"https:\/\/australisrecords.com\/shop\/producto\/inanna-2\/#primaryimage\",\"url\":\"https:\/\/australisrecords.com\/shop\/wp-content\/uploads\/2020\/07\/inanna_unearthed.jpg\",\"contentUrl\":\"https:\/\/australisrecords.com\/shop\/wp-content\/uploads\/2020\/07\/inanna_unearthed.jpg\",\"width\":800,\"height\":800},{\"@type\":\"BreadcrumbList\",\"@id\":\"https:\/\/australisrecords.com\/shop\/producto\/inanna-2\/#breadcrumb\",\"itemListElement\":[{\"@type\":\"ListItem\",\"position\":1,\"name\":\"Home\",\"item\":\"https:\/\/australisrecords.com\/shop\/\"},{\"@type\":\"ListItem\",\"position\":2,\"name\":\"Shop\",\"item\":\"https:\/\/australisrecords.com\/shop\/shop-2\/\"},{\"@type\":\"ListItem\",\"position\":3,\"name\":\"Inanna\"}]},{\"@type\":\"WebSite\",\"@id\":\"https:\/\/australisrecords.com\/shop\/#website\",\"url\":\"https:\/\/australisrecords.com\/shop\/\",\"name\":\"Australis Records - Music from the End of the World\",\"description\":\"\",\"potentialAction\":[{\"@type\":\"SearchAction\",\"target\":{\"@type\":\"EntryPoint\",\"urlTemplate\":\"https:\/\/australisrecords.com\/shop\/?s={search_term_string}\"},\"query-input\":\"required name=search_term_string\"}],\"inLanguage\":\"en-US\"}]}<\/script>\n<!-- \/ Yoast SEO plugin. -->","yoast_head_json":{"title":"Inanna - Australis Records - Music from the End of the World","robots":{"index":"index","follow":"follow","max-snippet":"max-snippet:-1","max-image-preview":"max-image-preview:large","max-video-preview":"max-video-preview:-1"},"canonical":"https:\/\/australisrecords.com\/shop\/producto\/inanna-2\/","og_locale":"en_US","og_type":"article","og_title":"Inanna - Australis Records - Music from the End of the World","og_description":"&nbsp; &nbsp; &nbsp; Compilation of demo and unreleased material from these Chilean death metal maniacs! &nbsp; \u00a1Compilaci\u00f3n de demo y material in\u00e9dito de estos man\u00edacos chilenos del death metal!. 1. Everlasting Suffering 2. Sea of the Dead 3. Unveiled Existence 4. Doom of Mankind 5. Embracing the Fleshless Ecstasy 6. Mind Surgery 7. Gilgamesh 8. [&hellip;]","og_url":"https:\/\/australisrecords.com\/shop\/producto\/inanna-2\/","og_site_name":"Australis Records - Music from the End of the World","article_modified_time":"2022-04-22T06:08:48+00:00","og_image":[{"width":800,"height":800,"url":"https:\/\/australisrecords.com\/shop\/wp-content\/uploads\/2020\/07\/inanna_unearthed.jpg","type":"image\/jpeg"}],"twitter_card":"summary_large_image","schema":{"@context":"https:\/\/schema.org","@graph":[{"@type":"WebPage","@id":"https:\/\/australisrecords.com\/shop\/producto\/inanna-2\/","url":"https:\/\/australisrecords.com\/shop\/producto\/inanna-2\/","name":"Inanna - Australis Records - Music from the End of the World","isPartOf":{"@id":"https:\/\/australisrecords.com\/shop\/#website"},"primaryImageOfPage":{"@id":"https:\/\/australisrecords.com\/shop\/producto\/inanna-2\/#primaryimage"},"image":{"@id":"https:\/\/australisrecords.com\/shop\/producto\/inanna-2\/#primaryimage"},"thumbnailUrl":"https:\/\/australisrecords.com\/shop\/wp-content\/uploads\/2020\/07\/inanna_unearthed.jpg","datePublished":"2020-07-05T00:14:41+00:00","dateModified":"2022-04-22T06:08:48+00:00","breadcrumb":{"@id":"https:\/\/australisrecords.com\/shop\/producto\/inanna-2\/#breadcrumb"},"inLanguage":"en-US","potentialAction":[{"@type":"ReadAction","target":["https:\/\/australisrecords.com\/shop\/producto\/inanna-2\/"]}]},{"@type":"ImageObject","inLanguage":"en-US","@id":"https:\/\/australisrecords.com\/shop\/producto\/inanna-2\/#primaryimage","url":"https:\/\/australisrecords.com\/shop\/wp-content\/uploads\/2020\/07\/inanna_unearthed.jpg","contentUrl":"https:\/\/australisrecords.com\/shop\/wp-content\/uploads\/2020\/07\/inanna_unearthed.jpg","width":800,"height":800},{"@type":"BreadcrumbList","@id":"https:\/\/australisrecords.com\/shop\/producto\/inanna-2\/#breadcrumb","itemListElement":[{"@type":"ListItem","position":1,"name":"Home","item":"https:\/\/australisrecords.com\/shop\/"},{"@type":"ListItem","position":2,"name":"Shop","item":"https:\/\/australisrecords.com\/shop\/shop-2\/"},{"@type":"ListItem","position":3,"name":"Inanna"}]},{"@type":"WebSite","@id":"https:\/\/australisrecords.com\/shop\/#website","url":"https:\/\/australisrecords.com\/shop\/","name":"Australis Records - Music from the End of the World","description":"","potentialAction":[{"@type":"SearchAction","target":{"@type":"EntryPoint","urlTemplate":"https:\/\/australisrecords.com\/shop\/?s={search_term_string}"},"query-input":"required name=search_term_string"}],"inLanguage":"en-US"}]}},"_links":{"self":[{"href":"https:\/\/australisrecords.com\/shop\/wp-json\/wp\/v2\/product\/18135"}],"collection":[{"href":"https:\/\/australisrecords.com\/shop\/wp-json\/wp\/v2\/product"}],"about":[{"href":"https:\/\/australisrecords.com\/shop\/wp-json\/wp\/v2\/types\/product"}],"version-history":[{"count":2,"href":"https:\/\/australisrecords.com\/shop\/wp-json\/wp\/v2\/product\/18135\/revisions"}],"predecessor-version":[{"id":18146,"href":"https:\/\/australisrecords.com\/shop\/wp-json\/wp\/v2\/product\/18135\/revisions\/18146"}],"wp:featuredmedia":[{"embeddable":true,"href":"https:\/\/australisrecords.com\/shop\/wp-json\/wp\/v2\/media\/18144"}],"wp:attachment":[{"href":"https:\/\/australisrecords.com\/shop\/wp-json\/wp\/v2\/media?parent=18135"}],"wp:term":[{"taxonomy":"product_cat","embeddable":true,"href":"https:\/\/australisrecords.com\/shop\/wp-json\/wp\/v2\/product_cat?post=18135"},{"taxonomy":"product_tag","embeddable":true,"href":"https:\/\/australisrecords.com\/shop\/wp-json\/wp\/v2\/product_tag?post=18135"}],"curies":[{"name":"wp","href":"https:\/\/api.w.org\/{rel}","templated":true}]}}