{"id":17868,"date":"2020-06-29T21:20:36","date_gmt":"2020-06-29T21:20:36","guid":{"rendered":"http:\/\/australisrecords.com\/shop\/?post_type=product&#038;p=17868"},"modified":"2024-08-21T14:38:38","modified_gmt":"2024-08-21T14:38:38","slug":"hellpack","status":"publish","type":"product","link":"https:\/\/australisrecords.com\/shop\/producto\/hellpack\/","title":{"rendered":"Hellpack"},"content":{"rendered":"<div id=\"dslc-theme-content\"><div id=\"dslc-theme-content-inner\"><p>&nbsp;<\/p>\n<p>&nbsp;<\/p>\n<\/div><\/div>","protected":false},"excerpt":{"rendered":"<p>&nbsp; &nbsp; &nbsp; Compilation of both demos. 16 page booklet incl.lyrics, etc. 10 poisonous Rock n Metal tax in the vein of MOT\u00d6RHEAD, SABBAT (japan), BULLDOZER and South American bands.. &nbsp; Recopilaci\u00f3n de ambas demos. Folleto de 16 p\u00e1ginas que incluye letras, etc. 10 impuestos de Rock n Metal venenosos en la l\u00ednea de MOT\u00d6RHEAD, [&hellip;]<\/p>\n","protected":false},"featured_media":17874,"template":"","meta":{"_acf_changed":false},"product_cat":[92,327,314,87],"product_tag":[],"acf":[],"yoast_head":"<!-- This site is optimized with the Yoast SEO plugin v22.9 - https:\/\/yoast.com\/wordpress\/plugins\/seo\/ -->\n<title>Hellpack - Australis Records - Music from the End of the World<\/title>\n<meta name=\"robots\" content=\"index, follow, max-snippet:-1, max-image-preview:large, max-video-preview:-1\" \/>\n<link rel=\"canonical\" href=\"https:\/\/australisrecords.com\/shop\/producto\/hellpack\/\" \/>\n<meta property=\"og:locale\" content=\"en_US\" \/>\n<meta property=\"og:type\" content=\"article\" \/>\n<meta property=\"og:title\" content=\"Hellpack - Australis Records - Music from the End of the World\" \/>\n<meta property=\"og:description\" content=\"&nbsp; &nbsp; &nbsp; Compilation of both demos. 16 page booklet incl.lyrics, etc. 10 poisonous Rock n Metal tax in the vein of MOT\u00d6RHEAD, SABBAT (japan), BULLDOZER and South American bands.. &nbsp; Recopilaci\u00f3n de ambas demos. Folleto de 16 p\u00e1ginas que incluye letras, etc. 10 impuestos de Rock n Metal venenosos en la l\u00ednea de MOT\u00d6RHEAD, [&hellip;]\" \/>\n<meta property=\"og:url\" content=\"https:\/\/australisrecords.com\/shop\/producto\/hellpack\/\" \/>\n<meta property=\"og:site_name\" content=\"Australis Records - Music from the End of the World\" \/>\n<meta property=\"article:modified_time\" content=\"2024-08-21T14:38:38+00:00\" \/>\n<meta property=\"og:image\" content=\"https:\/\/australisrecords.com\/shop\/wp-content\/uploads\/2020\/06\/a3708555568_10.jpg\" \/>\n\t<meta property=\"og:image:width\" content=\"1200\" \/>\n\t<meta property=\"og:image:height\" content=\"1197\" \/>\n\t<meta property=\"og:image:type\" content=\"image\/jpeg\" \/>\n<meta name=\"twitter:card\" content=\"summary_large_image\" \/>\n<script type=\"application\/ld+json\" class=\"yoast-schema-graph\">{\"@context\":\"https:\/\/schema.org\",\"@graph\":[{\"@type\":\"WebPage\",\"@id\":\"https:\/\/australisrecords.com\/shop\/producto\/hellpack\/\",\"url\":\"https:\/\/australisrecords.com\/shop\/producto\/hellpack\/\",\"name\":\"Hellpack - Australis Records - Music from the End of the World\",\"isPartOf\":{\"@id\":\"https:\/\/australisrecords.com\/shop\/#website\"},\"primaryImageOfPage\":{\"@id\":\"https:\/\/australisrecords.com\/shop\/producto\/hellpack\/#primaryimage\"},\"image\":{\"@id\":\"https:\/\/australisrecords.com\/shop\/producto\/hellpack\/#primaryimage\"},\"thumbnailUrl\":\"https:\/\/australisrecords.com\/shop\/wp-content\/uploads\/2020\/06\/a3708555568_10.jpg\",\"datePublished\":\"2020-06-29T21:20:36+00:00\",\"dateModified\":\"2024-08-21T14:38:38+00:00\",\"breadcrumb\":{\"@id\":\"https:\/\/australisrecords.com\/shop\/producto\/hellpack\/#breadcrumb\"},\"inLanguage\":\"en-US\",\"potentialAction\":[{\"@type\":\"ReadAction\",\"target\":[\"https:\/\/australisrecords.com\/shop\/producto\/hellpack\/\"]}]},{\"@type\":\"ImageObject\",\"inLanguage\":\"en-US\",\"@id\":\"https:\/\/australisrecords.com\/shop\/producto\/hellpack\/#primaryimage\",\"url\":\"https:\/\/australisrecords.com\/shop\/wp-content\/uploads\/2020\/06\/a3708555568_10.jpg\",\"contentUrl\":\"https:\/\/australisrecords.com\/shop\/wp-content\/uploads\/2020\/06\/a3708555568_10.jpg\",\"width\":1200,\"height\":1197},{\"@type\":\"BreadcrumbList\",\"@id\":\"https:\/\/australisrecords.com\/shop\/producto\/hellpack\/#breadcrumb\",\"itemListElement\":[{\"@type\":\"ListItem\",\"position\":1,\"name\":\"Home\",\"item\":\"https:\/\/australisrecords.com\/shop\/\"},{\"@type\":\"ListItem\",\"position\":2,\"name\":\"Shop\",\"item\":\"https:\/\/australisrecords.com\/shop\/shop-2\/\"},{\"@type\":\"ListItem\",\"position\":3,\"name\":\"Hellpack\"}]},{\"@type\":\"WebSite\",\"@id\":\"https:\/\/australisrecords.com\/shop\/#website\",\"url\":\"https:\/\/australisrecords.com\/shop\/\",\"name\":\"Australis Records - Music from the End of the World\",\"description\":\"\",\"potentialAction\":[{\"@type\":\"SearchAction\",\"target\":{\"@type\":\"EntryPoint\",\"urlTemplate\":\"https:\/\/australisrecords.com\/shop\/?s={search_term_string}\"},\"query-input\":\"required name=search_term_string\"}],\"inLanguage\":\"en-US\"}]}<\/script>\n<!-- \/ Yoast SEO plugin. -->","yoast_head_json":{"title":"Hellpack - Australis Records - Music from the End of the World","robots":{"index":"index","follow":"follow","max-snippet":"max-snippet:-1","max-image-preview":"max-image-preview:large","max-video-preview":"max-video-preview:-1"},"canonical":"https:\/\/australisrecords.com\/shop\/producto\/hellpack\/","og_locale":"en_US","og_type":"article","og_title":"Hellpack - Australis Records - Music from the End of the World","og_description":"&nbsp; &nbsp; &nbsp; Compilation of both demos. 16 page booklet incl.lyrics, etc. 10 poisonous Rock n Metal tax in the vein of MOT\u00d6RHEAD, SABBAT (japan), BULLDOZER and South American bands.. &nbsp; Recopilaci\u00f3n de ambas demos. Folleto de 16 p\u00e1ginas que incluye letras, etc. 10 impuestos de Rock n Metal venenosos en la l\u00ednea de MOT\u00d6RHEAD, [&hellip;]","og_url":"https:\/\/australisrecords.com\/shop\/producto\/hellpack\/","og_site_name":"Australis Records - Music from the End of the World","article_modified_time":"2024-08-21T14:38:38+00:00","og_image":[{"width":1200,"height":1197,"url":"https:\/\/australisrecords.com\/shop\/wp-content\/uploads\/2020\/06\/a3708555568_10.jpg","type":"image\/jpeg"}],"twitter_card":"summary_large_image","schema":{"@context":"https:\/\/schema.org","@graph":[{"@type":"WebPage","@id":"https:\/\/australisrecords.com\/shop\/producto\/hellpack\/","url":"https:\/\/australisrecords.com\/shop\/producto\/hellpack\/","name":"Hellpack - Australis Records - Music from the End of the World","isPartOf":{"@id":"https:\/\/australisrecords.com\/shop\/#website"},"primaryImageOfPage":{"@id":"https:\/\/australisrecords.com\/shop\/producto\/hellpack\/#primaryimage"},"image":{"@id":"https:\/\/australisrecords.com\/shop\/producto\/hellpack\/#primaryimage"},"thumbnailUrl":"https:\/\/australisrecords.com\/shop\/wp-content\/uploads\/2020\/06\/a3708555568_10.jpg","datePublished":"2020-06-29T21:20:36+00:00","dateModified":"2024-08-21T14:38:38+00:00","breadcrumb":{"@id":"https:\/\/australisrecords.com\/shop\/producto\/hellpack\/#breadcrumb"},"inLanguage":"en-US","potentialAction":[{"@type":"ReadAction","target":["https:\/\/australisrecords.com\/shop\/producto\/hellpack\/"]}]},{"@type":"ImageObject","inLanguage":"en-US","@id":"https:\/\/australisrecords.com\/shop\/producto\/hellpack\/#primaryimage","url":"https:\/\/australisrecords.com\/shop\/wp-content\/uploads\/2020\/06\/a3708555568_10.jpg","contentUrl":"https:\/\/australisrecords.com\/shop\/wp-content\/uploads\/2020\/06\/a3708555568_10.jpg","width":1200,"height":1197},{"@type":"BreadcrumbList","@id":"https:\/\/australisrecords.com\/shop\/producto\/hellpack\/#breadcrumb","itemListElement":[{"@type":"ListItem","position":1,"name":"Home","item":"https:\/\/australisrecords.com\/shop\/"},{"@type":"ListItem","position":2,"name":"Shop","item":"https:\/\/australisrecords.com\/shop\/shop-2\/"},{"@type":"ListItem","position":3,"name":"Hellpack"}]},{"@type":"WebSite","@id":"https:\/\/australisrecords.com\/shop\/#website","url":"https:\/\/australisrecords.com\/shop\/","name":"Australis Records - Music from the End of the World","description":"","potentialAction":[{"@type":"SearchAction","target":{"@type":"EntryPoint","urlTemplate":"https:\/\/australisrecords.com\/shop\/?s={search_term_string}"},"query-input":"required name=search_term_string"}],"inLanguage":"en-US"}]}},"_links":{"self":[{"href":"https:\/\/australisrecords.com\/shop\/wp-json\/wp\/v2\/product\/17868"}],"collection":[{"href":"https:\/\/australisrecords.com\/shop\/wp-json\/wp\/v2\/product"}],"about":[{"href":"https:\/\/australisrecords.com\/shop\/wp-json\/wp\/v2\/types\/product"}],"version-history":[{"count":2,"href":"https:\/\/australisrecords.com\/shop\/wp-json\/wp\/v2\/product\/17868\/revisions"}],"predecessor-version":[{"id":17876,"href":"https:\/\/australisrecords.com\/shop\/wp-json\/wp\/v2\/product\/17868\/revisions\/17876"}],"wp:featuredmedia":[{"embeddable":true,"href":"https:\/\/australisrecords.com\/shop\/wp-json\/wp\/v2\/media\/17874"}],"wp:attachment":[{"href":"https:\/\/australisrecords.com\/shop\/wp-json\/wp\/v2\/media?parent=17868"}],"wp:term":[{"taxonomy":"product_cat","embeddable":true,"href":"https:\/\/australisrecords.com\/shop\/wp-json\/wp\/v2\/product_cat?post=17868"},{"taxonomy":"product_tag","embeddable":true,"href":"https:\/\/australisrecords.com\/shop\/wp-json\/wp\/v2\/product_tag?post=17868"}],"curies":[{"name":"wp","href":"https:\/\/api.w.org\/{rel}","templated":true}]}}