{"id":17831,"date":"2020-06-29T18:16:37","date_gmt":"2020-06-29T18:16:37","guid":{"rendered":"http:\/\/australisrecords.com\/shop\/?post_type=product&#038;p=17831"},"modified":"2020-06-29T19:16:29","modified_gmt":"2020-06-29T19:16:29","slug":"hecate","status":"publish","type":"product","link":"https:\/\/australisrecords.com\/shop\/producto\/hecate\/","title":{"rendered":"Hecate"},"content":{"rendered":"<div id=\"dslc-theme-content\"><div id=\"dslc-theme-content-inner\"><p>&nbsp;<\/p>\n<p>&nbsp;<\/p>\n<\/div><\/div>","protected":false},"excerpt":{"rendered":"<p>&nbsp; &nbsp; &nbsp; First Full Length Album from this French Mystical Black Metal Horde Released in 2013. . &nbsp; Primer \u00e1lbum de larga duraci\u00f3n de esta m\u00edstica francesa Black Metal Horde lanzado en 2013. 1. Pr\u00e9lude hivernal 2. Cathbad 3. Les sanglots de Maldoror 4. Une charogne 5. W\u00fcrm 6. L&#8217;\u00c9n\u00e9ide &nbsp; &nbsp; &nbsp;<\/p>\n","protected":false},"featured_media":17842,"template":"","meta":{"_acf_changed":false},"product_cat":[92,304,314,87],"product_tag":[],"acf":[],"yoast_head":"<!-- This site is optimized with the Yoast SEO plugin v22.9 - https:\/\/yoast.com\/wordpress\/plugins\/seo\/ -->\n<title>Hecate - Australis Records - Music from the End of the World<\/title>\n<meta name=\"robots\" content=\"index, follow, max-snippet:-1, max-image-preview:large, max-video-preview:-1\" \/>\n<link rel=\"canonical\" href=\"https:\/\/australisrecords.com\/shop\/producto\/hecate\/\" \/>\n<meta property=\"og:locale\" content=\"en_US\" \/>\n<meta property=\"og:type\" content=\"article\" \/>\n<meta property=\"og:title\" content=\"Hecate - Australis Records - Music from the End of the World\" \/>\n<meta property=\"og:description\" content=\"&nbsp; &nbsp; &nbsp; First Full Length Album from this French Mystical Black Metal Horde Released in 2013. . &nbsp; Primer \u00e1lbum de larga duraci\u00f3n de esta m\u00edstica francesa Black Metal Horde lanzado en 2013. 1. Pr\u00e9lude hivernal 2. Cathbad 3. Les sanglots de Maldoror 4. Une charogne 5. W\u00fcrm 6. L&#8217;\u00c9n\u00e9ide &nbsp; &nbsp; &nbsp;\" \/>\n<meta property=\"og:url\" content=\"https:\/\/australisrecords.com\/shop\/producto\/hecate\/\" \/>\n<meta property=\"og:site_name\" content=\"Australis Records - Music from the End of the World\" \/>\n<meta property=\"article:modified_time\" content=\"2020-06-29T19:16:29+00:00\" \/>\n<meta property=\"og:image\" content=\"https:\/\/australisrecords.com\/shop\/wp-content\/uploads\/2020\/06\/93145123_o.jpg\" \/>\n\t<meta property=\"og:image:width\" content=\"997\" \/>\n\t<meta property=\"og:image:height\" content=\"997\" \/>\n\t<meta property=\"og:image:type\" content=\"image\/jpeg\" \/>\n<meta name=\"twitter:card\" content=\"summary_large_image\" \/>\n<script type=\"application\/ld+json\" class=\"yoast-schema-graph\">{\"@context\":\"https:\/\/schema.org\",\"@graph\":[{\"@type\":\"WebPage\",\"@id\":\"https:\/\/australisrecords.com\/shop\/producto\/hecate\/\",\"url\":\"https:\/\/australisrecords.com\/shop\/producto\/hecate\/\",\"name\":\"Hecate - Australis Records - Music from the End of the World\",\"isPartOf\":{\"@id\":\"https:\/\/australisrecords.com\/shop\/#website\"},\"primaryImageOfPage\":{\"@id\":\"https:\/\/australisrecords.com\/shop\/producto\/hecate\/#primaryimage\"},\"image\":{\"@id\":\"https:\/\/australisrecords.com\/shop\/producto\/hecate\/#primaryimage\"},\"thumbnailUrl\":\"https:\/\/australisrecords.com\/shop\/wp-content\/uploads\/2020\/06\/93145123_o.jpg\",\"datePublished\":\"2020-06-29T18:16:37+00:00\",\"dateModified\":\"2020-06-29T19:16:29+00:00\",\"breadcrumb\":{\"@id\":\"https:\/\/australisrecords.com\/shop\/producto\/hecate\/#breadcrumb\"},\"inLanguage\":\"en-US\",\"potentialAction\":[{\"@type\":\"ReadAction\",\"target\":[\"https:\/\/australisrecords.com\/shop\/producto\/hecate\/\"]}]},{\"@type\":\"ImageObject\",\"inLanguage\":\"en-US\",\"@id\":\"https:\/\/australisrecords.com\/shop\/producto\/hecate\/#primaryimage\",\"url\":\"https:\/\/australisrecords.com\/shop\/wp-content\/uploads\/2020\/06\/93145123_o.jpg\",\"contentUrl\":\"https:\/\/australisrecords.com\/shop\/wp-content\/uploads\/2020\/06\/93145123_o.jpg\",\"width\":997,\"height\":997},{\"@type\":\"BreadcrumbList\",\"@id\":\"https:\/\/australisrecords.com\/shop\/producto\/hecate\/#breadcrumb\",\"itemListElement\":[{\"@type\":\"ListItem\",\"position\":1,\"name\":\"Home\",\"item\":\"https:\/\/australisrecords.com\/shop\/\"},{\"@type\":\"ListItem\",\"position\":2,\"name\":\"Shop\",\"item\":\"https:\/\/australisrecords.com\/shop\/shop-2\/\"},{\"@type\":\"ListItem\",\"position\":3,\"name\":\"Hecate\"}]},{\"@type\":\"WebSite\",\"@id\":\"https:\/\/australisrecords.com\/shop\/#website\",\"url\":\"https:\/\/australisrecords.com\/shop\/\",\"name\":\"Australis Records - Music from the End of the World\",\"description\":\"\",\"potentialAction\":[{\"@type\":\"SearchAction\",\"target\":{\"@type\":\"EntryPoint\",\"urlTemplate\":\"https:\/\/australisrecords.com\/shop\/?s={search_term_string}\"},\"query-input\":\"required name=search_term_string\"}],\"inLanguage\":\"en-US\"}]}<\/script>\n<!-- \/ Yoast SEO plugin. -->","yoast_head_json":{"title":"Hecate - Australis Records - Music from the End of the World","robots":{"index":"index","follow":"follow","max-snippet":"max-snippet:-1","max-image-preview":"max-image-preview:large","max-video-preview":"max-video-preview:-1"},"canonical":"https:\/\/australisrecords.com\/shop\/producto\/hecate\/","og_locale":"en_US","og_type":"article","og_title":"Hecate - Australis Records - Music from the End of the World","og_description":"&nbsp; &nbsp; &nbsp; First Full Length Album from this French Mystical Black Metal Horde Released in 2013. . &nbsp; Primer \u00e1lbum de larga duraci\u00f3n de esta m\u00edstica francesa Black Metal Horde lanzado en 2013. 1. Pr\u00e9lude hivernal 2. Cathbad 3. Les sanglots de Maldoror 4. Une charogne 5. W\u00fcrm 6. L&#8217;\u00c9n\u00e9ide &nbsp; &nbsp; &nbsp;","og_url":"https:\/\/australisrecords.com\/shop\/producto\/hecate\/","og_site_name":"Australis Records - Music from the End of the World","article_modified_time":"2020-06-29T19:16:29+00:00","og_image":[{"width":997,"height":997,"url":"https:\/\/australisrecords.com\/shop\/wp-content\/uploads\/2020\/06\/93145123_o.jpg","type":"image\/jpeg"}],"twitter_card":"summary_large_image","schema":{"@context":"https:\/\/schema.org","@graph":[{"@type":"WebPage","@id":"https:\/\/australisrecords.com\/shop\/producto\/hecate\/","url":"https:\/\/australisrecords.com\/shop\/producto\/hecate\/","name":"Hecate - Australis Records - Music from the End of the World","isPartOf":{"@id":"https:\/\/australisrecords.com\/shop\/#website"},"primaryImageOfPage":{"@id":"https:\/\/australisrecords.com\/shop\/producto\/hecate\/#primaryimage"},"image":{"@id":"https:\/\/australisrecords.com\/shop\/producto\/hecate\/#primaryimage"},"thumbnailUrl":"https:\/\/australisrecords.com\/shop\/wp-content\/uploads\/2020\/06\/93145123_o.jpg","datePublished":"2020-06-29T18:16:37+00:00","dateModified":"2020-06-29T19:16:29+00:00","breadcrumb":{"@id":"https:\/\/australisrecords.com\/shop\/producto\/hecate\/#breadcrumb"},"inLanguage":"en-US","potentialAction":[{"@type":"ReadAction","target":["https:\/\/australisrecords.com\/shop\/producto\/hecate\/"]}]},{"@type":"ImageObject","inLanguage":"en-US","@id":"https:\/\/australisrecords.com\/shop\/producto\/hecate\/#primaryimage","url":"https:\/\/australisrecords.com\/shop\/wp-content\/uploads\/2020\/06\/93145123_o.jpg","contentUrl":"https:\/\/australisrecords.com\/shop\/wp-content\/uploads\/2020\/06\/93145123_o.jpg","width":997,"height":997},{"@type":"BreadcrumbList","@id":"https:\/\/australisrecords.com\/shop\/producto\/hecate\/#breadcrumb","itemListElement":[{"@type":"ListItem","position":1,"name":"Home","item":"https:\/\/australisrecords.com\/shop\/"},{"@type":"ListItem","position":2,"name":"Shop","item":"https:\/\/australisrecords.com\/shop\/shop-2\/"},{"@type":"ListItem","position":3,"name":"Hecate"}]},{"@type":"WebSite","@id":"https:\/\/australisrecords.com\/shop\/#website","url":"https:\/\/australisrecords.com\/shop\/","name":"Australis Records - Music from the End of the World","description":"","potentialAction":[{"@type":"SearchAction","target":{"@type":"EntryPoint","urlTemplate":"https:\/\/australisrecords.com\/shop\/?s={search_term_string}"},"query-input":"required name=search_term_string"}],"inLanguage":"en-US"}]}},"_links":{"self":[{"href":"https:\/\/australisrecords.com\/shop\/wp-json\/wp\/v2\/product\/17831"}],"collection":[{"href":"https:\/\/australisrecords.com\/shop\/wp-json\/wp\/v2\/product"}],"about":[{"href":"https:\/\/australisrecords.com\/shop\/wp-json\/wp\/v2\/types\/product"}],"version-history":[{"count":2,"href":"https:\/\/australisrecords.com\/shop\/wp-json\/wp\/v2\/product\/17831\/revisions"}],"predecessor-version":[{"id":17844,"href":"https:\/\/australisrecords.com\/shop\/wp-json\/wp\/v2\/product\/17831\/revisions\/17844"}],"wp:featuredmedia":[{"embeddable":true,"href":"https:\/\/australisrecords.com\/shop\/wp-json\/wp\/v2\/media\/17842"}],"wp:attachment":[{"href":"https:\/\/australisrecords.com\/shop\/wp-json\/wp\/v2\/media?parent=17831"}],"wp:term":[{"taxonomy":"product_cat","embeddable":true,"href":"https:\/\/australisrecords.com\/shop\/wp-json\/wp\/v2\/product_cat?post=17831"},{"taxonomy":"product_tag","embeddable":true,"href":"https:\/\/australisrecords.com\/shop\/wp-json\/wp\/v2\/product_tag?post=17831"}],"curies":[{"name":"wp","href":"https:\/\/api.w.org\/{rel}","templated":true}]}}