{"id":17451,"date":"2020-06-23T19:11:38","date_gmt":"2020-06-23T19:11:38","guid":{"rendered":"http:\/\/australisrecords.com\/shop\/?post_type=product&#038;p=17451"},"modified":"2020-08-27T15:17:20","modified_gmt":"2020-08-27T15:17:20","slug":"whelm","status":"publish","type":"product","link":"https:\/\/australisrecords.com\/shop\/producto\/whelm\/","title":{"rendered":"Whelm"},"content":{"rendered":"<div id=\"dslc-theme-content\"><div id=\"dslc-theme-content-inner\"><\/div><\/div>","protected":false},"excerpt":{"rendered":"<p>&nbsp; Debut full length of this Danish band playing doom\/sludge\/post metal! For fans of ESOTERIC, NEUROSIS, ISIS, PELICAN.. &nbsp; \u00a1Debut de larga duraci\u00f3n de esta banda danesa tocando doom \/ sludge \/ post metal! Para fan\u00e1ticos de ESOTERIC, NEUROSIS, ISIS, PELICAN..\u00a0 1. Tann d\u00f8kka j\u00f8r\u00f0 2. The Brazen Bull 3. From the Trenches of Perception [&hellip;]<\/p>\n","protected":false},"featured_media":21050,"template":"","meta":{"_acf_changed":false},"product_cat":[92,314,305,87],"product_tag":[],"acf":[],"yoast_head":"<!-- This site is optimized with the Yoast SEO plugin v22.9 - https:\/\/yoast.com\/wordpress\/plugins\/seo\/ -->\n<title>Whelm - Australis Records - Music from the End of the World<\/title>\n<meta name=\"robots\" content=\"index, follow, max-snippet:-1, max-image-preview:large, max-video-preview:-1\" \/>\n<link rel=\"canonical\" href=\"https:\/\/australisrecords.com\/shop\/producto\/whelm\/\" \/>\n<meta property=\"og:locale\" content=\"en_US\" \/>\n<meta property=\"og:type\" content=\"article\" \/>\n<meta property=\"og:title\" content=\"Whelm - Australis Records - Music from the End of the World\" \/>\n<meta property=\"og:description\" content=\"&nbsp; Debut full length of this Danish band playing doom\/sludge\/post metal! For fans of ESOTERIC, NEUROSIS, ISIS, PELICAN.. &nbsp; \u00a1Debut de larga duraci\u00f3n de esta banda danesa tocando doom \/ sludge \/ post metal! Para fan\u00e1ticos de ESOTERIC, NEUROSIS, ISIS, PELICAN..\u00a0 1. Tann d\u00f8kka j\u00f8r\u00f0 2. The Brazen Bull 3. From the Trenches of Perception [&hellip;]\" \/>\n<meta property=\"og:url\" content=\"https:\/\/australisrecords.com\/shop\/producto\/whelm\/\" \/>\n<meta property=\"og:site_name\" content=\"Australis Records - Music from the End of the World\" \/>\n<meta property=\"article:modified_time\" content=\"2020-08-27T15:17:20+00:00\" \/>\n<meta property=\"og:image\" content=\"https:\/\/australisrecords.com\/shop\/wp-content\/uploads\/2020\/06\/whelm-a-gaze-blank-and-pitiless-as-the-sun-cd-191103_600x.jpg\" \/>\n\t<meta property=\"og:image:width\" content=\"600\" \/>\n\t<meta property=\"og:image:height\" content=\"600\" \/>\n\t<meta property=\"og:image:type\" content=\"image\/jpeg\" \/>\n<meta name=\"twitter:card\" content=\"summary_large_image\" \/>\n<script type=\"application\/ld+json\" class=\"yoast-schema-graph\">{\"@context\":\"https:\/\/schema.org\",\"@graph\":[{\"@type\":\"WebPage\",\"@id\":\"https:\/\/australisrecords.com\/shop\/producto\/whelm\/\",\"url\":\"https:\/\/australisrecords.com\/shop\/producto\/whelm\/\",\"name\":\"Whelm - Australis Records - Music from the End of the World\",\"isPartOf\":{\"@id\":\"https:\/\/australisrecords.com\/shop\/#website\"},\"primaryImageOfPage\":{\"@id\":\"https:\/\/australisrecords.com\/shop\/producto\/whelm\/#primaryimage\"},\"image\":{\"@id\":\"https:\/\/australisrecords.com\/shop\/producto\/whelm\/#primaryimage\"},\"thumbnailUrl\":\"https:\/\/australisrecords.com\/shop\/wp-content\/uploads\/2020\/06\/whelm-a-gaze-blank-and-pitiless-as-the-sun-cd-191103_600x.jpg\",\"datePublished\":\"2020-06-23T19:11:38+00:00\",\"dateModified\":\"2020-08-27T15:17:20+00:00\",\"breadcrumb\":{\"@id\":\"https:\/\/australisrecords.com\/shop\/producto\/whelm\/#breadcrumb\"},\"inLanguage\":\"en-US\",\"potentialAction\":[{\"@type\":\"ReadAction\",\"target\":[\"https:\/\/australisrecords.com\/shop\/producto\/whelm\/\"]}]},{\"@type\":\"ImageObject\",\"inLanguage\":\"en-US\",\"@id\":\"https:\/\/australisrecords.com\/shop\/producto\/whelm\/#primaryimage\",\"url\":\"https:\/\/australisrecords.com\/shop\/wp-content\/uploads\/2020\/06\/whelm-a-gaze-blank-and-pitiless-as-the-sun-cd-191103_600x.jpg\",\"contentUrl\":\"https:\/\/australisrecords.com\/shop\/wp-content\/uploads\/2020\/06\/whelm-a-gaze-blank-and-pitiless-as-the-sun-cd-191103_600x.jpg\",\"width\":600,\"height\":600},{\"@type\":\"BreadcrumbList\",\"@id\":\"https:\/\/australisrecords.com\/shop\/producto\/whelm\/#breadcrumb\",\"itemListElement\":[{\"@type\":\"ListItem\",\"position\":1,\"name\":\"Home\",\"item\":\"https:\/\/australisrecords.com\/shop\/\"},{\"@type\":\"ListItem\",\"position\":2,\"name\":\"Shop\",\"item\":\"https:\/\/australisrecords.com\/shop\/shop-2\/\"},{\"@type\":\"ListItem\",\"position\":3,\"name\":\"Whelm\"}]},{\"@type\":\"WebSite\",\"@id\":\"https:\/\/australisrecords.com\/shop\/#website\",\"url\":\"https:\/\/australisrecords.com\/shop\/\",\"name\":\"Australis Records - Music from the End of the World\",\"description\":\"\",\"potentialAction\":[{\"@type\":\"SearchAction\",\"target\":{\"@type\":\"EntryPoint\",\"urlTemplate\":\"https:\/\/australisrecords.com\/shop\/?s={search_term_string}\"},\"query-input\":\"required name=search_term_string\"}],\"inLanguage\":\"en-US\"}]}<\/script>\n<!-- \/ Yoast SEO plugin. -->","yoast_head_json":{"title":"Whelm - Australis Records - Music from the End of the World","robots":{"index":"index","follow":"follow","max-snippet":"max-snippet:-1","max-image-preview":"max-image-preview:large","max-video-preview":"max-video-preview:-1"},"canonical":"https:\/\/australisrecords.com\/shop\/producto\/whelm\/","og_locale":"en_US","og_type":"article","og_title":"Whelm - Australis Records - Music from the End of the World","og_description":"&nbsp; Debut full length of this Danish band playing doom\/sludge\/post metal! For fans of ESOTERIC, NEUROSIS, ISIS, PELICAN.. &nbsp; \u00a1Debut de larga duraci\u00f3n de esta banda danesa tocando doom \/ sludge \/ post metal! Para fan\u00e1ticos de ESOTERIC, NEUROSIS, ISIS, PELICAN..\u00a0 1. Tann d\u00f8kka j\u00f8r\u00f0 2. The Brazen Bull 3. From the Trenches of Perception [&hellip;]","og_url":"https:\/\/australisrecords.com\/shop\/producto\/whelm\/","og_site_name":"Australis Records - Music from the End of the World","article_modified_time":"2020-08-27T15:17:20+00:00","og_image":[{"width":600,"height":600,"url":"https:\/\/australisrecords.com\/shop\/wp-content\/uploads\/2020\/06\/whelm-a-gaze-blank-and-pitiless-as-the-sun-cd-191103_600x.jpg","type":"image\/jpeg"}],"twitter_card":"summary_large_image","schema":{"@context":"https:\/\/schema.org","@graph":[{"@type":"WebPage","@id":"https:\/\/australisrecords.com\/shop\/producto\/whelm\/","url":"https:\/\/australisrecords.com\/shop\/producto\/whelm\/","name":"Whelm - Australis Records - Music from the End of the World","isPartOf":{"@id":"https:\/\/australisrecords.com\/shop\/#website"},"primaryImageOfPage":{"@id":"https:\/\/australisrecords.com\/shop\/producto\/whelm\/#primaryimage"},"image":{"@id":"https:\/\/australisrecords.com\/shop\/producto\/whelm\/#primaryimage"},"thumbnailUrl":"https:\/\/australisrecords.com\/shop\/wp-content\/uploads\/2020\/06\/whelm-a-gaze-blank-and-pitiless-as-the-sun-cd-191103_600x.jpg","datePublished":"2020-06-23T19:11:38+00:00","dateModified":"2020-08-27T15:17:20+00:00","breadcrumb":{"@id":"https:\/\/australisrecords.com\/shop\/producto\/whelm\/#breadcrumb"},"inLanguage":"en-US","potentialAction":[{"@type":"ReadAction","target":["https:\/\/australisrecords.com\/shop\/producto\/whelm\/"]}]},{"@type":"ImageObject","inLanguage":"en-US","@id":"https:\/\/australisrecords.com\/shop\/producto\/whelm\/#primaryimage","url":"https:\/\/australisrecords.com\/shop\/wp-content\/uploads\/2020\/06\/whelm-a-gaze-blank-and-pitiless-as-the-sun-cd-191103_600x.jpg","contentUrl":"https:\/\/australisrecords.com\/shop\/wp-content\/uploads\/2020\/06\/whelm-a-gaze-blank-and-pitiless-as-the-sun-cd-191103_600x.jpg","width":600,"height":600},{"@type":"BreadcrumbList","@id":"https:\/\/australisrecords.com\/shop\/producto\/whelm\/#breadcrumb","itemListElement":[{"@type":"ListItem","position":1,"name":"Home","item":"https:\/\/australisrecords.com\/shop\/"},{"@type":"ListItem","position":2,"name":"Shop","item":"https:\/\/australisrecords.com\/shop\/shop-2\/"},{"@type":"ListItem","position":3,"name":"Whelm"}]},{"@type":"WebSite","@id":"https:\/\/australisrecords.com\/shop\/#website","url":"https:\/\/australisrecords.com\/shop\/","name":"Australis Records - Music from the End of the World","description":"","potentialAction":[{"@type":"SearchAction","target":{"@type":"EntryPoint","urlTemplate":"https:\/\/australisrecords.com\/shop\/?s={search_term_string}"},"query-input":"required name=search_term_string"}],"inLanguage":"en-US"}]}},"_links":{"self":[{"href":"https:\/\/australisrecords.com\/shop\/wp-json\/wp\/v2\/product\/17451"}],"collection":[{"href":"https:\/\/australisrecords.com\/shop\/wp-json\/wp\/v2\/product"}],"about":[{"href":"https:\/\/australisrecords.com\/shop\/wp-json\/wp\/v2\/types\/product"}],"version-history":[{"count":3,"href":"https:\/\/australisrecords.com\/shop\/wp-json\/wp\/v2\/product\/17451\/revisions"}],"predecessor-version":[{"id":21051,"href":"https:\/\/australisrecords.com\/shop\/wp-json\/wp\/v2\/product\/17451\/revisions\/21051"}],"wp:featuredmedia":[{"embeddable":true,"href":"https:\/\/australisrecords.com\/shop\/wp-json\/wp\/v2\/media\/21050"}],"wp:attachment":[{"href":"https:\/\/australisrecords.com\/shop\/wp-json\/wp\/v2\/media?parent=17451"}],"wp:term":[{"taxonomy":"product_cat","embeddable":true,"href":"https:\/\/australisrecords.com\/shop\/wp-json\/wp\/v2\/product_cat?post=17451"},{"taxonomy":"product_tag","embeddable":true,"href":"https:\/\/australisrecords.com\/shop\/wp-json\/wp\/v2\/product_tag?post=17451"}],"curies":[{"name":"wp","href":"https:\/\/api.w.org\/{rel}","templated":true}]}}