{"id":17366,"date":"2020-06-23T14:36:27","date_gmt":"2020-06-23T14:36:27","guid":{"rendered":"http:\/\/australisrecords.com\/shop\/?post_type=product&#038;p=17366"},"modified":"2020-12-09T21:09:17","modified_gmt":"2020-12-09T21:09:17","slug":"vuohivasara","status":"publish","type":"product","link":"https:\/\/australisrecords.com\/shop\/producto\/vuohivasara\/","title":{"rendered":"Vuohivasara"},"content":{"rendered":"<div id=\"dslc-theme-content\"><div id=\"dslc-theme-content-inner\"><\/div><\/div>","protected":false},"excerpt":{"rendered":"<p>&nbsp; Grim, melodic finnish black metal done in the raw, Scandinavian tradition ! . &nbsp; \u00a1Black metal finland\u00e9s mel\u00f3dico y sombr\u00edo hecho en la cruda tradici\u00f3n escandinava!.\u00a0 1. Confinement of the Forlorn 2. Whiff of Brimstone 3. Strong Grip of the Lions Paw 4. Sacrificial King 5. Baptism of Wisdom 6. A Hymn for Demise [&hellip;]<\/p>\n","protected":false},"featured_media":17367,"template":"","meta":{"_acf_changed":false},"product_cat":[92,304,314,87],"product_tag":[],"acf":[],"yoast_head":"<!-- This site is optimized with the Yoast SEO plugin v22.9 - https:\/\/yoast.com\/wordpress\/plugins\/seo\/ -->\n<title>Vuohivasara - Australis Records - Music from the End of the World<\/title>\n<meta name=\"robots\" content=\"index, follow, max-snippet:-1, max-image-preview:large, max-video-preview:-1\" \/>\n<link rel=\"canonical\" href=\"https:\/\/australisrecords.com\/shop\/producto\/vuohivasara\/\" \/>\n<meta property=\"og:locale\" content=\"en_US\" \/>\n<meta property=\"og:type\" content=\"article\" \/>\n<meta property=\"og:title\" content=\"Vuohivasara - Australis Records - Music from the End of the World\" \/>\n<meta property=\"og:description\" content=\"&nbsp; Grim, melodic finnish black metal done in the raw, Scandinavian tradition ! . &nbsp; \u00a1Black metal finland\u00e9s mel\u00f3dico y sombr\u00edo hecho en la cruda tradici\u00f3n escandinava!.\u00a0 1. Confinement of the Forlorn 2. Whiff of Brimstone 3. Strong Grip of the Lions Paw 4. Sacrificial King 5. Baptism of Wisdom 6. A Hymn for Demise [&hellip;]\" \/>\n<meta property=\"og:url\" content=\"https:\/\/australisrecords.com\/shop\/producto\/vuohivasara\/\" \/>\n<meta property=\"og:site_name\" content=\"Australis Records - Music from the End of the World\" \/>\n<meta property=\"article:modified_time\" content=\"2020-12-09T21:09:17+00:00\" \/>\n<meta property=\"og:image\" content=\"https:\/\/australisrecords.com\/shop\/wp-content\/uploads\/2020\/06\/258442.jpg\" \/>\n\t<meta property=\"og:image:width\" content=\"336\" \/>\n\t<meta property=\"og:image:height\" content=\"336\" \/>\n\t<meta property=\"og:image:type\" content=\"image\/jpeg\" \/>\n<meta name=\"twitter:card\" content=\"summary_large_image\" \/>\n<script type=\"application\/ld+json\" class=\"yoast-schema-graph\">{\"@context\":\"https:\/\/schema.org\",\"@graph\":[{\"@type\":\"WebPage\",\"@id\":\"https:\/\/australisrecords.com\/shop\/producto\/vuohivasara\/\",\"url\":\"https:\/\/australisrecords.com\/shop\/producto\/vuohivasara\/\",\"name\":\"Vuohivasara - Australis Records - Music from the End of the World\",\"isPartOf\":{\"@id\":\"https:\/\/australisrecords.com\/shop\/#website\"},\"primaryImageOfPage\":{\"@id\":\"https:\/\/australisrecords.com\/shop\/producto\/vuohivasara\/#primaryimage\"},\"image\":{\"@id\":\"https:\/\/australisrecords.com\/shop\/producto\/vuohivasara\/#primaryimage\"},\"thumbnailUrl\":\"https:\/\/australisrecords.com\/shop\/wp-content\/uploads\/2020\/06\/258442.jpg\",\"datePublished\":\"2020-06-23T14:36:27+00:00\",\"dateModified\":\"2020-12-09T21:09:17+00:00\",\"breadcrumb\":{\"@id\":\"https:\/\/australisrecords.com\/shop\/producto\/vuohivasara\/#breadcrumb\"},\"inLanguage\":\"en-US\",\"potentialAction\":[{\"@type\":\"ReadAction\",\"target\":[\"https:\/\/australisrecords.com\/shop\/producto\/vuohivasara\/\"]}]},{\"@type\":\"ImageObject\",\"inLanguage\":\"en-US\",\"@id\":\"https:\/\/australisrecords.com\/shop\/producto\/vuohivasara\/#primaryimage\",\"url\":\"https:\/\/australisrecords.com\/shop\/wp-content\/uploads\/2020\/06\/258442.jpg\",\"contentUrl\":\"https:\/\/australisrecords.com\/shop\/wp-content\/uploads\/2020\/06\/258442.jpg\",\"width\":336,\"height\":336},{\"@type\":\"BreadcrumbList\",\"@id\":\"https:\/\/australisrecords.com\/shop\/producto\/vuohivasara\/#breadcrumb\",\"itemListElement\":[{\"@type\":\"ListItem\",\"position\":1,\"name\":\"Home\",\"item\":\"https:\/\/australisrecords.com\/shop\/\"},{\"@type\":\"ListItem\",\"position\":2,\"name\":\"Shop\",\"item\":\"https:\/\/australisrecords.com\/shop\/shop-2\/\"},{\"@type\":\"ListItem\",\"position\":3,\"name\":\"Vuohivasara\"}]},{\"@type\":\"WebSite\",\"@id\":\"https:\/\/australisrecords.com\/shop\/#website\",\"url\":\"https:\/\/australisrecords.com\/shop\/\",\"name\":\"Australis Records - Music from the End of the World\",\"description\":\"\",\"potentialAction\":[{\"@type\":\"SearchAction\",\"target\":{\"@type\":\"EntryPoint\",\"urlTemplate\":\"https:\/\/australisrecords.com\/shop\/?s={search_term_string}\"},\"query-input\":\"required name=search_term_string\"}],\"inLanguage\":\"en-US\"}]}<\/script>\n<!-- \/ Yoast SEO plugin. -->","yoast_head_json":{"title":"Vuohivasara - Australis Records - Music from the End of the World","robots":{"index":"index","follow":"follow","max-snippet":"max-snippet:-1","max-image-preview":"max-image-preview:large","max-video-preview":"max-video-preview:-1"},"canonical":"https:\/\/australisrecords.com\/shop\/producto\/vuohivasara\/","og_locale":"en_US","og_type":"article","og_title":"Vuohivasara - Australis Records - Music from the End of the World","og_description":"&nbsp; Grim, melodic finnish black metal done in the raw, Scandinavian tradition ! . &nbsp; \u00a1Black metal finland\u00e9s mel\u00f3dico y sombr\u00edo hecho en la cruda tradici\u00f3n escandinava!.\u00a0 1. Confinement of the Forlorn 2. Whiff of Brimstone 3. Strong Grip of the Lions Paw 4. Sacrificial King 5. Baptism of Wisdom 6. A Hymn for Demise [&hellip;]","og_url":"https:\/\/australisrecords.com\/shop\/producto\/vuohivasara\/","og_site_name":"Australis Records - Music from the End of the World","article_modified_time":"2020-12-09T21:09:17+00:00","og_image":[{"width":336,"height":336,"url":"https:\/\/australisrecords.com\/shop\/wp-content\/uploads\/2020\/06\/258442.jpg","type":"image\/jpeg"}],"twitter_card":"summary_large_image","schema":{"@context":"https:\/\/schema.org","@graph":[{"@type":"WebPage","@id":"https:\/\/australisrecords.com\/shop\/producto\/vuohivasara\/","url":"https:\/\/australisrecords.com\/shop\/producto\/vuohivasara\/","name":"Vuohivasara - Australis Records - Music from the End of the World","isPartOf":{"@id":"https:\/\/australisrecords.com\/shop\/#website"},"primaryImageOfPage":{"@id":"https:\/\/australisrecords.com\/shop\/producto\/vuohivasara\/#primaryimage"},"image":{"@id":"https:\/\/australisrecords.com\/shop\/producto\/vuohivasara\/#primaryimage"},"thumbnailUrl":"https:\/\/australisrecords.com\/shop\/wp-content\/uploads\/2020\/06\/258442.jpg","datePublished":"2020-06-23T14:36:27+00:00","dateModified":"2020-12-09T21:09:17+00:00","breadcrumb":{"@id":"https:\/\/australisrecords.com\/shop\/producto\/vuohivasara\/#breadcrumb"},"inLanguage":"en-US","potentialAction":[{"@type":"ReadAction","target":["https:\/\/australisrecords.com\/shop\/producto\/vuohivasara\/"]}]},{"@type":"ImageObject","inLanguage":"en-US","@id":"https:\/\/australisrecords.com\/shop\/producto\/vuohivasara\/#primaryimage","url":"https:\/\/australisrecords.com\/shop\/wp-content\/uploads\/2020\/06\/258442.jpg","contentUrl":"https:\/\/australisrecords.com\/shop\/wp-content\/uploads\/2020\/06\/258442.jpg","width":336,"height":336},{"@type":"BreadcrumbList","@id":"https:\/\/australisrecords.com\/shop\/producto\/vuohivasara\/#breadcrumb","itemListElement":[{"@type":"ListItem","position":1,"name":"Home","item":"https:\/\/australisrecords.com\/shop\/"},{"@type":"ListItem","position":2,"name":"Shop","item":"https:\/\/australisrecords.com\/shop\/shop-2\/"},{"@type":"ListItem","position":3,"name":"Vuohivasara"}]},{"@type":"WebSite","@id":"https:\/\/australisrecords.com\/shop\/#website","url":"https:\/\/australisrecords.com\/shop\/","name":"Australis Records - Music from the End of the World","description":"","potentialAction":[{"@type":"SearchAction","target":{"@type":"EntryPoint","urlTemplate":"https:\/\/australisrecords.com\/shop\/?s={search_term_string}"},"query-input":"required name=search_term_string"}],"inLanguage":"en-US"}]}},"_links":{"self":[{"href":"https:\/\/australisrecords.com\/shop\/wp-json\/wp\/v2\/product\/17366"}],"collection":[{"href":"https:\/\/australisrecords.com\/shop\/wp-json\/wp\/v2\/product"}],"about":[{"href":"https:\/\/australisrecords.com\/shop\/wp-json\/wp\/v2\/types\/product"}],"version-history":[{"count":3,"href":"https:\/\/australisrecords.com\/shop\/wp-json\/wp\/v2\/product\/17366\/revisions"}],"predecessor-version":[{"id":20997,"href":"https:\/\/australisrecords.com\/shop\/wp-json\/wp\/v2\/product\/17366\/revisions\/20997"}],"wp:featuredmedia":[{"embeddable":true,"href":"https:\/\/australisrecords.com\/shop\/wp-json\/wp\/v2\/media\/17367"}],"wp:attachment":[{"href":"https:\/\/australisrecords.com\/shop\/wp-json\/wp\/v2\/media?parent=17366"}],"wp:term":[{"taxonomy":"product_cat","embeddable":true,"href":"https:\/\/australisrecords.com\/shop\/wp-json\/wp\/v2\/product_cat?post=17366"},{"taxonomy":"product_tag","embeddable":true,"href":"https:\/\/australisrecords.com\/shop\/wp-json\/wp\/v2\/product_tag?post=17366"}],"curies":[{"name":"wp","href":"https:\/\/api.w.org\/{rel}","templated":true}]}}