{"id":17214,"date":"2020-06-22T14:44:51","date_gmt":"2020-06-22T14:44:51","guid":{"rendered":"http:\/\/australisrecords.com\/shop\/?post_type=product&#038;p=17214"},"modified":"2020-08-22T05:06:49","modified_gmt":"2020-08-22T05:06:49","slug":"unearthly-3","status":"publish","type":"product","link":"https:\/\/australisrecords.com\/shop\/producto\/unearthly-3\/","title":{"rendered":"Unearthly"},"content":{"rendered":"<div id=\"dslc-theme-content\"><div id=\"dslc-theme-content-inner\"><\/div><\/div>","protected":false},"excerpt":{"rendered":"<p>&nbsp; Black Death Metal from one of the most amazing Brazilian Band&#8221;. &nbsp; Black Death Metal de una de las bandas brasile\u00f1as m\u00e1s incre\u00edbles &#8220;.\u00a0 1. Challenging the Heavens 2. Mors Et Destructio Sanctis Rebus 3. Living Under the Sign of Blasphemy 4. From the Heaven to the Thriumphant Kingdom on Earth 5. Embracement of [&hellip;]<\/p>\n","protected":false},"featured_media":17215,"template":"","meta":{"_acf_changed":false},"product_cat":[92,304,314,87],"product_tag":[],"acf":[],"yoast_head":"<!-- This site is optimized with the Yoast SEO plugin v22.9 - https:\/\/yoast.com\/wordpress\/plugins\/seo\/ -->\n<title>Unearthly - Australis Records - Music from the End of the World<\/title>\n<meta name=\"robots\" content=\"index, follow, max-snippet:-1, max-image-preview:large, max-video-preview:-1\" \/>\n<link rel=\"canonical\" href=\"https:\/\/australisrecords.com\/shop\/producto\/unearthly-3\/\" \/>\n<meta property=\"og:locale\" content=\"en_US\" \/>\n<meta property=\"og:type\" content=\"article\" \/>\n<meta property=\"og:title\" content=\"Unearthly - Australis Records - Music from the End of the World\" \/>\n<meta property=\"og:description\" content=\"&nbsp; Black Death Metal from one of the most amazing Brazilian Band&#8221;. &nbsp; Black Death Metal de una de las bandas brasile\u00f1as m\u00e1s incre\u00edbles &#8220;.\u00a0 1. Challenging the Heavens 2. Mors Et Destructio Sanctis Rebus 3. Living Under the Sign of Blasphemy 4. From the Heaven to the Thriumphant Kingdom on Earth 5. Embracement of [&hellip;]\" \/>\n<meta property=\"og:url\" content=\"https:\/\/australisrecords.com\/shop\/producto\/unearthly-3\/\" \/>\n<meta property=\"og:site_name\" content=\"Australis Records - Music from the End of the World\" \/>\n<meta property=\"article:modified_time\" content=\"2020-08-22T05:06:49+00:00\" \/>\n<meta property=\"og:image\" content=\"https:\/\/australisrecords.com\/shop\/wp-content\/uploads\/2020\/06\/136062.jpg\" \/>\n\t<meta property=\"og:image:width\" content=\"300\" \/>\n\t<meta property=\"og:image:height\" content=\"300\" \/>\n\t<meta property=\"og:image:type\" content=\"image\/jpeg\" \/>\n<meta name=\"twitter:card\" content=\"summary_large_image\" \/>\n<script type=\"application\/ld+json\" class=\"yoast-schema-graph\">{\"@context\":\"https:\/\/schema.org\",\"@graph\":[{\"@type\":\"WebPage\",\"@id\":\"https:\/\/australisrecords.com\/shop\/producto\/unearthly-3\/\",\"url\":\"https:\/\/australisrecords.com\/shop\/producto\/unearthly-3\/\",\"name\":\"Unearthly - Australis Records - Music from the End of the World\",\"isPartOf\":{\"@id\":\"https:\/\/australisrecords.com\/shop\/#website\"},\"primaryImageOfPage\":{\"@id\":\"https:\/\/australisrecords.com\/shop\/producto\/unearthly-3\/#primaryimage\"},\"image\":{\"@id\":\"https:\/\/australisrecords.com\/shop\/producto\/unearthly-3\/#primaryimage\"},\"thumbnailUrl\":\"https:\/\/australisrecords.com\/shop\/wp-content\/uploads\/2020\/06\/136062.jpg\",\"datePublished\":\"2020-06-22T14:44:51+00:00\",\"dateModified\":\"2020-08-22T05:06:49+00:00\",\"breadcrumb\":{\"@id\":\"https:\/\/australisrecords.com\/shop\/producto\/unearthly-3\/#breadcrumb\"},\"inLanguage\":\"en-US\",\"potentialAction\":[{\"@type\":\"ReadAction\",\"target\":[\"https:\/\/australisrecords.com\/shop\/producto\/unearthly-3\/\"]}]},{\"@type\":\"ImageObject\",\"inLanguage\":\"en-US\",\"@id\":\"https:\/\/australisrecords.com\/shop\/producto\/unearthly-3\/#primaryimage\",\"url\":\"https:\/\/australisrecords.com\/shop\/wp-content\/uploads\/2020\/06\/136062.jpg\",\"contentUrl\":\"https:\/\/australisrecords.com\/shop\/wp-content\/uploads\/2020\/06\/136062.jpg\",\"width\":300,\"height\":300},{\"@type\":\"BreadcrumbList\",\"@id\":\"https:\/\/australisrecords.com\/shop\/producto\/unearthly-3\/#breadcrumb\",\"itemListElement\":[{\"@type\":\"ListItem\",\"position\":1,\"name\":\"Home\",\"item\":\"https:\/\/australisrecords.com\/shop\/\"},{\"@type\":\"ListItem\",\"position\":2,\"name\":\"Shop\",\"item\":\"https:\/\/australisrecords.com\/shop\/shop-2\/\"},{\"@type\":\"ListItem\",\"position\":3,\"name\":\"Unearthly\"}]},{\"@type\":\"WebSite\",\"@id\":\"https:\/\/australisrecords.com\/shop\/#website\",\"url\":\"https:\/\/australisrecords.com\/shop\/\",\"name\":\"Australis Records - Music from the End of the World\",\"description\":\"\",\"potentialAction\":[{\"@type\":\"SearchAction\",\"target\":{\"@type\":\"EntryPoint\",\"urlTemplate\":\"https:\/\/australisrecords.com\/shop\/?s={search_term_string}\"},\"query-input\":\"required name=search_term_string\"}],\"inLanguage\":\"en-US\"}]}<\/script>\n<!-- \/ Yoast SEO plugin. -->","yoast_head_json":{"title":"Unearthly - Australis Records - Music from the End of the World","robots":{"index":"index","follow":"follow","max-snippet":"max-snippet:-1","max-image-preview":"max-image-preview:large","max-video-preview":"max-video-preview:-1"},"canonical":"https:\/\/australisrecords.com\/shop\/producto\/unearthly-3\/","og_locale":"en_US","og_type":"article","og_title":"Unearthly - Australis Records - Music from the End of the World","og_description":"&nbsp; Black Death Metal from one of the most amazing Brazilian Band&#8221;. &nbsp; Black Death Metal de una de las bandas brasile\u00f1as m\u00e1s incre\u00edbles &#8220;.\u00a0 1. Challenging the Heavens 2. Mors Et Destructio Sanctis Rebus 3. Living Under the Sign of Blasphemy 4. From the Heaven to the Thriumphant Kingdom on Earth 5. Embracement of [&hellip;]","og_url":"https:\/\/australisrecords.com\/shop\/producto\/unearthly-3\/","og_site_name":"Australis Records - Music from the End of the World","article_modified_time":"2020-08-22T05:06:49+00:00","og_image":[{"width":300,"height":300,"url":"https:\/\/australisrecords.com\/shop\/wp-content\/uploads\/2020\/06\/136062.jpg","type":"image\/jpeg"}],"twitter_card":"summary_large_image","schema":{"@context":"https:\/\/schema.org","@graph":[{"@type":"WebPage","@id":"https:\/\/australisrecords.com\/shop\/producto\/unearthly-3\/","url":"https:\/\/australisrecords.com\/shop\/producto\/unearthly-3\/","name":"Unearthly - Australis Records - Music from the End of the World","isPartOf":{"@id":"https:\/\/australisrecords.com\/shop\/#website"},"primaryImageOfPage":{"@id":"https:\/\/australisrecords.com\/shop\/producto\/unearthly-3\/#primaryimage"},"image":{"@id":"https:\/\/australisrecords.com\/shop\/producto\/unearthly-3\/#primaryimage"},"thumbnailUrl":"https:\/\/australisrecords.com\/shop\/wp-content\/uploads\/2020\/06\/136062.jpg","datePublished":"2020-06-22T14:44:51+00:00","dateModified":"2020-08-22T05:06:49+00:00","breadcrumb":{"@id":"https:\/\/australisrecords.com\/shop\/producto\/unearthly-3\/#breadcrumb"},"inLanguage":"en-US","potentialAction":[{"@type":"ReadAction","target":["https:\/\/australisrecords.com\/shop\/producto\/unearthly-3\/"]}]},{"@type":"ImageObject","inLanguage":"en-US","@id":"https:\/\/australisrecords.com\/shop\/producto\/unearthly-3\/#primaryimage","url":"https:\/\/australisrecords.com\/shop\/wp-content\/uploads\/2020\/06\/136062.jpg","contentUrl":"https:\/\/australisrecords.com\/shop\/wp-content\/uploads\/2020\/06\/136062.jpg","width":300,"height":300},{"@type":"BreadcrumbList","@id":"https:\/\/australisrecords.com\/shop\/producto\/unearthly-3\/#breadcrumb","itemListElement":[{"@type":"ListItem","position":1,"name":"Home","item":"https:\/\/australisrecords.com\/shop\/"},{"@type":"ListItem","position":2,"name":"Shop","item":"https:\/\/australisrecords.com\/shop\/shop-2\/"},{"@type":"ListItem","position":3,"name":"Unearthly"}]},{"@type":"WebSite","@id":"https:\/\/australisrecords.com\/shop\/#website","url":"https:\/\/australisrecords.com\/shop\/","name":"Australis Records - Music from the End of the World","description":"","potentialAction":[{"@type":"SearchAction","target":{"@type":"EntryPoint","urlTemplate":"https:\/\/australisrecords.com\/shop\/?s={search_term_string}"},"query-input":"required name=search_term_string"}],"inLanguage":"en-US"}]}},"_links":{"self":[{"href":"https:\/\/australisrecords.com\/shop\/wp-json\/wp\/v2\/product\/17214"}],"collection":[{"href":"https:\/\/australisrecords.com\/shop\/wp-json\/wp\/v2\/product"}],"about":[{"href":"https:\/\/australisrecords.com\/shop\/wp-json\/wp\/v2\/types\/product"}],"version-history":[{"count":3,"href":"https:\/\/australisrecords.com\/shop\/wp-json\/wp\/v2\/product\/17214\/revisions"}],"predecessor-version":[{"id":20792,"href":"https:\/\/australisrecords.com\/shop\/wp-json\/wp\/v2\/product\/17214\/revisions\/20792"}],"wp:featuredmedia":[{"embeddable":true,"href":"https:\/\/australisrecords.com\/shop\/wp-json\/wp\/v2\/media\/17215"}],"wp:attachment":[{"href":"https:\/\/australisrecords.com\/shop\/wp-json\/wp\/v2\/media?parent=17214"}],"wp:term":[{"taxonomy":"product_cat","embeddable":true,"href":"https:\/\/australisrecords.com\/shop\/wp-json\/wp\/v2\/product_cat?post=17214"},{"taxonomy":"product_tag","embeddable":true,"href":"https:\/\/australisrecords.com\/shop\/wp-json\/wp\/v2\/product_tag?post=17214"}],"curies":[{"name":"wp","href":"https:\/\/api.w.org\/{rel}","templated":true}]}}