{"id":16920,"date":"2020-06-20T20:39:54","date_gmt":"2020-06-20T20:39:54","guid":{"rendered":"http:\/\/australisrecords.com\/shop\/?post_type=product&#038;p=16920"},"modified":"2020-08-22T17:28:03","modified_gmt":"2020-08-22T17:28:03","slug":"umbrtka","status":"publish","type":"product","link":"https:\/\/australisrecords.com\/shop\/producto\/umbrtka\/","title":{"rendered":"Umbrtka"},"content":{"rendered":"<div id=\"dslc-theme-content\"><div id=\"dslc-theme-content-inner\"><\/div><\/div>","protected":false},"excerpt":{"rendered":"<p>&nbsp; Avantgarde black metal from Czech with members of Stiny Plamenu, Trollech, for fans of Ulver and Storm. &nbsp; Black metal de vanguardia de la Rep\u00fablica Checa con miembros de Stiny Plamenu, Trollech, para fans de Ulver y Storm.\u00a0 1. Chr\u00e1m t\u011bla 2. Kovov\u00fd h\u00e1j 3. Vrby 4. Slovany 5. Rodina 6. Onen ve\u010der 7. [&hellip;]<\/p>\n","protected":false},"featured_media":16921,"template":"","meta":{"_acf_changed":false},"product_cat":[92,304,314,87],"product_tag":[],"acf":[],"yoast_head":"<!-- This site is optimized with the Yoast SEO plugin v22.9 - https:\/\/yoast.com\/wordpress\/plugins\/seo\/ -->\n<title>Umbrtka - Australis Records - Music from the End of the World<\/title>\n<meta name=\"robots\" content=\"index, follow, max-snippet:-1, max-image-preview:large, max-video-preview:-1\" \/>\n<link rel=\"canonical\" href=\"https:\/\/australisrecords.com\/shop\/producto\/umbrtka\/\" \/>\n<meta property=\"og:locale\" content=\"en_US\" \/>\n<meta property=\"og:type\" content=\"article\" \/>\n<meta property=\"og:title\" content=\"Umbrtka - Australis Records - Music from the End of the World\" \/>\n<meta property=\"og:description\" content=\"&nbsp; Avantgarde black metal from Czech with members of Stiny Plamenu, Trollech, for fans of Ulver and Storm. &nbsp; Black metal de vanguardia de la Rep\u00fablica Checa con miembros de Stiny Plamenu, Trollech, para fans de Ulver y Storm.\u00a0 1. Chr\u00e1m t\u011bla 2. Kovov\u00fd h\u00e1j 3. Vrby 4. Slovany 5. Rodina 6. Onen ve\u010der 7. [&hellip;]\" \/>\n<meta property=\"og:url\" content=\"https:\/\/australisrecords.com\/shop\/producto\/umbrtka\/\" \/>\n<meta property=\"og:site_name\" content=\"Australis Records - Music from the End of the World\" \/>\n<meta property=\"article:modified_time\" content=\"2020-08-22T17:28:03+00:00\" \/>\n<meta property=\"og:image\" content=\"https:\/\/australisrecords.com\/shop\/wp-content\/uploads\/2020\/06\/264477.jpg\" \/>\n\t<meta property=\"og:image:width\" content=\"300\" \/>\n\t<meta property=\"og:image:height\" content=\"300\" \/>\n\t<meta property=\"og:image:type\" content=\"image\/jpeg\" \/>\n<meta name=\"twitter:card\" content=\"summary_large_image\" \/>\n<script type=\"application\/ld+json\" class=\"yoast-schema-graph\">{\"@context\":\"https:\/\/schema.org\",\"@graph\":[{\"@type\":\"WebPage\",\"@id\":\"https:\/\/australisrecords.com\/shop\/producto\/umbrtka\/\",\"url\":\"https:\/\/australisrecords.com\/shop\/producto\/umbrtka\/\",\"name\":\"Umbrtka - Australis Records - Music from the End of the World\",\"isPartOf\":{\"@id\":\"https:\/\/australisrecords.com\/shop\/#website\"},\"primaryImageOfPage\":{\"@id\":\"https:\/\/australisrecords.com\/shop\/producto\/umbrtka\/#primaryimage\"},\"image\":{\"@id\":\"https:\/\/australisrecords.com\/shop\/producto\/umbrtka\/#primaryimage\"},\"thumbnailUrl\":\"https:\/\/australisrecords.com\/shop\/wp-content\/uploads\/2020\/06\/264477.jpg\",\"datePublished\":\"2020-06-20T20:39:54+00:00\",\"dateModified\":\"2020-08-22T17:28:03+00:00\",\"breadcrumb\":{\"@id\":\"https:\/\/australisrecords.com\/shop\/producto\/umbrtka\/#breadcrumb\"},\"inLanguage\":\"en-US\",\"potentialAction\":[{\"@type\":\"ReadAction\",\"target\":[\"https:\/\/australisrecords.com\/shop\/producto\/umbrtka\/\"]}]},{\"@type\":\"ImageObject\",\"inLanguage\":\"en-US\",\"@id\":\"https:\/\/australisrecords.com\/shop\/producto\/umbrtka\/#primaryimage\",\"url\":\"https:\/\/australisrecords.com\/shop\/wp-content\/uploads\/2020\/06\/264477.jpg\",\"contentUrl\":\"https:\/\/australisrecords.com\/shop\/wp-content\/uploads\/2020\/06\/264477.jpg\",\"width\":300,\"height\":300},{\"@type\":\"BreadcrumbList\",\"@id\":\"https:\/\/australisrecords.com\/shop\/producto\/umbrtka\/#breadcrumb\",\"itemListElement\":[{\"@type\":\"ListItem\",\"position\":1,\"name\":\"Home\",\"item\":\"https:\/\/australisrecords.com\/shop\/\"},{\"@type\":\"ListItem\",\"position\":2,\"name\":\"Shop\",\"item\":\"https:\/\/australisrecords.com\/shop\/shop-2\/\"},{\"@type\":\"ListItem\",\"position\":3,\"name\":\"Umbrtka\"}]},{\"@type\":\"WebSite\",\"@id\":\"https:\/\/australisrecords.com\/shop\/#website\",\"url\":\"https:\/\/australisrecords.com\/shop\/\",\"name\":\"Australis Records - Music from the End of the World\",\"description\":\"\",\"potentialAction\":[{\"@type\":\"SearchAction\",\"target\":{\"@type\":\"EntryPoint\",\"urlTemplate\":\"https:\/\/australisrecords.com\/shop\/?s={search_term_string}\"},\"query-input\":\"required name=search_term_string\"}],\"inLanguage\":\"en-US\"}]}<\/script>\n<!-- \/ Yoast SEO plugin. -->","yoast_head_json":{"title":"Umbrtka - Australis Records - Music from the End of the World","robots":{"index":"index","follow":"follow","max-snippet":"max-snippet:-1","max-image-preview":"max-image-preview:large","max-video-preview":"max-video-preview:-1"},"canonical":"https:\/\/australisrecords.com\/shop\/producto\/umbrtka\/","og_locale":"en_US","og_type":"article","og_title":"Umbrtka - Australis Records - Music from the End of the World","og_description":"&nbsp; Avantgarde black metal from Czech with members of Stiny Plamenu, Trollech, for fans of Ulver and Storm. &nbsp; Black metal de vanguardia de la Rep\u00fablica Checa con miembros de Stiny Plamenu, Trollech, para fans de Ulver y Storm.\u00a0 1. Chr\u00e1m t\u011bla 2. Kovov\u00fd h\u00e1j 3. Vrby 4. Slovany 5. Rodina 6. Onen ve\u010der 7. [&hellip;]","og_url":"https:\/\/australisrecords.com\/shop\/producto\/umbrtka\/","og_site_name":"Australis Records - Music from the End of the World","article_modified_time":"2020-08-22T17:28:03+00:00","og_image":[{"width":300,"height":300,"url":"https:\/\/australisrecords.com\/shop\/wp-content\/uploads\/2020\/06\/264477.jpg","type":"image\/jpeg"}],"twitter_card":"summary_large_image","schema":{"@context":"https:\/\/schema.org","@graph":[{"@type":"WebPage","@id":"https:\/\/australisrecords.com\/shop\/producto\/umbrtka\/","url":"https:\/\/australisrecords.com\/shop\/producto\/umbrtka\/","name":"Umbrtka - Australis Records - Music from the End of the World","isPartOf":{"@id":"https:\/\/australisrecords.com\/shop\/#website"},"primaryImageOfPage":{"@id":"https:\/\/australisrecords.com\/shop\/producto\/umbrtka\/#primaryimage"},"image":{"@id":"https:\/\/australisrecords.com\/shop\/producto\/umbrtka\/#primaryimage"},"thumbnailUrl":"https:\/\/australisrecords.com\/shop\/wp-content\/uploads\/2020\/06\/264477.jpg","datePublished":"2020-06-20T20:39:54+00:00","dateModified":"2020-08-22T17:28:03+00:00","breadcrumb":{"@id":"https:\/\/australisrecords.com\/shop\/producto\/umbrtka\/#breadcrumb"},"inLanguage":"en-US","potentialAction":[{"@type":"ReadAction","target":["https:\/\/australisrecords.com\/shop\/producto\/umbrtka\/"]}]},{"@type":"ImageObject","inLanguage":"en-US","@id":"https:\/\/australisrecords.com\/shop\/producto\/umbrtka\/#primaryimage","url":"https:\/\/australisrecords.com\/shop\/wp-content\/uploads\/2020\/06\/264477.jpg","contentUrl":"https:\/\/australisrecords.com\/shop\/wp-content\/uploads\/2020\/06\/264477.jpg","width":300,"height":300},{"@type":"BreadcrumbList","@id":"https:\/\/australisrecords.com\/shop\/producto\/umbrtka\/#breadcrumb","itemListElement":[{"@type":"ListItem","position":1,"name":"Home","item":"https:\/\/australisrecords.com\/shop\/"},{"@type":"ListItem","position":2,"name":"Shop","item":"https:\/\/australisrecords.com\/shop\/shop-2\/"},{"@type":"ListItem","position":3,"name":"Umbrtka"}]},{"@type":"WebSite","@id":"https:\/\/australisrecords.com\/shop\/#website","url":"https:\/\/australisrecords.com\/shop\/","name":"Australis Records - Music from the End of the World","description":"","potentialAction":[{"@type":"SearchAction","target":{"@type":"EntryPoint","urlTemplate":"https:\/\/australisrecords.com\/shop\/?s={search_term_string}"},"query-input":"required name=search_term_string"}],"inLanguage":"en-US"}]}},"_links":{"self":[{"href":"https:\/\/australisrecords.com\/shop\/wp-json\/wp\/v2\/product\/16920"}],"collection":[{"href":"https:\/\/australisrecords.com\/shop\/wp-json\/wp\/v2\/product"}],"about":[{"href":"https:\/\/australisrecords.com\/shop\/wp-json\/wp\/v2\/types\/product"}],"version-history":[{"count":3,"href":"https:\/\/australisrecords.com\/shop\/wp-json\/wp\/v2\/product\/16920\/revisions"}],"predecessor-version":[{"id":20825,"href":"https:\/\/australisrecords.com\/shop\/wp-json\/wp\/v2\/product\/16920\/revisions\/20825"}],"wp:featuredmedia":[{"embeddable":true,"href":"https:\/\/australisrecords.com\/shop\/wp-json\/wp\/v2\/media\/16921"}],"wp:attachment":[{"href":"https:\/\/australisrecords.com\/shop\/wp-json\/wp\/v2\/media?parent=16920"}],"wp:term":[{"taxonomy":"product_cat","embeddable":true,"href":"https:\/\/australisrecords.com\/shop\/wp-json\/wp\/v2\/product_cat?post=16920"},{"taxonomy":"product_tag","embeddable":true,"href":"https:\/\/australisrecords.com\/shop\/wp-json\/wp\/v2\/product_tag?post=16920"}],"curies":[{"name":"wp","href":"https:\/\/api.w.org\/{rel}","templated":true}]}}