{"id":16676,"date":"2020-06-19T16:31:29","date_gmt":"2020-06-19T16:31:29","guid":{"rendered":"http:\/\/australisrecords.com\/shop\/?post_type=product&#038;p=16676"},"modified":"2020-08-16T07:08:39","modified_gmt":"2020-08-16T07:08:39","slug":"tenebrarum","status":"publish","type":"product","link":"https:\/\/australisrecords.com\/shop\/producto\/tenebrarum\/","title":{"rendered":"Tenebrarum"},"content":{"rendered":"<div id=\"dslc-theme-content\"><div id=\"dslc-theme-content-inner\"><\/div><\/div>","protected":false},"excerpt":{"rendered":"<p>&nbsp; The seventh album from this cult colombian band! Gothic metal with death\/doom injections . &nbsp; \u00a1El s\u00e9ptimo \u00e1lbum de esta banda colombiana de culto! Metal g\u00f3tico con inyecciones de muerte \/ fatalidad.\u00a0 1. Intro \/ Search 2. Voices 3. Rites 4. Traveler 5. Battle 6. Sadness 7. Visions 8. Tears 9. Enlightment 10.End 11.* [&hellip;]<\/p>\n","protected":false},"featured_media":20464,"template":"","meta":{"_acf_changed":false},"product_cat":[92,314,303,87],"product_tag":[],"acf":[],"yoast_head":"<!-- This site is optimized with the Yoast SEO plugin v22.9 - https:\/\/yoast.com\/wordpress\/plugins\/seo\/ -->\n<title>Tenebrarum - Australis Records - Music from the End of the World<\/title>\n<meta name=\"robots\" content=\"index, follow, max-snippet:-1, max-image-preview:large, max-video-preview:-1\" \/>\n<link rel=\"canonical\" href=\"https:\/\/australisrecords.com\/shop\/producto\/tenebrarum\/\" \/>\n<meta property=\"og:locale\" content=\"en_US\" \/>\n<meta property=\"og:type\" content=\"article\" \/>\n<meta property=\"og:title\" content=\"Tenebrarum - Australis Records - Music from the End of the World\" \/>\n<meta property=\"og:description\" content=\"&nbsp; The seventh album from this cult colombian band! Gothic metal with death\/doom injections . &nbsp; \u00a1El s\u00e9ptimo \u00e1lbum de esta banda colombiana de culto! Metal g\u00f3tico con inyecciones de muerte \/ fatalidad.\u00a0 1. Intro \/ Search 2. Voices 3. Rites 4. Traveler 5. Battle 6. Sadness 7. Visions 8. Tears 9. Enlightment 10.End 11.* [&hellip;]\" \/>\n<meta property=\"og:url\" content=\"https:\/\/australisrecords.com\/shop\/producto\/tenebrarum\/\" \/>\n<meta property=\"og:site_name\" content=\"Australis Records - Music from the End of the World\" \/>\n<meta property=\"article:modified_time\" content=\"2020-08-16T07:08:39+00:00\" \/>\n<meta property=\"og:image\" content=\"https:\/\/australisrecords.com\/shop\/wp-content\/uploads\/2020\/06\/R-4069079-1375859024-5963.jpeg.jpg\" \/>\n\t<meta property=\"og:image:width\" content=\"594\" \/>\n\t<meta property=\"og:image:height\" content=\"594\" \/>\n\t<meta property=\"og:image:type\" content=\"image\/jpeg\" \/>\n<meta name=\"twitter:card\" content=\"summary_large_image\" \/>\n<script type=\"application\/ld+json\" class=\"yoast-schema-graph\">{\"@context\":\"https:\/\/schema.org\",\"@graph\":[{\"@type\":\"WebPage\",\"@id\":\"https:\/\/australisrecords.com\/shop\/producto\/tenebrarum\/\",\"url\":\"https:\/\/australisrecords.com\/shop\/producto\/tenebrarum\/\",\"name\":\"Tenebrarum - Australis Records - Music from the End of the World\",\"isPartOf\":{\"@id\":\"https:\/\/australisrecords.com\/shop\/#website\"},\"primaryImageOfPage\":{\"@id\":\"https:\/\/australisrecords.com\/shop\/producto\/tenebrarum\/#primaryimage\"},\"image\":{\"@id\":\"https:\/\/australisrecords.com\/shop\/producto\/tenebrarum\/#primaryimage\"},\"thumbnailUrl\":\"https:\/\/australisrecords.com\/shop\/wp-content\/uploads\/2020\/06\/R-4069079-1375859024-5963.jpeg.jpg\",\"datePublished\":\"2020-06-19T16:31:29+00:00\",\"dateModified\":\"2020-08-16T07:08:39+00:00\",\"breadcrumb\":{\"@id\":\"https:\/\/australisrecords.com\/shop\/producto\/tenebrarum\/#breadcrumb\"},\"inLanguage\":\"en-US\",\"potentialAction\":[{\"@type\":\"ReadAction\",\"target\":[\"https:\/\/australisrecords.com\/shop\/producto\/tenebrarum\/\"]}]},{\"@type\":\"ImageObject\",\"inLanguage\":\"en-US\",\"@id\":\"https:\/\/australisrecords.com\/shop\/producto\/tenebrarum\/#primaryimage\",\"url\":\"https:\/\/australisrecords.com\/shop\/wp-content\/uploads\/2020\/06\/R-4069079-1375859024-5963.jpeg.jpg\",\"contentUrl\":\"https:\/\/australisrecords.com\/shop\/wp-content\/uploads\/2020\/06\/R-4069079-1375859024-5963.jpeg.jpg\",\"width\":594,\"height\":594},{\"@type\":\"BreadcrumbList\",\"@id\":\"https:\/\/australisrecords.com\/shop\/producto\/tenebrarum\/#breadcrumb\",\"itemListElement\":[{\"@type\":\"ListItem\",\"position\":1,\"name\":\"Home\",\"item\":\"https:\/\/australisrecords.com\/shop\/\"},{\"@type\":\"ListItem\",\"position\":2,\"name\":\"Shop\",\"item\":\"https:\/\/australisrecords.com\/shop\/shop-2\/\"},{\"@type\":\"ListItem\",\"position\":3,\"name\":\"Tenebrarum\"}]},{\"@type\":\"WebSite\",\"@id\":\"https:\/\/australisrecords.com\/shop\/#website\",\"url\":\"https:\/\/australisrecords.com\/shop\/\",\"name\":\"Australis Records - Music from the End of the World\",\"description\":\"\",\"potentialAction\":[{\"@type\":\"SearchAction\",\"target\":{\"@type\":\"EntryPoint\",\"urlTemplate\":\"https:\/\/australisrecords.com\/shop\/?s={search_term_string}\"},\"query-input\":\"required name=search_term_string\"}],\"inLanguage\":\"en-US\"}]}<\/script>\n<!-- \/ Yoast SEO plugin. -->","yoast_head_json":{"title":"Tenebrarum - Australis Records - Music from the End of the World","robots":{"index":"index","follow":"follow","max-snippet":"max-snippet:-1","max-image-preview":"max-image-preview:large","max-video-preview":"max-video-preview:-1"},"canonical":"https:\/\/australisrecords.com\/shop\/producto\/tenebrarum\/","og_locale":"en_US","og_type":"article","og_title":"Tenebrarum - Australis Records - Music from the End of the World","og_description":"&nbsp; The seventh album from this cult colombian band! Gothic metal with death\/doom injections . &nbsp; \u00a1El s\u00e9ptimo \u00e1lbum de esta banda colombiana de culto! Metal g\u00f3tico con inyecciones de muerte \/ fatalidad.\u00a0 1. Intro \/ Search 2. Voices 3. Rites 4. Traveler 5. Battle 6. Sadness 7. Visions 8. Tears 9. Enlightment 10.End 11.* [&hellip;]","og_url":"https:\/\/australisrecords.com\/shop\/producto\/tenebrarum\/","og_site_name":"Australis Records - Music from the End of the World","article_modified_time":"2020-08-16T07:08:39+00:00","og_image":[{"width":594,"height":594,"url":"https:\/\/australisrecords.com\/shop\/wp-content\/uploads\/2020\/06\/R-4069079-1375859024-5963.jpeg.jpg","type":"image\/jpeg"}],"twitter_card":"summary_large_image","schema":{"@context":"https:\/\/schema.org","@graph":[{"@type":"WebPage","@id":"https:\/\/australisrecords.com\/shop\/producto\/tenebrarum\/","url":"https:\/\/australisrecords.com\/shop\/producto\/tenebrarum\/","name":"Tenebrarum - Australis Records - Music from the End of the World","isPartOf":{"@id":"https:\/\/australisrecords.com\/shop\/#website"},"primaryImageOfPage":{"@id":"https:\/\/australisrecords.com\/shop\/producto\/tenebrarum\/#primaryimage"},"image":{"@id":"https:\/\/australisrecords.com\/shop\/producto\/tenebrarum\/#primaryimage"},"thumbnailUrl":"https:\/\/australisrecords.com\/shop\/wp-content\/uploads\/2020\/06\/R-4069079-1375859024-5963.jpeg.jpg","datePublished":"2020-06-19T16:31:29+00:00","dateModified":"2020-08-16T07:08:39+00:00","breadcrumb":{"@id":"https:\/\/australisrecords.com\/shop\/producto\/tenebrarum\/#breadcrumb"},"inLanguage":"en-US","potentialAction":[{"@type":"ReadAction","target":["https:\/\/australisrecords.com\/shop\/producto\/tenebrarum\/"]}]},{"@type":"ImageObject","inLanguage":"en-US","@id":"https:\/\/australisrecords.com\/shop\/producto\/tenebrarum\/#primaryimage","url":"https:\/\/australisrecords.com\/shop\/wp-content\/uploads\/2020\/06\/R-4069079-1375859024-5963.jpeg.jpg","contentUrl":"https:\/\/australisrecords.com\/shop\/wp-content\/uploads\/2020\/06\/R-4069079-1375859024-5963.jpeg.jpg","width":594,"height":594},{"@type":"BreadcrumbList","@id":"https:\/\/australisrecords.com\/shop\/producto\/tenebrarum\/#breadcrumb","itemListElement":[{"@type":"ListItem","position":1,"name":"Home","item":"https:\/\/australisrecords.com\/shop\/"},{"@type":"ListItem","position":2,"name":"Shop","item":"https:\/\/australisrecords.com\/shop\/shop-2\/"},{"@type":"ListItem","position":3,"name":"Tenebrarum"}]},{"@type":"WebSite","@id":"https:\/\/australisrecords.com\/shop\/#website","url":"https:\/\/australisrecords.com\/shop\/","name":"Australis Records - Music from the End of the World","description":"","potentialAction":[{"@type":"SearchAction","target":{"@type":"EntryPoint","urlTemplate":"https:\/\/australisrecords.com\/shop\/?s={search_term_string}"},"query-input":"required name=search_term_string"}],"inLanguage":"en-US"}]}},"_links":{"self":[{"href":"https:\/\/australisrecords.com\/shop\/wp-json\/wp\/v2\/product\/16676"}],"collection":[{"href":"https:\/\/australisrecords.com\/shop\/wp-json\/wp\/v2\/product"}],"about":[{"href":"https:\/\/australisrecords.com\/shop\/wp-json\/wp\/v2\/types\/product"}],"version-history":[{"count":3,"href":"https:\/\/australisrecords.com\/shop\/wp-json\/wp\/v2\/product\/16676\/revisions"}],"predecessor-version":[{"id":20466,"href":"https:\/\/australisrecords.com\/shop\/wp-json\/wp\/v2\/product\/16676\/revisions\/20466"}],"wp:featuredmedia":[{"embeddable":true,"href":"https:\/\/australisrecords.com\/shop\/wp-json\/wp\/v2\/media\/20464"}],"wp:attachment":[{"href":"https:\/\/australisrecords.com\/shop\/wp-json\/wp\/v2\/media?parent=16676"}],"wp:term":[{"taxonomy":"product_cat","embeddable":true,"href":"https:\/\/australisrecords.com\/shop\/wp-json\/wp\/v2\/product_cat?post=16676"},{"taxonomy":"product_tag","embeddable":true,"href":"https:\/\/australisrecords.com\/shop\/wp-json\/wp\/v2\/product_tag?post=16676"}],"curies":[{"name":"wp","href":"https:\/\/api.w.org\/{rel}","templated":true}]}}