{"id":16564,"date":"2020-06-18T18:32:26","date_gmt":"2020-06-18T18:32:26","guid":{"rendered":"http:\/\/australisrecords.com\/shop\/?post_type=product&#038;p=16564"},"modified":"2020-08-12T23:52:06","modified_gmt":"2020-08-12T23:52:06","slug":"speculum-mortis","status":"publish","type":"product","link":"https:\/\/australisrecords.com\/shop\/producto\/speculum-mortis\/","title":{"rendered":"Speculum Mortis"},"content":{"rendered":"<div id=\"dslc-theme-content\"><div id=\"dslc-theme-content-inner\"><\/div><\/div>","protected":false},"excerpt":{"rendered":"<p>&nbsp; Pagan Black Metal, in his most recent work, with over an hour of sound wrapped in a sinister and firm melody !!!. &nbsp; Pagan Black Metal, en su trabajo m\u00e1s reciente, con m\u00e1s de una hora de sonido envuelto en una melod\u00eda siniestra y firme !!!.\u00a0 1. Oggi i avanti dannati 2. Papa Alessandro [&hellip;]<\/p>\n","protected":false},"featured_media":16565,"template":"","meta":{"_acf_changed":false},"product_cat":[92,304,314,87],"product_tag":[],"acf":[],"yoast_head":"<!-- This site is optimized with the Yoast SEO plugin v22.9 - https:\/\/yoast.com\/wordpress\/plugins\/seo\/ -->\n<title>Speculum Mortis - Australis Records - Music from the End of the World<\/title>\n<meta name=\"robots\" content=\"index, follow, max-snippet:-1, max-image-preview:large, max-video-preview:-1\" \/>\n<link rel=\"canonical\" href=\"https:\/\/australisrecords.com\/shop\/producto\/speculum-mortis\/\" \/>\n<meta property=\"og:locale\" content=\"en_US\" \/>\n<meta property=\"og:type\" content=\"article\" \/>\n<meta property=\"og:title\" content=\"Speculum Mortis - Australis Records - Music from the End of the World\" \/>\n<meta property=\"og:description\" content=\"&nbsp; Pagan Black Metal, in his most recent work, with over an hour of sound wrapped in a sinister and firm melody !!!. &nbsp; Pagan Black Metal, en su trabajo m\u00e1s reciente, con m\u00e1s de una hora de sonido envuelto en una melod\u00eda siniestra y firme !!!.\u00a0 1. Oggi i avanti dannati 2. Papa Alessandro [&hellip;]\" \/>\n<meta property=\"og:url\" content=\"https:\/\/australisrecords.com\/shop\/producto\/speculum-mortis\/\" \/>\n<meta property=\"og:site_name\" content=\"Australis Records - Music from the End of the World\" \/>\n<meta property=\"article:modified_time\" content=\"2020-08-12T23:52:06+00:00\" \/>\n<meta property=\"og:image\" content=\"https:\/\/australisrecords.com\/shop\/wp-content\/uploads\/2020\/06\/372923.jpg\" \/>\n\t<meta property=\"og:image:width\" content=\"513\" \/>\n\t<meta property=\"og:image:height\" content=\"507\" \/>\n\t<meta property=\"og:image:type\" content=\"image\/jpeg\" \/>\n<meta name=\"twitter:card\" content=\"summary_large_image\" \/>\n<script type=\"application\/ld+json\" class=\"yoast-schema-graph\">{\"@context\":\"https:\/\/schema.org\",\"@graph\":[{\"@type\":\"WebPage\",\"@id\":\"https:\/\/australisrecords.com\/shop\/producto\/speculum-mortis\/\",\"url\":\"https:\/\/australisrecords.com\/shop\/producto\/speculum-mortis\/\",\"name\":\"Speculum Mortis - Australis Records - Music from the End of the World\",\"isPartOf\":{\"@id\":\"https:\/\/australisrecords.com\/shop\/#website\"},\"primaryImageOfPage\":{\"@id\":\"https:\/\/australisrecords.com\/shop\/producto\/speculum-mortis\/#primaryimage\"},\"image\":{\"@id\":\"https:\/\/australisrecords.com\/shop\/producto\/speculum-mortis\/#primaryimage\"},\"thumbnailUrl\":\"https:\/\/australisrecords.com\/shop\/wp-content\/uploads\/2020\/06\/372923.jpg\",\"datePublished\":\"2020-06-18T18:32:26+00:00\",\"dateModified\":\"2020-08-12T23:52:06+00:00\",\"breadcrumb\":{\"@id\":\"https:\/\/australisrecords.com\/shop\/producto\/speculum-mortis\/#breadcrumb\"},\"inLanguage\":\"en-US\",\"potentialAction\":[{\"@type\":\"ReadAction\",\"target\":[\"https:\/\/australisrecords.com\/shop\/producto\/speculum-mortis\/\"]}]},{\"@type\":\"ImageObject\",\"inLanguage\":\"en-US\",\"@id\":\"https:\/\/australisrecords.com\/shop\/producto\/speculum-mortis\/#primaryimage\",\"url\":\"https:\/\/australisrecords.com\/shop\/wp-content\/uploads\/2020\/06\/372923.jpg\",\"contentUrl\":\"https:\/\/australisrecords.com\/shop\/wp-content\/uploads\/2020\/06\/372923.jpg\",\"width\":513,\"height\":507},{\"@type\":\"BreadcrumbList\",\"@id\":\"https:\/\/australisrecords.com\/shop\/producto\/speculum-mortis\/#breadcrumb\",\"itemListElement\":[{\"@type\":\"ListItem\",\"position\":1,\"name\":\"Home\",\"item\":\"https:\/\/australisrecords.com\/shop\/\"},{\"@type\":\"ListItem\",\"position\":2,\"name\":\"Shop\",\"item\":\"https:\/\/australisrecords.com\/shop\/shop-2\/\"},{\"@type\":\"ListItem\",\"position\":3,\"name\":\"Speculum Mortis\"}]},{\"@type\":\"WebSite\",\"@id\":\"https:\/\/australisrecords.com\/shop\/#website\",\"url\":\"https:\/\/australisrecords.com\/shop\/\",\"name\":\"Australis Records - Music from the End of the World\",\"description\":\"\",\"potentialAction\":[{\"@type\":\"SearchAction\",\"target\":{\"@type\":\"EntryPoint\",\"urlTemplate\":\"https:\/\/australisrecords.com\/shop\/?s={search_term_string}\"},\"query-input\":\"required name=search_term_string\"}],\"inLanguage\":\"en-US\"}]}<\/script>\n<!-- \/ Yoast SEO plugin. -->","yoast_head_json":{"title":"Speculum Mortis - Australis Records - Music from the End of the World","robots":{"index":"index","follow":"follow","max-snippet":"max-snippet:-1","max-image-preview":"max-image-preview:large","max-video-preview":"max-video-preview:-1"},"canonical":"https:\/\/australisrecords.com\/shop\/producto\/speculum-mortis\/","og_locale":"en_US","og_type":"article","og_title":"Speculum Mortis - Australis Records - Music from the End of the World","og_description":"&nbsp; Pagan Black Metal, in his most recent work, with over an hour of sound wrapped in a sinister and firm melody !!!. &nbsp; Pagan Black Metal, en su trabajo m\u00e1s reciente, con m\u00e1s de una hora de sonido envuelto en una melod\u00eda siniestra y firme !!!.\u00a0 1. Oggi i avanti dannati 2. Papa Alessandro [&hellip;]","og_url":"https:\/\/australisrecords.com\/shop\/producto\/speculum-mortis\/","og_site_name":"Australis Records - Music from the End of the World","article_modified_time":"2020-08-12T23:52:06+00:00","og_image":[{"width":513,"height":507,"url":"https:\/\/australisrecords.com\/shop\/wp-content\/uploads\/2020\/06\/372923.jpg","type":"image\/jpeg"}],"twitter_card":"summary_large_image","schema":{"@context":"https:\/\/schema.org","@graph":[{"@type":"WebPage","@id":"https:\/\/australisrecords.com\/shop\/producto\/speculum-mortis\/","url":"https:\/\/australisrecords.com\/shop\/producto\/speculum-mortis\/","name":"Speculum Mortis - Australis Records - Music from the End of the World","isPartOf":{"@id":"https:\/\/australisrecords.com\/shop\/#website"},"primaryImageOfPage":{"@id":"https:\/\/australisrecords.com\/shop\/producto\/speculum-mortis\/#primaryimage"},"image":{"@id":"https:\/\/australisrecords.com\/shop\/producto\/speculum-mortis\/#primaryimage"},"thumbnailUrl":"https:\/\/australisrecords.com\/shop\/wp-content\/uploads\/2020\/06\/372923.jpg","datePublished":"2020-06-18T18:32:26+00:00","dateModified":"2020-08-12T23:52:06+00:00","breadcrumb":{"@id":"https:\/\/australisrecords.com\/shop\/producto\/speculum-mortis\/#breadcrumb"},"inLanguage":"en-US","potentialAction":[{"@type":"ReadAction","target":["https:\/\/australisrecords.com\/shop\/producto\/speculum-mortis\/"]}]},{"@type":"ImageObject","inLanguage":"en-US","@id":"https:\/\/australisrecords.com\/shop\/producto\/speculum-mortis\/#primaryimage","url":"https:\/\/australisrecords.com\/shop\/wp-content\/uploads\/2020\/06\/372923.jpg","contentUrl":"https:\/\/australisrecords.com\/shop\/wp-content\/uploads\/2020\/06\/372923.jpg","width":513,"height":507},{"@type":"BreadcrumbList","@id":"https:\/\/australisrecords.com\/shop\/producto\/speculum-mortis\/#breadcrumb","itemListElement":[{"@type":"ListItem","position":1,"name":"Home","item":"https:\/\/australisrecords.com\/shop\/"},{"@type":"ListItem","position":2,"name":"Shop","item":"https:\/\/australisrecords.com\/shop\/shop-2\/"},{"@type":"ListItem","position":3,"name":"Speculum Mortis"}]},{"@type":"WebSite","@id":"https:\/\/australisrecords.com\/shop\/#website","url":"https:\/\/australisrecords.com\/shop\/","name":"Australis Records - Music from the End of the World","description":"","potentialAction":[{"@type":"SearchAction","target":{"@type":"EntryPoint","urlTemplate":"https:\/\/australisrecords.com\/shop\/?s={search_term_string}"},"query-input":"required name=search_term_string"}],"inLanguage":"en-US"}]}},"_links":{"self":[{"href":"https:\/\/australisrecords.com\/shop\/wp-json\/wp\/v2\/product\/16564"}],"collection":[{"href":"https:\/\/australisrecords.com\/shop\/wp-json\/wp\/v2\/product"}],"about":[{"href":"https:\/\/australisrecords.com\/shop\/wp-json\/wp\/v2\/types\/product"}],"version-history":[{"count":3,"href":"https:\/\/australisrecords.com\/shop\/wp-json\/wp\/v2\/product\/16564\/revisions"}],"predecessor-version":[{"id":20167,"href":"https:\/\/australisrecords.com\/shop\/wp-json\/wp\/v2\/product\/16564\/revisions\/20167"}],"wp:featuredmedia":[{"embeddable":true,"href":"https:\/\/australisrecords.com\/shop\/wp-json\/wp\/v2\/media\/16565"}],"wp:attachment":[{"href":"https:\/\/australisrecords.com\/shop\/wp-json\/wp\/v2\/media?parent=16564"}],"wp:term":[{"taxonomy":"product_cat","embeddable":true,"href":"https:\/\/australisrecords.com\/shop\/wp-json\/wp\/v2\/product_cat?post=16564"},{"taxonomy":"product_tag","embeddable":true,"href":"https:\/\/australisrecords.com\/shop\/wp-json\/wp\/v2\/product_tag?post=16564"}],"curies":[{"name":"wp","href":"https:\/\/api.w.org\/{rel}","templated":true}]}}