{"id":16504,"date":"2020-06-18T15:21:35","date_gmt":"2020-06-18T15:21:35","guid":{"rendered":"http:\/\/australisrecords.com\/shop\/?post_type=product&#038;p=16504"},"modified":"2020-08-11T21:23:53","modified_gmt":"2020-08-11T21:23:53","slug":"social-shit","status":"publish","type":"product","link":"https:\/\/australisrecords.com\/shop\/producto\/social-shit\/","title":{"rendered":"Social Shit"},"content":{"rendered":"<div id=\"dslc-theme-content\"><div id=\"dslc-theme-content-inner\"><\/div><\/div>","protected":false},"excerpt":{"rendered":"<p>&nbsp; Brutal Deah Grind from Argentina. &nbsp; Brutal Deah Grind desde Argentina..\u00a0 1. Intro \/ Formas de torturar 2. Atormentado 3. Deseo de sangre 4. Odio extremo 5. Enfermo y hermita\u00f1o 6. Grito 7. M\u00e1quina de matar 8. Segado por la sangre 9. Sacrificados 10.Satisfacci\u00f3n por muertos 11.Excitado por el dolor \/ Outro &nbsp; &nbsp;<\/p>\n","protected":false},"featured_media":16505,"template":"","meta":{"_acf_changed":false},"product_cat":[92,314,303,87],"product_tag":[],"acf":[],"yoast_head":"<!-- This site is optimized with the Yoast SEO plugin v22.9 - https:\/\/yoast.com\/wordpress\/plugins\/seo\/ -->\n<title>Social Shit - Australis Records - Music from the End of the World<\/title>\n<meta name=\"robots\" content=\"index, follow, max-snippet:-1, max-image-preview:large, max-video-preview:-1\" \/>\n<link rel=\"canonical\" href=\"https:\/\/australisrecords.com\/shop\/producto\/social-shit\/\" \/>\n<meta property=\"og:locale\" content=\"en_US\" \/>\n<meta property=\"og:type\" content=\"article\" \/>\n<meta property=\"og:title\" content=\"Social Shit - Australis Records - Music from the End of the World\" \/>\n<meta property=\"og:description\" content=\"&nbsp; Brutal Deah Grind from Argentina. &nbsp; Brutal Deah Grind desde Argentina..\u00a0 1. Intro \/ Formas de torturar 2. Atormentado 3. Deseo de sangre 4. Odio extremo 5. Enfermo y hermita\u00f1o 6. Grito 7. M\u00e1quina de matar 8. Segado por la sangre 9. Sacrificados 10.Satisfacci\u00f3n por muertos 11.Excitado por el dolor \/ Outro &nbsp; &nbsp;\" \/>\n<meta property=\"og:url\" content=\"https:\/\/australisrecords.com\/shop\/producto\/social-shit\/\" \/>\n<meta property=\"og:site_name\" content=\"Australis Records - Music from the End of the World\" \/>\n<meta property=\"article:modified_time\" content=\"2020-08-11T21:23:53+00:00\" \/>\n<meta property=\"og:image\" content=\"https:\/\/australisrecords.com\/shop\/wp-content\/uploads\/2020\/06\/585507.jpg\" \/>\n\t<meta property=\"og:image:width\" content=\"400\" \/>\n\t<meta property=\"og:image:height\" content=\"403\" \/>\n\t<meta property=\"og:image:type\" content=\"image\/jpeg\" \/>\n<meta name=\"twitter:card\" content=\"summary_large_image\" \/>\n<script type=\"application\/ld+json\" class=\"yoast-schema-graph\">{\"@context\":\"https:\/\/schema.org\",\"@graph\":[{\"@type\":\"WebPage\",\"@id\":\"https:\/\/australisrecords.com\/shop\/producto\/social-shit\/\",\"url\":\"https:\/\/australisrecords.com\/shop\/producto\/social-shit\/\",\"name\":\"Social Shit - Australis Records - Music from the End of the World\",\"isPartOf\":{\"@id\":\"https:\/\/australisrecords.com\/shop\/#website\"},\"primaryImageOfPage\":{\"@id\":\"https:\/\/australisrecords.com\/shop\/producto\/social-shit\/#primaryimage\"},\"image\":{\"@id\":\"https:\/\/australisrecords.com\/shop\/producto\/social-shit\/#primaryimage\"},\"thumbnailUrl\":\"https:\/\/australisrecords.com\/shop\/wp-content\/uploads\/2020\/06\/585507.jpg\",\"datePublished\":\"2020-06-18T15:21:35+00:00\",\"dateModified\":\"2020-08-11T21:23:53+00:00\",\"breadcrumb\":{\"@id\":\"https:\/\/australisrecords.com\/shop\/producto\/social-shit\/#breadcrumb\"},\"inLanguage\":\"en-US\",\"potentialAction\":[{\"@type\":\"ReadAction\",\"target\":[\"https:\/\/australisrecords.com\/shop\/producto\/social-shit\/\"]}]},{\"@type\":\"ImageObject\",\"inLanguage\":\"en-US\",\"@id\":\"https:\/\/australisrecords.com\/shop\/producto\/social-shit\/#primaryimage\",\"url\":\"https:\/\/australisrecords.com\/shop\/wp-content\/uploads\/2020\/06\/585507.jpg\",\"contentUrl\":\"https:\/\/australisrecords.com\/shop\/wp-content\/uploads\/2020\/06\/585507.jpg\",\"width\":400,\"height\":403},{\"@type\":\"BreadcrumbList\",\"@id\":\"https:\/\/australisrecords.com\/shop\/producto\/social-shit\/#breadcrumb\",\"itemListElement\":[{\"@type\":\"ListItem\",\"position\":1,\"name\":\"Home\",\"item\":\"https:\/\/australisrecords.com\/shop\/\"},{\"@type\":\"ListItem\",\"position\":2,\"name\":\"Shop\",\"item\":\"https:\/\/australisrecords.com\/shop\/shop-2\/\"},{\"@type\":\"ListItem\",\"position\":3,\"name\":\"Social Shit\"}]},{\"@type\":\"WebSite\",\"@id\":\"https:\/\/australisrecords.com\/shop\/#website\",\"url\":\"https:\/\/australisrecords.com\/shop\/\",\"name\":\"Australis Records - Music from the End of the World\",\"description\":\"\",\"potentialAction\":[{\"@type\":\"SearchAction\",\"target\":{\"@type\":\"EntryPoint\",\"urlTemplate\":\"https:\/\/australisrecords.com\/shop\/?s={search_term_string}\"},\"query-input\":\"required name=search_term_string\"}],\"inLanguage\":\"en-US\"}]}<\/script>\n<!-- \/ Yoast SEO plugin. -->","yoast_head_json":{"title":"Social Shit - Australis Records - Music from the End of the World","robots":{"index":"index","follow":"follow","max-snippet":"max-snippet:-1","max-image-preview":"max-image-preview:large","max-video-preview":"max-video-preview:-1"},"canonical":"https:\/\/australisrecords.com\/shop\/producto\/social-shit\/","og_locale":"en_US","og_type":"article","og_title":"Social Shit - Australis Records - Music from the End of the World","og_description":"&nbsp; Brutal Deah Grind from Argentina. &nbsp; Brutal Deah Grind desde Argentina..\u00a0 1. Intro \/ Formas de torturar 2. Atormentado 3. Deseo de sangre 4. Odio extremo 5. Enfermo y hermita\u00f1o 6. Grito 7. M\u00e1quina de matar 8. Segado por la sangre 9. Sacrificados 10.Satisfacci\u00f3n por muertos 11.Excitado por el dolor \/ Outro &nbsp; &nbsp;","og_url":"https:\/\/australisrecords.com\/shop\/producto\/social-shit\/","og_site_name":"Australis Records - Music from the End of the World","article_modified_time":"2020-08-11T21:23:53+00:00","og_image":[{"width":400,"height":403,"url":"https:\/\/australisrecords.com\/shop\/wp-content\/uploads\/2020\/06\/585507.jpg","type":"image\/jpeg"}],"twitter_card":"summary_large_image","schema":{"@context":"https:\/\/schema.org","@graph":[{"@type":"WebPage","@id":"https:\/\/australisrecords.com\/shop\/producto\/social-shit\/","url":"https:\/\/australisrecords.com\/shop\/producto\/social-shit\/","name":"Social Shit - Australis Records - Music from the End of the World","isPartOf":{"@id":"https:\/\/australisrecords.com\/shop\/#website"},"primaryImageOfPage":{"@id":"https:\/\/australisrecords.com\/shop\/producto\/social-shit\/#primaryimage"},"image":{"@id":"https:\/\/australisrecords.com\/shop\/producto\/social-shit\/#primaryimage"},"thumbnailUrl":"https:\/\/australisrecords.com\/shop\/wp-content\/uploads\/2020\/06\/585507.jpg","datePublished":"2020-06-18T15:21:35+00:00","dateModified":"2020-08-11T21:23:53+00:00","breadcrumb":{"@id":"https:\/\/australisrecords.com\/shop\/producto\/social-shit\/#breadcrumb"},"inLanguage":"en-US","potentialAction":[{"@type":"ReadAction","target":["https:\/\/australisrecords.com\/shop\/producto\/social-shit\/"]}]},{"@type":"ImageObject","inLanguage":"en-US","@id":"https:\/\/australisrecords.com\/shop\/producto\/social-shit\/#primaryimage","url":"https:\/\/australisrecords.com\/shop\/wp-content\/uploads\/2020\/06\/585507.jpg","contentUrl":"https:\/\/australisrecords.com\/shop\/wp-content\/uploads\/2020\/06\/585507.jpg","width":400,"height":403},{"@type":"BreadcrumbList","@id":"https:\/\/australisrecords.com\/shop\/producto\/social-shit\/#breadcrumb","itemListElement":[{"@type":"ListItem","position":1,"name":"Home","item":"https:\/\/australisrecords.com\/shop\/"},{"@type":"ListItem","position":2,"name":"Shop","item":"https:\/\/australisrecords.com\/shop\/shop-2\/"},{"@type":"ListItem","position":3,"name":"Social Shit"}]},{"@type":"WebSite","@id":"https:\/\/australisrecords.com\/shop\/#website","url":"https:\/\/australisrecords.com\/shop\/","name":"Australis Records - Music from the End of the World","description":"","potentialAction":[{"@type":"SearchAction","target":{"@type":"EntryPoint","urlTemplate":"https:\/\/australisrecords.com\/shop\/?s={search_term_string}"},"query-input":"required name=search_term_string"}],"inLanguage":"en-US"}]}},"_links":{"self":[{"href":"https:\/\/australisrecords.com\/shop\/wp-json\/wp\/v2\/product\/16504"}],"collection":[{"href":"https:\/\/australisrecords.com\/shop\/wp-json\/wp\/v2\/product"}],"about":[{"href":"https:\/\/australisrecords.com\/shop\/wp-json\/wp\/v2\/types\/product"}],"version-history":[{"count":3,"href":"https:\/\/australisrecords.com\/shop\/wp-json\/wp\/v2\/product\/16504\/revisions"}],"predecessor-version":[{"id":20111,"href":"https:\/\/australisrecords.com\/shop\/wp-json\/wp\/v2\/product\/16504\/revisions\/20111"}],"wp:featuredmedia":[{"embeddable":true,"href":"https:\/\/australisrecords.com\/shop\/wp-json\/wp\/v2\/media\/16505"}],"wp:attachment":[{"href":"https:\/\/australisrecords.com\/shop\/wp-json\/wp\/v2\/media?parent=16504"}],"wp:term":[{"taxonomy":"product_cat","embeddable":true,"href":"https:\/\/australisrecords.com\/shop\/wp-json\/wp\/v2\/product_cat?post=16504"},{"taxonomy":"product_tag","embeddable":true,"href":"https:\/\/australisrecords.com\/shop\/wp-json\/wp\/v2\/product_tag?post=16504"}],"curies":[{"name":"wp","href":"https:\/\/api.w.org\/{rel}","templated":true}]}}