{"id":16391,"date":"2020-06-17T16:40:35","date_gmt":"2020-06-17T16:40:35","guid":{"rendered":"http:\/\/australisrecords.com\/shop\/?post_type=product&#038;p=16391"},"modified":"2020-08-09T21:25:49","modified_gmt":"2020-08-09T21:25:49","slug":"severe-punishment","status":"publish","type":"product","link":"https:\/\/australisrecords.com\/shop\/producto\/severe-punishment\/","title":{"rendered":"Severe Punishment"},"content":{"rendered":"<div id=\"dslc-theme-content\"><div id=\"dslc-theme-content-inner\"><\/div><\/div>","protected":false},"excerpt":{"rendered":"<p>&nbsp; Debut full length release of this brutal band from Chile. For fans of Old School Death Metal in the vein of BOLT THROWER, BENEDICTION, MORBID ANGEL, OBITUARY.. &nbsp; Debut de larga duraci\u00f3n de esta brutal banda de Chile. Para fan\u00e1ticos del Death Metal de la vieja escuela en la l\u00ednea de BOLT THROWER, BENEDICTION, [&hellip;]<\/p>\n","protected":false},"featured_media":16392,"template":"","meta":{"_acf_changed":false},"product_cat":[92,314,303,87],"product_tag":[],"acf":[],"yoast_head":"<!-- This site is optimized with the Yoast SEO plugin v22.9 - https:\/\/yoast.com\/wordpress\/plugins\/seo\/ -->\n<title>Severe Punishment - Australis Records - Music from the End of the World<\/title>\n<meta name=\"robots\" content=\"index, follow, max-snippet:-1, max-image-preview:large, max-video-preview:-1\" \/>\n<link rel=\"canonical\" href=\"https:\/\/australisrecords.com\/shop\/producto\/severe-punishment\/\" \/>\n<meta property=\"og:locale\" content=\"en_US\" \/>\n<meta property=\"og:type\" content=\"article\" \/>\n<meta property=\"og:title\" content=\"Severe Punishment - Australis Records - Music from the End of the World\" \/>\n<meta property=\"og:description\" content=\"&nbsp; Debut full length release of this brutal band from Chile. For fans of Old School Death Metal in the vein of BOLT THROWER, BENEDICTION, MORBID ANGEL, OBITUARY.. &nbsp; Debut de larga duraci\u00f3n de esta brutal banda de Chile. Para fan\u00e1ticos del Death Metal de la vieja escuela en la l\u00ednea de BOLT THROWER, BENEDICTION, [&hellip;]\" \/>\n<meta property=\"og:url\" content=\"https:\/\/australisrecords.com\/shop\/producto\/severe-punishment\/\" \/>\n<meta property=\"og:site_name\" content=\"Australis Records - Music from the End of the World\" \/>\n<meta property=\"article:modified_time\" content=\"2020-08-09T21:25:49+00:00\" \/>\n<meta property=\"og:image\" content=\"https:\/\/australisrecords.com\/shop\/wp-content\/uploads\/2020\/06\/550523.jpg\" \/>\n\t<meta property=\"og:image:width\" content=\"263\" \/>\n\t<meta property=\"og:image:height\" content=\"263\" \/>\n\t<meta property=\"og:image:type\" content=\"image\/jpeg\" \/>\n<meta name=\"twitter:card\" content=\"summary_large_image\" \/>\n<script type=\"application\/ld+json\" class=\"yoast-schema-graph\">{\"@context\":\"https:\/\/schema.org\",\"@graph\":[{\"@type\":\"WebPage\",\"@id\":\"https:\/\/australisrecords.com\/shop\/producto\/severe-punishment\/\",\"url\":\"https:\/\/australisrecords.com\/shop\/producto\/severe-punishment\/\",\"name\":\"Severe Punishment - Australis Records - Music from the End of the World\",\"isPartOf\":{\"@id\":\"https:\/\/australisrecords.com\/shop\/#website\"},\"primaryImageOfPage\":{\"@id\":\"https:\/\/australisrecords.com\/shop\/producto\/severe-punishment\/#primaryimage\"},\"image\":{\"@id\":\"https:\/\/australisrecords.com\/shop\/producto\/severe-punishment\/#primaryimage\"},\"thumbnailUrl\":\"https:\/\/australisrecords.com\/shop\/wp-content\/uploads\/2020\/06\/550523.jpg\",\"datePublished\":\"2020-06-17T16:40:35+00:00\",\"dateModified\":\"2020-08-09T21:25:49+00:00\",\"breadcrumb\":{\"@id\":\"https:\/\/australisrecords.com\/shop\/producto\/severe-punishment\/#breadcrumb\"},\"inLanguage\":\"en-US\",\"potentialAction\":[{\"@type\":\"ReadAction\",\"target\":[\"https:\/\/australisrecords.com\/shop\/producto\/severe-punishment\/\"]}]},{\"@type\":\"ImageObject\",\"inLanguage\":\"en-US\",\"@id\":\"https:\/\/australisrecords.com\/shop\/producto\/severe-punishment\/#primaryimage\",\"url\":\"https:\/\/australisrecords.com\/shop\/wp-content\/uploads\/2020\/06\/550523.jpg\",\"contentUrl\":\"https:\/\/australisrecords.com\/shop\/wp-content\/uploads\/2020\/06\/550523.jpg\",\"width\":263,\"height\":263},{\"@type\":\"BreadcrumbList\",\"@id\":\"https:\/\/australisrecords.com\/shop\/producto\/severe-punishment\/#breadcrumb\",\"itemListElement\":[{\"@type\":\"ListItem\",\"position\":1,\"name\":\"Home\",\"item\":\"https:\/\/australisrecords.com\/shop\/\"},{\"@type\":\"ListItem\",\"position\":2,\"name\":\"Shop\",\"item\":\"https:\/\/australisrecords.com\/shop\/shop-2\/\"},{\"@type\":\"ListItem\",\"position\":3,\"name\":\"Severe Punishment\"}]},{\"@type\":\"WebSite\",\"@id\":\"https:\/\/australisrecords.com\/shop\/#website\",\"url\":\"https:\/\/australisrecords.com\/shop\/\",\"name\":\"Australis Records - Music from the End of the World\",\"description\":\"\",\"potentialAction\":[{\"@type\":\"SearchAction\",\"target\":{\"@type\":\"EntryPoint\",\"urlTemplate\":\"https:\/\/australisrecords.com\/shop\/?s={search_term_string}\"},\"query-input\":\"required name=search_term_string\"}],\"inLanguage\":\"en-US\"}]}<\/script>\n<!-- \/ Yoast SEO plugin. -->","yoast_head_json":{"title":"Severe Punishment - Australis Records - Music from the End of the World","robots":{"index":"index","follow":"follow","max-snippet":"max-snippet:-1","max-image-preview":"max-image-preview:large","max-video-preview":"max-video-preview:-1"},"canonical":"https:\/\/australisrecords.com\/shop\/producto\/severe-punishment\/","og_locale":"en_US","og_type":"article","og_title":"Severe Punishment - Australis Records - Music from the End of the World","og_description":"&nbsp; Debut full length release of this brutal band from Chile. For fans of Old School Death Metal in the vein of BOLT THROWER, BENEDICTION, MORBID ANGEL, OBITUARY.. &nbsp; Debut de larga duraci\u00f3n de esta brutal banda de Chile. Para fan\u00e1ticos del Death Metal de la vieja escuela en la l\u00ednea de BOLT THROWER, BENEDICTION, [&hellip;]","og_url":"https:\/\/australisrecords.com\/shop\/producto\/severe-punishment\/","og_site_name":"Australis Records - Music from the End of the World","article_modified_time":"2020-08-09T21:25:49+00:00","og_image":[{"width":263,"height":263,"url":"https:\/\/australisrecords.com\/shop\/wp-content\/uploads\/2020\/06\/550523.jpg","type":"image\/jpeg"}],"twitter_card":"summary_large_image","schema":{"@context":"https:\/\/schema.org","@graph":[{"@type":"WebPage","@id":"https:\/\/australisrecords.com\/shop\/producto\/severe-punishment\/","url":"https:\/\/australisrecords.com\/shop\/producto\/severe-punishment\/","name":"Severe Punishment - Australis Records - Music from the End of the World","isPartOf":{"@id":"https:\/\/australisrecords.com\/shop\/#website"},"primaryImageOfPage":{"@id":"https:\/\/australisrecords.com\/shop\/producto\/severe-punishment\/#primaryimage"},"image":{"@id":"https:\/\/australisrecords.com\/shop\/producto\/severe-punishment\/#primaryimage"},"thumbnailUrl":"https:\/\/australisrecords.com\/shop\/wp-content\/uploads\/2020\/06\/550523.jpg","datePublished":"2020-06-17T16:40:35+00:00","dateModified":"2020-08-09T21:25:49+00:00","breadcrumb":{"@id":"https:\/\/australisrecords.com\/shop\/producto\/severe-punishment\/#breadcrumb"},"inLanguage":"en-US","potentialAction":[{"@type":"ReadAction","target":["https:\/\/australisrecords.com\/shop\/producto\/severe-punishment\/"]}]},{"@type":"ImageObject","inLanguage":"en-US","@id":"https:\/\/australisrecords.com\/shop\/producto\/severe-punishment\/#primaryimage","url":"https:\/\/australisrecords.com\/shop\/wp-content\/uploads\/2020\/06\/550523.jpg","contentUrl":"https:\/\/australisrecords.com\/shop\/wp-content\/uploads\/2020\/06\/550523.jpg","width":263,"height":263},{"@type":"BreadcrumbList","@id":"https:\/\/australisrecords.com\/shop\/producto\/severe-punishment\/#breadcrumb","itemListElement":[{"@type":"ListItem","position":1,"name":"Home","item":"https:\/\/australisrecords.com\/shop\/"},{"@type":"ListItem","position":2,"name":"Shop","item":"https:\/\/australisrecords.com\/shop\/shop-2\/"},{"@type":"ListItem","position":3,"name":"Severe Punishment"}]},{"@type":"WebSite","@id":"https:\/\/australisrecords.com\/shop\/#website","url":"https:\/\/australisrecords.com\/shop\/","name":"Australis Records - Music from the End of the World","description":"","potentialAction":[{"@type":"SearchAction","target":{"@type":"EntryPoint","urlTemplate":"https:\/\/australisrecords.com\/shop\/?s={search_term_string}"},"query-input":"required name=search_term_string"}],"inLanguage":"en-US"}]}},"_links":{"self":[{"href":"https:\/\/australisrecords.com\/shop\/wp-json\/wp\/v2\/product\/16391"}],"collection":[{"href":"https:\/\/australisrecords.com\/shop\/wp-json\/wp\/v2\/product"}],"about":[{"href":"https:\/\/australisrecords.com\/shop\/wp-json\/wp\/v2\/types\/product"}],"version-history":[{"count":3,"href":"https:\/\/australisrecords.com\/shop\/wp-json\/wp\/v2\/product\/16391\/revisions"}],"predecessor-version":[{"id":20003,"href":"https:\/\/australisrecords.com\/shop\/wp-json\/wp\/v2\/product\/16391\/revisions\/20003"}],"wp:featuredmedia":[{"embeddable":true,"href":"https:\/\/australisrecords.com\/shop\/wp-json\/wp\/v2\/media\/16392"}],"wp:attachment":[{"href":"https:\/\/australisrecords.com\/shop\/wp-json\/wp\/v2\/media?parent=16391"}],"wp:term":[{"taxonomy":"product_cat","embeddable":true,"href":"https:\/\/australisrecords.com\/shop\/wp-json\/wp\/v2\/product_cat?post=16391"},{"taxonomy":"product_tag","embeddable":true,"href":"https:\/\/australisrecords.com\/shop\/wp-json\/wp\/v2\/product_tag?post=16391"}],"curies":[{"name":"wp","href":"https:\/\/api.w.org\/{rel}","templated":true}]}}