{"id":16373,"date":"2020-06-17T15:58:46","date_gmt":"2020-06-17T15:58:46","guid":{"rendered":"http:\/\/australisrecords.com\/shop\/?post_type=product&#038;p=16373"},"modified":"2020-08-09T22:55:24","modified_gmt":"2020-08-09T22:55:24","slug":"selbstmord","status":"publish","type":"product","link":"https:\/\/australisrecords.com\/shop\/producto\/selbstmord\/","title":{"rendered":"Selbstmord"},"content":{"rendered":"<div id=\"dslc-theme-content\"><div id=\"dslc-theme-content-inner\"><\/div><\/div>","protected":false},"excerpt":{"rendered":"<p>&nbsp; Second hateful Black Metal album from this polish horde. &nbsp; Segundo \u00e1lbum odioso de Black Metal de esta horda polaca.\u00a0 1. Awatar Antychrysta 2. Czas porz\u0105dku 3. \u015amiertelna cisza 4. Utracony g\u0142\u00f3d 5. Wyj\u0119ci spod prawa 6. Na haku 7. Widmo beznadziei 8. W listopadow\u0105 noc &nbsp; &nbsp;<\/p>\n","protected":false},"featured_media":16374,"template":"","meta":{"_acf_changed":false},"product_cat":[92,304,314,87],"product_tag":[],"acf":[],"yoast_head":"<!-- This site is optimized with the Yoast SEO plugin v22.9 - https:\/\/yoast.com\/wordpress\/plugins\/seo\/ -->\n<title>Selbstmord - Australis Records - Music from the End of the World<\/title>\n<meta name=\"robots\" content=\"index, follow, max-snippet:-1, max-image-preview:large, max-video-preview:-1\" \/>\n<link rel=\"canonical\" href=\"https:\/\/australisrecords.com\/shop\/producto\/selbstmord\/\" \/>\n<meta property=\"og:locale\" content=\"en_US\" \/>\n<meta property=\"og:type\" content=\"article\" \/>\n<meta property=\"og:title\" content=\"Selbstmord - Australis Records - Music from the End of the World\" \/>\n<meta property=\"og:description\" content=\"&nbsp; Second hateful Black Metal album from this polish horde. &nbsp; Segundo \u00e1lbum odioso de Black Metal de esta horda polaca.\u00a0 1. Awatar Antychrysta 2. Czas porz\u0105dku 3. \u015amiertelna cisza 4. Utracony g\u0142\u00f3d 5. Wyj\u0119ci spod prawa 6. Na haku 7. Widmo beznadziei 8. W listopadow\u0105 noc &nbsp; &nbsp;\" \/>\n<meta property=\"og:url\" content=\"https:\/\/australisrecords.com\/shop\/producto\/selbstmord\/\" \/>\n<meta property=\"og:site_name\" content=\"Australis Records - Music from the End of the World\" \/>\n<meta property=\"article:modified_time\" content=\"2020-08-09T22:55:24+00:00\" \/>\n<meta property=\"og:image\" content=\"https:\/\/australisrecords.com\/shop\/wp-content\/uploads\/2020\/06\/235528.jpg\" \/>\n\t<meta property=\"og:image:width\" content=\"333\" \/>\n\t<meta property=\"og:image:height\" content=\"334\" \/>\n\t<meta property=\"og:image:type\" content=\"image\/jpeg\" \/>\n<meta name=\"twitter:card\" content=\"summary_large_image\" \/>\n<script type=\"application\/ld+json\" class=\"yoast-schema-graph\">{\"@context\":\"https:\/\/schema.org\",\"@graph\":[{\"@type\":\"WebPage\",\"@id\":\"https:\/\/australisrecords.com\/shop\/producto\/selbstmord\/\",\"url\":\"https:\/\/australisrecords.com\/shop\/producto\/selbstmord\/\",\"name\":\"Selbstmord - Australis Records - Music from the End of the World\",\"isPartOf\":{\"@id\":\"https:\/\/australisrecords.com\/shop\/#website\"},\"primaryImageOfPage\":{\"@id\":\"https:\/\/australisrecords.com\/shop\/producto\/selbstmord\/#primaryimage\"},\"image\":{\"@id\":\"https:\/\/australisrecords.com\/shop\/producto\/selbstmord\/#primaryimage\"},\"thumbnailUrl\":\"https:\/\/australisrecords.com\/shop\/wp-content\/uploads\/2020\/06\/235528.jpg\",\"datePublished\":\"2020-06-17T15:58:46+00:00\",\"dateModified\":\"2020-08-09T22:55:24+00:00\",\"breadcrumb\":{\"@id\":\"https:\/\/australisrecords.com\/shop\/producto\/selbstmord\/#breadcrumb\"},\"inLanguage\":\"en-US\",\"potentialAction\":[{\"@type\":\"ReadAction\",\"target\":[\"https:\/\/australisrecords.com\/shop\/producto\/selbstmord\/\"]}]},{\"@type\":\"ImageObject\",\"inLanguage\":\"en-US\",\"@id\":\"https:\/\/australisrecords.com\/shop\/producto\/selbstmord\/#primaryimage\",\"url\":\"https:\/\/australisrecords.com\/shop\/wp-content\/uploads\/2020\/06\/235528.jpg\",\"contentUrl\":\"https:\/\/australisrecords.com\/shop\/wp-content\/uploads\/2020\/06\/235528.jpg\",\"width\":333,\"height\":334},{\"@type\":\"BreadcrumbList\",\"@id\":\"https:\/\/australisrecords.com\/shop\/producto\/selbstmord\/#breadcrumb\",\"itemListElement\":[{\"@type\":\"ListItem\",\"position\":1,\"name\":\"Home\",\"item\":\"https:\/\/australisrecords.com\/shop\/\"},{\"@type\":\"ListItem\",\"position\":2,\"name\":\"Shop\",\"item\":\"https:\/\/australisrecords.com\/shop\/shop-2\/\"},{\"@type\":\"ListItem\",\"position\":3,\"name\":\"Selbstmord\"}]},{\"@type\":\"WebSite\",\"@id\":\"https:\/\/australisrecords.com\/shop\/#website\",\"url\":\"https:\/\/australisrecords.com\/shop\/\",\"name\":\"Australis Records - Music from the End of the World\",\"description\":\"\",\"potentialAction\":[{\"@type\":\"SearchAction\",\"target\":{\"@type\":\"EntryPoint\",\"urlTemplate\":\"https:\/\/australisrecords.com\/shop\/?s={search_term_string}\"},\"query-input\":\"required name=search_term_string\"}],\"inLanguage\":\"en-US\"}]}<\/script>\n<!-- \/ Yoast SEO plugin. -->","yoast_head_json":{"title":"Selbstmord - Australis Records - Music from the End of the World","robots":{"index":"index","follow":"follow","max-snippet":"max-snippet:-1","max-image-preview":"max-image-preview:large","max-video-preview":"max-video-preview:-1"},"canonical":"https:\/\/australisrecords.com\/shop\/producto\/selbstmord\/","og_locale":"en_US","og_type":"article","og_title":"Selbstmord - Australis Records - Music from the End of the World","og_description":"&nbsp; Second hateful Black Metal album from this polish horde. &nbsp; Segundo \u00e1lbum odioso de Black Metal de esta horda polaca.\u00a0 1. Awatar Antychrysta 2. Czas porz\u0105dku 3. \u015amiertelna cisza 4. Utracony g\u0142\u00f3d 5. Wyj\u0119ci spod prawa 6. Na haku 7. Widmo beznadziei 8. W listopadow\u0105 noc &nbsp; &nbsp;","og_url":"https:\/\/australisrecords.com\/shop\/producto\/selbstmord\/","og_site_name":"Australis Records - Music from the End of the World","article_modified_time":"2020-08-09T22:55:24+00:00","og_image":[{"width":333,"height":334,"url":"https:\/\/australisrecords.com\/shop\/wp-content\/uploads\/2020\/06\/235528.jpg","type":"image\/jpeg"}],"twitter_card":"summary_large_image","schema":{"@context":"https:\/\/schema.org","@graph":[{"@type":"WebPage","@id":"https:\/\/australisrecords.com\/shop\/producto\/selbstmord\/","url":"https:\/\/australisrecords.com\/shop\/producto\/selbstmord\/","name":"Selbstmord - Australis Records - Music from the End of the World","isPartOf":{"@id":"https:\/\/australisrecords.com\/shop\/#website"},"primaryImageOfPage":{"@id":"https:\/\/australisrecords.com\/shop\/producto\/selbstmord\/#primaryimage"},"image":{"@id":"https:\/\/australisrecords.com\/shop\/producto\/selbstmord\/#primaryimage"},"thumbnailUrl":"https:\/\/australisrecords.com\/shop\/wp-content\/uploads\/2020\/06\/235528.jpg","datePublished":"2020-06-17T15:58:46+00:00","dateModified":"2020-08-09T22:55:24+00:00","breadcrumb":{"@id":"https:\/\/australisrecords.com\/shop\/producto\/selbstmord\/#breadcrumb"},"inLanguage":"en-US","potentialAction":[{"@type":"ReadAction","target":["https:\/\/australisrecords.com\/shop\/producto\/selbstmord\/"]}]},{"@type":"ImageObject","inLanguage":"en-US","@id":"https:\/\/australisrecords.com\/shop\/producto\/selbstmord\/#primaryimage","url":"https:\/\/australisrecords.com\/shop\/wp-content\/uploads\/2020\/06\/235528.jpg","contentUrl":"https:\/\/australisrecords.com\/shop\/wp-content\/uploads\/2020\/06\/235528.jpg","width":333,"height":334},{"@type":"BreadcrumbList","@id":"https:\/\/australisrecords.com\/shop\/producto\/selbstmord\/#breadcrumb","itemListElement":[{"@type":"ListItem","position":1,"name":"Home","item":"https:\/\/australisrecords.com\/shop\/"},{"@type":"ListItem","position":2,"name":"Shop","item":"https:\/\/australisrecords.com\/shop\/shop-2\/"},{"@type":"ListItem","position":3,"name":"Selbstmord"}]},{"@type":"WebSite","@id":"https:\/\/australisrecords.com\/shop\/#website","url":"https:\/\/australisrecords.com\/shop\/","name":"Australis Records - Music from the End of the World","description":"","potentialAction":[{"@type":"SearchAction","target":{"@type":"EntryPoint","urlTemplate":"https:\/\/australisrecords.com\/shop\/?s={search_term_string}"},"query-input":"required name=search_term_string"}],"inLanguage":"en-US"}]}},"_links":{"self":[{"href":"https:\/\/australisrecords.com\/shop\/wp-json\/wp\/v2\/product\/16373"}],"collection":[{"href":"https:\/\/australisrecords.com\/shop\/wp-json\/wp\/v2\/product"}],"about":[{"href":"https:\/\/australisrecords.com\/shop\/wp-json\/wp\/v2\/types\/product"}],"version-history":[{"count":3,"href":"https:\/\/australisrecords.com\/shop\/wp-json\/wp\/v2\/product\/16373\/revisions"}],"predecessor-version":[{"id":20021,"href":"https:\/\/australisrecords.com\/shop\/wp-json\/wp\/v2\/product\/16373\/revisions\/20021"}],"wp:featuredmedia":[{"embeddable":true,"href":"https:\/\/australisrecords.com\/shop\/wp-json\/wp\/v2\/media\/16374"}],"wp:attachment":[{"href":"https:\/\/australisrecords.com\/shop\/wp-json\/wp\/v2\/media?parent=16373"}],"wp:term":[{"taxonomy":"product_cat","embeddable":true,"href":"https:\/\/australisrecords.com\/shop\/wp-json\/wp\/v2\/product_cat?post=16373"},{"taxonomy":"product_tag","embeddable":true,"href":"https:\/\/australisrecords.com\/shop\/wp-json\/wp\/v2\/product_tag?post=16373"}],"curies":[{"name":"wp","href":"https:\/\/api.w.org\/{rel}","templated":true}]}}