{"id":16337,"date":"2020-06-17T14:51:32","date_gmt":"2020-06-17T14:51:32","guid":{"rendered":"http:\/\/australisrecords.com\/shop\/?post_type=product&#038;p=16337"},"modified":"2020-08-09T17:53:25","modified_gmt":"2020-08-09T17:53:25","slug":"scarlet-heart-memory","status":"publish","type":"product","link":"https:\/\/australisrecords.com\/shop\/producto\/scarlet-heart-memory\/","title":{"rendered":"Scarlet Heart Memory"},"content":{"rendered":"<div id=\"dslc-theme-content\"><div id=\"dslc-theme-content-inner\"><\/div><\/div>","protected":false},"excerpt":{"rendered":"<p>&nbsp; Extreme symphonic Doom Metal from Mexico in the vein of early TRISTANIA, SINS OF THY BELOVED and THEATRE OF TRAGEDY!. &nbsp; Doom Metal sinf\u00f3nico extremo de M\u00e9xico en la l\u00ednea de los primeros TRISTANIA, PECADOS DE TU AMADO y TEATRO DE LA TRAGEDIA!.\u00a0 1. Machine of Dolls 2. Scar 3. Aesthetica 4. Outside and [&hellip;]<\/p>\n","protected":false},"featured_media":16340,"template":"","meta":{"_acf_changed":false},"product_cat":[92,314,303,87],"product_tag":[],"acf":[],"yoast_head":"<!-- This site is optimized with the Yoast SEO plugin v22.9 - https:\/\/yoast.com\/wordpress\/plugins\/seo\/ -->\n<title>Scarlet Heart Memory - Australis Records - Music from the End of the World<\/title>\n<meta name=\"robots\" content=\"index, follow, max-snippet:-1, max-image-preview:large, max-video-preview:-1\" \/>\n<link rel=\"canonical\" href=\"https:\/\/australisrecords.com\/shop\/producto\/scarlet-heart-memory\/\" \/>\n<meta property=\"og:locale\" content=\"en_US\" \/>\n<meta property=\"og:type\" content=\"article\" \/>\n<meta property=\"og:title\" content=\"Scarlet Heart Memory - Australis Records - Music from the End of the World\" \/>\n<meta property=\"og:description\" content=\"&nbsp; Extreme symphonic Doom Metal from Mexico in the vein of early TRISTANIA, SINS OF THY BELOVED and THEATRE OF TRAGEDY!. &nbsp; Doom Metal sinf\u00f3nico extremo de M\u00e9xico en la l\u00ednea de los primeros TRISTANIA, PECADOS DE TU AMADO y TEATRO DE LA TRAGEDIA!.\u00a0 1. Machine of Dolls 2. Scar 3. Aesthetica 4. Outside and [&hellip;]\" \/>\n<meta property=\"og:url\" content=\"https:\/\/australisrecords.com\/shop\/producto\/scarlet-heart-memory\/\" \/>\n<meta property=\"og:site_name\" content=\"Australis Records - Music from the End of the World\" \/>\n<meta property=\"article:modified_time\" content=\"2020-08-09T17:53:25+00:00\" \/>\n<meta property=\"og:image\" content=\"https:\/\/australisrecords.com\/shop\/wp-content\/uploads\/2020\/06\/341812.jpg\" \/>\n\t<meta property=\"og:image:width\" content=\"600\" \/>\n\t<meta property=\"og:image:height\" content=\"532\" \/>\n\t<meta property=\"og:image:type\" content=\"image\/jpeg\" \/>\n<meta name=\"twitter:card\" content=\"summary_large_image\" \/>\n<script type=\"application\/ld+json\" class=\"yoast-schema-graph\">{\"@context\":\"https:\/\/schema.org\",\"@graph\":[{\"@type\":\"WebPage\",\"@id\":\"https:\/\/australisrecords.com\/shop\/producto\/scarlet-heart-memory\/\",\"url\":\"https:\/\/australisrecords.com\/shop\/producto\/scarlet-heart-memory\/\",\"name\":\"Scarlet Heart Memory - Australis Records - Music from the End of the World\",\"isPartOf\":{\"@id\":\"https:\/\/australisrecords.com\/shop\/#website\"},\"primaryImageOfPage\":{\"@id\":\"https:\/\/australisrecords.com\/shop\/producto\/scarlet-heart-memory\/#primaryimage\"},\"image\":{\"@id\":\"https:\/\/australisrecords.com\/shop\/producto\/scarlet-heart-memory\/#primaryimage\"},\"thumbnailUrl\":\"https:\/\/australisrecords.com\/shop\/wp-content\/uploads\/2020\/06\/341812.jpg\",\"datePublished\":\"2020-06-17T14:51:32+00:00\",\"dateModified\":\"2020-08-09T17:53:25+00:00\",\"breadcrumb\":{\"@id\":\"https:\/\/australisrecords.com\/shop\/producto\/scarlet-heart-memory\/#breadcrumb\"},\"inLanguage\":\"en-US\",\"potentialAction\":[{\"@type\":\"ReadAction\",\"target\":[\"https:\/\/australisrecords.com\/shop\/producto\/scarlet-heart-memory\/\"]}]},{\"@type\":\"ImageObject\",\"inLanguage\":\"en-US\",\"@id\":\"https:\/\/australisrecords.com\/shop\/producto\/scarlet-heart-memory\/#primaryimage\",\"url\":\"https:\/\/australisrecords.com\/shop\/wp-content\/uploads\/2020\/06\/341812.jpg\",\"contentUrl\":\"https:\/\/australisrecords.com\/shop\/wp-content\/uploads\/2020\/06\/341812.jpg\",\"width\":600,\"height\":532},{\"@type\":\"BreadcrumbList\",\"@id\":\"https:\/\/australisrecords.com\/shop\/producto\/scarlet-heart-memory\/#breadcrumb\",\"itemListElement\":[{\"@type\":\"ListItem\",\"position\":1,\"name\":\"Home\",\"item\":\"https:\/\/australisrecords.com\/shop\/\"},{\"@type\":\"ListItem\",\"position\":2,\"name\":\"Shop\",\"item\":\"https:\/\/australisrecords.com\/shop\/shop-2\/\"},{\"@type\":\"ListItem\",\"position\":3,\"name\":\"Scarlet Heart Memory\"}]},{\"@type\":\"WebSite\",\"@id\":\"https:\/\/australisrecords.com\/shop\/#website\",\"url\":\"https:\/\/australisrecords.com\/shop\/\",\"name\":\"Australis Records - Music from the End of the World\",\"description\":\"\",\"potentialAction\":[{\"@type\":\"SearchAction\",\"target\":{\"@type\":\"EntryPoint\",\"urlTemplate\":\"https:\/\/australisrecords.com\/shop\/?s={search_term_string}\"},\"query-input\":\"required name=search_term_string\"}],\"inLanguage\":\"en-US\"}]}<\/script>\n<!-- \/ Yoast SEO plugin. -->","yoast_head_json":{"title":"Scarlet Heart Memory - Australis Records - Music from the End of the World","robots":{"index":"index","follow":"follow","max-snippet":"max-snippet:-1","max-image-preview":"max-image-preview:large","max-video-preview":"max-video-preview:-1"},"canonical":"https:\/\/australisrecords.com\/shop\/producto\/scarlet-heart-memory\/","og_locale":"en_US","og_type":"article","og_title":"Scarlet Heart Memory - Australis Records - Music from the End of the World","og_description":"&nbsp; Extreme symphonic Doom Metal from Mexico in the vein of early TRISTANIA, SINS OF THY BELOVED and THEATRE OF TRAGEDY!. &nbsp; Doom Metal sinf\u00f3nico extremo de M\u00e9xico en la l\u00ednea de los primeros TRISTANIA, PECADOS DE TU AMADO y TEATRO DE LA TRAGEDIA!.\u00a0 1. Machine of Dolls 2. Scar 3. Aesthetica 4. Outside and [&hellip;]","og_url":"https:\/\/australisrecords.com\/shop\/producto\/scarlet-heart-memory\/","og_site_name":"Australis Records - Music from the End of the World","article_modified_time":"2020-08-09T17:53:25+00:00","og_image":[{"width":600,"height":532,"url":"https:\/\/australisrecords.com\/shop\/wp-content\/uploads\/2020\/06\/341812.jpg","type":"image\/jpeg"}],"twitter_card":"summary_large_image","schema":{"@context":"https:\/\/schema.org","@graph":[{"@type":"WebPage","@id":"https:\/\/australisrecords.com\/shop\/producto\/scarlet-heart-memory\/","url":"https:\/\/australisrecords.com\/shop\/producto\/scarlet-heart-memory\/","name":"Scarlet Heart Memory - Australis Records - Music from the End of the World","isPartOf":{"@id":"https:\/\/australisrecords.com\/shop\/#website"},"primaryImageOfPage":{"@id":"https:\/\/australisrecords.com\/shop\/producto\/scarlet-heart-memory\/#primaryimage"},"image":{"@id":"https:\/\/australisrecords.com\/shop\/producto\/scarlet-heart-memory\/#primaryimage"},"thumbnailUrl":"https:\/\/australisrecords.com\/shop\/wp-content\/uploads\/2020\/06\/341812.jpg","datePublished":"2020-06-17T14:51:32+00:00","dateModified":"2020-08-09T17:53:25+00:00","breadcrumb":{"@id":"https:\/\/australisrecords.com\/shop\/producto\/scarlet-heart-memory\/#breadcrumb"},"inLanguage":"en-US","potentialAction":[{"@type":"ReadAction","target":["https:\/\/australisrecords.com\/shop\/producto\/scarlet-heart-memory\/"]}]},{"@type":"ImageObject","inLanguage":"en-US","@id":"https:\/\/australisrecords.com\/shop\/producto\/scarlet-heart-memory\/#primaryimage","url":"https:\/\/australisrecords.com\/shop\/wp-content\/uploads\/2020\/06\/341812.jpg","contentUrl":"https:\/\/australisrecords.com\/shop\/wp-content\/uploads\/2020\/06\/341812.jpg","width":600,"height":532},{"@type":"BreadcrumbList","@id":"https:\/\/australisrecords.com\/shop\/producto\/scarlet-heart-memory\/#breadcrumb","itemListElement":[{"@type":"ListItem","position":1,"name":"Home","item":"https:\/\/australisrecords.com\/shop\/"},{"@type":"ListItem","position":2,"name":"Shop","item":"https:\/\/australisrecords.com\/shop\/shop-2\/"},{"@type":"ListItem","position":3,"name":"Scarlet Heart Memory"}]},{"@type":"WebSite","@id":"https:\/\/australisrecords.com\/shop\/#website","url":"https:\/\/australisrecords.com\/shop\/","name":"Australis Records - Music from the End of the World","description":"","potentialAction":[{"@type":"SearchAction","target":{"@type":"EntryPoint","urlTemplate":"https:\/\/australisrecords.com\/shop\/?s={search_term_string}"},"query-input":"required name=search_term_string"}],"inLanguage":"en-US"}]}},"_links":{"self":[{"href":"https:\/\/australisrecords.com\/shop\/wp-json\/wp\/v2\/product\/16337"}],"collection":[{"href":"https:\/\/australisrecords.com\/shop\/wp-json\/wp\/v2\/product"}],"about":[{"href":"https:\/\/australisrecords.com\/shop\/wp-json\/wp\/v2\/types\/product"}],"version-history":[{"count":3,"href":"https:\/\/australisrecords.com\/shop\/wp-json\/wp\/v2\/product\/16337\/revisions"}],"predecessor-version":[{"id":19968,"href":"https:\/\/australisrecords.com\/shop\/wp-json\/wp\/v2\/product\/16337\/revisions\/19968"}],"wp:featuredmedia":[{"embeddable":true,"href":"https:\/\/australisrecords.com\/shop\/wp-json\/wp\/v2\/media\/16340"}],"wp:attachment":[{"href":"https:\/\/australisrecords.com\/shop\/wp-json\/wp\/v2\/media?parent=16337"}],"wp:term":[{"taxonomy":"product_cat","embeddable":true,"href":"https:\/\/australisrecords.com\/shop\/wp-json\/wp\/v2\/product_cat?post=16337"},{"taxonomy":"product_tag","embeddable":true,"href":"https:\/\/australisrecords.com\/shop\/wp-json\/wp\/v2\/product_tag?post=16337"}],"curies":[{"name":"wp","href":"https:\/\/api.w.org\/{rel}","templated":true}]}}