{"id":15854,"date":"2020-06-15T18:56:36","date_gmt":"2020-06-15T18:56:36","guid":{"rendered":"http:\/\/australisrecords.com\/shop\/?post_type=product&#038;p=15854"},"modified":"2020-08-07T06:49:13","modified_gmt":"2020-08-07T06:49:13","slug":"ram","status":"publish","type":"product","link":"https:\/\/australisrecords.com\/shop\/producto\/ram\/","title":{"rendered":"Ram"},"content":{"rendered":"<div id=\"dslc-theme-content\"><div id=\"dslc-theme-content-inner\"><\/div><\/div>","protected":false},"excerpt":{"rendered":"<p>&nbsp; Ram&#8217; are just right for the disciples of classic heavy metal, the sound of the Scandinavians is in the tradition of illustrious bands like &#8216;Judas Priest&#8217;, &#8216;Black Sabbath&#8217;, &#8216;Die or Mercyful Fate&#8217;. &nbsp; Ram &#8216;son perfectos para los disc\u00edpulos del heavy metal cl\u00e1sico, el sonido de los escandinavos est\u00e1 en la tradici\u00f3n de bandas [&hellip;]<\/p>\n","protected":false},"featured_media":19729,"template":"","meta":{"_acf_changed":false},"product_cat":[92,314,306,87],"product_tag":[],"acf":[],"yoast_head":"<!-- This site is optimized with the Yoast SEO plugin v22.9 - https:\/\/yoast.com\/wordpress\/plugins\/seo\/ -->\n<title>Ram - Australis Records - Music from the End of the World<\/title>\n<meta name=\"robots\" content=\"index, follow, max-snippet:-1, max-image-preview:large, max-video-preview:-1\" \/>\n<link rel=\"canonical\" href=\"https:\/\/australisrecords.com\/shop\/producto\/ram\/\" \/>\n<meta property=\"og:locale\" content=\"en_US\" \/>\n<meta property=\"og:type\" content=\"article\" \/>\n<meta property=\"og:title\" content=\"Ram - Australis Records - Music from the End of the World\" \/>\n<meta property=\"og:description\" content=\"&nbsp; Ram&#8217; are just right for the disciples of classic heavy metal, the sound of the Scandinavians is in the tradition of illustrious bands like &#8216;Judas Priest&#8217;, &#8216;Black Sabbath&#8217;, &#8216;Die or Mercyful Fate&#8217;. &nbsp; Ram &#8216;son perfectos para los disc\u00edpulos del heavy metal cl\u00e1sico, el sonido de los escandinavos est\u00e1 en la tradici\u00f3n de bandas [&hellip;]\" \/>\n<meta property=\"og:url\" content=\"https:\/\/australisrecords.com\/shop\/producto\/ram\/\" \/>\n<meta property=\"og:site_name\" content=\"Australis Records - Music from the End of the World\" \/>\n<meta property=\"article:modified_time\" content=\"2020-08-07T06:49:13+00:00\" \/>\n<meta property=\"og:image\" content=\"https:\/\/australisrecords.com\/shop\/wp-content\/uploads\/2020\/06\/RAM-Forced-Entry.jpg\" \/>\n\t<meta property=\"og:image:width\" content=\"947\" \/>\n\t<meta property=\"og:image:height\" content=\"942\" \/>\n\t<meta property=\"og:image:type\" content=\"image\/jpeg\" \/>\n<meta name=\"twitter:card\" content=\"summary_large_image\" \/>\n<script type=\"application\/ld+json\" class=\"yoast-schema-graph\">{\"@context\":\"https:\/\/schema.org\",\"@graph\":[{\"@type\":\"WebPage\",\"@id\":\"https:\/\/australisrecords.com\/shop\/producto\/ram\/\",\"url\":\"https:\/\/australisrecords.com\/shop\/producto\/ram\/\",\"name\":\"Ram - Australis Records - Music from the End of the World\",\"isPartOf\":{\"@id\":\"https:\/\/australisrecords.com\/shop\/#website\"},\"primaryImageOfPage\":{\"@id\":\"https:\/\/australisrecords.com\/shop\/producto\/ram\/#primaryimage\"},\"image\":{\"@id\":\"https:\/\/australisrecords.com\/shop\/producto\/ram\/#primaryimage\"},\"thumbnailUrl\":\"https:\/\/australisrecords.com\/shop\/wp-content\/uploads\/2020\/06\/RAM-Forced-Entry.jpg\",\"datePublished\":\"2020-06-15T18:56:36+00:00\",\"dateModified\":\"2020-08-07T06:49:13+00:00\",\"breadcrumb\":{\"@id\":\"https:\/\/australisrecords.com\/shop\/producto\/ram\/#breadcrumb\"},\"inLanguage\":\"en-US\",\"potentialAction\":[{\"@type\":\"ReadAction\",\"target\":[\"https:\/\/australisrecords.com\/shop\/producto\/ram\/\"]}]},{\"@type\":\"ImageObject\",\"inLanguage\":\"en-US\",\"@id\":\"https:\/\/australisrecords.com\/shop\/producto\/ram\/#primaryimage\",\"url\":\"https:\/\/australisrecords.com\/shop\/wp-content\/uploads\/2020\/06\/RAM-Forced-Entry.jpg\",\"contentUrl\":\"https:\/\/australisrecords.com\/shop\/wp-content\/uploads\/2020\/06\/RAM-Forced-Entry.jpg\",\"width\":947,\"height\":942},{\"@type\":\"BreadcrumbList\",\"@id\":\"https:\/\/australisrecords.com\/shop\/producto\/ram\/#breadcrumb\",\"itemListElement\":[{\"@type\":\"ListItem\",\"position\":1,\"name\":\"Home\",\"item\":\"https:\/\/australisrecords.com\/shop\/\"},{\"@type\":\"ListItem\",\"position\":2,\"name\":\"Shop\",\"item\":\"https:\/\/australisrecords.com\/shop\/shop-2\/\"},{\"@type\":\"ListItem\",\"position\":3,\"name\":\"Ram\"}]},{\"@type\":\"WebSite\",\"@id\":\"https:\/\/australisrecords.com\/shop\/#website\",\"url\":\"https:\/\/australisrecords.com\/shop\/\",\"name\":\"Australis Records - Music from the End of the World\",\"description\":\"\",\"potentialAction\":[{\"@type\":\"SearchAction\",\"target\":{\"@type\":\"EntryPoint\",\"urlTemplate\":\"https:\/\/australisrecords.com\/shop\/?s={search_term_string}\"},\"query-input\":\"required name=search_term_string\"}],\"inLanguage\":\"en-US\"}]}<\/script>\n<!-- \/ Yoast SEO plugin. -->","yoast_head_json":{"title":"Ram - Australis Records - Music from the End of the World","robots":{"index":"index","follow":"follow","max-snippet":"max-snippet:-1","max-image-preview":"max-image-preview:large","max-video-preview":"max-video-preview:-1"},"canonical":"https:\/\/australisrecords.com\/shop\/producto\/ram\/","og_locale":"en_US","og_type":"article","og_title":"Ram - Australis Records - Music from the End of the World","og_description":"&nbsp; Ram&#8217; are just right for the disciples of classic heavy metal, the sound of the Scandinavians is in the tradition of illustrious bands like &#8216;Judas Priest&#8217;, &#8216;Black Sabbath&#8217;, &#8216;Die or Mercyful Fate&#8217;. &nbsp; Ram &#8216;son perfectos para los disc\u00edpulos del heavy metal cl\u00e1sico, el sonido de los escandinavos est\u00e1 en la tradici\u00f3n de bandas [&hellip;]","og_url":"https:\/\/australisrecords.com\/shop\/producto\/ram\/","og_site_name":"Australis Records - Music from the End of the World","article_modified_time":"2020-08-07T06:49:13+00:00","og_image":[{"width":947,"height":942,"url":"https:\/\/australisrecords.com\/shop\/wp-content\/uploads\/2020\/06\/RAM-Forced-Entry.jpg","type":"image\/jpeg"}],"twitter_card":"summary_large_image","schema":{"@context":"https:\/\/schema.org","@graph":[{"@type":"WebPage","@id":"https:\/\/australisrecords.com\/shop\/producto\/ram\/","url":"https:\/\/australisrecords.com\/shop\/producto\/ram\/","name":"Ram - Australis Records - Music from the End of the World","isPartOf":{"@id":"https:\/\/australisrecords.com\/shop\/#website"},"primaryImageOfPage":{"@id":"https:\/\/australisrecords.com\/shop\/producto\/ram\/#primaryimage"},"image":{"@id":"https:\/\/australisrecords.com\/shop\/producto\/ram\/#primaryimage"},"thumbnailUrl":"https:\/\/australisrecords.com\/shop\/wp-content\/uploads\/2020\/06\/RAM-Forced-Entry.jpg","datePublished":"2020-06-15T18:56:36+00:00","dateModified":"2020-08-07T06:49:13+00:00","breadcrumb":{"@id":"https:\/\/australisrecords.com\/shop\/producto\/ram\/#breadcrumb"},"inLanguage":"en-US","potentialAction":[{"@type":"ReadAction","target":["https:\/\/australisrecords.com\/shop\/producto\/ram\/"]}]},{"@type":"ImageObject","inLanguage":"en-US","@id":"https:\/\/australisrecords.com\/shop\/producto\/ram\/#primaryimage","url":"https:\/\/australisrecords.com\/shop\/wp-content\/uploads\/2020\/06\/RAM-Forced-Entry.jpg","contentUrl":"https:\/\/australisrecords.com\/shop\/wp-content\/uploads\/2020\/06\/RAM-Forced-Entry.jpg","width":947,"height":942},{"@type":"BreadcrumbList","@id":"https:\/\/australisrecords.com\/shop\/producto\/ram\/#breadcrumb","itemListElement":[{"@type":"ListItem","position":1,"name":"Home","item":"https:\/\/australisrecords.com\/shop\/"},{"@type":"ListItem","position":2,"name":"Shop","item":"https:\/\/australisrecords.com\/shop\/shop-2\/"},{"@type":"ListItem","position":3,"name":"Ram"}]},{"@type":"WebSite","@id":"https:\/\/australisrecords.com\/shop\/#website","url":"https:\/\/australisrecords.com\/shop\/","name":"Australis Records - Music from the End of the World","description":"","potentialAction":[{"@type":"SearchAction","target":{"@type":"EntryPoint","urlTemplate":"https:\/\/australisrecords.com\/shop\/?s={search_term_string}"},"query-input":"required name=search_term_string"}],"inLanguage":"en-US"}]}},"_links":{"self":[{"href":"https:\/\/australisrecords.com\/shop\/wp-json\/wp\/v2\/product\/15854"}],"collection":[{"href":"https:\/\/australisrecords.com\/shop\/wp-json\/wp\/v2\/product"}],"about":[{"href":"https:\/\/australisrecords.com\/shop\/wp-json\/wp\/v2\/types\/product"}],"version-history":[{"count":3,"href":"https:\/\/australisrecords.com\/shop\/wp-json\/wp\/v2\/product\/15854\/revisions"}],"predecessor-version":[{"id":19731,"href":"https:\/\/australisrecords.com\/shop\/wp-json\/wp\/v2\/product\/15854\/revisions\/19731"}],"wp:featuredmedia":[{"embeddable":true,"href":"https:\/\/australisrecords.com\/shop\/wp-json\/wp\/v2\/media\/19729"}],"wp:attachment":[{"href":"https:\/\/australisrecords.com\/shop\/wp-json\/wp\/v2\/media?parent=15854"}],"wp:term":[{"taxonomy":"product_cat","embeddable":true,"href":"https:\/\/australisrecords.com\/shop\/wp-json\/wp\/v2\/product_cat?post=15854"},{"taxonomy":"product_tag","embeddable":true,"href":"https:\/\/australisrecords.com\/shop\/wp-json\/wp\/v2\/product_tag?post=15854"}],"curies":[{"name":"wp","href":"https:\/\/api.w.org\/{rel}","templated":true}]}}