{"id":15845,"date":"2020-06-15T18:37:21","date_gmt":"2020-06-15T18:37:21","guid":{"rendered":"http:\/\/australisrecords.com\/shop\/?post_type=product&#038;p=15845"},"modified":"2020-08-07T05:58:23","modified_gmt":"2020-08-07T05:58:23","slug":"radical","status":"publish","type":"product","link":"https:\/\/australisrecords.com\/shop\/producto\/radical\/","title":{"rendered":"Radical"},"content":{"rendered":"<div id=\"dslc-theme-content\"><div id=\"dslc-theme-content-inner\"><\/div><\/div>","protected":false},"excerpt":{"rendered":"<p>&nbsp; Violent Thrash Metal from Uruguay. &nbsp; Violento Thrash desde Uruguay.\u00a0 1. Technosis 2. Pelea 3. 10 minutos de impunidad 4. Kerosene 5. Milagro 6. Ni olvido ni perd\u00f3n 7. Pachamama 8. Metacreaci\u00f3n 9. Perfecto infierno 10.Dogma 11.Agorafobia 12.Chupando lata 13.S\u00e1lvame 14.Radical &nbsp;<\/p>\n","protected":false},"featured_media":15846,"template":"","meta":{"_acf_changed":false},"product_cat":[92,314,87,308],"product_tag":[],"acf":[],"yoast_head":"<!-- This site is optimized with the Yoast SEO plugin v22.9 - https:\/\/yoast.com\/wordpress\/plugins\/seo\/ -->\n<title>Radical - Australis Records - Music from the End of the World<\/title>\n<meta name=\"robots\" content=\"index, follow, max-snippet:-1, max-image-preview:large, max-video-preview:-1\" \/>\n<link rel=\"canonical\" href=\"https:\/\/australisrecords.com\/shop\/producto\/radical\/\" \/>\n<meta property=\"og:locale\" content=\"en_US\" \/>\n<meta property=\"og:type\" content=\"article\" \/>\n<meta property=\"og:title\" content=\"Radical - Australis Records - Music from the End of the World\" \/>\n<meta property=\"og:description\" content=\"&nbsp; Violent Thrash Metal from Uruguay. &nbsp; Violento Thrash desde Uruguay.\u00a0 1. Technosis 2. Pelea 3. 10 minutos de impunidad 4. Kerosene 5. Milagro 6. Ni olvido ni perd\u00f3n 7. Pachamama 8. Metacreaci\u00f3n 9. Perfecto infierno 10.Dogma 11.Agorafobia 12.Chupando lata 13.S\u00e1lvame 14.Radical &nbsp;\" \/>\n<meta property=\"og:url\" content=\"https:\/\/australisrecords.com\/shop\/producto\/radical\/\" \/>\n<meta property=\"og:site_name\" content=\"Australis Records - Music from the End of the World\" \/>\n<meta property=\"article:modified_time\" content=\"2020-08-07T05:58:23+00:00\" \/>\n<meta property=\"og:image\" content=\"https:\/\/australisrecords.com\/shop\/wp-content\/uploads\/2020\/06\/138492.jpg\" \/>\n\t<meta property=\"og:image:width\" content=\"540\" \/>\n\t<meta property=\"og:image:height\" content=\"538\" \/>\n\t<meta property=\"og:image:type\" content=\"image\/jpeg\" \/>\n<meta name=\"twitter:card\" content=\"summary_large_image\" \/>\n<script type=\"application\/ld+json\" class=\"yoast-schema-graph\">{\"@context\":\"https:\/\/schema.org\",\"@graph\":[{\"@type\":\"WebPage\",\"@id\":\"https:\/\/australisrecords.com\/shop\/producto\/radical\/\",\"url\":\"https:\/\/australisrecords.com\/shop\/producto\/radical\/\",\"name\":\"Radical - Australis Records - Music from the End of the World\",\"isPartOf\":{\"@id\":\"https:\/\/australisrecords.com\/shop\/#website\"},\"primaryImageOfPage\":{\"@id\":\"https:\/\/australisrecords.com\/shop\/producto\/radical\/#primaryimage\"},\"image\":{\"@id\":\"https:\/\/australisrecords.com\/shop\/producto\/radical\/#primaryimage\"},\"thumbnailUrl\":\"https:\/\/australisrecords.com\/shop\/wp-content\/uploads\/2020\/06\/138492.jpg\",\"datePublished\":\"2020-06-15T18:37:21+00:00\",\"dateModified\":\"2020-08-07T05:58:23+00:00\",\"breadcrumb\":{\"@id\":\"https:\/\/australisrecords.com\/shop\/producto\/radical\/#breadcrumb\"},\"inLanguage\":\"en-US\",\"potentialAction\":[{\"@type\":\"ReadAction\",\"target\":[\"https:\/\/australisrecords.com\/shop\/producto\/radical\/\"]}]},{\"@type\":\"ImageObject\",\"inLanguage\":\"en-US\",\"@id\":\"https:\/\/australisrecords.com\/shop\/producto\/radical\/#primaryimage\",\"url\":\"https:\/\/australisrecords.com\/shop\/wp-content\/uploads\/2020\/06\/138492.jpg\",\"contentUrl\":\"https:\/\/australisrecords.com\/shop\/wp-content\/uploads\/2020\/06\/138492.jpg\",\"width\":540,\"height\":538},{\"@type\":\"BreadcrumbList\",\"@id\":\"https:\/\/australisrecords.com\/shop\/producto\/radical\/#breadcrumb\",\"itemListElement\":[{\"@type\":\"ListItem\",\"position\":1,\"name\":\"Home\",\"item\":\"https:\/\/australisrecords.com\/shop\/\"},{\"@type\":\"ListItem\",\"position\":2,\"name\":\"Shop\",\"item\":\"https:\/\/australisrecords.com\/shop\/shop-2\/\"},{\"@type\":\"ListItem\",\"position\":3,\"name\":\"Radical\"}]},{\"@type\":\"WebSite\",\"@id\":\"https:\/\/australisrecords.com\/shop\/#website\",\"url\":\"https:\/\/australisrecords.com\/shop\/\",\"name\":\"Australis Records - Music from the End of the World\",\"description\":\"\",\"potentialAction\":[{\"@type\":\"SearchAction\",\"target\":{\"@type\":\"EntryPoint\",\"urlTemplate\":\"https:\/\/australisrecords.com\/shop\/?s={search_term_string}\"},\"query-input\":\"required name=search_term_string\"}],\"inLanguage\":\"en-US\"}]}<\/script>\n<!-- \/ Yoast SEO plugin. -->","yoast_head_json":{"title":"Radical - Australis Records - Music from the End of the World","robots":{"index":"index","follow":"follow","max-snippet":"max-snippet:-1","max-image-preview":"max-image-preview:large","max-video-preview":"max-video-preview:-1"},"canonical":"https:\/\/australisrecords.com\/shop\/producto\/radical\/","og_locale":"en_US","og_type":"article","og_title":"Radical - Australis Records - Music from the End of the World","og_description":"&nbsp; Violent Thrash Metal from Uruguay. &nbsp; Violento Thrash desde Uruguay.\u00a0 1. Technosis 2. Pelea 3. 10 minutos de impunidad 4. Kerosene 5. Milagro 6. Ni olvido ni perd\u00f3n 7. Pachamama 8. Metacreaci\u00f3n 9. Perfecto infierno 10.Dogma 11.Agorafobia 12.Chupando lata 13.S\u00e1lvame 14.Radical &nbsp;","og_url":"https:\/\/australisrecords.com\/shop\/producto\/radical\/","og_site_name":"Australis Records - Music from the End of the World","article_modified_time":"2020-08-07T05:58:23+00:00","og_image":[{"width":540,"height":538,"url":"https:\/\/australisrecords.com\/shop\/wp-content\/uploads\/2020\/06\/138492.jpg","type":"image\/jpeg"}],"twitter_card":"summary_large_image","schema":{"@context":"https:\/\/schema.org","@graph":[{"@type":"WebPage","@id":"https:\/\/australisrecords.com\/shop\/producto\/radical\/","url":"https:\/\/australisrecords.com\/shop\/producto\/radical\/","name":"Radical - Australis Records - Music from the End of the World","isPartOf":{"@id":"https:\/\/australisrecords.com\/shop\/#website"},"primaryImageOfPage":{"@id":"https:\/\/australisrecords.com\/shop\/producto\/radical\/#primaryimage"},"image":{"@id":"https:\/\/australisrecords.com\/shop\/producto\/radical\/#primaryimage"},"thumbnailUrl":"https:\/\/australisrecords.com\/shop\/wp-content\/uploads\/2020\/06\/138492.jpg","datePublished":"2020-06-15T18:37:21+00:00","dateModified":"2020-08-07T05:58:23+00:00","breadcrumb":{"@id":"https:\/\/australisrecords.com\/shop\/producto\/radical\/#breadcrumb"},"inLanguage":"en-US","potentialAction":[{"@type":"ReadAction","target":["https:\/\/australisrecords.com\/shop\/producto\/radical\/"]}]},{"@type":"ImageObject","inLanguage":"en-US","@id":"https:\/\/australisrecords.com\/shop\/producto\/radical\/#primaryimage","url":"https:\/\/australisrecords.com\/shop\/wp-content\/uploads\/2020\/06\/138492.jpg","contentUrl":"https:\/\/australisrecords.com\/shop\/wp-content\/uploads\/2020\/06\/138492.jpg","width":540,"height":538},{"@type":"BreadcrumbList","@id":"https:\/\/australisrecords.com\/shop\/producto\/radical\/#breadcrumb","itemListElement":[{"@type":"ListItem","position":1,"name":"Home","item":"https:\/\/australisrecords.com\/shop\/"},{"@type":"ListItem","position":2,"name":"Shop","item":"https:\/\/australisrecords.com\/shop\/shop-2\/"},{"@type":"ListItem","position":3,"name":"Radical"}]},{"@type":"WebSite","@id":"https:\/\/australisrecords.com\/shop\/#website","url":"https:\/\/australisrecords.com\/shop\/","name":"Australis Records - Music from the End of the World","description":"","potentialAction":[{"@type":"SearchAction","target":{"@type":"EntryPoint","urlTemplate":"https:\/\/australisrecords.com\/shop\/?s={search_term_string}"},"query-input":"required name=search_term_string"}],"inLanguage":"en-US"}]}},"_links":{"self":[{"href":"https:\/\/australisrecords.com\/shop\/wp-json\/wp\/v2\/product\/15845"}],"collection":[{"href":"https:\/\/australisrecords.com\/shop\/wp-json\/wp\/v2\/product"}],"about":[{"href":"https:\/\/australisrecords.com\/shop\/wp-json\/wp\/v2\/types\/product"}],"version-history":[{"count":3,"href":"https:\/\/australisrecords.com\/shop\/wp-json\/wp\/v2\/product\/15845\/revisions"}],"predecessor-version":[{"id":19724,"href":"https:\/\/australisrecords.com\/shop\/wp-json\/wp\/v2\/product\/15845\/revisions\/19724"}],"wp:featuredmedia":[{"embeddable":true,"href":"https:\/\/australisrecords.com\/shop\/wp-json\/wp\/v2\/media\/15846"}],"wp:attachment":[{"href":"https:\/\/australisrecords.com\/shop\/wp-json\/wp\/v2\/media?parent=15845"}],"wp:term":[{"taxonomy":"product_cat","embeddable":true,"href":"https:\/\/australisrecords.com\/shop\/wp-json\/wp\/v2\/product_cat?post=15845"},{"taxonomy":"product_tag","embeddable":true,"href":"https:\/\/australisrecords.com\/shop\/wp-json\/wp\/v2\/product_tag?post=15845"}],"curies":[{"name":"wp","href":"https:\/\/api.w.org\/{rel}","templated":true}]}}