{"id":15789,"date":"2020-06-15T14:44:28","date_gmt":"2020-06-15T14:44:28","guid":{"rendered":"http:\/\/australisrecords.com\/shop\/?post_type=product&#038;p=15789"},"modified":"2025-02-09T00:56:00","modified_gmt":"2025-02-09T00:56:00","slug":"psicorragia-2","status":"publish","type":"product","link":"https:\/\/australisrecords.com\/shop\/producto\/psicorragia-2\/","title":{"rendered":"Psicorragia"},"content":{"rendered":"<div id=\"dslc-theme-content\"><div id=\"dslc-theme-content-inner\"><\/div><\/div>","protected":false},"excerpt":{"rendered":"<p>&nbsp; Digipack deluxe reissue of &#8220;Presagios de Agon\u00eda&#8221; EP (2005). Include 4 bonus tracks between rarities and songs never published before. &nbsp; Digipack en reedici\u00f3n de lujo del EP &#8220;Presagios de Agon\u00eda&#8221; (2005). Incluye 4 pistas adicionales entre rarezas y canciones nunca antes publicadas.\u00a0 1. Por los vientos funestos 2. La palabra del moribundo 3. [&hellip;]<\/p>\n","protected":false},"featured_media":19615,"template":"","meta":{"_acf_changed":false},"product_cat":[92,314,305,87],"product_tag":[],"acf":[],"yoast_head":"<!-- This site is optimized with the Yoast SEO plugin v22.9 - https:\/\/yoast.com\/wordpress\/plugins\/seo\/ -->\n<title>Psicorragia - Australis Records - Music from the End of the World<\/title>\n<meta name=\"robots\" content=\"index, follow, max-snippet:-1, max-image-preview:large, max-video-preview:-1\" \/>\n<link rel=\"canonical\" href=\"https:\/\/australisrecords.com\/shop\/producto\/psicorragia-2\/\" \/>\n<meta property=\"og:locale\" content=\"en_US\" \/>\n<meta property=\"og:type\" content=\"article\" \/>\n<meta property=\"og:title\" content=\"Psicorragia - Australis Records - Music from the End of the World\" \/>\n<meta property=\"og:description\" content=\"&nbsp; Digipack deluxe reissue of &#8220;Presagios de Agon\u00eda&#8221; EP (2005). Include 4 bonus tracks between rarities and songs never published before. &nbsp; Digipack en reedici\u00f3n de lujo del EP &#8220;Presagios de Agon\u00eda&#8221; (2005). Incluye 4 pistas adicionales entre rarezas y canciones nunca antes publicadas.\u00a0 1. Por los vientos funestos 2. La palabra del moribundo 3. [&hellip;]\" \/>\n<meta property=\"og:url\" content=\"https:\/\/australisrecords.com\/shop\/producto\/psicorragia-2\/\" \/>\n<meta property=\"og:site_name\" content=\"Australis Records - Music from the End of the World\" \/>\n<meta property=\"article:modified_time\" content=\"2025-02-09T00:56:00+00:00\" \/>\n<meta property=\"og:image\" content=\"https:\/\/australisrecords.com\/shop\/wp-content\/uploads\/2020\/06\/a2713234385_10.jpg\" \/>\n\t<meta property=\"og:image:width\" content=\"1200\" \/>\n\t<meta property=\"og:image:height\" content=\"1080\" \/>\n\t<meta property=\"og:image:type\" content=\"image\/jpeg\" \/>\n<meta name=\"twitter:card\" content=\"summary_large_image\" \/>\n<meta name=\"twitter:label1\" content=\"Est. reading time\" \/>\n\t<meta name=\"twitter:data1\" content=\"1 minute\" \/>\n<script type=\"application\/ld+json\" class=\"yoast-schema-graph\">{\"@context\":\"https:\/\/schema.org\",\"@graph\":[{\"@type\":\"WebPage\",\"@id\":\"https:\/\/australisrecords.com\/shop\/producto\/psicorragia-2\/\",\"url\":\"https:\/\/australisrecords.com\/shop\/producto\/psicorragia-2\/\",\"name\":\"Psicorragia - Australis Records - Music from the End of the World\",\"isPartOf\":{\"@id\":\"https:\/\/australisrecords.com\/shop\/#website\"},\"primaryImageOfPage\":{\"@id\":\"https:\/\/australisrecords.com\/shop\/producto\/psicorragia-2\/#primaryimage\"},\"image\":{\"@id\":\"https:\/\/australisrecords.com\/shop\/producto\/psicorragia-2\/#primaryimage\"},\"thumbnailUrl\":\"https:\/\/australisrecords.com\/shop\/wp-content\/uploads\/2020\/06\/a2713234385_10.jpg\",\"datePublished\":\"2020-06-15T14:44:28+00:00\",\"dateModified\":\"2025-02-09T00:56:00+00:00\",\"breadcrumb\":{\"@id\":\"https:\/\/australisrecords.com\/shop\/producto\/psicorragia-2\/#breadcrumb\"},\"inLanguage\":\"en-US\",\"potentialAction\":[{\"@type\":\"ReadAction\",\"target\":[\"https:\/\/australisrecords.com\/shop\/producto\/psicorragia-2\/\"]}]},{\"@type\":\"ImageObject\",\"inLanguage\":\"en-US\",\"@id\":\"https:\/\/australisrecords.com\/shop\/producto\/psicorragia-2\/#primaryimage\",\"url\":\"https:\/\/australisrecords.com\/shop\/wp-content\/uploads\/2020\/06\/a2713234385_10.jpg\",\"contentUrl\":\"https:\/\/australisrecords.com\/shop\/wp-content\/uploads\/2020\/06\/a2713234385_10.jpg\",\"width\":1200,\"height\":1080},{\"@type\":\"BreadcrumbList\",\"@id\":\"https:\/\/australisrecords.com\/shop\/producto\/psicorragia-2\/#breadcrumb\",\"itemListElement\":[{\"@type\":\"ListItem\",\"position\":1,\"name\":\"Home\",\"item\":\"https:\/\/australisrecords.com\/shop\/\"},{\"@type\":\"ListItem\",\"position\":2,\"name\":\"Shop\",\"item\":\"https:\/\/australisrecords.com\/shop\/shop-2\/\"},{\"@type\":\"ListItem\",\"position\":3,\"name\":\"Psicorragia\"}]},{\"@type\":\"WebSite\",\"@id\":\"https:\/\/australisrecords.com\/shop\/#website\",\"url\":\"https:\/\/australisrecords.com\/shop\/\",\"name\":\"Australis Records - Music from the End of the World\",\"description\":\"\",\"potentialAction\":[{\"@type\":\"SearchAction\",\"target\":{\"@type\":\"EntryPoint\",\"urlTemplate\":\"https:\/\/australisrecords.com\/shop\/?s={search_term_string}\"},\"query-input\":\"required name=search_term_string\"}],\"inLanguage\":\"en-US\"}]}<\/script>\n<!-- \/ Yoast SEO plugin. -->","yoast_head_json":{"title":"Psicorragia - Australis Records - Music from the End of the World","robots":{"index":"index","follow":"follow","max-snippet":"max-snippet:-1","max-image-preview":"max-image-preview:large","max-video-preview":"max-video-preview:-1"},"canonical":"https:\/\/australisrecords.com\/shop\/producto\/psicorragia-2\/","og_locale":"en_US","og_type":"article","og_title":"Psicorragia - Australis Records - Music from the End of the World","og_description":"&nbsp; Digipack deluxe reissue of &#8220;Presagios de Agon\u00eda&#8221; EP (2005). Include 4 bonus tracks between rarities and songs never published before. &nbsp; Digipack en reedici\u00f3n de lujo del EP &#8220;Presagios de Agon\u00eda&#8221; (2005). Incluye 4 pistas adicionales entre rarezas y canciones nunca antes publicadas.\u00a0 1. Por los vientos funestos 2. La palabra del moribundo 3. [&hellip;]","og_url":"https:\/\/australisrecords.com\/shop\/producto\/psicorragia-2\/","og_site_name":"Australis Records - Music from the End of the World","article_modified_time":"2025-02-09T00:56:00+00:00","og_image":[{"width":1200,"height":1080,"url":"https:\/\/australisrecords.com\/shop\/wp-content\/uploads\/2020\/06\/a2713234385_10.jpg","type":"image\/jpeg"}],"twitter_card":"summary_large_image","twitter_misc":{"Est. reading time":"1 minute"},"schema":{"@context":"https:\/\/schema.org","@graph":[{"@type":"WebPage","@id":"https:\/\/australisrecords.com\/shop\/producto\/psicorragia-2\/","url":"https:\/\/australisrecords.com\/shop\/producto\/psicorragia-2\/","name":"Psicorragia - Australis Records - Music from the End of the World","isPartOf":{"@id":"https:\/\/australisrecords.com\/shop\/#website"},"primaryImageOfPage":{"@id":"https:\/\/australisrecords.com\/shop\/producto\/psicorragia-2\/#primaryimage"},"image":{"@id":"https:\/\/australisrecords.com\/shop\/producto\/psicorragia-2\/#primaryimage"},"thumbnailUrl":"https:\/\/australisrecords.com\/shop\/wp-content\/uploads\/2020\/06\/a2713234385_10.jpg","datePublished":"2020-06-15T14:44:28+00:00","dateModified":"2025-02-09T00:56:00+00:00","breadcrumb":{"@id":"https:\/\/australisrecords.com\/shop\/producto\/psicorragia-2\/#breadcrumb"},"inLanguage":"en-US","potentialAction":[{"@type":"ReadAction","target":["https:\/\/australisrecords.com\/shop\/producto\/psicorragia-2\/"]}]},{"@type":"ImageObject","inLanguage":"en-US","@id":"https:\/\/australisrecords.com\/shop\/producto\/psicorragia-2\/#primaryimage","url":"https:\/\/australisrecords.com\/shop\/wp-content\/uploads\/2020\/06\/a2713234385_10.jpg","contentUrl":"https:\/\/australisrecords.com\/shop\/wp-content\/uploads\/2020\/06\/a2713234385_10.jpg","width":1200,"height":1080},{"@type":"BreadcrumbList","@id":"https:\/\/australisrecords.com\/shop\/producto\/psicorragia-2\/#breadcrumb","itemListElement":[{"@type":"ListItem","position":1,"name":"Home","item":"https:\/\/australisrecords.com\/shop\/"},{"@type":"ListItem","position":2,"name":"Shop","item":"https:\/\/australisrecords.com\/shop\/shop-2\/"},{"@type":"ListItem","position":3,"name":"Psicorragia"}]},{"@type":"WebSite","@id":"https:\/\/australisrecords.com\/shop\/#website","url":"https:\/\/australisrecords.com\/shop\/","name":"Australis Records - Music from the End of the World","description":"","potentialAction":[{"@type":"SearchAction","target":{"@type":"EntryPoint","urlTemplate":"https:\/\/australisrecords.com\/shop\/?s={search_term_string}"},"query-input":"required name=search_term_string"}],"inLanguage":"en-US"}]}},"_links":{"self":[{"href":"https:\/\/australisrecords.com\/shop\/wp-json\/wp\/v2\/product\/15789"}],"collection":[{"href":"https:\/\/australisrecords.com\/shop\/wp-json\/wp\/v2\/product"}],"about":[{"href":"https:\/\/australisrecords.com\/shop\/wp-json\/wp\/v2\/types\/product"}],"version-history":[{"count":5,"href":"https:\/\/australisrecords.com\/shop\/wp-json\/wp\/v2\/product\/15789\/revisions"}],"predecessor-version":[{"id":19618,"href":"https:\/\/australisrecords.com\/shop\/wp-json\/wp\/v2\/product\/15789\/revisions\/19618"}],"wp:featuredmedia":[{"embeddable":true,"href":"https:\/\/australisrecords.com\/shop\/wp-json\/wp\/v2\/media\/19615"}],"wp:attachment":[{"href":"https:\/\/australisrecords.com\/shop\/wp-json\/wp\/v2\/media?parent=15789"}],"wp:term":[{"taxonomy":"product_cat","embeddable":true,"href":"https:\/\/australisrecords.com\/shop\/wp-json\/wp\/v2\/product_cat?post=15789"},{"taxonomy":"product_tag","embeddable":true,"href":"https:\/\/australisrecords.com\/shop\/wp-json\/wp\/v2\/product_tag?post=15789"}],"curies":[{"name":"wp","href":"https:\/\/api.w.org\/{rel}","templated":true}]}}