{"id":15771,"date":"2020-06-15T14:13:07","date_gmt":"2020-06-15T14:13:07","guid":{"rendered":"http:\/\/australisrecords.com\/shop\/?post_type=product&#038;p=15771"},"modified":"2020-08-06T05:49:25","modified_gmt":"2020-08-06T05:49:25","slug":"profanus-infernalis","status":"publish","type":"product","link":"https:\/\/australisrecords.com\/shop\/producto\/profanus-infernalis\/","title":{"rendered":"Profanus Infernalis"},"content":{"rendered":"<div id=\"dslc-theme-content\"><div id=\"dslc-theme-content-inner\"><\/div><\/div>","protected":false},"excerpt":{"rendered":"<p>&nbsp; Impure and raw Black Metal from Brazil. &nbsp; Black metal crudo e \u00edmpuro desde Brasil.\u00a0 1. Negro Ritual, Invoca\u00e7\u00f5es 2. Insanidade Sat\u00e2nica 3. Possess\u00e3o Diab\u00f3lica 4. Proclamo a ti Sat\u00e3 5. Altar de Sangue &nbsp; &nbsp;<\/p>\n","protected":false},"featured_media":15772,"template":"","meta":{"_acf_changed":false},"product_cat":[92,304,314,87],"product_tag":[],"acf":[],"yoast_head":"<!-- This site is optimized with the Yoast SEO plugin v22.9 - https:\/\/yoast.com\/wordpress\/plugins\/seo\/ -->\n<title>Profanus Infernalis - Australis Records - Music from the End of the World<\/title>\n<meta name=\"robots\" content=\"index, follow, max-snippet:-1, max-image-preview:large, max-video-preview:-1\" \/>\n<link rel=\"canonical\" href=\"https:\/\/australisrecords.com\/shop\/producto\/profanus-infernalis\/\" \/>\n<meta property=\"og:locale\" content=\"en_US\" \/>\n<meta property=\"og:type\" content=\"article\" \/>\n<meta property=\"og:title\" content=\"Profanus Infernalis - Australis Records - Music from the End of the World\" \/>\n<meta property=\"og:description\" content=\"&nbsp; Impure and raw Black Metal from Brazil. &nbsp; Black metal crudo e \u00edmpuro desde Brasil.\u00a0 1. Negro Ritual, Invoca\u00e7\u00f5es 2. Insanidade Sat\u00e2nica 3. Possess\u00e3o Diab\u00f3lica 4. Proclamo a ti Sat\u00e3 5. Altar de Sangue &nbsp; &nbsp;\" \/>\n<meta property=\"og:url\" content=\"https:\/\/australisrecords.com\/shop\/producto\/profanus-infernalis\/\" \/>\n<meta property=\"og:site_name\" content=\"Australis Records - Music from the End of the World\" \/>\n<meta property=\"article:modified_time\" content=\"2020-08-06T05:49:25+00:00\" \/>\n<meta property=\"og:image\" content=\"https:\/\/australisrecords.com\/shop\/wp-content\/uploads\/2020\/06\/337308.jpg\" \/>\n\t<meta property=\"og:image:width\" content=\"220\" \/>\n\t<meta property=\"og:image:height\" content=\"218\" \/>\n\t<meta property=\"og:image:type\" content=\"image\/jpeg\" \/>\n<meta name=\"twitter:card\" content=\"summary_large_image\" \/>\n<script type=\"application\/ld+json\" class=\"yoast-schema-graph\">{\"@context\":\"https:\/\/schema.org\",\"@graph\":[{\"@type\":\"WebPage\",\"@id\":\"https:\/\/australisrecords.com\/shop\/producto\/profanus-infernalis\/\",\"url\":\"https:\/\/australisrecords.com\/shop\/producto\/profanus-infernalis\/\",\"name\":\"Profanus Infernalis - Australis Records - Music from the End of the World\",\"isPartOf\":{\"@id\":\"https:\/\/australisrecords.com\/shop\/#website\"},\"primaryImageOfPage\":{\"@id\":\"https:\/\/australisrecords.com\/shop\/producto\/profanus-infernalis\/#primaryimage\"},\"image\":{\"@id\":\"https:\/\/australisrecords.com\/shop\/producto\/profanus-infernalis\/#primaryimage\"},\"thumbnailUrl\":\"https:\/\/australisrecords.com\/shop\/wp-content\/uploads\/2020\/06\/337308.jpg\",\"datePublished\":\"2020-06-15T14:13:07+00:00\",\"dateModified\":\"2020-08-06T05:49:25+00:00\",\"breadcrumb\":{\"@id\":\"https:\/\/australisrecords.com\/shop\/producto\/profanus-infernalis\/#breadcrumb\"},\"inLanguage\":\"en-US\",\"potentialAction\":[{\"@type\":\"ReadAction\",\"target\":[\"https:\/\/australisrecords.com\/shop\/producto\/profanus-infernalis\/\"]}]},{\"@type\":\"ImageObject\",\"inLanguage\":\"en-US\",\"@id\":\"https:\/\/australisrecords.com\/shop\/producto\/profanus-infernalis\/#primaryimage\",\"url\":\"https:\/\/australisrecords.com\/shop\/wp-content\/uploads\/2020\/06\/337308.jpg\",\"contentUrl\":\"https:\/\/australisrecords.com\/shop\/wp-content\/uploads\/2020\/06\/337308.jpg\",\"width\":220,\"height\":218},{\"@type\":\"BreadcrumbList\",\"@id\":\"https:\/\/australisrecords.com\/shop\/producto\/profanus-infernalis\/#breadcrumb\",\"itemListElement\":[{\"@type\":\"ListItem\",\"position\":1,\"name\":\"Home\",\"item\":\"https:\/\/australisrecords.com\/shop\/\"},{\"@type\":\"ListItem\",\"position\":2,\"name\":\"Shop\",\"item\":\"https:\/\/australisrecords.com\/shop\/shop-2\/\"},{\"@type\":\"ListItem\",\"position\":3,\"name\":\"Profanus Infernalis\"}]},{\"@type\":\"WebSite\",\"@id\":\"https:\/\/australisrecords.com\/shop\/#website\",\"url\":\"https:\/\/australisrecords.com\/shop\/\",\"name\":\"Australis Records - Music from the End of the World\",\"description\":\"\",\"potentialAction\":[{\"@type\":\"SearchAction\",\"target\":{\"@type\":\"EntryPoint\",\"urlTemplate\":\"https:\/\/australisrecords.com\/shop\/?s={search_term_string}\"},\"query-input\":\"required name=search_term_string\"}],\"inLanguage\":\"en-US\"}]}<\/script>\n<!-- \/ Yoast SEO plugin. -->","yoast_head_json":{"title":"Profanus Infernalis - Australis Records - Music from the End of the World","robots":{"index":"index","follow":"follow","max-snippet":"max-snippet:-1","max-image-preview":"max-image-preview:large","max-video-preview":"max-video-preview:-1"},"canonical":"https:\/\/australisrecords.com\/shop\/producto\/profanus-infernalis\/","og_locale":"en_US","og_type":"article","og_title":"Profanus Infernalis - Australis Records - Music from the End of the World","og_description":"&nbsp; Impure and raw Black Metal from Brazil. &nbsp; Black metal crudo e \u00edmpuro desde Brasil.\u00a0 1. Negro Ritual, Invoca\u00e7\u00f5es 2. Insanidade Sat\u00e2nica 3. Possess\u00e3o Diab\u00f3lica 4. Proclamo a ti Sat\u00e3 5. Altar de Sangue &nbsp; &nbsp;","og_url":"https:\/\/australisrecords.com\/shop\/producto\/profanus-infernalis\/","og_site_name":"Australis Records - Music from the End of the World","article_modified_time":"2020-08-06T05:49:25+00:00","og_image":[{"width":220,"height":218,"url":"https:\/\/australisrecords.com\/shop\/wp-content\/uploads\/2020\/06\/337308.jpg","type":"image\/jpeg"}],"twitter_card":"summary_large_image","schema":{"@context":"https:\/\/schema.org","@graph":[{"@type":"WebPage","@id":"https:\/\/australisrecords.com\/shop\/producto\/profanus-infernalis\/","url":"https:\/\/australisrecords.com\/shop\/producto\/profanus-infernalis\/","name":"Profanus Infernalis - Australis Records - Music from the End of the World","isPartOf":{"@id":"https:\/\/australisrecords.com\/shop\/#website"},"primaryImageOfPage":{"@id":"https:\/\/australisrecords.com\/shop\/producto\/profanus-infernalis\/#primaryimage"},"image":{"@id":"https:\/\/australisrecords.com\/shop\/producto\/profanus-infernalis\/#primaryimage"},"thumbnailUrl":"https:\/\/australisrecords.com\/shop\/wp-content\/uploads\/2020\/06\/337308.jpg","datePublished":"2020-06-15T14:13:07+00:00","dateModified":"2020-08-06T05:49:25+00:00","breadcrumb":{"@id":"https:\/\/australisrecords.com\/shop\/producto\/profanus-infernalis\/#breadcrumb"},"inLanguage":"en-US","potentialAction":[{"@type":"ReadAction","target":["https:\/\/australisrecords.com\/shop\/producto\/profanus-infernalis\/"]}]},{"@type":"ImageObject","inLanguage":"en-US","@id":"https:\/\/australisrecords.com\/shop\/producto\/profanus-infernalis\/#primaryimage","url":"https:\/\/australisrecords.com\/shop\/wp-content\/uploads\/2020\/06\/337308.jpg","contentUrl":"https:\/\/australisrecords.com\/shop\/wp-content\/uploads\/2020\/06\/337308.jpg","width":220,"height":218},{"@type":"BreadcrumbList","@id":"https:\/\/australisrecords.com\/shop\/producto\/profanus-infernalis\/#breadcrumb","itemListElement":[{"@type":"ListItem","position":1,"name":"Home","item":"https:\/\/australisrecords.com\/shop\/"},{"@type":"ListItem","position":2,"name":"Shop","item":"https:\/\/australisrecords.com\/shop\/shop-2\/"},{"@type":"ListItem","position":3,"name":"Profanus Infernalis"}]},{"@type":"WebSite","@id":"https:\/\/australisrecords.com\/shop\/#website","url":"https:\/\/australisrecords.com\/shop\/","name":"Australis Records - Music from the End of the World","description":"","potentialAction":[{"@type":"SearchAction","target":{"@type":"EntryPoint","urlTemplate":"https:\/\/australisrecords.com\/shop\/?s={search_term_string}"},"query-input":"required name=search_term_string"}],"inLanguage":"en-US"}]}},"_links":{"self":[{"href":"https:\/\/australisrecords.com\/shop\/wp-json\/wp\/v2\/product\/15771"}],"collection":[{"href":"https:\/\/australisrecords.com\/shop\/wp-json\/wp\/v2\/product"}],"about":[{"href":"https:\/\/australisrecords.com\/shop\/wp-json\/wp\/v2\/types\/product"}],"version-history":[{"count":3,"href":"https:\/\/australisrecords.com\/shop\/wp-json\/wp\/v2\/product\/15771\/revisions"}],"predecessor-version":[{"id":19611,"href":"https:\/\/australisrecords.com\/shop\/wp-json\/wp\/v2\/product\/15771\/revisions\/19611"}],"wp:featuredmedia":[{"embeddable":true,"href":"https:\/\/australisrecords.com\/shop\/wp-json\/wp\/v2\/media\/15772"}],"wp:attachment":[{"href":"https:\/\/australisrecords.com\/shop\/wp-json\/wp\/v2\/media?parent=15771"}],"wp:term":[{"taxonomy":"product_cat","embeddable":true,"href":"https:\/\/australisrecords.com\/shop\/wp-json\/wp\/v2\/product_cat?post=15771"},{"taxonomy":"product_tag","embeddable":true,"href":"https:\/\/australisrecords.com\/shop\/wp-json\/wp\/v2\/product_tag?post=15771"}],"curies":[{"name":"wp","href":"https:\/\/api.w.org\/{rel}","templated":true}]}}