{"id":15740,"date":"2020-06-13T23:47:53","date_gmt":"2020-06-13T23:47:53","guid":{"rendered":"http:\/\/australisrecords.com\/shop\/?post_type=product&#038;p=15740"},"modified":"2020-08-06T04:13:01","modified_gmt":"2020-08-06T04:13:01","slug":"prejudice","status":"publish","type":"product","link":"https:\/\/australisrecords.com\/shop\/producto\/prejudice\/","title":{"rendered":"Prejudice"},"content":{"rendered":"<div id=\"dslc-theme-content\"><div id=\"dslc-theme-content-inner\"><\/div><\/div>","protected":false},"excerpt":{"rendered":"<p>&nbsp; Death Metal&#8217;s most savagely uncompromising sicko&#8217;s PREJUDICE are back with a NEW album with 2 sick lead singers. Insanely fast, brutal, groove laden and technically beyond compare.. &nbsp; PREJUDICE de sicko m\u00e1s salvajemente intransigente de Death Metal est\u00e1 de vuelta con un NUEVO \u00e1lbum con 2 cantantes principales enfermos. Incre\u00edblemente r\u00e1pido, brutal, cargado de [&hellip;]<\/p>\n","protected":false},"featured_media":15741,"template":"","meta":{"_acf_changed":false},"product_cat":[92,325,314,87],"product_tag":[],"acf":[],"yoast_head":"<!-- This site is optimized with the Yoast SEO plugin v22.9 - https:\/\/yoast.com\/wordpress\/plugins\/seo\/ -->\n<title>Prejudice - Australis Records - Music from the End of the World<\/title>\n<meta name=\"robots\" content=\"index, follow, max-snippet:-1, max-image-preview:large, max-video-preview:-1\" \/>\n<link rel=\"canonical\" href=\"https:\/\/australisrecords.com\/shop\/producto\/prejudice\/\" \/>\n<meta property=\"og:locale\" content=\"en_US\" \/>\n<meta property=\"og:type\" content=\"article\" \/>\n<meta property=\"og:title\" content=\"Prejudice - Australis Records - Music from the End of the World\" \/>\n<meta property=\"og:description\" content=\"&nbsp; Death Metal&#8217;s most savagely uncompromising sicko&#8217;s PREJUDICE are back with a NEW album with 2 sick lead singers. Insanely fast, brutal, groove laden and technically beyond compare.. &nbsp; PREJUDICE de sicko m\u00e1s salvajemente intransigente de Death Metal est\u00e1 de vuelta con un NUEVO \u00e1lbum con 2 cantantes principales enfermos. Incre\u00edblemente r\u00e1pido, brutal, cargado de [&hellip;]\" \/>\n<meta property=\"og:url\" content=\"https:\/\/australisrecords.com\/shop\/producto\/prejudice\/\" \/>\n<meta property=\"og:site_name\" content=\"Australis Records - Music from the End of the World\" \/>\n<meta property=\"article:modified_time\" content=\"2020-08-06T04:13:01+00:00\" \/>\n<meta property=\"og:image\" content=\"https:\/\/australisrecords.com\/shop\/wp-content\/uploads\/2020\/06\/244082.jpg\" \/>\n\t<meta property=\"og:image:width\" content=\"278\" \/>\n\t<meta property=\"og:image:height\" content=\"285\" \/>\n\t<meta property=\"og:image:type\" content=\"image\/jpeg\" \/>\n<meta name=\"twitter:card\" content=\"summary_large_image\" \/>\n<script type=\"application\/ld+json\" class=\"yoast-schema-graph\">{\"@context\":\"https:\/\/schema.org\",\"@graph\":[{\"@type\":\"WebPage\",\"@id\":\"https:\/\/australisrecords.com\/shop\/producto\/prejudice\/\",\"url\":\"https:\/\/australisrecords.com\/shop\/producto\/prejudice\/\",\"name\":\"Prejudice - Australis Records - Music from the End of the World\",\"isPartOf\":{\"@id\":\"https:\/\/australisrecords.com\/shop\/#website\"},\"primaryImageOfPage\":{\"@id\":\"https:\/\/australisrecords.com\/shop\/producto\/prejudice\/#primaryimage\"},\"image\":{\"@id\":\"https:\/\/australisrecords.com\/shop\/producto\/prejudice\/#primaryimage\"},\"thumbnailUrl\":\"https:\/\/australisrecords.com\/shop\/wp-content\/uploads\/2020\/06\/244082.jpg\",\"datePublished\":\"2020-06-13T23:47:53+00:00\",\"dateModified\":\"2020-08-06T04:13:01+00:00\",\"breadcrumb\":{\"@id\":\"https:\/\/australisrecords.com\/shop\/producto\/prejudice\/#breadcrumb\"},\"inLanguage\":\"en-US\",\"potentialAction\":[{\"@type\":\"ReadAction\",\"target\":[\"https:\/\/australisrecords.com\/shop\/producto\/prejudice\/\"]}]},{\"@type\":\"ImageObject\",\"inLanguage\":\"en-US\",\"@id\":\"https:\/\/australisrecords.com\/shop\/producto\/prejudice\/#primaryimage\",\"url\":\"https:\/\/australisrecords.com\/shop\/wp-content\/uploads\/2020\/06\/244082.jpg\",\"contentUrl\":\"https:\/\/australisrecords.com\/shop\/wp-content\/uploads\/2020\/06\/244082.jpg\",\"width\":278,\"height\":285},{\"@type\":\"BreadcrumbList\",\"@id\":\"https:\/\/australisrecords.com\/shop\/producto\/prejudice\/#breadcrumb\",\"itemListElement\":[{\"@type\":\"ListItem\",\"position\":1,\"name\":\"Home\",\"item\":\"https:\/\/australisrecords.com\/shop\/\"},{\"@type\":\"ListItem\",\"position\":2,\"name\":\"Shop\",\"item\":\"https:\/\/australisrecords.com\/shop\/shop-2\/\"},{\"@type\":\"ListItem\",\"position\":3,\"name\":\"Prejudice\"}]},{\"@type\":\"WebSite\",\"@id\":\"https:\/\/australisrecords.com\/shop\/#website\",\"url\":\"https:\/\/australisrecords.com\/shop\/\",\"name\":\"Australis Records - Music from the End of the World\",\"description\":\"\",\"potentialAction\":[{\"@type\":\"SearchAction\",\"target\":{\"@type\":\"EntryPoint\",\"urlTemplate\":\"https:\/\/australisrecords.com\/shop\/?s={search_term_string}\"},\"query-input\":\"required name=search_term_string\"}],\"inLanguage\":\"en-US\"}]}<\/script>\n<!-- \/ Yoast SEO plugin. -->","yoast_head_json":{"title":"Prejudice - Australis Records - Music from the End of the World","robots":{"index":"index","follow":"follow","max-snippet":"max-snippet:-1","max-image-preview":"max-image-preview:large","max-video-preview":"max-video-preview:-1"},"canonical":"https:\/\/australisrecords.com\/shop\/producto\/prejudice\/","og_locale":"en_US","og_type":"article","og_title":"Prejudice - Australis Records - Music from the End of the World","og_description":"&nbsp; Death Metal&#8217;s most savagely uncompromising sicko&#8217;s PREJUDICE are back with a NEW album with 2 sick lead singers. Insanely fast, brutal, groove laden and technically beyond compare.. &nbsp; PREJUDICE de sicko m\u00e1s salvajemente intransigente de Death Metal est\u00e1 de vuelta con un NUEVO \u00e1lbum con 2 cantantes principales enfermos. Incre\u00edblemente r\u00e1pido, brutal, cargado de [&hellip;]","og_url":"https:\/\/australisrecords.com\/shop\/producto\/prejudice\/","og_site_name":"Australis Records - Music from the End of the World","article_modified_time":"2020-08-06T04:13:01+00:00","og_image":[{"width":278,"height":285,"url":"https:\/\/australisrecords.com\/shop\/wp-content\/uploads\/2020\/06\/244082.jpg","type":"image\/jpeg"}],"twitter_card":"summary_large_image","schema":{"@context":"https:\/\/schema.org","@graph":[{"@type":"WebPage","@id":"https:\/\/australisrecords.com\/shop\/producto\/prejudice\/","url":"https:\/\/australisrecords.com\/shop\/producto\/prejudice\/","name":"Prejudice - Australis Records - Music from the End of the World","isPartOf":{"@id":"https:\/\/australisrecords.com\/shop\/#website"},"primaryImageOfPage":{"@id":"https:\/\/australisrecords.com\/shop\/producto\/prejudice\/#primaryimage"},"image":{"@id":"https:\/\/australisrecords.com\/shop\/producto\/prejudice\/#primaryimage"},"thumbnailUrl":"https:\/\/australisrecords.com\/shop\/wp-content\/uploads\/2020\/06\/244082.jpg","datePublished":"2020-06-13T23:47:53+00:00","dateModified":"2020-08-06T04:13:01+00:00","breadcrumb":{"@id":"https:\/\/australisrecords.com\/shop\/producto\/prejudice\/#breadcrumb"},"inLanguage":"en-US","potentialAction":[{"@type":"ReadAction","target":["https:\/\/australisrecords.com\/shop\/producto\/prejudice\/"]}]},{"@type":"ImageObject","inLanguage":"en-US","@id":"https:\/\/australisrecords.com\/shop\/producto\/prejudice\/#primaryimage","url":"https:\/\/australisrecords.com\/shop\/wp-content\/uploads\/2020\/06\/244082.jpg","contentUrl":"https:\/\/australisrecords.com\/shop\/wp-content\/uploads\/2020\/06\/244082.jpg","width":278,"height":285},{"@type":"BreadcrumbList","@id":"https:\/\/australisrecords.com\/shop\/producto\/prejudice\/#breadcrumb","itemListElement":[{"@type":"ListItem","position":1,"name":"Home","item":"https:\/\/australisrecords.com\/shop\/"},{"@type":"ListItem","position":2,"name":"Shop","item":"https:\/\/australisrecords.com\/shop\/shop-2\/"},{"@type":"ListItem","position":3,"name":"Prejudice"}]},{"@type":"WebSite","@id":"https:\/\/australisrecords.com\/shop\/#website","url":"https:\/\/australisrecords.com\/shop\/","name":"Australis Records - Music from the End of the World","description":"","potentialAction":[{"@type":"SearchAction","target":{"@type":"EntryPoint","urlTemplate":"https:\/\/australisrecords.com\/shop\/?s={search_term_string}"},"query-input":"required name=search_term_string"}],"inLanguage":"en-US"}]}},"_links":{"self":[{"href":"https:\/\/australisrecords.com\/shop\/wp-json\/wp\/v2\/product\/15740"}],"collection":[{"href":"https:\/\/australisrecords.com\/shop\/wp-json\/wp\/v2\/product"}],"about":[{"href":"https:\/\/australisrecords.com\/shop\/wp-json\/wp\/v2\/types\/product"}],"version-history":[{"count":3,"href":"https:\/\/australisrecords.com\/shop\/wp-json\/wp\/v2\/product\/15740\/revisions"}],"predecessor-version":[{"id":19561,"href":"https:\/\/australisrecords.com\/shop\/wp-json\/wp\/v2\/product\/15740\/revisions\/19561"}],"wp:featuredmedia":[{"embeddable":true,"href":"https:\/\/australisrecords.com\/shop\/wp-json\/wp\/v2\/media\/15741"}],"wp:attachment":[{"href":"https:\/\/australisrecords.com\/shop\/wp-json\/wp\/v2\/media?parent=15740"}],"wp:term":[{"taxonomy":"product_cat","embeddable":true,"href":"https:\/\/australisrecords.com\/shop\/wp-json\/wp\/v2\/product_cat?post=15740"},{"taxonomy":"product_tag","embeddable":true,"href":"https:\/\/australisrecords.com\/shop\/wp-json\/wp\/v2\/product_tag?post=15740"}],"curies":[{"name":"wp","href":"https:\/\/api.w.org\/{rel}","templated":true}]}}