{"id":15701,"date":"2020-06-13T22:23:16","date_gmt":"2020-06-13T22:23:16","guid":{"rendered":"http:\/\/australisrecords.com\/shop\/?post_type=product&#038;p=15701"},"modified":"2024-06-01T01:37:22","modified_gmt":"2024-06-01T01:37:22","slug":"pit-of-carnage","status":"publish","type":"product","link":"https:\/\/australisrecords.com\/shop\/producto\/pit-of-carnage\/","title":{"rendered":"Pit of Carnage"},"content":{"rendered":"<div id=\"dslc-theme-content\"><div id=\"dslc-theme-content-inner\"><\/div><\/div>","protected":false},"excerpt":{"rendered":"<p>&nbsp; Danish Death Metal duo PIT OF CARNAGE return with second full length! For fans of DYING FETUS, ABORTED, DECAPITATED, ORIGIN, WHITECHAPEL!. &nbsp; \u00a1El d\u00fao dan\u00e9s de Death Metal, PIT OF CARNAGE, regresa con el segundo larga duraci\u00f3n! Para los fan\u00e1ticos de DYING FETUS, ABORTED, DECAPITATED, ORIGIN, WHITECHAPEL!.\u00a0 1. Feed the Machine 2. The Rise [&hellip;]<\/p>\n","protected":false},"featured_media":15702,"template":"","meta":{"_acf_changed":false},"product_cat":[92,325,314,87],"product_tag":[],"acf":[],"yoast_head":"<!-- This site is optimized with the Yoast SEO plugin v22.9 - https:\/\/yoast.com\/wordpress\/plugins\/seo\/ -->\n<title>Pit of Carnage - Australis Records - Music from the End of the World<\/title>\n<meta name=\"robots\" content=\"index, follow, max-snippet:-1, max-image-preview:large, max-video-preview:-1\" \/>\n<link rel=\"canonical\" href=\"https:\/\/australisrecords.com\/shop\/producto\/pit-of-carnage\/\" \/>\n<meta property=\"og:locale\" content=\"en_US\" \/>\n<meta property=\"og:type\" content=\"article\" \/>\n<meta property=\"og:title\" content=\"Pit of Carnage - Australis Records - Music from the End of the World\" \/>\n<meta property=\"og:description\" content=\"&nbsp; Danish Death Metal duo PIT OF CARNAGE return with second full length! For fans of DYING FETUS, ABORTED, DECAPITATED, ORIGIN, WHITECHAPEL!. &nbsp; \u00a1El d\u00fao dan\u00e9s de Death Metal, PIT OF CARNAGE, regresa con el segundo larga duraci\u00f3n! Para los fan\u00e1ticos de DYING FETUS, ABORTED, DECAPITATED, ORIGIN, WHITECHAPEL!.\u00a0 1. Feed the Machine 2. The Rise [&hellip;]\" \/>\n<meta property=\"og:url\" content=\"https:\/\/australisrecords.com\/shop\/producto\/pit-of-carnage\/\" \/>\n<meta property=\"og:site_name\" content=\"Australis Records - Music from the End of the World\" \/>\n<meta property=\"article:modified_time\" content=\"2024-06-01T01:37:22+00:00\" \/>\n<meta property=\"og:image\" content=\"https:\/\/australisrecords.com\/shop\/wp-content\/uploads\/2020\/06\/592486.jpg\" \/>\n\t<meta property=\"og:image:width\" content=\"238\" \/>\n\t<meta property=\"og:image:height\" content=\"238\" \/>\n\t<meta property=\"og:image:type\" content=\"image\/jpeg\" \/>\n<meta name=\"twitter:card\" content=\"summary_large_image\" \/>\n<script type=\"application\/ld+json\" class=\"yoast-schema-graph\">{\"@context\":\"https:\/\/schema.org\",\"@graph\":[{\"@type\":\"WebPage\",\"@id\":\"https:\/\/australisrecords.com\/shop\/producto\/pit-of-carnage\/\",\"url\":\"https:\/\/australisrecords.com\/shop\/producto\/pit-of-carnage\/\",\"name\":\"Pit of Carnage - Australis Records - Music from the End of the World\",\"isPartOf\":{\"@id\":\"https:\/\/australisrecords.com\/shop\/#website\"},\"primaryImageOfPage\":{\"@id\":\"https:\/\/australisrecords.com\/shop\/producto\/pit-of-carnage\/#primaryimage\"},\"image\":{\"@id\":\"https:\/\/australisrecords.com\/shop\/producto\/pit-of-carnage\/#primaryimage\"},\"thumbnailUrl\":\"https:\/\/australisrecords.com\/shop\/wp-content\/uploads\/2020\/06\/592486.jpg\",\"datePublished\":\"2020-06-13T22:23:16+00:00\",\"dateModified\":\"2024-06-01T01:37:22+00:00\",\"breadcrumb\":{\"@id\":\"https:\/\/australisrecords.com\/shop\/producto\/pit-of-carnage\/#breadcrumb\"},\"inLanguage\":\"en-US\",\"potentialAction\":[{\"@type\":\"ReadAction\",\"target\":[\"https:\/\/australisrecords.com\/shop\/producto\/pit-of-carnage\/\"]}]},{\"@type\":\"ImageObject\",\"inLanguage\":\"en-US\",\"@id\":\"https:\/\/australisrecords.com\/shop\/producto\/pit-of-carnage\/#primaryimage\",\"url\":\"https:\/\/australisrecords.com\/shop\/wp-content\/uploads\/2020\/06\/592486.jpg\",\"contentUrl\":\"https:\/\/australisrecords.com\/shop\/wp-content\/uploads\/2020\/06\/592486.jpg\",\"width\":238,\"height\":238},{\"@type\":\"BreadcrumbList\",\"@id\":\"https:\/\/australisrecords.com\/shop\/producto\/pit-of-carnage\/#breadcrumb\",\"itemListElement\":[{\"@type\":\"ListItem\",\"position\":1,\"name\":\"Home\",\"item\":\"https:\/\/australisrecords.com\/shop\/\"},{\"@type\":\"ListItem\",\"position\":2,\"name\":\"Shop\",\"item\":\"https:\/\/australisrecords.com\/shop\/shop-2\/\"},{\"@type\":\"ListItem\",\"position\":3,\"name\":\"Pit of Carnage\"}]},{\"@type\":\"WebSite\",\"@id\":\"https:\/\/australisrecords.com\/shop\/#website\",\"url\":\"https:\/\/australisrecords.com\/shop\/\",\"name\":\"Australis Records - Music from the End of the World\",\"description\":\"\",\"potentialAction\":[{\"@type\":\"SearchAction\",\"target\":{\"@type\":\"EntryPoint\",\"urlTemplate\":\"https:\/\/australisrecords.com\/shop\/?s={search_term_string}\"},\"query-input\":\"required name=search_term_string\"}],\"inLanguage\":\"en-US\"}]}<\/script>\n<!-- \/ Yoast SEO plugin. -->","yoast_head_json":{"title":"Pit of Carnage - Australis Records - Music from the End of the World","robots":{"index":"index","follow":"follow","max-snippet":"max-snippet:-1","max-image-preview":"max-image-preview:large","max-video-preview":"max-video-preview:-1"},"canonical":"https:\/\/australisrecords.com\/shop\/producto\/pit-of-carnage\/","og_locale":"en_US","og_type":"article","og_title":"Pit of Carnage - Australis Records - Music from the End of the World","og_description":"&nbsp; Danish Death Metal duo PIT OF CARNAGE return with second full length! For fans of DYING FETUS, ABORTED, DECAPITATED, ORIGIN, WHITECHAPEL!. &nbsp; \u00a1El d\u00fao dan\u00e9s de Death Metal, PIT OF CARNAGE, regresa con el segundo larga duraci\u00f3n! Para los fan\u00e1ticos de DYING FETUS, ABORTED, DECAPITATED, ORIGIN, WHITECHAPEL!.\u00a0 1. Feed the Machine 2. The Rise [&hellip;]","og_url":"https:\/\/australisrecords.com\/shop\/producto\/pit-of-carnage\/","og_site_name":"Australis Records - Music from the End of the World","article_modified_time":"2024-06-01T01:37:22+00:00","og_image":[{"width":238,"height":238,"url":"https:\/\/australisrecords.com\/shop\/wp-content\/uploads\/2020\/06\/592486.jpg","type":"image\/jpeg"}],"twitter_card":"summary_large_image","schema":{"@context":"https:\/\/schema.org","@graph":[{"@type":"WebPage","@id":"https:\/\/australisrecords.com\/shop\/producto\/pit-of-carnage\/","url":"https:\/\/australisrecords.com\/shop\/producto\/pit-of-carnage\/","name":"Pit of Carnage - Australis Records - Music from the End of the World","isPartOf":{"@id":"https:\/\/australisrecords.com\/shop\/#website"},"primaryImageOfPage":{"@id":"https:\/\/australisrecords.com\/shop\/producto\/pit-of-carnage\/#primaryimage"},"image":{"@id":"https:\/\/australisrecords.com\/shop\/producto\/pit-of-carnage\/#primaryimage"},"thumbnailUrl":"https:\/\/australisrecords.com\/shop\/wp-content\/uploads\/2020\/06\/592486.jpg","datePublished":"2020-06-13T22:23:16+00:00","dateModified":"2024-06-01T01:37:22+00:00","breadcrumb":{"@id":"https:\/\/australisrecords.com\/shop\/producto\/pit-of-carnage\/#breadcrumb"},"inLanguage":"en-US","potentialAction":[{"@type":"ReadAction","target":["https:\/\/australisrecords.com\/shop\/producto\/pit-of-carnage\/"]}]},{"@type":"ImageObject","inLanguage":"en-US","@id":"https:\/\/australisrecords.com\/shop\/producto\/pit-of-carnage\/#primaryimage","url":"https:\/\/australisrecords.com\/shop\/wp-content\/uploads\/2020\/06\/592486.jpg","contentUrl":"https:\/\/australisrecords.com\/shop\/wp-content\/uploads\/2020\/06\/592486.jpg","width":238,"height":238},{"@type":"BreadcrumbList","@id":"https:\/\/australisrecords.com\/shop\/producto\/pit-of-carnage\/#breadcrumb","itemListElement":[{"@type":"ListItem","position":1,"name":"Home","item":"https:\/\/australisrecords.com\/shop\/"},{"@type":"ListItem","position":2,"name":"Shop","item":"https:\/\/australisrecords.com\/shop\/shop-2\/"},{"@type":"ListItem","position":3,"name":"Pit of Carnage"}]},{"@type":"WebSite","@id":"https:\/\/australisrecords.com\/shop\/#website","url":"https:\/\/australisrecords.com\/shop\/","name":"Australis Records - Music from the End of the World","description":"","potentialAction":[{"@type":"SearchAction","target":{"@type":"EntryPoint","urlTemplate":"https:\/\/australisrecords.com\/shop\/?s={search_term_string}"},"query-input":"required name=search_term_string"}],"inLanguage":"en-US"}]}},"_links":{"self":[{"href":"https:\/\/australisrecords.com\/shop\/wp-json\/wp\/v2\/product\/15701"}],"collection":[{"href":"https:\/\/australisrecords.com\/shop\/wp-json\/wp\/v2\/product"}],"about":[{"href":"https:\/\/australisrecords.com\/shop\/wp-json\/wp\/v2\/types\/product"}],"version-history":[{"count":5,"href":"https:\/\/australisrecords.com\/shop\/wp-json\/wp\/v2\/product\/15701\/revisions"}],"predecessor-version":[{"id":25012,"href":"https:\/\/australisrecords.com\/shop\/wp-json\/wp\/v2\/product\/15701\/revisions\/25012"}],"wp:featuredmedia":[{"embeddable":true,"href":"https:\/\/australisrecords.com\/shop\/wp-json\/wp\/v2\/media\/15702"}],"wp:attachment":[{"href":"https:\/\/australisrecords.com\/shop\/wp-json\/wp\/v2\/media?parent=15701"}],"wp:term":[{"taxonomy":"product_cat","embeddable":true,"href":"https:\/\/australisrecords.com\/shop\/wp-json\/wp\/v2\/product_cat?post=15701"},{"taxonomy":"product_tag","embeddable":true,"href":"https:\/\/australisrecords.com\/shop\/wp-json\/wp\/v2\/product_tag?post=15701"}],"curies":[{"name":"wp","href":"https:\/\/api.w.org\/{rel}","templated":true}]}}