{"id":15614,"date":"2020-06-13T18:58:31","date_gmt":"2020-06-13T18:58:31","guid":{"rendered":"http:\/\/australisrecords.com\/shop\/?post_type=product&#038;p=15614"},"modified":"2020-08-02T08:16:21","modified_gmt":"2020-08-02T08:16:21","slug":"perihelion","status":"publish","type":"product","link":"https:\/\/australisrecords.com\/shop\/producto\/perihelion\/","title":{"rendered":"Perihelion"},"content":{"rendered":"<div id=\"dslc-theme-content\"><div id=\"dslc-theme-content-inner\"><\/div><\/div>","protected":false},"excerpt":{"rendered":"<p>&nbsp; Post Black Metal from Hungary. &nbsp; Post Black Metal desde Hungria.\u00a0 1. Aurea 2. Stellar Outcast 3. Starborn 4. Crystallized 5. Closer to the Sun 6. Rise Above the Ridge 7. Cosmic Grave 8. Through the Surface 9. Cold Ashes of Vanished Time 10.Nap fele n\u00e9z 11.\u00c9lj 12.Ver\u0151f\u00e9ny (VHK cover) &nbsp; &nbsp;<\/p>\n","protected":false},"featured_media":15617,"template":"","meta":{"_acf_changed":false},"product_cat":[92,314,303,87],"product_tag":[],"acf":[],"yoast_head":"<!-- This site is optimized with the Yoast SEO plugin v22.9 - https:\/\/yoast.com\/wordpress\/plugins\/seo\/ -->\n<title>Perihelion - Australis Records - Music from the End of the World<\/title>\n<meta name=\"robots\" content=\"index, follow, max-snippet:-1, max-image-preview:large, max-video-preview:-1\" \/>\n<link rel=\"canonical\" href=\"https:\/\/australisrecords.com\/shop\/producto\/perihelion\/\" \/>\n<meta property=\"og:locale\" content=\"en_US\" \/>\n<meta property=\"og:type\" content=\"article\" \/>\n<meta property=\"og:title\" content=\"Perihelion - Australis Records - Music from the End of the World\" \/>\n<meta property=\"og:description\" content=\"&nbsp; Post Black Metal from Hungary. &nbsp; Post Black Metal desde Hungria.\u00a0 1. Aurea 2. Stellar Outcast 3. Starborn 4. Crystallized 5. Closer to the Sun 6. Rise Above the Ridge 7. Cosmic Grave 8. Through the Surface 9. Cold Ashes of Vanished Time 10.Nap fele n\u00e9z 11.\u00c9lj 12.Ver\u0151f\u00e9ny (VHK cover) &nbsp; &nbsp;\" \/>\n<meta property=\"og:url\" content=\"https:\/\/australisrecords.com\/shop\/producto\/perihelion\/\" \/>\n<meta property=\"og:site_name\" content=\"Australis Records - Music from the End of the World\" \/>\n<meta property=\"article:modified_time\" content=\"2020-08-02T08:16:21+00:00\" \/>\n<meta property=\"og:image\" content=\"https:\/\/australisrecords.com\/shop\/wp-content\/uploads\/2020\/06\/482202.jpg\" \/>\n\t<meta property=\"og:image:width\" content=\"350\" \/>\n\t<meta property=\"og:image:height\" content=\"337\" \/>\n\t<meta property=\"og:image:type\" content=\"image\/jpeg\" \/>\n<meta name=\"twitter:card\" content=\"summary_large_image\" \/>\n<script type=\"application\/ld+json\" class=\"yoast-schema-graph\">{\"@context\":\"https:\/\/schema.org\",\"@graph\":[{\"@type\":\"WebPage\",\"@id\":\"https:\/\/australisrecords.com\/shop\/producto\/perihelion\/\",\"url\":\"https:\/\/australisrecords.com\/shop\/producto\/perihelion\/\",\"name\":\"Perihelion - Australis Records - Music from the End of the World\",\"isPartOf\":{\"@id\":\"https:\/\/australisrecords.com\/shop\/#website\"},\"primaryImageOfPage\":{\"@id\":\"https:\/\/australisrecords.com\/shop\/producto\/perihelion\/#primaryimage\"},\"image\":{\"@id\":\"https:\/\/australisrecords.com\/shop\/producto\/perihelion\/#primaryimage\"},\"thumbnailUrl\":\"https:\/\/australisrecords.com\/shop\/wp-content\/uploads\/2020\/06\/482202.jpg\",\"datePublished\":\"2020-06-13T18:58:31+00:00\",\"dateModified\":\"2020-08-02T08:16:21+00:00\",\"breadcrumb\":{\"@id\":\"https:\/\/australisrecords.com\/shop\/producto\/perihelion\/#breadcrumb\"},\"inLanguage\":\"en-US\",\"potentialAction\":[{\"@type\":\"ReadAction\",\"target\":[\"https:\/\/australisrecords.com\/shop\/producto\/perihelion\/\"]}]},{\"@type\":\"ImageObject\",\"inLanguage\":\"en-US\",\"@id\":\"https:\/\/australisrecords.com\/shop\/producto\/perihelion\/#primaryimage\",\"url\":\"https:\/\/australisrecords.com\/shop\/wp-content\/uploads\/2020\/06\/482202.jpg\",\"contentUrl\":\"https:\/\/australisrecords.com\/shop\/wp-content\/uploads\/2020\/06\/482202.jpg\",\"width\":350,\"height\":337},{\"@type\":\"BreadcrumbList\",\"@id\":\"https:\/\/australisrecords.com\/shop\/producto\/perihelion\/#breadcrumb\",\"itemListElement\":[{\"@type\":\"ListItem\",\"position\":1,\"name\":\"Home\",\"item\":\"https:\/\/australisrecords.com\/shop\/\"},{\"@type\":\"ListItem\",\"position\":2,\"name\":\"Shop\",\"item\":\"https:\/\/australisrecords.com\/shop\/shop-2\/\"},{\"@type\":\"ListItem\",\"position\":3,\"name\":\"Perihelion\"}]},{\"@type\":\"WebSite\",\"@id\":\"https:\/\/australisrecords.com\/shop\/#website\",\"url\":\"https:\/\/australisrecords.com\/shop\/\",\"name\":\"Australis Records - Music from the End of the World\",\"description\":\"\",\"potentialAction\":[{\"@type\":\"SearchAction\",\"target\":{\"@type\":\"EntryPoint\",\"urlTemplate\":\"https:\/\/australisrecords.com\/shop\/?s={search_term_string}\"},\"query-input\":\"required name=search_term_string\"}],\"inLanguage\":\"en-US\"}]}<\/script>\n<!-- \/ Yoast SEO plugin. -->","yoast_head_json":{"title":"Perihelion - Australis Records - Music from the End of the World","robots":{"index":"index","follow":"follow","max-snippet":"max-snippet:-1","max-image-preview":"max-image-preview:large","max-video-preview":"max-video-preview:-1"},"canonical":"https:\/\/australisrecords.com\/shop\/producto\/perihelion\/","og_locale":"en_US","og_type":"article","og_title":"Perihelion - Australis Records - Music from the End of the World","og_description":"&nbsp; Post Black Metal from Hungary. &nbsp; Post Black Metal desde Hungria.\u00a0 1. Aurea 2. Stellar Outcast 3. Starborn 4. Crystallized 5. Closer to the Sun 6. Rise Above the Ridge 7. Cosmic Grave 8. Through the Surface 9. Cold Ashes of Vanished Time 10.Nap fele n\u00e9z 11.\u00c9lj 12.Ver\u0151f\u00e9ny (VHK cover) &nbsp; &nbsp;","og_url":"https:\/\/australisrecords.com\/shop\/producto\/perihelion\/","og_site_name":"Australis Records - Music from the End of the World","article_modified_time":"2020-08-02T08:16:21+00:00","og_image":[{"width":350,"height":337,"url":"https:\/\/australisrecords.com\/shop\/wp-content\/uploads\/2020\/06\/482202.jpg","type":"image\/jpeg"}],"twitter_card":"summary_large_image","schema":{"@context":"https:\/\/schema.org","@graph":[{"@type":"WebPage","@id":"https:\/\/australisrecords.com\/shop\/producto\/perihelion\/","url":"https:\/\/australisrecords.com\/shop\/producto\/perihelion\/","name":"Perihelion - Australis Records - Music from the End of the World","isPartOf":{"@id":"https:\/\/australisrecords.com\/shop\/#website"},"primaryImageOfPage":{"@id":"https:\/\/australisrecords.com\/shop\/producto\/perihelion\/#primaryimage"},"image":{"@id":"https:\/\/australisrecords.com\/shop\/producto\/perihelion\/#primaryimage"},"thumbnailUrl":"https:\/\/australisrecords.com\/shop\/wp-content\/uploads\/2020\/06\/482202.jpg","datePublished":"2020-06-13T18:58:31+00:00","dateModified":"2020-08-02T08:16:21+00:00","breadcrumb":{"@id":"https:\/\/australisrecords.com\/shop\/producto\/perihelion\/#breadcrumb"},"inLanguage":"en-US","potentialAction":[{"@type":"ReadAction","target":["https:\/\/australisrecords.com\/shop\/producto\/perihelion\/"]}]},{"@type":"ImageObject","inLanguage":"en-US","@id":"https:\/\/australisrecords.com\/shop\/producto\/perihelion\/#primaryimage","url":"https:\/\/australisrecords.com\/shop\/wp-content\/uploads\/2020\/06\/482202.jpg","contentUrl":"https:\/\/australisrecords.com\/shop\/wp-content\/uploads\/2020\/06\/482202.jpg","width":350,"height":337},{"@type":"BreadcrumbList","@id":"https:\/\/australisrecords.com\/shop\/producto\/perihelion\/#breadcrumb","itemListElement":[{"@type":"ListItem","position":1,"name":"Home","item":"https:\/\/australisrecords.com\/shop\/"},{"@type":"ListItem","position":2,"name":"Shop","item":"https:\/\/australisrecords.com\/shop\/shop-2\/"},{"@type":"ListItem","position":3,"name":"Perihelion"}]},{"@type":"WebSite","@id":"https:\/\/australisrecords.com\/shop\/#website","url":"https:\/\/australisrecords.com\/shop\/","name":"Australis Records - Music from the End of the World","description":"","potentialAction":[{"@type":"SearchAction","target":{"@type":"EntryPoint","urlTemplate":"https:\/\/australisrecords.com\/shop\/?s={search_term_string}"},"query-input":"required name=search_term_string"}],"inLanguage":"en-US"}]}},"_links":{"self":[{"href":"https:\/\/australisrecords.com\/shop\/wp-json\/wp\/v2\/product\/15614"}],"collection":[{"href":"https:\/\/australisrecords.com\/shop\/wp-json\/wp\/v2\/product"}],"about":[{"href":"https:\/\/australisrecords.com\/shop\/wp-json\/wp\/v2\/types\/product"}],"version-history":[{"count":3,"href":"https:\/\/australisrecords.com\/shop\/wp-json\/wp\/v2\/product\/15614\/revisions"}],"predecessor-version":[{"id":19505,"href":"https:\/\/australisrecords.com\/shop\/wp-json\/wp\/v2\/product\/15614\/revisions\/19505"}],"wp:featuredmedia":[{"embeddable":true,"href":"https:\/\/australisrecords.com\/shop\/wp-json\/wp\/v2\/media\/15617"}],"wp:attachment":[{"href":"https:\/\/australisrecords.com\/shop\/wp-json\/wp\/v2\/media?parent=15614"}],"wp:term":[{"taxonomy":"product_cat","embeddable":true,"href":"https:\/\/australisrecords.com\/shop\/wp-json\/wp\/v2\/product_cat?post=15614"},{"taxonomy":"product_tag","embeddable":true,"href":"https:\/\/australisrecords.com\/shop\/wp-json\/wp\/v2\/product_tag?post=15614"}],"curies":[{"name":"wp","href":"https:\/\/api.w.org\/{rel}","templated":true}]}}